{"id":4849,"date":"2024-08-20T06:42:40","date_gmt":"2024-08-20T06:42:40","guid":{"rendered":"https:\/\/www.ceramicbasin.com\/?post_type=product&#038;p=4849"},"modified":"2024-11-04T08:43:53","modified_gmt":"2024-11-04T08:43:53","slug":"wholesale-countertop-basins","status":"publish","type":"product","link":"https:\/\/www.ceramicbasin.com\/es\/producto\/wholesale-countertop-basins\/","title":{"rendered":"Stylish Wholesale Lavabos De Encimera, Fregaderos De Cer\u00e1mica Para Hotel"},"content":{"rendered":"<div class=\"wp-block-columns is-layout-flex wp-container-core-columns-is-layout-9d6595d7 wp-block-columns-is-layout-flex\">\n<div class=\"wp-block-column is-layout-flow wp-block-column-is-layout-flow\">\n<h2 class=\"wp-block-heading\">Lavabo de Encimera Premium al por mayor Caracter\u00edsticas:<\/h2>\n\n\n\n<ul class=\"wp-block-list\">\n<li><strong>Venta directa de f\u00e1brica:\u00a0<\/strong>Los lavabos de encimera al por mayor de HanYu son vendidos directamente por la f\u00e1brica, lo que elimina la diferencia de precio de los intermediarios, y la compra al por mayor de lavabos de ba\u00f1o le garantiza la compra al por mayor de lavabos de ba\u00f1o de alta calidad al menor coste.<\/li>\n\n\n\n<li><strong>Selecci\u00f3n variada:\u00a0<\/strong>Ofrecemos una gran variedad de estilos, tama\u00f1os y colores de lavabos de ba\u00f1o al por mayor para elegir, satisfaciendo las necesidades de diferentes estilos de ba\u00f1o e integr\u00e1ndolos f\u00e1cilmente en varios dise\u00f1os de decoraci\u00f3n.<\/li>\n\n\n\n<li><strong>F\u00e1cil instalaci\u00f3n: <\/strong>Dise\u00f1ados para su montaje sobre encimera, nuestros lavabos de porcelana al por mayor para encimera ofrecen una instalaci\u00f3n sin complicaciones, ya sea en obra nueva o en la reforma de un cuarto de ba\u00f1o.<\/li>\n\n\n\n<li><strong>Calidad superior: <\/strong>La cer\u00e1mica de alta calidad con la que se fabrican estos lavabos al por mayor garantiza la durabilidad, la suavidad de la superficie y la resistencia a las manchas y ara\u00f1azos, por lo que su belleza es duradera.<\/li>\n<\/ul>\n<\/div>\n\n\n\n<div class=\"wp-block-column is-layout-flow wp-block-column-is-layout-flow\">\n<figure class=\"wp-block-image size-full\"><img fetchpriority=\"high\" decoding=\"async\" width=\"800\" height=\"800\" src=\"https:\/\/www.ceramicbasin.com\/wp-content\/uploads\/2024\/08\/custom-bathroom-sink-countertopbathroom-sink-wholesaleporcelain-sinks-6.webp\" alt=\"Venta al por mayor de estilo caliente lavabo para el ba\u00f1o del hotel\" class=\"wp-image-4855\" srcset=\"https:\/\/www.ceramicbasin.com\/wp-content\/uploads\/2024\/08\/custom-bathroom-sink-countertopbathroom-sink-wholesaleporcelain-sinks-6.webp 800w, https:\/\/www.ceramicbasin.com\/wp-content\/uploads\/2024\/08\/custom-bathroom-sink-countertopbathroom-sink-wholesaleporcelain-sinks-6-300x300.webp 300w, https:\/\/www.ceramicbasin.com\/wp-content\/uploads\/2024\/08\/custom-bathroom-sink-countertopbathroom-sink-wholesaleporcelain-sinks-6-150x150.webp 150w, https:\/\/www.ceramicbasin.com\/wp-content\/uploads\/2024\/08\/custom-bathroom-sink-countertopbathroom-sink-wholesaleporcelain-sinks-6-768x768.webp 768w, https:\/\/www.ceramicbasin.com\/wp-content\/uploads\/2024\/08\/custom-bathroom-sink-countertopbathroom-sink-wholesaleporcelain-sinks-6-12x12.webp 12w, https:\/\/www.ceramicbasin.com\/wp-content\/uploads\/2024\/08\/custom-bathroom-sink-countertopbathroom-sink-wholesaleporcelain-sinks-6-285x285.webp 285w, https:\/\/www.ceramicbasin.com\/wp-content\/uploads\/2024\/08\/custom-bathroom-sink-countertopbathroom-sink-wholesaleporcelain-sinks-6-270x270.webp 270w, https:\/\/www.ceramicbasin.com\/wp-content\/uploads\/2024\/08\/custom-bathroom-sink-countertopbathroom-sink-wholesaleporcelain-sinks-6-540x540.webp 540w, https:\/\/www.ceramicbasin.com\/wp-content\/uploads\/2024\/08\/custom-bathroom-sink-countertopbathroom-sink-wholesaleporcelain-sinks-6-660x660.webp 660w\" sizes=\"(max-width: 800px) 100vw, 800px\" \/><\/figure>\n<\/div>\n<\/div>","protected":false},"excerpt":{"rendered":"<p>Bienvenido a comprar al por mayor lavabos de ba\u00f1o. Nuestros lavabos de encimera al por mayor se venden directamente de f\u00e1brica, evitando intermediarios para obtener los lavabos m\u00e1s superiores al menor coste. Nuestra diversa selecci\u00f3n incluye una variedad de estilos, tama\u00f1os y colores que se adaptan a cualquier dise\u00f1o en el cuarto de ba\u00f1o. Realmente f\u00e1cil de instalar encima de la encimera, fabricado en cer\u00e1mica de alta calidad duradera, superficie lisa, resistente a manchas y ara\u00f1azos.<\/p>\n<table style=\"border-collapse: collapse; width: 358.52pt;\" border=\"0\" width=\"478\" cellspacing=\"0\" cellpadding=\"0\">\n<tbody>\n<tr style=\"height: 17.25pt;\">\n<td class=\"et3\" style=\"height: 17.25pt; width: 125.00pt;\" width=\"166\" height=\"23\">Fabricante<\/td>\n<td class=\"et3\" style=\"width: 234.15pt;\" width=\"312\">HanYu<\/td>\n<\/tr>\n<tr style=\"height: 17.25pt;\">\n<td class=\"et3\" style=\"height: 17.25pt;\" height=\"23\">N\u00ba de modelo<\/td>\n<td class=\"et4\">HY-8070H<\/td>\n<\/tr>\n<tr style=\"height: 17.25pt;\">\n<td class=\"et3\" style=\"height: 17.25pt;\" height=\"23\">Tipo<\/td>\n<td class=\"et5\" style=\"width: 234.15pt;\" width=\"312\">Lavabos sobre encimera<\/td>\n<\/tr>\n<tr style=\"height: 18.00pt;\">\n<td class=\"et3\" style=\"height: 18.00pt;\" height=\"24\">Forma<\/td>\n<td class=\"et3\">Forma redonda<\/td>\n<\/tr>\n<tr style=\"height: 34.50pt;\">\n<td class=\"et4\" style=\"height: 34.50pt;\" height=\"46\">Color<\/td>\n<td class=\"et5\" style=\"width: 234.15pt;\" width=\"312\">negro\/blanco\/azul\/gris\/rosa\/verde\/marr\u00f3n\/caqui<\/td>\n<\/tr>\n<tr style=\"height: 18.00pt;\">\n<td class=\"et3\" style=\"height: 18.00pt;\" height=\"24\">Dimensi\u00f3n<\/td>\n<td class=\"et5\" style=\"width: 234.15pt;\" width=\"312\">35.5*35.5*11.5<\/td>\n<\/tr>\n<tr style=\"height: 17.25pt;\">\n<td class=\"et3\" style=\"height: 17.25pt;\" height=\"23\">N.W \/SET<\/td>\n<td class=\"et3\">12KGS\/PCS<\/td>\n<\/tr>\n<tr style=\"height: 17.25pt;\">\n<td class=\"et3\" style=\"height: 17.25pt;\" height=\"23\">MOQ<\/td>\n<td class=\"et3\">20 piezas<\/td>\n<\/tr>\n<tr style=\"height: 17.25pt;\">\n<td class=\"et3\" style=\"height: 17.25pt;\" height=\"23\">Opci\u00f3n personalizada<\/td>\n<td class=\"et3\">Color\/Patr\u00f3n\/Tama\u00f1o\/Logotipo\/Embalaje<\/td>\n<\/tr>\n<\/tbody>\n<\/table>","protected":false},"featured_media":4850,"comment_status":"closed","ping_status":"closed","template":"","meta":{"_acf_changed":false},"product_brand":[],"product_cat":[50],"product_tag":[],"class_list":{"0":"post-4849","1":"product","2":"type-product","3":"status-publish","4":"has-post-thumbnail","6":"product_cat-wholesale-countertop-sinks","8":"first","9":"instock","10":"shipping-taxable","11":"product-type-simple"},"acf":[],"_links":{"self":[{"href":"https:\/\/www.ceramicbasin.com\/es\/wp-json\/wp\/v2\/product\/4849","targetHints":{"allow":["GET"]}}],"collection":[{"href":"https:\/\/www.ceramicbasin.com\/es\/wp-json\/wp\/v2\/product"}],"about":[{"href":"https:\/\/www.ceramicbasin.com\/es\/wp-json\/wp\/v2\/types\/product"}],"replies":[{"embeddable":true,"href":"https:\/\/www.ceramicbasin.com\/es\/wp-json\/wp\/v2\/comments?post=4849"}],"wp:featuredmedia":[{"embeddable":true,"href":"https:\/\/www.ceramicbasin.com\/es\/wp-json\/wp\/v2\/media\/4850"}],"wp:attachment":[{"href":"https:\/\/www.ceramicbasin.com\/es\/wp-json\/wp\/v2\/media?parent=4849"}],"wp:term":[{"taxonomy":"product_brand","embeddable":true,"href":"https:\/\/www.ceramicbasin.com\/es\/wp-json\/wp\/v2\/product_brand?post=4849"},{"taxonomy":"product_cat","embeddable":true,"href":"https:\/\/www.ceramicbasin.com\/es\/wp-json\/wp\/v2\/product_cat?post=4849"},{"taxonomy":"product_tag","embeddable":true,"href":"https:\/\/www.ceramicbasin.com\/es\/wp-json\/wp\/v2\/product_tag?post=4849"}],"curies":[{"name":"wp","href":"https:\/\/api.w.org\/{rel}","templated":true}]}}