{"id":4869,"date":"2024-08-22T06:40:29","date_gmt":"2024-08-22T06:40:29","guid":{"rendered":"https:\/\/www.ceramicbasin.com\/?post_type=product&#038;p=4869"},"modified":"2024-10-17T07:25:30","modified_gmt":"2024-10-17T07:25:30","slug":"bulk-customized-bathroom-sinks","status":"publish","type":"product","link":"https:\/\/www.ceramicbasin.com\/es\/producto\/bulk-customized-bathroom-sinks\/","title":{"rendered":"Lavabos de Ba\u00f1o a Granel Personalizados, Lavabos de Encimera de Lujo al por Mayor"},"content":{"rendered":"<div class=\"wp-block-columns is-layout-flex wp-container-core-columns-is-layout-9d6595d7 wp-block-columns-is-layout-flex\">\n<div class=\"wp-block-column is-layout-flow wp-block-column-is-layout-flow\">\n<h2 class=\"wp-block-heading\">Fregaderos de ba\u00f1o personalizados a granel de primera calidad Caracter\u00edsticas:<\/h2>\n\n\n\n<ul class=\"wp-block-list\">\n<li><strong>Elegante dise\u00f1o redondo: <\/strong>Este lavabo de ba\u00f1o personalizado a granel adopta un dise\u00f1o redondo cl\u00e1sico de l\u00edneas suaves y forma sencilla y elegante, que se adapta a una gran variedad de estilos de decoraci\u00f3n de ba\u00f1os modernos. Su aspecto elegante no s\u00f3lo a\u00f1ade belleza al espacio.<\/li>\n\n\n\n<li><strong>Superficie angular \u00fanica: <\/strong>La superficie de nuestros lavabos de encimera al por mayor adopta un dise\u00f1o angular \u00fanico, que rompe la monoton\u00eda de la superficie lisa tradicional, aumenta la estratificaci\u00f3n visual y el efecto tridimensional, y realza la sofisticaci\u00f3n de la decoraci\u00f3n general.<\/li>\n\n\n\n<li><strong>Materiales cer\u00e1micos de alta calidad: <\/strong>Nuestros lavabos de ba\u00f1o personalizados a granel est\u00e1n fabricados con materiales cer\u00e1micos seleccionados de alta calidad. Despu\u00e9s de la cocci\u00f3n a alta temperatura, tienen una excelente resistencia al desgaste y a las manchas, y pueden mantener un nuevo brillo despu\u00e9s de un uso prolongado. La superficie de cer\u00e1mica es lisa y f\u00e1cil de limpiar y mantener.<\/li>\n\n\n\n<li><strong>Soluciones a medida: <\/strong>Ofrecemos servicios flexibles de personalizaci\u00f3n de lavabos de encimera al por mayor, y podemos ajustar el tama\u00f1o, el color y el tratamiento de la superficie del lavabo de encimera seg\u00fan las necesidades del cliente. Tanto si se trata de una residencia de lujo, el ba\u00f1o de un hotel o un proyecto comercial, podemos ofrecer soluciones de personalizaci\u00f3n personalizadas.<\/li>\n<\/ul>\n<\/div>\n\n\n\n<div class=\"wp-block-column is-layout-flow wp-block-column-is-layout-flow\">\n<figure class=\"wp-block-image size-full\"><img fetchpriority=\"high\" decoding=\"async\" width=\"800\" height=\"800\" src=\"https:\/\/www.ceramicbasin.com\/wp-content\/uploads\/2024\/08\/wholesale-wash-basincustom-ceramic-sink-bathroom-countertop-5.webp\" alt=\"Lavabos de Ba\u00f1o a Granel Personalizados, Lavabos de Lujo para Encimera-1\" class=\"wp-image-4874\" srcset=\"https:\/\/www.ceramicbasin.com\/wp-content\/uploads\/2024\/08\/wholesale-wash-basincustom-ceramic-sink-bathroom-countertop-5.webp 800w, https:\/\/www.ceramicbasin.com\/wp-content\/uploads\/2024\/08\/wholesale-wash-basincustom-ceramic-sink-bathroom-countertop-5-300x300.webp 300w, https:\/\/www.ceramicbasin.com\/wp-content\/uploads\/2024\/08\/wholesale-wash-basincustom-ceramic-sink-bathroom-countertop-5-150x150.webp 150w, https:\/\/www.ceramicbasin.com\/wp-content\/uploads\/2024\/08\/wholesale-wash-basincustom-ceramic-sink-bathroom-countertop-5-768x768.webp 768w, https:\/\/www.ceramicbasin.com\/wp-content\/uploads\/2024\/08\/wholesale-wash-basincustom-ceramic-sink-bathroom-countertop-5-12x12.webp 12w, https:\/\/www.ceramicbasin.com\/wp-content\/uploads\/2024\/08\/wholesale-wash-basincustom-ceramic-sink-bathroom-countertop-5-285x285.webp 285w, https:\/\/www.ceramicbasin.com\/wp-content\/uploads\/2024\/08\/wholesale-wash-basincustom-ceramic-sink-bathroom-countertop-5-270x270.webp 270w, https:\/\/www.ceramicbasin.com\/wp-content\/uploads\/2024\/08\/wholesale-wash-basincustom-ceramic-sink-bathroom-countertop-5-540x540.webp 540w, https:\/\/www.ceramicbasin.com\/wp-content\/uploads\/2024\/08\/wholesale-wash-basincustom-ceramic-sink-bathroom-countertop-5-660x660.webp 660w\" sizes=\"(max-width: 800px) 100vw, 800px\" \/><\/figure>\n<\/div>\n<\/div>","protected":false},"excerpt":{"rendered":"<p>Bienvenido a comprar lavabos de encimera al por mayor. Esta ronda a granel personalizado lavabos de ba\u00f1o se destaca con su forma simple y elegante y \u00fanico dise\u00f1o de la superficie angular, que muestra la textura de lujo y estilo personalizado. Hecho de cer\u00e1mica de primera calidad de gama alta, tiene una excelente resistencia al desgaste y las manchas y es f\u00e1cil de limpiar.<\/p>\n<table style=\"border-collapse: collapse; width: 358.52pt;\" border=\"0\" width=\"478\" cellspacing=\"0\" cellpadding=\"0\">\n<tbody>\n<tr style=\"height: 17.25pt;\">\n<td class=\"et3\" style=\"height: 17.25pt; width: 125.00pt;\" width=\"166\" height=\"23\">Fabricante<\/td>\n<td class=\"et3\" style=\"width: 234.15pt;\" width=\"312\">HanYu<\/td>\n<\/tr>\n<tr style=\"height: 17.25pt;\">\n<td class=\"et3\" style=\"height: 17.25pt;\" height=\"23\">N\u00ba de modelo<\/td>\n<td class=\"et4\">HY-8176<\/td>\n<\/tr>\n<tr style=\"height: 17.25pt;\">\n<td class=\"et3\" style=\"height: 17.25pt;\" height=\"23\">Tipo<\/td>\n<td class=\"et5\" style=\"width: 234.15pt;\" width=\"312\">Lavabos sobre encimera<\/td>\n<\/tr>\n<tr style=\"height: 18.00pt;\">\n<td class=\"et3\" style=\"height: 18.00pt;\" height=\"24\">Forma<\/td>\n<td class=\"et3\">Forma redonda<\/td>\n<\/tr>\n<tr style=\"height: 34.50pt;\">\n<td class=\"et4\" style=\"height: 34.50pt;\" height=\"46\">Color<\/td>\n<td class=\"et5\" style=\"width: 234.15pt;\" width=\"312\">negro\/blanco\/azul\/gris\/rosa\/verde\/marr\u00f3n\/caqui<\/td>\n<\/tr>\n<tr style=\"height: 18.00pt;\">\n<td class=\"et3\" style=\"height: 18.00pt;\" height=\"24\">Dimensi\u00f3n<\/td>\n<td class=\"et5\" style=\"width: 234.15pt;\" width=\"312\">41.5*41.5*14<\/td>\n<\/tr>\n<tr style=\"height: 17.25pt;\">\n<td class=\"et3\" style=\"height: 17.25pt;\" height=\"23\">N.W \/SET<\/td>\n<td class=\"et3\">15KGS\/PCS<\/td>\n<\/tr>\n<tr style=\"height: 17.25pt;\">\n<td class=\"et3\" style=\"height: 17.25pt;\" height=\"23\">MOQ<\/td>\n<td class=\"et3\">20 piezas<\/td>\n<\/tr>\n<tr style=\"height: 17.25pt;\">\n<td class=\"et3\" style=\"height: 17.25pt;\" height=\"23\">Opci\u00f3n personalizada<\/td>\n<td class=\"et3\">Color\/Patr\u00f3n\/Tama\u00f1o\/Logotipo\/Embalaje<\/td>\n<\/tr>\n<\/tbody>\n<\/table>","protected":false},"featured_media":4870,"comment_status":"closed","ping_status":"closed","template":"","meta":{"_acf_changed":false},"product_brand":[],"product_cat":[50],"product_tag":[],"class_list":{"0":"post-4869","1":"product","2":"type-product","3":"status-publish","4":"has-post-thumbnail","6":"product_cat-wholesale-countertop-sinks","8":"first","9":"instock","10":"shipping-taxable","11":"product-type-simple"},"acf":[],"_links":{"self":[{"href":"https:\/\/www.ceramicbasin.com\/es\/wp-json\/wp\/v2\/product\/4869","targetHints":{"allow":["GET"]}}],"collection":[{"href":"https:\/\/www.ceramicbasin.com\/es\/wp-json\/wp\/v2\/product"}],"about":[{"href":"https:\/\/www.ceramicbasin.com\/es\/wp-json\/wp\/v2\/types\/product"}],"replies":[{"embeddable":true,"href":"https:\/\/www.ceramicbasin.com\/es\/wp-json\/wp\/v2\/comments?post=4869"}],"wp:featuredmedia":[{"embeddable":true,"href":"https:\/\/www.ceramicbasin.com\/es\/wp-json\/wp\/v2\/media\/4870"}],"wp:attachment":[{"href":"https:\/\/www.ceramicbasin.com\/es\/wp-json\/wp\/v2\/media?parent=4869"}],"wp:term":[{"taxonomy":"product_brand","embeddable":true,"href":"https:\/\/www.ceramicbasin.com\/es\/wp-json\/wp\/v2\/product_brand?post=4869"},{"taxonomy":"product_cat","embeddable":true,"href":"https:\/\/www.ceramicbasin.com\/es\/wp-json\/wp\/v2\/product_cat?post=4869"},{"taxonomy":"product_tag","embeddable":true,"href":"https:\/\/www.ceramicbasin.com\/es\/wp-json\/wp\/v2\/product_tag?post=4869"}],"curies":[{"name":"wp","href":"https:\/\/api.w.org\/{rel}","templated":true}]}}