{"id":4989,"date":"2024-09-03T01:07:05","date_gmt":"2024-09-03T01:07:05","guid":{"rendered":"https:\/\/www.ceramicbasin.com\/?post_type=product&#038;p=4989"},"modified":"2024-09-03T01:16:38","modified_gmt":"2024-09-03T01:16:38","slug":"small-bathroom-sinks-wholesale","status":"publish","type":"product","link":"https:\/\/www.ceramicbasin.com\/es\/producto\/small-bathroom-sinks-wholesale\/","title":{"rendered":"Lavabos De Ba\u00f1o Peque\u00f1os Al Por Mayor, Lavabos Colgados De Pared Peque\u00f1os"},"content":{"rendered":"<div class=\"wp-block-columns is-layout-flex wp-container-core-columns-is-layout-9d6595d7 wp-block-columns-is-layout-flex\">\n<div class=\"wp-block-column is-layout-flow wp-block-column-is-layout-flow\">\n<h2 class=\"wp-block-heading\">Premium Peque\u00f1os Lavabos de Ba\u00f1o al por mayor Caracter\u00edsticas:<\/h2>\n\n\n\n<ul class=\"wp-block-list\">\n<li><strong>Dise\u00f1o de optimizaci\u00f3n del espacio:<\/strong> Nuestros lavabos peque\u00f1os al por mayor est\u00e1n dise\u00f1ados para cuartos de ba\u00f1o peque\u00f1os. Se ahorra espacio de manera efectiva y es ideal para peque\u00f1os apartamentos o habitaciones de hotel.<\/li>\n\n\n\n<li><strong>Materiales cer\u00e1micos de alta calidad: <\/strong>Utilizamos materias primas cer\u00e1micas de alta calidad, cocidas a una alta temperatura de 1280 grados, para garantizar que nuestro lavabo mural al por mayor de tama\u00f1o reducido sea duradero, suave, f\u00e1cil de limpiar, duradero y bonito.<\/li>\n\n\n\n<li><strong>Instalaci\u00f3n mural: <\/strong>Estos peque\u00f1os lavabos murales al por mayor se fijan a la pared, lo que no s\u00f3lo ahorra espacio, sino que tambi\u00e9n facilita la limpieza del suelo y mejora la limpieza general del cuarto de ba\u00f1o.<\/li>\n\n\n\n<li><strong>Ventaja a granel: <\/strong>Como fabricante profesional de lavabos de cer\u00e1mica, Hanyu puede suministrar al por mayor lavabos diminutos con precios muy competitivos, lo que resulta adecuado para las necesidades de renovaci\u00f3n a gran escala de hoteles, apartamentos y proyectos residenciales.<\/li>\n<\/ul>\n<\/div>\n\n\n\n<div class=\"wp-block-column is-layout-flow wp-block-column-is-layout-flow\">\n<figure class=\"wp-block-image size-full\"><img fetchpriority=\"high\" decoding=\"async\" width=\"800\" height=\"800\" src=\"https:\/\/www.ceramicbasin.com\/wp-content\/uploads\/2024\/09\/Modern-Style-Lavatory-Small-Size-Ceramic-Hand-Wash-Basin-Wall-Hung-Mounted-Rectangular-Bathroom-Sink-6.webp\" alt=\"Lavabos De Ba\u00f1o Peque\u00f1os Al Por Mayor, Lavabos Colgados De Pared Peque\u00f1os-1\" class=\"wp-image-4984\" srcset=\"https:\/\/www.ceramicbasin.com\/wp-content\/uploads\/2024\/09\/Modern-Style-Lavatory-Small-Size-Ceramic-Hand-Wash-Basin-Wall-Hung-Mounted-Rectangular-Bathroom-Sink-6.webp 800w, https:\/\/www.ceramicbasin.com\/wp-content\/uploads\/2024\/09\/Modern-Style-Lavatory-Small-Size-Ceramic-Hand-Wash-Basin-Wall-Hung-Mounted-Rectangular-Bathroom-Sink-6-300x300.webp 300w, https:\/\/www.ceramicbasin.com\/wp-content\/uploads\/2024\/09\/Modern-Style-Lavatory-Small-Size-Ceramic-Hand-Wash-Basin-Wall-Hung-Mounted-Rectangular-Bathroom-Sink-6-150x150.webp 150w, https:\/\/www.ceramicbasin.com\/wp-content\/uploads\/2024\/09\/Modern-Style-Lavatory-Small-Size-Ceramic-Hand-Wash-Basin-Wall-Hung-Mounted-Rectangular-Bathroom-Sink-6-768x768.webp 768w, https:\/\/www.ceramicbasin.com\/wp-content\/uploads\/2024\/09\/Modern-Style-Lavatory-Small-Size-Ceramic-Hand-Wash-Basin-Wall-Hung-Mounted-Rectangular-Bathroom-Sink-6-12x12.webp 12w, https:\/\/www.ceramicbasin.com\/wp-content\/uploads\/2024\/09\/Modern-Style-Lavatory-Small-Size-Ceramic-Hand-Wash-Basin-Wall-Hung-Mounted-Rectangular-Bathroom-Sink-6-285x285.webp 285w, https:\/\/www.ceramicbasin.com\/wp-content\/uploads\/2024\/09\/Modern-Style-Lavatory-Small-Size-Ceramic-Hand-Wash-Basin-Wall-Hung-Mounted-Rectangular-Bathroom-Sink-6-270x270.webp 270w, https:\/\/www.ceramicbasin.com\/wp-content\/uploads\/2024\/09\/Modern-Style-Lavatory-Small-Size-Ceramic-Hand-Wash-Basin-Wall-Hung-Mounted-Rectangular-Bathroom-Sink-6-540x540.webp 540w, https:\/\/www.ceramicbasin.com\/wp-content\/uploads\/2024\/09\/Modern-Style-Lavatory-Small-Size-Ceramic-Hand-Wash-Basin-Wall-Hung-Mounted-Rectangular-Bathroom-Sink-6-660x660.webp 660w\" sizes=\"(max-width: 800px) 100vw, 800px\" \/><\/figure>\n<\/div>\n<\/div>","protected":false},"excerpt":{"rendered":"<p>Nuestra f\u00e1brica de suministro de pared peque\u00f1os lavabos al por mayor dise\u00f1os para cuartos de ba\u00f1o, esta pared lavabos utilizan materiales seleccionados y procesos de producci\u00f3n de precisi\u00f3n para garantizar que los lavabos son de construcci\u00f3n s\u00f3lida, suave y f\u00e1cil de limpiar.tenemos un gran inventario para satisfacer sus pedidos urgentes o necesidades de gran volumen.<\/p>\n<table style=\"border-collapse: collapse; width: 358.52pt;\" border=\"0\" width=\"478\" cellspacing=\"0\" cellpadding=\"0\">\n<tbody>\n<tr style=\"height: 17.25pt;\">\n<td class=\"et3\" style=\"height: 17.25pt; width: 125.00pt;\" width=\"166\" height=\"23\">Fabricante<\/td>\n<td class=\"et3\" style=\"width: 234.15pt;\" width=\"312\">HanYu<\/td>\n<\/tr>\n<tr style=\"height: 17.25pt;\">\n<td class=\"et3\" style=\"height: 17.25pt;\" height=\"23\">N\u00ba de modelo<\/td>\n<td class=\"et4\">HY-3053AL<\/td>\n<\/tr>\n<tr style=\"height: 17.25pt;\">\n<td class=\"et3\" style=\"height: 17.25pt;\" height=\"23\">Tipo<\/td>\n<td class=\"et5\" style=\"width: 234.15pt;\" width=\"312\">Lavabos de pared<\/td>\n<\/tr>\n<tr style=\"height: 18.00pt;\">\n<td class=\"et3\" style=\"height: 18.00pt;\" height=\"24\">Forma<\/td>\n<td class=\"et3\">Forma rectangular<\/td>\n<\/tr>\n<tr style=\"height: 34.50pt;\">\n<td class=\"et4\" style=\"height: 34.50pt;\" height=\"46\">Color<\/td>\n<td class=\"et5\" style=\"width: 234.15pt;\" width=\"312\">negro\/blanco\/azul\/gris\/rosa\/verde\/marr\u00f3n\/caqui<\/td>\n<\/tr>\n<tr style=\"height: 18.00pt;\">\n<td class=\"et3\" style=\"height: 18.00pt;\" height=\"24\">Dimensi\u00f3n<\/td>\n<td class=\"et5\" style=\"width: 234.15pt;\" width=\"312\">40*22*11<\/td>\n<\/tr>\n<tr style=\"height: 17.25pt;\">\n<td class=\"et3\" style=\"height: 17.25pt;\" height=\"23\">N.W \/SET<\/td>\n<td class=\"et3\">8KGS\/PCS<\/td>\n<\/tr>\n<tr style=\"height: 17.25pt;\">\n<td class=\"et3\" style=\"height: 17.25pt;\" height=\"23\">MOQ<\/td>\n<td class=\"et3\">20 piezas<\/td>\n<\/tr>\n<tr style=\"height: 17.25pt;\">\n<td class=\"et3\" style=\"height: 17.25pt;\" height=\"23\">Opci\u00f3n personalizada<\/td>\n<td class=\"et3\">Color\/Patr\u00f3n\/Tama\u00f1o\/Logotipo\/Embalaje<\/td>\n<\/tr>\n<\/tbody>\n<\/table>","protected":false},"featured_media":4982,"comment_status":"closed","ping_status":"closed","template":"","meta":{"_acf_changed":false},"product_brand":[],"product_cat":[56],"product_tag":[],"class_list":{"0":"post-4989","1":"product","2":"type-product","3":"status-publish","4":"has-post-thumbnail","6":"product_cat-wholesale-small-bathroom-sinks","8":"first","9":"instock","10":"shipping-taxable","11":"product-type-simple"},"acf":[],"_links":{"self":[{"href":"https:\/\/www.ceramicbasin.com\/es\/wp-json\/wp\/v2\/product\/4989","targetHints":{"allow":["GET"]}}],"collection":[{"href":"https:\/\/www.ceramicbasin.com\/es\/wp-json\/wp\/v2\/product"}],"about":[{"href":"https:\/\/www.ceramicbasin.com\/es\/wp-json\/wp\/v2\/types\/product"}],"replies":[{"embeddable":true,"href":"https:\/\/www.ceramicbasin.com\/es\/wp-json\/wp\/v2\/comments?post=4989"}],"wp:featuredmedia":[{"embeddable":true,"href":"https:\/\/www.ceramicbasin.com\/es\/wp-json\/wp\/v2\/media\/4982"}],"wp:attachment":[{"href":"https:\/\/www.ceramicbasin.com\/es\/wp-json\/wp\/v2\/media?parent=4989"}],"wp:term":[{"taxonomy":"product_brand","embeddable":true,"href":"https:\/\/www.ceramicbasin.com\/es\/wp-json\/wp\/v2\/product_brand?post=4989"},{"taxonomy":"product_cat","embeddable":true,"href":"https:\/\/www.ceramicbasin.com\/es\/wp-json\/wp\/v2\/product_cat?post=4989"},{"taxonomy":"product_tag","embeddable":true,"href":"https:\/\/www.ceramicbasin.com\/es\/wp-json\/wp\/v2\/product_tag?post=4989"}],"curies":[{"name":"wp","href":"https:\/\/api.w.org\/{rel}","templated":true}]}}