{"id":4990,"date":"2024-09-03T01:16:02","date_gmt":"2024-09-03T01:16:02","guid":{"rendered":"https:\/\/www.ceramicbasin.com\/?post_type=product&#038;p=4990"},"modified":"2024-09-03T01:16:04","modified_gmt":"2024-09-03T01:16:04","slug":"bespoke-bathroom-sinks","status":"publish","type":"product","link":"https:\/\/www.ceramicbasin.com\/es\/producto\/bespoke-bathroom-sinks\/","title":{"rendered":"Fregaderos de ba\u00f1o a medida, lavabos murales de porcelana al por mayor"},"content":{"rendered":"<div class=\"wp-block-columns is-layout-flex wp-container-core-columns-is-layout-9d6595d7 wp-block-columns-is-layout-flex\">\n<div class=\"wp-block-column is-layout-flow wp-block-column-is-layout-flow\">\n<h2 class=\"wp-block-heading\">Fregaderos de ba\u00f1o Premium Bespoke Caracter\u00edsticas:<\/h2>\n\n\n\n<ul class=\"wp-block-list\">\n<li>Nuevo dise\u00f1o: Estos lavabos de ba\u00f1o a medida colgados de la pared son lavabos de cer\u00e1mica personalizados. Este lavabo personalizado a granel tiene un aspecto elegante que combina a la perfecci\u00f3n con el estilo de ba\u00f1o moderno.<\/li>\n\n\n\n<li>Fabricados en porcelana de alta calidad: Nuestros lavabos murales se fabrican al por mayor con arcilla de porcelana seleccionada de alta calidad y se cuecen a altas temperaturas para garantizar que los lavabos tengan una textura s\u00f3lida, una superficie lisa, sean f\u00e1ciles de limpiar y tengan un brillo duradero.<\/li>\n\n\n\n<li>Instalaci\u00f3n mural: El dise\u00f1o montado en la pared de nuestros lavabos de ba\u00f1o a medida no s\u00f3lo ahorra espacio, sino que tambi\u00e9n facilita la limpieza del suelo debajo, manteniendo el ba\u00f1o ordenado y creando un entorno de uso refrescante.<\/li>\n\n\n\n<li>Ahorro en costes de compra al por mayor: Como fabricante de lavabos de cer\u00e1mica al por mayor, HanYu puede ofrecerle precios competitivos para la compra de lavabos de ba\u00f1o, para ayudarle a controlar eficazmente los costes de decoraci\u00f3n sin sacrificar la calidad.<\/li>\n<\/ul>\n<\/div>\n\n\n\n<div class=\"wp-block-column is-layout-flow wp-block-column-is-layout-flow\">\n<figure class=\"wp-block-image size-full\"><img fetchpriority=\"high\" decoding=\"async\" width=\"800\" height=\"800\" src=\"https:\/\/www.ceramicbasin.com\/wp-content\/uploads\/2024\/09\/Customize-OEM-ODM-Ceramic-Wash-Hand-Basin-Sink-Lavabo-Porcelain-Rectangular-Wall-Hung-Mounted-Bathroom-Sinks-6.jpg\" alt=\"Fregaderos de Ba\u00f1o a Medida, Lavabos de Porcelana Colgados de la Pared al por Mayor-1\" class=\"wp-image-4996\" srcset=\"https:\/\/www.ceramicbasin.com\/wp-content\/uploads\/2024\/09\/Customize-OEM-ODM-Ceramic-Wash-Hand-Basin-Sink-Lavabo-Porcelain-Rectangular-Wall-Hung-Mounted-Bathroom-Sinks-6.jpg 800w, https:\/\/www.ceramicbasin.com\/wp-content\/uploads\/2024\/09\/Customize-OEM-ODM-Ceramic-Wash-Hand-Basin-Sink-Lavabo-Porcelain-Rectangular-Wall-Hung-Mounted-Bathroom-Sinks-6-300x300.jpg 300w, https:\/\/www.ceramicbasin.com\/wp-content\/uploads\/2024\/09\/Customize-OEM-ODM-Ceramic-Wash-Hand-Basin-Sink-Lavabo-Porcelain-Rectangular-Wall-Hung-Mounted-Bathroom-Sinks-6-150x150.jpg 150w, https:\/\/www.ceramicbasin.com\/wp-content\/uploads\/2024\/09\/Customize-OEM-ODM-Ceramic-Wash-Hand-Basin-Sink-Lavabo-Porcelain-Rectangular-Wall-Hung-Mounted-Bathroom-Sinks-6-768x768.jpg 768w, https:\/\/www.ceramicbasin.com\/wp-content\/uploads\/2024\/09\/Customize-OEM-ODM-Ceramic-Wash-Hand-Basin-Sink-Lavabo-Porcelain-Rectangular-Wall-Hung-Mounted-Bathroom-Sinks-6-12x12.jpg 12w, https:\/\/www.ceramicbasin.com\/wp-content\/uploads\/2024\/09\/Customize-OEM-ODM-Ceramic-Wash-Hand-Basin-Sink-Lavabo-Porcelain-Rectangular-Wall-Hung-Mounted-Bathroom-Sinks-6-285x285.jpg 285w, https:\/\/www.ceramicbasin.com\/wp-content\/uploads\/2024\/09\/Customize-OEM-ODM-Ceramic-Wash-Hand-Basin-Sink-Lavabo-Porcelain-Rectangular-Wall-Hung-Mounted-Bathroom-Sinks-6-270x270.jpg 270w, https:\/\/www.ceramicbasin.com\/wp-content\/uploads\/2024\/09\/Customize-OEM-ODM-Ceramic-Wash-Hand-Basin-Sink-Lavabo-Porcelain-Rectangular-Wall-Hung-Mounted-Bathroom-Sinks-6-540x540.jpg 540w, https:\/\/www.ceramicbasin.com\/wp-content\/uploads\/2024\/09\/Customize-OEM-ODM-Ceramic-Wash-Hand-Basin-Sink-Lavabo-Porcelain-Rectangular-Wall-Hung-Mounted-Bathroom-Sinks-6-660x660.jpg 660w\" sizes=\"(max-width: 800px) 100vw, 800px\" \/><\/figure>\n<\/div>\n<\/div>","protected":false},"excerpt":{"rendered":"<p>Nuestros lavabos murales a medida a granel se fabrican cuidadosamente para garantizar su belleza y durabilidad. Tambi\u00e9n ofrecemos servicios personalizados, para que pueda ajustar los detalles del producto seg\u00fan las necesidades del proyecto para lograr una combinaci\u00f3n perfecta en el dise\u00f1o.<\/p>\n<table style=\"border-collapse: collapse; width: 311.02pt;\" border=\"0\" width=\"311\" cellspacing=\"0\" cellpadding=\"0\">\n<tbody>\n<tr style=\"height: 17.60pt;\">\n<td class=\"et3\" style=\"height: 17.60pt; width: 108.35pt;\" width=\"108\" height=\"17\">Fabricante<\/td>\n<td class=\"et3\" style=\"width: 202.95pt;\" width=\"202\">HanYu<\/td>\n<\/tr>\n<tr style=\"height: 17.60pt;\">\n<td class=\"et3\" style=\"height: 17.60pt;\" height=\"17\">N\u00ba de modelo<\/td>\n<td class=\"et4\">HY3116A<\/td>\n<\/tr>\n<tr style=\"height: 17.60pt;\">\n<td class=\"et3\" style=\"height: 17.60pt;\" height=\"17\">Tipo<\/td>\n<td class=\"et3\">Lavabo mural<\/td>\n<\/tr>\n<tr style=\"height: 17.60pt;\">\n<td class=\"et3\" style=\"height: 17.60pt;\" height=\"17\">Forma<\/td>\n<td class=\"et3\">Forma rectangular<\/td>\n<\/tr>\n<tr style=\"height: 17.60pt;\">\n<td class=\"et4\" style=\"height: 17.60pt;\" height=\"17\">Color<\/td>\n<td class=\"et3\">Blanco<\/td>\n<\/tr>\n<tr style=\"height: 18.00pt;\">\n<td class=\"et3\" style=\"height: 18.00pt;\" height=\"18\">Dimensi\u00f3n<\/td>\n<td class=\"et6\" style=\"width: 202.95pt;\" width=\"202\">55*40*15<\/td>\n<\/tr>\n<tr style=\"height: 17.60pt;\">\n<td class=\"et3\" style=\"height: 17.60pt;\" height=\"17\">N.W \/SET<\/td>\n<td class=\"et3\">13KGS\/PCS<\/td>\n<\/tr>\n<tr style=\"height: 17.60pt;\">\n<td class=\"et3\" style=\"height: 17.60pt;\" height=\"17\">MOQ<\/td>\n<td class=\"et3\">20 piezas<\/td>\n<\/tr>\n<tr style=\"height: 17.60pt;\">\n<td class=\"et3\" style=\"height: 17.60pt;\" height=\"17\">Opci\u00f3n personalizada<\/td>\n<td class=\"et3\">Color\/Patr\u00f3n\/Tama\u00f1o\/Logotipo\/Embalaje<\/td>\n<\/tr>\n<\/tbody>\n<\/table>","protected":false},"featured_media":4994,"comment_status":"closed","ping_status":"closed","template":"","meta":{"_acf_changed":false},"product_brand":[],"product_cat":[57],"product_tag":[],"class_list":{"0":"post-4990","1":"product","2":"type-product","3":"status-publish","4":"has-post-thumbnail","6":"product_cat-wholesale-wall-mounted-sinks","8":"first","9":"instock","10":"shipping-taxable","11":"product-type-simple"},"acf":[],"_links":{"self":[{"href":"https:\/\/www.ceramicbasin.com\/es\/wp-json\/wp\/v2\/product\/4990","targetHints":{"allow":["GET"]}}],"collection":[{"href":"https:\/\/www.ceramicbasin.com\/es\/wp-json\/wp\/v2\/product"}],"about":[{"href":"https:\/\/www.ceramicbasin.com\/es\/wp-json\/wp\/v2\/types\/product"}],"replies":[{"embeddable":true,"href":"https:\/\/www.ceramicbasin.com\/es\/wp-json\/wp\/v2\/comments?post=4990"}],"wp:featuredmedia":[{"embeddable":true,"href":"https:\/\/www.ceramicbasin.com\/es\/wp-json\/wp\/v2\/media\/4994"}],"wp:attachment":[{"href":"https:\/\/www.ceramicbasin.com\/es\/wp-json\/wp\/v2\/media?parent=4990"}],"wp:term":[{"taxonomy":"product_brand","embeddable":true,"href":"https:\/\/www.ceramicbasin.com\/es\/wp-json\/wp\/v2\/product_brand?post=4990"},{"taxonomy":"product_cat","embeddable":true,"href":"https:\/\/www.ceramicbasin.com\/es\/wp-json\/wp\/v2\/product_cat?post=4990"},{"taxonomy":"product_tag","embeddable":true,"href":"https:\/\/www.ceramicbasin.com\/es\/wp-json\/wp\/v2\/product_tag?post=4990"}],"curies":[{"name":"wp","href":"https:\/\/api.w.org\/{rel}","templated":true}]}}