{"id":5000,"date":"2024-09-05T01:47:37","date_gmt":"2024-09-05T01:47:37","guid":{"rendered":"https:\/\/www.ceramicbasin.com\/?post_type=product&#038;p=5000"},"modified":"2024-09-05T01:47:39","modified_gmt":"2024-09-05T01:47:39","slug":"mini-bathroom-sink-wholesale","status":"publish","type":"product","link":"https:\/\/www.ceramicbasin.com\/es\/producto\/mini-bathroom-sink-wholesale\/","title":{"rendered":"Venta al por mayor de mini lavabo de ba\u00f1o, lavabo colgado de la pared Tiny"},"content":{"rendered":"<div class=\"wp-block-columns is-layout-flex wp-container-core-columns-is-layout-9d6595d7 wp-block-columns-is-layout-flex\">\n<div class=\"wp-block-column is-layout-flow wp-block-column-is-layout-flow\">\n<h2 class=\"wp-block-heading\">Premium Mini Lavabo de Ba\u00f1o al por mayor Caracter\u00edsticas:<\/h2>\n\n\n\n<ul class=\"wp-block-list\">\n<li><strong>Dise\u00f1o cl\u00e1sico:\u00a0<\/strong>Nuestra f\u00e1brica de suministro de peque\u00f1os lavabos colgados de la pared al por mayor cuentan con un dise\u00f1o cl\u00e1sico atemporal con limpio, con una peque\u00f1a instalaci\u00f3n montada en la pared para maximizar el uso de espacio limitado.<\/li>\n\n\n\n<li><strong>Instalaci\u00f3n mural:\u00a0<\/strong>El dise\u00f1o montado en la pared ahorra espacio y es f\u00e1cil de limpiar. Este mini lavabo de ba\u00f1o al por mayor es especialmente adecuado para ba\u00f1os modernos y compactos, ya que realza la pulcritud y modernidad del espacio general.<\/li>\n\n\n\n<li><strong>Tratamiento de esmalte f\u00e1cil de limpiar:<\/strong>\u00a0La superficie de este peque\u00f1o lavabo de pared al por mayor adopta una tecnolog\u00eda especial de esmaltado f\u00e1cil de limpiar, que es suave y delicada, las manchas no se adhieren f\u00e1cilmente y es f\u00e1cil de limpiar.<\/li>\n\n\n\n<li><strong>Descuento por compra al por mayor:\u00a0<\/strong>Como fabricante y proveedor profesional de lavabos de cer\u00e1mica, ofrecemos precios muy competitivos para la venta al por mayor de mini lavabos de ba\u00f1o, adecuados para proyectos de decoraci\u00f3n a gran escala como hoteles, apartamentos, oficinas, etc.<\/li>\n<\/ul>\n<\/div>\n\n\n\n<div class=\"wp-block-column is-layout-flow wp-block-column-is-layout-flow\">\n<figure class=\"wp-block-image size-full\"><img fetchpriority=\"high\" decoding=\"async\" width=\"1784\" height=\"1784\" src=\"https:\/\/www.ceramicbasin.com\/wp-content\/uploads\/2024\/09\/Hot-sale-Mini-bathroom-porcelain-sink-wall-hung-wash-basin-with-faucet-5.webp\" alt=\"Venta Caliente Mini Lavabo De Ba\u00f1o Al Por Mayor, Peque\u00f1o Lavabo Colgado De La Pared-1\" class=\"wp-image-5005\" srcset=\"https:\/\/www.ceramicbasin.com\/wp-content\/uploads\/2024\/09\/Hot-sale-Mini-bathroom-porcelain-sink-wall-hung-wash-basin-with-faucet-5.webp 1784w, https:\/\/www.ceramicbasin.com\/wp-content\/uploads\/2024\/09\/Hot-sale-Mini-bathroom-porcelain-sink-wall-hung-wash-basin-with-faucet-5-300x300.webp 300w, https:\/\/www.ceramicbasin.com\/wp-content\/uploads\/2024\/09\/Hot-sale-Mini-bathroom-porcelain-sink-wall-hung-wash-basin-with-faucet-5-150x150.webp 150w, https:\/\/www.ceramicbasin.com\/wp-content\/uploads\/2024\/09\/Hot-sale-Mini-bathroom-porcelain-sink-wall-hung-wash-basin-with-faucet-5-768x768.webp 768w, https:\/\/www.ceramicbasin.com\/wp-content\/uploads\/2024\/09\/Hot-sale-Mini-bathroom-porcelain-sink-wall-hung-wash-basin-with-faucet-5-12x12.webp 12w, https:\/\/www.ceramicbasin.com\/wp-content\/uploads\/2024\/09\/Hot-sale-Mini-bathroom-porcelain-sink-wall-hung-wash-basin-with-faucet-5-285x285.webp 285w, https:\/\/www.ceramicbasin.com\/wp-content\/uploads\/2024\/09\/Hot-sale-Mini-bathroom-porcelain-sink-wall-hung-wash-basin-with-faucet-5-1600x1600.webp 1600w, https:\/\/www.ceramicbasin.com\/wp-content\/uploads\/2024\/09\/Hot-sale-Mini-bathroom-porcelain-sink-wall-hung-wash-basin-with-faucet-5-270x270.webp 270w, https:\/\/www.ceramicbasin.com\/wp-content\/uploads\/2024\/09\/Hot-sale-Mini-bathroom-porcelain-sink-wall-hung-wash-basin-with-faucet-5-540x540.webp 540w, https:\/\/www.ceramicbasin.com\/wp-content\/uploads\/2024\/09\/Hot-sale-Mini-bathroom-porcelain-sink-wall-hung-wash-basin-with-faucet-5-660x660.webp 660w\" sizes=\"(max-width: 1784px) 100vw, 1784px\" \/><\/figure>\n<\/div>\n<\/div>","protected":false},"excerpt":{"rendered":"<p>Este mini lavabo de cer\u00e1mica colgante de pared al por mayor est\u00e1 dise\u00f1ado para cuartos de ba\u00f1o de peque\u00f1o tama\u00f1o que persiguen la practicidad y la belleza. La selecci\u00f3n de materiales cer\u00e1micos superiores garantiza que nuestro lavabo colgante de pared tenga una excelente durabilidad y belleza. El dise\u00f1o colgado de la pared no s\u00f3lo ahorra espacio, sino que tambi\u00e9n facilita la limpieza del suelo.<\/p>\n<table style=\"border-collapse: collapse; width: 311.02pt;\" border=\"0\" width=\"311\" cellspacing=\"0\" cellpadding=\"0\">\n<tbody>\n<tr style=\"height: 17.60pt;\">\n<td class=\"et3\" style=\"height: 17.60pt; width: 108.35pt;\" width=\"108\" height=\"17\">Fabricante<\/td>\n<td class=\"et3\" style=\"width: 202.95pt;\" width=\"202\">HanYu<\/td>\n<\/tr>\n<tr style=\"height: 17.60pt;\">\n<td class=\"et3\" style=\"height: 17.60pt;\" height=\"17\">N\u00ba de modelo<\/td>\n<td class=\"et4\">HY3106<\/td>\n<\/tr>\n<tr style=\"height: 17.60pt;\">\n<td class=\"et3\" style=\"height: 17.60pt;\" height=\"17\">Tipo<\/td>\n<td class=\"et3\">Lavabo mural<\/td>\n<\/tr>\n<tr style=\"height: 17.60pt;\">\n<td class=\"et3\" style=\"height: 17.60pt;\" height=\"17\">Forma<\/td>\n<td class=\"et3\">Forma redonda<\/td>\n<\/tr>\n<tr style=\"height: 17.60pt;\">\n<td class=\"et4\" style=\"height: 17.60pt;\" height=\"17\">Color<\/td>\n<td class=\"et3\">Blanco<\/td>\n<\/tr>\n<tr style=\"height: 18.00pt;\">\n<td class=\"et3\" style=\"height: 18.00pt;\" height=\"18\">Dimensi\u00f3n<\/td>\n<td class=\"et6\" style=\"width: 202.95pt;\" width=\"202\">37.5*31*16<\/td>\n<\/tr>\n<tr style=\"height: 17.60pt;\">\n<td class=\"et3\" style=\"height: 17.60pt;\" height=\"17\">N.W \/SET<\/td>\n<td class=\"et3\">6.5KGS\/PCS<\/td>\n<\/tr>\n<tr style=\"height: 17.60pt;\">\n<td class=\"et3\" style=\"height: 17.60pt;\" height=\"17\">MOQ<\/td>\n<td class=\"et3\">20 piezas<\/td>\n<\/tr>\n<tr style=\"height: 17.60pt;\">\n<td class=\"et3\" style=\"height: 17.60pt;\" height=\"17\">Opci\u00f3n personalizada<\/td>\n<td class=\"et3\">Color\/Patr\u00f3n\/Tama\u00f1o\/Logotipo\/Embalaje<\/td>\n<\/tr>\n<\/tbody>\n<\/table>\n<p>&nbsp;<\/p>","protected":false},"featured_media":5002,"comment_status":"closed","ping_status":"closed","template":"","meta":{"_acf_changed":false},"product_brand":[],"product_cat":[56],"product_tag":[],"class_list":{"0":"post-5000","1":"product","2":"type-product","3":"status-publish","4":"has-post-thumbnail","6":"product_cat-wholesale-small-bathroom-sinks","8":"first","9":"instock","10":"shipping-taxable","11":"product-type-simple"},"acf":[],"_links":{"self":[{"href":"https:\/\/www.ceramicbasin.com\/es\/wp-json\/wp\/v2\/product\/5000","targetHints":{"allow":["GET"]}}],"collection":[{"href":"https:\/\/www.ceramicbasin.com\/es\/wp-json\/wp\/v2\/product"}],"about":[{"href":"https:\/\/www.ceramicbasin.com\/es\/wp-json\/wp\/v2\/types\/product"}],"replies":[{"embeddable":true,"href":"https:\/\/www.ceramicbasin.com\/es\/wp-json\/wp\/v2\/comments?post=5000"}],"wp:featuredmedia":[{"embeddable":true,"href":"https:\/\/www.ceramicbasin.com\/es\/wp-json\/wp\/v2\/media\/5002"}],"wp:attachment":[{"href":"https:\/\/www.ceramicbasin.com\/es\/wp-json\/wp\/v2\/media?parent=5000"}],"wp:term":[{"taxonomy":"product_brand","embeddable":true,"href":"https:\/\/www.ceramicbasin.com\/es\/wp-json\/wp\/v2\/product_brand?post=5000"},{"taxonomy":"product_cat","embeddable":true,"href":"https:\/\/www.ceramicbasin.com\/es\/wp-json\/wp\/v2\/product_cat?post=5000"},{"taxonomy":"product_tag","embeddable":true,"href":"https:\/\/www.ceramicbasin.com\/es\/wp-json\/wp\/v2\/product_tag?post=5000"}],"curies":[{"name":"wp","href":"https:\/\/api.w.org\/{rel}","templated":true}]}}