{"id":5007,"date":"2024-09-05T01:56:30","date_gmt":"2024-09-05T01:56:30","guid":{"rendered":"https:\/\/www.ceramicbasin.com\/?post_type=product&#038;p=5007"},"modified":"2024-09-05T01:56:32","modified_gmt":"2024-09-05T01:56:32","slug":"tiny-bathroom-basins-wholesale","status":"publish","type":"product","link":"https:\/\/www.ceramicbasin.com\/es\/producto\/tiny-bathroom-basins-wholesale\/","title":{"rendered":"Lavabos de ba\u00f1o al por mayor con estante para toallas"},"content":{"rendered":"<div class=\"wp-block-columns is-layout-flex wp-container-core-columns-is-layout-9d6595d7 wp-block-columns-is-layout-flex\">\n<div class=\"wp-block-column is-layout-flow wp-block-column-is-layout-flow\">\n<div class=\"wp-block-columns is-layout-flex wp-container-core-columns-is-layout-9d6595d7 wp-block-columns-is-layout-flex\">\n<div class=\"wp-block-column is-layout-flow wp-block-column-is-layout-flow\" style=\"flex-basis:100%\">\n<div class=\"wp-block-columns is-layout-flex wp-container-core-columns-is-layout-9d6595d7 wp-block-columns-is-layout-flex\">\n<div class=\"wp-block-column is-layout-flow wp-block-column-is-layout-flow\">\n<h2 class=\"wp-block-heading\">Premium Tiny Lavabos de Ba\u00f1o al por mayor Caracter\u00edsticas:<\/h2>\n\n\n\n<ul class=\"wp-block-list\">\n<li><strong>Toalla especial Dise\u00f1o de estante:\u00a0<\/strong>Estos peque\u00f1os lavabos de pared para cuartos de ba\u00f1o al por mayor tienen un elegante estante para toallas y l\u00edneas suaves, que a\u00f1aden un toque suave y moderno al espacio, ahorran otros soportes y permiten que el cuarto de ba\u00f1o est\u00e9 seco y limpio.<\/li>\n\n\n\n<li><strong>Fregaderos de alta calidad:\u00a0<\/strong>Nuestros lavabos de ba\u00f1o montados en pared al por mayor utilizan materiales de alta calidad y combinan una artesan\u00eda exquisita para garantizar que la estructura del lavabo sea estable, la superficie suave y delicada, f\u00e1cil de limpiar y mantener, y duradera.<\/li>\n\n\n\n<li><strong>Ventaja del precio al por mayor:\u00a0<\/strong>Como fabricante de lavabos de ba\u00f1o de cer\u00e1mica, HanYu ofrece precios al por mayor muy competitivos para lavabos de ba\u00f1o diminutos montados en pared al por mayor, las compras al por mayor disfrutan de m\u00e1s descuentos, haciendo de los accesorios de ba\u00f1o de alta calidad su elecci\u00f3n ideal bajo control de costes.<\/li>\n\n\n\n<li><strong>Servicio personalizado de gama alta:\u00a0<\/strong>Proporcionamos un servicio de lavabos murales a medida para garantizar que cada lavabo cumpla los requisitos de dise\u00f1o y espacio de su cuarto de ba\u00f1o y cree un estilo exclusivo.<\/li>\n<\/ul>\n<\/div>\n\n\n\n<div class=\"wp-block-column is-layout-flow wp-block-column-is-layout-flow\">\n<figure class=\"wp-block-image size-full\"><img fetchpriority=\"high\" decoding=\"async\" width=\"800\" height=\"800\" src=\"https:\/\/www.ceramicbasin.com\/wp-content\/uploads\/2024\/09\/Hot-sale-Porcelain-Sink-Quality-White-Bathroom-Wash-Basin-For-Sale-Ceramic-European-Hand-Wash-Basin-With-Towel-Shelf-5.webp\" alt=\"Lavabos De Ba\u00f1o Colgados De Pared Al Por Mayor Con Toallero-1\" class=\"wp-image-5012\" srcset=\"https:\/\/www.ceramicbasin.com\/wp-content\/uploads\/2024\/09\/Hot-sale-Porcelain-Sink-Quality-White-Bathroom-Wash-Basin-For-Sale-Ceramic-European-Hand-Wash-Basin-With-Towel-Shelf-5.webp 800w, https:\/\/www.ceramicbasin.com\/wp-content\/uploads\/2024\/09\/Hot-sale-Porcelain-Sink-Quality-White-Bathroom-Wash-Basin-For-Sale-Ceramic-European-Hand-Wash-Basin-With-Towel-Shelf-5-300x300.webp 300w, https:\/\/www.ceramicbasin.com\/wp-content\/uploads\/2024\/09\/Hot-sale-Porcelain-Sink-Quality-White-Bathroom-Wash-Basin-For-Sale-Ceramic-European-Hand-Wash-Basin-With-Towel-Shelf-5-150x150.webp 150w, https:\/\/www.ceramicbasin.com\/wp-content\/uploads\/2024\/09\/Hot-sale-Porcelain-Sink-Quality-White-Bathroom-Wash-Basin-For-Sale-Ceramic-European-Hand-Wash-Basin-With-Towel-Shelf-5-768x768.webp 768w, https:\/\/www.ceramicbasin.com\/wp-content\/uploads\/2024\/09\/Hot-sale-Porcelain-Sink-Quality-White-Bathroom-Wash-Basin-For-Sale-Ceramic-European-Hand-Wash-Basin-With-Towel-Shelf-5-12x12.webp 12w, https:\/\/www.ceramicbasin.com\/wp-content\/uploads\/2024\/09\/Hot-sale-Porcelain-Sink-Quality-White-Bathroom-Wash-Basin-For-Sale-Ceramic-European-Hand-Wash-Basin-With-Towel-Shelf-5-285x285.webp 285w, https:\/\/www.ceramicbasin.com\/wp-content\/uploads\/2024\/09\/Hot-sale-Porcelain-Sink-Quality-White-Bathroom-Wash-Basin-For-Sale-Ceramic-European-Hand-Wash-Basin-With-Towel-Shelf-5-270x270.webp 270w, https:\/\/www.ceramicbasin.com\/wp-content\/uploads\/2024\/09\/Hot-sale-Porcelain-Sink-Quality-White-Bathroom-Wash-Basin-For-Sale-Ceramic-European-Hand-Wash-Basin-With-Towel-Shelf-5-540x540.webp 540w, https:\/\/www.ceramicbasin.com\/wp-content\/uploads\/2024\/09\/Hot-sale-Porcelain-Sink-Quality-White-Bathroom-Wash-Basin-For-Sale-Ceramic-European-Hand-Wash-Basin-With-Towel-Shelf-5-660x660.webp 660w\" sizes=\"(max-width: 800px) 100vw, 800px\" \/><\/figure>\n<\/div>\n<\/div>\n<\/div>\n<\/div>\n<\/div>\n<\/div>","protected":false},"excerpt":{"rendered":"<p>Nuestros lavabos murales al por mayor utilizan materiales de alta calidad y un acabado exquisito para garantizar la durabilidad y la facilidad de limpieza del lavabo. Tambi\u00e9n ofrecemos servicios personalizados, para que pueda ajustar los detalles del producto de acuerdo a las necesidades del proyecto para lograr una combinaci\u00f3n perfecta en el dise\u00f1o.<\/p>\n<table style=\"border-collapse: collapse; width: 311.02pt;\" border=\"0\" width=\"311\" cellspacing=\"0\" cellpadding=\"0\">\n<tbody>\n<tr style=\"height: 17.60pt;\">\n<td class=\"et3\" style=\"height: 17.60pt; width: 108.35pt;\" width=\"108\" height=\"17\">Fabricante<\/td>\n<td class=\"et3\" style=\"width: 202.95pt;\" width=\"202\">HanYu<\/td>\n<\/tr>\n<tr style=\"height: 17.60pt;\">\n<td class=\"et3\" style=\"height: 17.60pt;\" height=\"17\">N\u00ba de modelo<\/td>\n<td class=\"et4\">HY3117<\/td>\n<\/tr>\n<tr style=\"height: 17.60pt;\">\n<td class=\"et3\" style=\"height: 17.60pt;\" height=\"17\">Tipo<\/td>\n<td class=\"et3\">Lavabo mural<\/td>\n<\/tr>\n<tr style=\"height: 17.60pt;\">\n<td class=\"et3\" style=\"height: 17.60pt;\" height=\"17\">Forma<\/td>\n<td class=\"et3\">Forma rectangular<\/td>\n<\/tr>\n<tr style=\"height: 17.60pt;\">\n<td class=\"et4\" style=\"height: 17.60pt;\" height=\"17\">Color<\/td>\n<td class=\"et3\">Blanco<\/td>\n<\/tr>\n<tr style=\"height: 18.00pt;\">\n<td class=\"et3\" style=\"height: 18.00pt;\" height=\"18\">Dimensi\u00f3n<\/td>\n<td class=\"et6\" style=\"width: 202.95pt;\" width=\"202\">39.5*20*29.5<\/td>\n<\/tr>\n<tr style=\"height: 17.60pt;\">\n<td class=\"et3\" style=\"height: 17.60pt;\" height=\"17\">N.W \/SET<\/td>\n<td class=\"et3\">9.5KGS\/PCS<\/td>\n<\/tr>\n<tr style=\"height: 17.60pt;\">\n<td class=\"et3\" style=\"height: 17.60pt;\" height=\"17\">MOQ<\/td>\n<td class=\"et3\">20 piezas<\/td>\n<\/tr>\n<tr style=\"height: 17.60pt;\">\n<td class=\"et3\" style=\"height: 17.60pt;\" height=\"17\">Opci\u00f3n personalizada<\/td>\n<td class=\"et3\">Color\/Patr\u00f3n\/Tama\u00f1o\/Logotipo\/Embalaje<\/td>\n<\/tr>\n<\/tbody>\n<\/table>","protected":false},"featured_media":5008,"comment_status":"closed","ping_status":"closed","template":"","meta":{"_acf_changed":false},"product_brand":[],"product_cat":[57],"product_tag":[],"class_list":{"0":"post-5007","1":"product","2":"type-product","3":"status-publish","4":"has-post-thumbnail","6":"product_cat-wholesale-wall-mounted-sinks","8":"first","9":"instock","10":"shipping-taxable","11":"product-type-simple"},"acf":[],"_links":{"self":[{"href":"https:\/\/www.ceramicbasin.com\/es\/wp-json\/wp\/v2\/product\/5007","targetHints":{"allow":["GET"]}}],"collection":[{"href":"https:\/\/www.ceramicbasin.com\/es\/wp-json\/wp\/v2\/product"}],"about":[{"href":"https:\/\/www.ceramicbasin.com\/es\/wp-json\/wp\/v2\/types\/product"}],"replies":[{"embeddable":true,"href":"https:\/\/www.ceramicbasin.com\/es\/wp-json\/wp\/v2\/comments?post=5007"}],"wp:featuredmedia":[{"embeddable":true,"href":"https:\/\/www.ceramicbasin.com\/es\/wp-json\/wp\/v2\/media\/5008"}],"wp:attachment":[{"href":"https:\/\/www.ceramicbasin.com\/es\/wp-json\/wp\/v2\/media?parent=5007"}],"wp:term":[{"taxonomy":"product_brand","embeddable":true,"href":"https:\/\/www.ceramicbasin.com\/es\/wp-json\/wp\/v2\/product_brand?post=5007"},{"taxonomy":"product_cat","embeddable":true,"href":"https:\/\/www.ceramicbasin.com\/es\/wp-json\/wp\/v2\/product_cat?post=5007"},{"taxonomy":"product_tag","embeddable":true,"href":"https:\/\/www.ceramicbasin.com\/es\/wp-json\/wp\/v2\/product_tag?post=5007"}],"curies":[{"name":"wp","href":"https:\/\/api.w.org\/{rel}","templated":true}]}}