{"id":5020,"date":"2024-09-09T02:25:18","date_gmt":"2024-09-09T02:25:18","guid":{"rendered":"https:\/\/www.ceramicbasin.com\/?post_type=product&#038;p=5020"},"modified":"2024-09-09T10:06:29","modified_gmt":"2024-09-09T10:06:29","slug":"wholesale-countertop-bathroom-sink","status":"publish","type":"product","link":"https:\/\/www.ceramicbasin.com\/es\/producto\/wholesale-countertop-bathroom-sink\/","title":{"rendered":"Mayorista Fregadero de Ba\u00f1o de Encimera, Premium y Duradero"},"content":{"rendered":"<div class=\"wp-block-columns is-layout-flex wp-container-core-columns-is-layout-9d6595d7 wp-block-columns-is-layout-flex\">\n<div class=\"wp-block-column is-layout-flow wp-block-column-is-layout-flow\">\n<h2 class=\"wp-block-heading\">Premium al por mayor encimera lavabo de ba\u00f1o Caracter\u00edsticas:<\/h2>\n\n\n\n<ul class=\"wp-block-list\">\n<li><strong>Material de alta calidad, larga duraci\u00f3n: <\/strong>Este lavabo de encimera para ba\u00f1o al por mayor est\u00e1 fabricado en cer\u00e1mica de primera calidad, que proporciona una excelente resistencia a la abrasi\u00f3n y la suciedad. No es f\u00e1cil que aparezcan ara\u00f1azos o decoloraci\u00f3n, lo que garantiza la larga vida \u00fatil del lavabo.<\/li>\n\n\n\n<li><strong>Excelente artesan\u00eda, fuerte resistencia al impacto\uff1a<\/strong> Con una fina artesan\u00eda, este lavabo de encimera para ba\u00f1o a granel tiene una excelente resistencia a los impactos. Si se golpea en el uso diario o el flujo de agua a alta temperatura, no causar\u00e1 da\u00f1os en el lavabo, lo que garantiza su estabilidad y seguridad a largo plazo.<\/li>\n\n\n\n<li><strong>F\u00e1cil de limpiar<\/strong>: La superficie lisa del lavabo para el fregadero del cuarto de ba\u00f1o de la encimera al por mayor previene con eficacia la acumulaci\u00f3n de la suciedad, haciendo la limpieza diaria f\u00e1cil y conveniente. No hay necesidad de complicados procedimientos de limpieza, simplemente limpie con un pa\u00f1o h\u00famedo, f\u00e1cil de mantener la limpieza del cuarto de ba\u00f1o, para garantizar un ambiente higi\u00e9nico.<\/li>\n\n\n\n<li><strong>Dise\u00f1o moderno, bonito y elegante<\/strong>\uff1a Venta al por mayor lavabo de ba\u00f1o de encimera, El estilo de dise\u00f1o del lavabo es moderno y sencillo, que puede encajar perfectamente con todo tipo de estilos de decoraci\u00f3n de ba\u00f1o. No importa qu\u00e9 estilo de cuarto de ba\u00f1o, a\u00f1adir un sentido de gama alta y el gusto.<\/li>\n<\/ul>\n<\/div>\n\n\n\n<div class=\"wp-block-column is-layout-flow wp-block-column-is-layout-flow\">\n<figure class=\"wp-block-image size-full\"><img fetchpriority=\"high\" decoding=\"async\" width=\"750\" height=\"750\" src=\"https:\/\/www.ceramicbasin.com\/wp-content\/uploads\/2024\/09\/Wholesale-Countertop-Bathroom-Sink-Premium-and-Durable-1.webp\" alt=\"Mayorista Fregadero de Ba\u00f1o de Encimera, Premium y Duradero 1\" class=\"wp-image-5021\" srcset=\"https:\/\/www.ceramicbasin.com\/wp-content\/uploads\/2024\/09\/Wholesale-Countertop-Bathroom-Sink-Premium-and-Durable-1.webp 750w, https:\/\/www.ceramicbasin.com\/wp-content\/uploads\/2024\/09\/Wholesale-Countertop-Bathroom-Sink-Premium-and-Durable-1-300x300.webp 300w, https:\/\/www.ceramicbasin.com\/wp-content\/uploads\/2024\/09\/Wholesale-Countertop-Bathroom-Sink-Premium-and-Durable-1-150x150.webp 150w, https:\/\/www.ceramicbasin.com\/wp-content\/uploads\/2024\/09\/Wholesale-Countertop-Bathroom-Sink-Premium-and-Durable-1-12x12.webp 12w, https:\/\/www.ceramicbasin.com\/wp-content\/uploads\/2024\/09\/Wholesale-Countertop-Bathroom-Sink-Premium-and-Durable-1-285x285.webp 285w, https:\/\/www.ceramicbasin.com\/wp-content\/uploads\/2024\/09\/Wholesale-Countertop-Bathroom-Sink-Premium-and-Durable-1-270x270.webp 270w, https:\/\/www.ceramicbasin.com\/wp-content\/uploads\/2024\/09\/Wholesale-Countertop-Bathroom-Sink-Premium-and-Durable-1-540x540.webp 540w, https:\/\/www.ceramicbasin.com\/wp-content\/uploads\/2024\/09\/Wholesale-Countertop-Bathroom-Sink-Premium-and-Durable-1-660x660.webp 660w\" sizes=\"(max-width: 750px) 100vw, 750px\" \/><\/figure>\n<\/div>\n<\/div>","protected":false},"excerpt":{"rendered":"<p>Bienvenido a la compra al por mayor de lavabos de ba\u00f1o. Nuestro fregadero de ba\u00f1o al por mayor est\u00e1 hecho de cer\u00e1mica de alta calidad, que tiene una excelente durabilidad y resistencia al desgaste. El dise\u00f1o es hermoso y el material es f\u00e1cil de limpiar, que es adecuado para una variedad de estilos de decoraci\u00f3n de ba\u00f1o.<\/p>\n<table style=\"border-collapse: collapse; width: 311.02pt;\" border=\"0\" width=\"311\" cellspacing=\"0\" cellpadding=\"0\">\n<tbody>\n<tr style=\"height: 17.60pt;\">\n<td class=\"et3\" style=\"height: 17.60pt; width: 108.35pt;\" width=\"108\" height=\"17\">Fabricante<\/td>\n<td class=\"et3\" style=\"width: 202.95pt;\" width=\"202\">HanYu<\/td>\n<\/tr>\n<tr style=\"height: 17.60pt;\">\n<td class=\"et3\" style=\"height: 17.60pt;\" height=\"17\">N\u00ba de modelo<\/td>\n<td class=\"et4\">HY-8063<\/td>\n<\/tr>\n<tr style=\"height: 18.00pt;\">\n<td class=\"et3\" style=\"height: 18.00pt;\" height=\"18\">Tipo<\/td>\n<td class=\"et5\" style=\"width: 202.95pt;\" width=\"202\">Lavabo sobre encimera<\/td>\n<\/tr>\n<tr style=\"height: 17.60pt;\">\n<td class=\"et3\" style=\"height: 17.60pt;\" height=\"17\">Forma<\/td>\n<td class=\"et3\">Forma redonda<\/td>\n<\/tr>\n<tr style=\"height: 18.00pt;\">\n<td class=\"et4\" style=\"height: 18.00pt;\" height=\"18\">Color<\/td>\n<td class=\"et5\" style=\"width: 202.95pt;\" width=\"202\">Blanco<\/td>\n<\/tr>\n<tr style=\"height: 18.00pt;\">\n<td class=\"et3\" style=\"height: 18.00pt;\" height=\"18\">Dimensi\u00f3n<\/td>\n<td class=\"et5\" style=\"width: 202.95pt;\" width=\"202\">46.5*46.5*14<\/td>\n<\/tr>\n<tr style=\"height: 17.60pt;\">\n<td class=\"et3\" style=\"height: 17.60pt;\" height=\"17\">N.W \/SET<\/td>\n<td class=\"et3\">9KGS\/PCS<\/td>\n<\/tr>\n<tr style=\"height: 17.60pt;\">\n<td class=\"et3\" style=\"height: 17.60pt;\" height=\"17\">MOQ<\/td>\n<td class=\"et3\">20 piezas<\/td>\n<\/tr>\n<tr style=\"height: 17.60pt;\">\n<td class=\"et3\" style=\"height: 17.60pt;\" height=\"17\">Opci\u00f3n personalizada<\/td>\n<td class=\"et3\">Color\/Patr\u00f3n\/Tama\u00f1o\/Logotipo\/Embalaje<\/td>\n<\/tr>\n<\/tbody>\n<\/table>","protected":false},"featured_media":5024,"comment_status":"closed","ping_status":"closed","template":"","meta":{"_acf_changed":false},"product_brand":[],"product_cat":[50],"product_tag":[],"class_list":{"0":"post-5020","1":"product","2":"type-product","3":"status-publish","4":"has-post-thumbnail","6":"product_cat-wholesale-countertop-sinks","8":"first","9":"instock","10":"shipping-taxable","11":"product-type-simple"},"acf":[],"_links":{"self":[{"href":"https:\/\/www.ceramicbasin.com\/es\/wp-json\/wp\/v2\/product\/5020","targetHints":{"allow":["GET"]}}],"collection":[{"href":"https:\/\/www.ceramicbasin.com\/es\/wp-json\/wp\/v2\/product"}],"about":[{"href":"https:\/\/www.ceramicbasin.com\/es\/wp-json\/wp\/v2\/types\/product"}],"replies":[{"embeddable":true,"href":"https:\/\/www.ceramicbasin.com\/es\/wp-json\/wp\/v2\/comments?post=5020"}],"wp:featuredmedia":[{"embeddable":true,"href":"https:\/\/www.ceramicbasin.com\/es\/wp-json\/wp\/v2\/media\/5024"}],"wp:attachment":[{"href":"https:\/\/www.ceramicbasin.com\/es\/wp-json\/wp\/v2\/media?parent=5020"}],"wp:term":[{"taxonomy":"product_brand","embeddable":true,"href":"https:\/\/www.ceramicbasin.com\/es\/wp-json\/wp\/v2\/product_brand?post=5020"},{"taxonomy":"product_cat","embeddable":true,"href":"https:\/\/www.ceramicbasin.com\/es\/wp-json\/wp\/v2\/product_cat?post=5020"},{"taxonomy":"product_tag","embeddable":true,"href":"https:\/\/www.ceramicbasin.com\/es\/wp-json\/wp\/v2\/product_tag?post=5020"}],"curies":[{"name":"wp","href":"https:\/\/api.w.org\/{rel}","templated":true}]}}