{"id":5027,"date":"2024-09-09T03:55:19","date_gmt":"2024-09-09T03:55:19","guid":{"rendered":"https:\/\/www.ceramicbasin.com\/?post_type=product&#038;p=5027"},"modified":"2024-09-09T10:07:44","modified_gmt":"2024-09-09T10:07:44","slug":"factory-supply-countertop-sink","status":"publish","type":"product","link":"https:\/\/www.ceramicbasin.com\/es\/producto\/factory-supply-countertop-sink\/","title":{"rendered":"Fregadero de Encimera de Suministro de F\u00e1brica con Dise\u00f1o Redondo Especial"},"content":{"rendered":"<div class=\"wp-block-columns is-layout-flex wp-container-core-columns-is-layout-9d6595d7 wp-block-columns-is-layout-flex\">\n<div class=\"wp-block-column is-layout-flow wp-block-column-is-layout-flow\">\n<h2 class=\"wp-block-heading\">Premium Factory Supply Fregadero de Encimera Caracter\u00edsticas:<\/h2>\n\n\n\n<ul class=\"wp-block-list\">\n<li><strong>Dise\u00f1o redondo \u00fanico, que resalta el encanto individual:<\/strong> Nuestro lavabo de encimera de f\u00e1brica adopta un dise\u00f1o redondo aerodin\u00e1mico con bellas l\u00edneas y formas \u00fanicas. Tal dise\u00f1o no s\u00f3lo realza la belleza general del cuarto de ba\u00f1o, sino que tambi\u00e9n a\u00f1ade una suavidad y calidez al espacio.<\/li>\n\n\n\n<li><strong>Mantenimiento diario sencillo: <\/strong>Teniendo en cuenta las necesidades reales de los usuarios, la superficie del fregadero de encimera a granel ha sido especialmente tratada, por lo que no es f\u00e1cil de manchar. La limpieza diaria s\u00f3lo requiere un simple pa\u00f1o para restablecer la limpieza, lo que ahorra mucho tiempo y energ\u00eda de mantenimiento.<\/li>\n\n\n\n<li><strong>Servicios de personalizaci\u00f3n diversificados:<\/strong> Con el fin de satisfacer las diferentes necesidades de los diferentes clientes para el suministro de f\u00e1brica fregaderos encimera, ofrecemos servicios de personalizaci\u00f3n integral. Ya se trate de color o tama\u00f1o, podemos ajustar de acuerdo a sus necesidades para que se ajuste plenamente a su escenario de uso, verdaderamente a medida.<\/li>\n\n\n\n<li><strong>Suministro directo de f\u00e1brica, alto rendimiento de costes: <\/strong>Como fabricante en suministro de f\u00e1brica de lavabo de encimera con a\u00f1os de experiencia, podemos asegurar que el precio de los lavabos que ofrecemos es el m\u00e1s competitivo del mercado. Independientemente del tama\u00f1o de la orden, podemos garantizar la entrega oportuna.<\/li>\n<\/ul>\n<\/div>\n\n\n\n<div class=\"wp-block-column is-layout-flow wp-block-column-is-layout-flow\">\n<figure class=\"wp-block-image size-full\"><img fetchpriority=\"high\" decoding=\"async\" width=\"750\" height=\"750\" src=\"https:\/\/www.ceramicbasin.com\/wp-content\/uploads\/2024\/09\/Factory-Supply-Countertop-Sink-With-Special-Round-Design-1.webp\" alt=\"Suministro de f\u00e1brica fregadero de encimera con dise\u00f1o redondo especial 1\" class=\"wp-image-5028\" srcset=\"https:\/\/www.ceramicbasin.com\/wp-content\/uploads\/2024\/09\/Factory-Supply-Countertop-Sink-With-Special-Round-Design-1.webp 750w, https:\/\/www.ceramicbasin.com\/wp-content\/uploads\/2024\/09\/Factory-Supply-Countertop-Sink-With-Special-Round-Design-1-300x300.webp 300w, https:\/\/www.ceramicbasin.com\/wp-content\/uploads\/2024\/09\/Factory-Supply-Countertop-Sink-With-Special-Round-Design-1-150x150.webp 150w, https:\/\/www.ceramicbasin.com\/wp-content\/uploads\/2024\/09\/Factory-Supply-Countertop-Sink-With-Special-Round-Design-1-12x12.webp 12w, https:\/\/www.ceramicbasin.com\/wp-content\/uploads\/2024\/09\/Factory-Supply-Countertop-Sink-With-Special-Round-Design-1-285x285.webp 285w, https:\/\/www.ceramicbasin.com\/wp-content\/uploads\/2024\/09\/Factory-Supply-Countertop-Sink-With-Special-Round-Design-1-270x270.webp 270w, https:\/\/www.ceramicbasin.com\/wp-content\/uploads\/2024\/09\/Factory-Supply-Countertop-Sink-With-Special-Round-Design-1-540x540.webp 540w, https:\/\/www.ceramicbasin.com\/wp-content\/uploads\/2024\/09\/Factory-Supply-Countertop-Sink-With-Special-Round-Design-1-660x660.webp 660w\" sizes=\"(max-width: 750px) 100vw, 750px\" \/><\/figure>\n<\/div>\n<\/div>","protected":false},"excerpt":{"rendered":"<p>Bienvenido a comprar al por mayor fregaderos de cer\u00e1mica. Nuestro suministro de f\u00e1brica fregadero encimera tiene un dise\u00f1o redondo \u00fanico que es est\u00e9ticamente agradable y s\u00f3lidamente construido para una f\u00e1cil instalaci\u00f3n y mantenimiento. Nuestra atenci\u00f3n al detalle y servicios de personalizaci\u00f3n garantizar que el producto encaja perfectamente en una variedad de entornos de ba\u00f1o.<\/p>\n<table style=\"border-collapse: collapse; width: 311.02pt;\" border=\"0\" width=\"311\" cellspacing=\"0\" cellpadding=\"0\">\n<tbody>\n<tr style=\"height: 17.60pt;\">\n<td class=\"et3\" style=\"height: 17.60pt; width: 108.35pt;\" width=\"108\" height=\"17\">Fabricante<\/td>\n<td class=\"et3\" style=\"width: 202.95pt;\" width=\"202\">HanYu<\/td>\n<\/tr>\n<tr style=\"height: 17.60pt;\">\n<td class=\"et3\" style=\"height: 17.60pt;\" height=\"17\">N\u00ba de modelo<\/td>\n<td class=\"et4\">HY-8070<\/td>\n<\/tr>\n<tr style=\"height: 18.00pt;\">\n<td class=\"et3\" style=\"height: 18.00pt;\" height=\"18\">Tipo<\/td>\n<td class=\"et5\" style=\"width: 202.95pt;\" width=\"202\">Lavabo sobre encimera<\/td>\n<\/tr>\n<tr style=\"height: 17.60pt;\">\n<td class=\"et3\" style=\"height: 17.60pt;\" height=\"17\">Forma<\/td>\n<td class=\"et3\">Forma redonda<\/td>\n<\/tr>\n<tr style=\"height: 18.00pt;\">\n<td class=\"et4\" style=\"height: 18.00pt;\" height=\"18\">Color<\/td>\n<td class=\"et5\" style=\"width: 202.95pt;\" width=\"202\">Blanco<\/td>\n<\/tr>\n<tr style=\"height: 18.00pt;\">\n<td class=\"et3\" style=\"height: 18.00pt;\" height=\"18\">Dimensi\u00f3n<\/td>\n<td class=\"et5\" style=\"width: 202.95pt;\" width=\"202\">36*36*11.5<\/td>\n<\/tr>\n<tr style=\"height: 17.60pt;\">\n<td class=\"et3\" style=\"height: 17.60pt;\" height=\"17\">N.W \/SET<\/td>\n<td class=\"et3\">8.5KGS\/PCS<\/td>\n<\/tr>\n<tr style=\"height: 17.60pt;\">\n<td class=\"et3\" style=\"height: 17.60pt;\" height=\"17\">MOQ<\/td>\n<td class=\"et3\">20 piezas<\/td>\n<\/tr>\n<tr style=\"height: 17.60pt;\">\n<td class=\"et3\" style=\"height: 17.60pt;\" height=\"17\">Opci\u00f3n personalizada<\/td>\n<td class=\"et3\">Color\/Patr\u00f3n\/Tama\u00f1o\/Logotipo\/Embalaje<\/td>\n<\/tr>\n<\/tbody>\n<\/table>","protected":false},"featured_media":5032,"comment_status":"closed","ping_status":"closed","template":"","meta":{"_acf_changed":false},"product_brand":[],"product_cat":[50],"product_tag":[],"class_list":{"0":"post-5027","1":"product","2":"type-product","3":"status-publish","4":"has-post-thumbnail","6":"product_cat-wholesale-countertop-sinks","8":"first","9":"instock","10":"shipping-taxable","11":"product-type-simple"},"acf":[],"_links":{"self":[{"href":"https:\/\/www.ceramicbasin.com\/es\/wp-json\/wp\/v2\/product\/5027","targetHints":{"allow":["GET"]}}],"collection":[{"href":"https:\/\/www.ceramicbasin.com\/es\/wp-json\/wp\/v2\/product"}],"about":[{"href":"https:\/\/www.ceramicbasin.com\/es\/wp-json\/wp\/v2\/types\/product"}],"replies":[{"embeddable":true,"href":"https:\/\/www.ceramicbasin.com\/es\/wp-json\/wp\/v2\/comments?post=5027"}],"wp:featuredmedia":[{"embeddable":true,"href":"https:\/\/www.ceramicbasin.com\/es\/wp-json\/wp\/v2\/media\/5032"}],"wp:attachment":[{"href":"https:\/\/www.ceramicbasin.com\/es\/wp-json\/wp\/v2\/media?parent=5027"}],"wp:term":[{"taxonomy":"product_brand","embeddable":true,"href":"https:\/\/www.ceramicbasin.com\/es\/wp-json\/wp\/v2\/product_brand?post=5027"},{"taxonomy":"product_cat","embeddable":true,"href":"https:\/\/www.ceramicbasin.com\/es\/wp-json\/wp\/v2\/product_cat?post=5027"},{"taxonomy":"product_tag","embeddable":true,"href":"https:\/\/www.ceramicbasin.com\/es\/wp-json\/wp\/v2\/product_tag?post=5027"}],"curies":[{"name":"wp","href":"https:\/\/api.w.org\/{rel}","templated":true}]}}