{"id":5034,"date":"2024-09-09T06:44:59","date_gmt":"2024-09-09T06:44:59","guid":{"rendered":"https:\/\/www.ceramicbasin.com\/?post_type=product&#038;p=5034"},"modified":"2024-11-21T08:16:58","modified_gmt":"2024-11-21T08:16:58","slug":"customized-above-counter-sink","status":"publish","type":"product","link":"https:\/\/www.ceramicbasin.com\/es\/producto\/customized-above-counter-sink\/","title":{"rendered":"Fregadero Sobre Encimera Personalizado Mayorista, Lavabos Venta Caliente"},"content":{"rendered":"<div class=\"wp-block-columns is-layout-flex wp-container-core-columns-is-layout-9d6595d7 wp-block-columns-is-layout-flex\">\n<div class=\"wp-block-column is-layout-flow wp-block-column-is-layout-flow\">\n<h2 class=\"wp-block-heading\">Fregadero de Encimera Personalizado Premium Caracter\u00edsticas:<\/h2>\n\n\n\n<ul class=\"wp-block-list\">\n<li><strong>Dise\u00f1o redondo \u00fanico, elegante y bonito: <\/strong>Este lavabo sobre encimera personalizado adopta el popular dise\u00f1o redondo. Sus suaves l\u00edneas y elegantes curvas pueden a\u00f1adir una sensaci\u00f3n de modernidad y arte a cualquier espacio de ba\u00f1o. El dise\u00f1o redondo tambi\u00e9n puede hacer un uso eficaz del espacio y es adecuado para ba\u00f1os de varios tipos, convirti\u00e9ndose en un punto culminante de la decoraci\u00f3n de interiores.<\/li>\n\n\n\n<li><strong>Productos muy vendidos y elogiados: <\/strong>Lavabo de mostrador al por mayor al por mayor, debido al excelente concepto de dise\u00f1o y la excelente calidad, este lavabo se ha convertido en un producto de gran venta en el mercado. Le va bien en el mercado internacional, este producto gan\u00f3 elogios generalizados y alta evaluaci\u00f3n tan pronto como entrar en el mercado.<\/li>\n\n\n\n<li><strong>F\u00e1cil de instalar y limpiar: <\/strong>Al dise\u00f1ar este fregadero sobre encimera personalizado, tuvimos en cuenta la experiencia completa del usuario. Nos aseguramos de que el proceso de instalaci\u00f3n pudiera ser realizado f\u00e1cilmente por personas no profesionales. Adem\u00e1s, gracias a un tratamiento especial, la superficie del lavabo es muy lisa, por lo que su limpieza diaria resulta muy sencilla y eficaz.<\/li>\n\n\n\n<li><strong>Personalizaci\u00f3n a gran escala, rendimiento de alto coste: <\/strong>Como proveedor profesional de f\u00e1brica para la venta al por mayor por encima del fregadero del contador, ofrecemos servicios de personalizaci\u00f3n a granel para satisfacer sus diversas necesidades de cantidad y dise\u00f1o. Aseg\u00farese de obtener productos de alta calidad al precio m\u00e1s competitivo para maximizar la rentabilidad.<\/li>\n<\/ul>\n<\/div>\n\n\n\n<div class=\"wp-block-column is-layout-flow wp-block-column-is-layout-flow\">\n<figure class=\"wp-block-image size-full is-resized\"><img fetchpriority=\"high\" decoding=\"async\" width=\"750\" height=\"750\" src=\"https:\/\/www.ceramicbasin.com\/wp-content\/uploads\/2024\/09\/Wholesale-Customized-Above-Counter-Sink-\uff0cRound-Hot-Selling-1.webp\" alt=\"Venta al por mayor personalizado sobre fregadero de mostrador \uff0c redondo venta caliente 1\" class=\"wp-image-5035\" style=\"width:409px;height:auto\" srcset=\"https:\/\/www.ceramicbasin.com\/wp-content\/uploads\/2024\/09\/Wholesale-Customized-Above-Counter-Sink-\uff0cRound-Hot-Selling-1.webp 750w, https:\/\/www.ceramicbasin.com\/wp-content\/uploads\/2024\/09\/Wholesale-Customized-Above-Counter-Sink-\uff0cRound-Hot-Selling-1-300x300.webp 300w, https:\/\/www.ceramicbasin.com\/wp-content\/uploads\/2024\/09\/Wholesale-Customized-Above-Counter-Sink-\uff0cRound-Hot-Selling-1-150x150.webp 150w, https:\/\/www.ceramicbasin.com\/wp-content\/uploads\/2024\/09\/Wholesale-Customized-Above-Counter-Sink-\uff0cRound-Hot-Selling-1-12x12.webp 12w, https:\/\/www.ceramicbasin.com\/wp-content\/uploads\/2024\/09\/Wholesale-Customized-Above-Counter-Sink-\uff0cRound-Hot-Selling-1-285x285.webp 285w, https:\/\/www.ceramicbasin.com\/wp-content\/uploads\/2024\/09\/Wholesale-Customized-Above-Counter-Sink-\uff0cRound-Hot-Selling-1-270x270.webp 270w, https:\/\/www.ceramicbasin.com\/wp-content\/uploads\/2024\/09\/Wholesale-Customized-Above-Counter-Sink-\uff0cRound-Hot-Selling-1-540x540.webp 540w, https:\/\/www.ceramicbasin.com\/wp-content\/uploads\/2024\/09\/Wholesale-Customized-Above-Counter-Sink-\uff0cRound-Hot-Selling-1-660x660.webp 660w\" sizes=\"(max-width: 750px) 100vw, 750px\" \/><\/figure>\n<\/div>\n<\/div>","protected":false},"excerpt":{"rendered":"<p>Bienvenido a comprar fregaderos de cer\u00e1mica al por mayor. Nuestro fregadero sobre encimera personalizado es popular en el mercado por su exclusivo dise\u00f1o redondo y su estructura estable. No s\u00f3lo es bonito, sino tambi\u00e9n muy f\u00e1cil de instalar y mantener. Nuestra empresa insiste en la garant\u00eda de productos de alta calidad, proporcionando servicios personalizados para que nuestros productos se adapten perfectamente a todo tipo de ambientes de ba\u00f1o. Como producto de gran venta, se gana la confianza y los elogios de innumerables usuarios. Por lo tanto, es una opci\u00f3n ideal cuando se trata de elevar el espacio del cuarto de ba\u00f1o.<\/p>\n<table style=\"border-collapse: collapse; width: 311.02pt;\" border=\"0\" width=\"311\" cellspacing=\"0\" cellpadding=\"0\">\n<tbody>\n<tr style=\"height: 17.60pt;\">\n<td class=\"et3\" style=\"height: 17.60pt; width: 108.35pt;\" width=\"108\" height=\"17\">Fabricante<\/td>\n<td class=\"et3\" style=\"width: 202.95pt;\" width=\"202\">HanYu<\/td>\n<\/tr>\n<tr style=\"height: 17.60pt;\">\n<td class=\"et3\" style=\"height: 17.60pt;\" height=\"17\">N\u00ba de modelo<\/td>\n<td class=\"et4\">HY-8070H<\/td>\n<\/tr>\n<tr style=\"height: 18.00pt;\">\n<td class=\"et3\" style=\"height: 18.00pt;\" height=\"18\">Tipo<\/td>\n<td class=\"et5\" style=\"width: 202.95pt;\" width=\"202\">Lavabo sobre encimera<\/td>\n<\/tr>\n<tr style=\"height: 17.60pt;\">\n<td class=\"et3\" style=\"height: 17.60pt;\" height=\"17\">Forma<\/td>\n<td class=\"et3\">Forma redonda<\/td>\n<\/tr>\n<tr style=\"height: 18.00pt;\">\n<td class=\"et4\" style=\"height: 18.00pt;\" height=\"18\">Color<\/td>\n<td class=\"et5\" style=\"width: 202.95pt;\" width=\"202\">Blanco<\/td>\n<\/tr>\n<tr style=\"height: 18.00pt;\">\n<td class=\"et3\" style=\"height: 18.00pt;\" height=\"18\">Dimensi\u00f3n<\/td>\n<td class=\"et5\" style=\"width: 202.95pt;\" width=\"202\">35.5*35.5*11.5<\/td>\n<\/tr>\n<tr style=\"height: 17.60pt;\">\n<td class=\"et3\" style=\"height: 17.60pt;\" height=\"17\">N.W \/SET<\/td>\n<td class=\"et3\">9.5KGS\/PCS<\/td>\n<\/tr>\n<tr style=\"height: 17.60pt;\">\n<td class=\"et3\" style=\"height: 17.60pt;\" height=\"17\">MOQ<\/td>\n<td class=\"et3\">20 piezas<\/td>\n<\/tr>\n<tr style=\"height: 17.60pt;\">\n<td class=\"et3\" style=\"height: 17.60pt;\" height=\"17\">Opci\u00f3n personalizada<\/td>\n<td class=\"et3\">Color\/Patr\u00f3n\/Tama\u00f1o\/Logotipo\/Embalaje<\/td>\n<\/tr>\n<\/tbody>\n<\/table>","protected":false},"featured_media":5039,"comment_status":"closed","ping_status":"closed","template":"","meta":{"_acf_changed":false},"product_brand":[],"product_cat":[50],"product_tag":[],"class_list":{"0":"post-5034","1":"product","2":"type-product","3":"status-publish","4":"has-post-thumbnail","6":"product_cat-wholesale-countertop-sinks","8":"first","9":"instock","10":"shipping-taxable","11":"product-type-simple"},"acf":[],"_links":{"self":[{"href":"https:\/\/www.ceramicbasin.com\/es\/wp-json\/wp\/v2\/product\/5034","targetHints":{"allow":["GET"]}}],"collection":[{"href":"https:\/\/www.ceramicbasin.com\/es\/wp-json\/wp\/v2\/product"}],"about":[{"href":"https:\/\/www.ceramicbasin.com\/es\/wp-json\/wp\/v2\/types\/product"}],"replies":[{"embeddable":true,"href":"https:\/\/www.ceramicbasin.com\/es\/wp-json\/wp\/v2\/comments?post=5034"}],"wp:featuredmedia":[{"embeddable":true,"href":"https:\/\/www.ceramicbasin.com\/es\/wp-json\/wp\/v2\/media\/5039"}],"wp:attachment":[{"href":"https:\/\/www.ceramicbasin.com\/es\/wp-json\/wp\/v2\/media?parent=5034"}],"wp:term":[{"taxonomy":"product_brand","embeddable":true,"href":"https:\/\/www.ceramicbasin.com\/es\/wp-json\/wp\/v2\/product_brand?post=5034"},{"taxonomy":"product_cat","embeddable":true,"href":"https:\/\/www.ceramicbasin.com\/es\/wp-json\/wp\/v2\/product_cat?post=5034"},{"taxonomy":"product_tag","embeddable":true,"href":"https:\/\/www.ceramicbasin.com\/es\/wp-json\/wp\/v2\/product_tag?post=5034"}],"curies":[{"name":"wp","href":"https:\/\/api.w.org\/{rel}","templated":true}]}}