{"id":5077,"date":"2024-09-09T09:25:13","date_gmt":"2024-09-09T09:25:13","guid":{"rendered":"https:\/\/www.ceramicbasin.com\/?post_type=product&#038;p=5077"},"modified":"2024-09-11T02:06:44","modified_gmt":"2024-09-11T02:06:44","slug":"countertop-sinks-in-bulk","status":"publish","type":"product","link":"https:\/\/www.ceramicbasin.com\/es\/producto\/countertop-sinks-in-bulk\/","title":{"rendered":"Fregaderos de Encimera a Granel, Lavabos Redondos Tama\u00f1o Mini"},"content":{"rendered":"<div class=\"wp-block-columns is-layout-flex wp-container-core-columns-is-layout-9d6595d7 wp-block-columns-is-layout-flex\">\n<div class=\"wp-block-column is-layout-flow wp-block-column-is-layout-flow\">\n<h2 class=\"wp-block-heading\">Fregaderos de Encimera Premium a Granel Caracter\u00edsticas:<\/h2>\n\n\n\n<ul class=\"wp-block-list\">\n<li><strong>Dise\u00f1o compacto, adaptaci\u00f3n flexible:<\/strong> Con su tama\u00f1o compacto y dise\u00f1o redondo, nuestro mini fregadero redondo para encimera encaja perfectamente en cualquier espacio. Su aspecto moderno tambi\u00e9n puede mejorar el estilo de decoraci\u00f3n general y resolver problemas de dise\u00f1o para espacios peque\u00f1os. <\/li>\n\n\n\n<li><strong>Materiales de alta calidad<\/strong>: Nuestros fregaderos de encimera al por mayor est\u00e1n fabricados con materiales cer\u00e1micos de alta calidad, que tienen una excelente durabilidad y resistencia a las manchas. Incluso con un uso frecuente, puede permanecer tan brillante como nuevo. Al mismo tiempo, es f\u00e1cil de limpiar, lo que reduce el trabajo de mantenimiento.<\/li>\n\n\n\n<li><strong>Embalaje personalizado:<\/strong> Proporcionamos soluciones de envasado a medida para fregaderos de encimera a granel y podemos dise\u00f1ar envases \u00fanicos seg\u00fan las necesidades propias de los clientes, como la imagen de marca, los requisitos del producto y el posicionamiento en el mercado.<\/li>\n\n\n\n<li><strong>Descuentos por compras al por mayor, ahorro de costes:<\/strong>  Nuestros fregaderos de encimera al por mayor ofrecen descuentos competitivos para compras a gran escala, ayud\u00e1ndole a reducir significativamente los costes.<\/li>\n<\/ul>\n<\/div>\n\n\n\n<div class=\"wp-block-column is-layout-flow wp-block-column-is-layout-flow\">\n<figure class=\"wp-block-image size-full\"><img fetchpriority=\"high\" decoding=\"async\" width=\"750\" height=\"750\" src=\"https:\/\/www.ceramicbasin.com\/wp-content\/uploads\/2024\/09\/Mini-Size-Round-Shape-Countertop-Sinks-In-Bulk\uff0cCustomized-Packaging-1.webp\" alt=\"Fregaderos de la encimera de la forma redonda del tama\u00f1o mini a granel, embalaje modificado para requisitos particulares 1\" class=\"wp-image-5078\" srcset=\"https:\/\/www.ceramicbasin.com\/wp-content\/uploads\/2024\/09\/Mini-Size-Round-Shape-Countertop-Sinks-In-Bulk\uff0cCustomized-Packaging-1.webp 750w, https:\/\/www.ceramicbasin.com\/wp-content\/uploads\/2024\/09\/Mini-Size-Round-Shape-Countertop-Sinks-In-Bulk\uff0cCustomized-Packaging-1-300x300.webp 300w, https:\/\/www.ceramicbasin.com\/wp-content\/uploads\/2024\/09\/Mini-Size-Round-Shape-Countertop-Sinks-In-Bulk\uff0cCustomized-Packaging-1-150x150.webp 150w, https:\/\/www.ceramicbasin.com\/wp-content\/uploads\/2024\/09\/Mini-Size-Round-Shape-Countertop-Sinks-In-Bulk\uff0cCustomized-Packaging-1-12x12.webp 12w, https:\/\/www.ceramicbasin.com\/wp-content\/uploads\/2024\/09\/Mini-Size-Round-Shape-Countertop-Sinks-In-Bulk\uff0cCustomized-Packaging-1-285x285.webp 285w, https:\/\/www.ceramicbasin.com\/wp-content\/uploads\/2024\/09\/Mini-Size-Round-Shape-Countertop-Sinks-In-Bulk\uff0cCustomized-Packaging-1-270x270.webp 270w, https:\/\/www.ceramicbasin.com\/wp-content\/uploads\/2024\/09\/Mini-Size-Round-Shape-Countertop-Sinks-In-Bulk\uff0cCustomized-Packaging-1-540x540.webp 540w, https:\/\/www.ceramicbasin.com\/wp-content\/uploads\/2024\/09\/Mini-Size-Round-Shape-Countertop-Sinks-In-Bulk\uff0cCustomized-Packaging-1-660x660.webp 660w\" sizes=\"(max-width: 750px) 100vw, 750px\" \/><\/figure>\n<\/div>\n<\/div>","protected":false},"excerpt":{"rendered":"<p>Nuestros mini fregaderos redondos de encimera a granel tienen un dise\u00f1o compacto y moderno que encaja en cualquier espacio, ya sea de uso dom\u00e9stico o comercial. Fabricados con materiales de alta calidad, son duraderos y f\u00e1ciles de mantener. Ofrecemos un servicio de embalaje personalizado para satisfacer sus necesidades espec\u00edficas, y puede disfrutar de precios preferentes al comprar al por mayor, lo que resulta ideal para compras a gran escala.<\/p>\n<table style=\"border-collapse: collapse; width: 311.02pt;\" border=\"0\" width=\"311\" cellspacing=\"0\" cellpadding=\"0\">\n<tbody>\n<tr style=\"height: 17.60pt;\">\n<td class=\"et3\" style=\"height: 17.60pt; width: 108.35pt;\" width=\"108\" height=\"17\">Fabricante<\/td>\n<td class=\"et3\" style=\"width: 202.95pt;\" width=\"202\">HanYu<\/td>\n<\/tr>\n<tr style=\"height: 17.60pt;\">\n<td class=\"et3\" style=\"height: 17.60pt;\" height=\"17\">N\u00ba de modelo<\/td>\n<td class=\"et4\">HY-8200<\/td>\n<\/tr>\n<tr style=\"height: 18.00pt;\">\n<td class=\"et3\" style=\"height: 18.00pt;\" height=\"18\">Tipo<\/td>\n<td class=\"et5\" style=\"width: 202.95pt;\" width=\"202\">Lavabo sobre encimera<\/td>\n<\/tr>\n<tr style=\"height: 17.60pt;\">\n<td class=\"et3\" style=\"height: 17.60pt;\" height=\"17\">Forma<\/td>\n<td class=\"et3\">Forma redonda<\/td>\n<\/tr>\n<tr style=\"height: 18.00pt;\">\n<td class=\"et4\" style=\"height: 18.00pt;\" height=\"18\">Color<\/td>\n<td class=\"et5\" style=\"width: 202.95pt;\" width=\"202\">Blanco<\/td>\n<\/tr>\n<tr style=\"height: 18.00pt;\">\n<td class=\"et3\" style=\"height: 18.00pt;\" height=\"18\">Dimensi\u00f3n<\/td>\n<td class=\"et5\" style=\"width: 202.95pt;\" width=\"202\">20*20*9<\/td>\n<\/tr>\n<tr style=\"height: 17.60pt;\">\n<td class=\"et3\" style=\"height: 17.60pt;\" height=\"17\">N.W \/SET<\/td>\n<td class=\"et3\">5KGS\/PCS<\/td>\n<\/tr>\n<tr style=\"height: 17.60pt;\">\n<td class=\"et3\" style=\"height: 17.60pt;\" height=\"17\">MOQ<\/td>\n<td class=\"et3\">20 piezas<\/td>\n<\/tr>\n<tr style=\"height: 17.60pt;\">\n<td class=\"et3\" style=\"height: 17.60pt;\" height=\"17\">Opci\u00f3n personalizada<\/td>\n<td class=\"et3\">Color\/Patr\u00f3n\/Tama\u00f1o\/Logotipo\/Embalaje<\/td>\n<\/tr>\n<\/tbody>\n<\/table>","protected":false},"featured_media":5080,"comment_status":"closed","ping_status":"closed","template":"","meta":{"_acf_changed":false},"product_brand":[],"product_cat":[56,50],"product_tag":[],"class_list":{"0":"post-5077","1":"product","2":"type-product","3":"status-publish","4":"has-post-thumbnail","6":"product_cat-wholesale-small-bathroom-sinks","7":"product_cat-wholesale-countertop-sinks","9":"first","10":"instock","11":"shipping-taxable","12":"product-type-simple"},"acf":[],"_links":{"self":[{"href":"https:\/\/www.ceramicbasin.com\/es\/wp-json\/wp\/v2\/product\/5077","targetHints":{"allow":["GET"]}}],"collection":[{"href":"https:\/\/www.ceramicbasin.com\/es\/wp-json\/wp\/v2\/product"}],"about":[{"href":"https:\/\/www.ceramicbasin.com\/es\/wp-json\/wp\/v2\/types\/product"}],"replies":[{"embeddable":true,"href":"https:\/\/www.ceramicbasin.com\/es\/wp-json\/wp\/v2\/comments?post=5077"}],"wp:featuredmedia":[{"embeddable":true,"href":"https:\/\/www.ceramicbasin.com\/es\/wp-json\/wp\/v2\/media\/5080"}],"wp:attachment":[{"href":"https:\/\/www.ceramicbasin.com\/es\/wp-json\/wp\/v2\/media?parent=5077"}],"wp:term":[{"taxonomy":"product_brand","embeddable":true,"href":"https:\/\/www.ceramicbasin.com\/es\/wp-json\/wp\/v2\/product_brand?post=5077"},{"taxonomy":"product_cat","embeddable":true,"href":"https:\/\/www.ceramicbasin.com\/es\/wp-json\/wp\/v2\/product_cat?post=5077"},{"taxonomy":"product_tag","embeddable":true,"href":"https:\/\/www.ceramicbasin.com\/es\/wp-json\/wp\/v2\/product_tag?post=5077"}],"curies":[{"name":"wp","href":"https:\/\/api.w.org\/{rel}","templated":true}]}}