{"id":5106,"date":"2024-09-13T03:57:16","date_gmt":"2024-09-13T03:57:16","guid":{"rendered":"https:\/\/www.ceramicbasin.com\/?post_type=product&#038;p=5106"},"modified":"2024-09-13T03:57:19","modified_gmt":"2024-09-13T03:57:19","slug":"factory-supply-silver-bathroom-sinks","status":"publish","type":"product","link":"https:\/\/www.ceramicbasin.com\/es\/producto\/factory-supply-silver-bathroom-sinks\/","title":{"rendered":"Suministro de f\u00e1brica de plata lavabos de ba\u00f1o, lavabo de cer\u00e1mica de lujo"},"content":{"rendered":"<div class=\"wp-block-columns is-layout-flex wp-container-core-columns-is-layout-9d6595d7 wp-block-columns-is-layout-flex\">\n<div class=\"wp-block-column is-layout-flow wp-block-column-is-layout-flow\">\n<h2 class=\"wp-block-heading\">Premium Factory Supply Plata Lavabos Caracter\u00edsticas:<\/h2>\n\n\n\n<ul class=\"wp-block-list\">\n<li><strong>Materiales de alta calidad:<\/strong>\u00a0Nuestra f\u00e1brica suministra al por mayor lavabos de ba\u00f1o plateados fabricados con materiales cer\u00e1micos de alta calidad para garantizar que el lavabo sea resistente y duradero, y el acabado galv\u00e1nico plateado es suave y f\u00e1cil de limpiar y mantener a diario.<\/li>\n\n\n\n<li><strong>Dise\u00f1o elegante:\u00a0<\/strong>El dise\u00f1o de este lavabo plateado al por mayor aporta un toque moderno y elegante al lavabo, realzando el estilo decorativo de su cuarto de ba\u00f1o o zona de lavado.<\/li>\n\n\n\n<li><strong>Satisfacer necesidades personalizadas:<\/strong>\u00a0Somos fabricantes profesionales de lavabos de ba\u00f1o, ofrecemos servicios de personalizaci\u00f3n de lavabos de plata al por mayor, y podemos ajustar el tama\u00f1o seg\u00fan sus necesidades espec\u00edficas.<\/li>\n\n\n\n<li><strong>Rentabilidad:<\/strong>\u00a0Ofrecemos precios m\u00e1s favorables para los grandes pedidos, asegurando que usted consigue de alta calidad de suministro de f\u00e1brica de plata lavabos de ba\u00f1o al por mayor a precios razonables y ahorrar costes en proyectos a gran escala.<\/li>\n<\/ul>\n<\/div>\n\n\n\n<div class=\"wp-block-column is-layout-flow wp-block-column-is-layout-flow\">\n<figure class=\"wp-block-image size-full\"><img fetchpriority=\"high\" decoding=\"async\" width=\"623\" height=\"801\" src=\"https:\/\/www.ceramicbasin.com\/wp-content\/uploads\/2024\/09\/Bathroom-sink-manufacturer-counter-top-color-basin-5.webp\" alt=\"Suministro de f\u00e1brica de plata lavabos de ba\u00f1o, lavabo de cer\u00e1mica de lujo-1\" class=\"wp-image-5052\" srcset=\"https:\/\/www.ceramicbasin.com\/wp-content\/uploads\/2024\/09\/Bathroom-sink-manufacturer-counter-top-color-basin-5.webp 623w, https:\/\/www.ceramicbasin.com\/wp-content\/uploads\/2024\/09\/Bathroom-sink-manufacturer-counter-top-color-basin-5-233x300.webp 233w, https:\/\/www.ceramicbasin.com\/wp-content\/uploads\/2024\/09\/Bathroom-sink-manufacturer-counter-top-color-basin-5-9x12.webp 9w, https:\/\/www.ceramicbasin.com\/wp-content\/uploads\/2024\/09\/Bathroom-sink-manufacturer-counter-top-color-basin-5-285x366.webp 285w, https:\/\/www.ceramicbasin.com\/wp-content\/uploads\/2024\/09\/Bathroom-sink-manufacturer-counter-top-color-basin-5-513x660.webp 513w, https:\/\/www.ceramicbasin.com\/wp-content\/uploads\/2024\/09\/Bathroom-sink-manufacturer-counter-top-color-basin-5-117x150.webp 117w\" sizes=\"(max-width: 623px) 100vw, 623px\" \/><\/figure>\n<\/div>\n<\/div>","protected":false},"excerpt":{"rendered":"<p>Nuestra f\u00e1brica de suministro de plata lavabos de ba\u00f1o al por mayor est\u00e1n hechos de materiales cer\u00e1micos de alta calidad para garantizar que la cuenca es resistente y durable.The cer\u00e1mica blanca y plata cocodrilo dise\u00f1o sutilmente mejorar el estilo general de la bathroom.We ofrecer precios m\u00e1s favorables para los pedidos grandes, asegurando que usted obtenga productos de alta calidad a precios razonables y ahorrar costes en proyectos a gran escala.<\/p>\n<table style=\"border-collapse: collapse; width: 358.52pt;\" border=\"0\" width=\"478\" cellspacing=\"0\" cellpadding=\"0\">\n<tbody>\n<tr style=\"height: 17.25pt;\">\n<td class=\"et3\" style=\"height: 17.25pt; width: 125.00pt;\" width=\"166\" height=\"23\">Fabricante<\/td>\n<td class=\"et3\" style=\"width: 234.15pt;\" width=\"312\">HanYu<\/td>\n<\/tr>\n<tr style=\"height: 17.25pt;\">\n<td class=\"et3\" style=\"height: 17.25pt;\" height=\"23\">N\u00ba de modelo<\/td>\n<td class=\"et4\">HY-8018ASY<\/td>\n<\/tr>\n<tr style=\"height: 17.25pt;\">\n<td class=\"et3\" style=\"height: 17.25pt;\" height=\"23\">Tipo<\/td>\n<td class=\"et5\" style=\"width: 234.15pt;\" width=\"312\">Fregaderos galvanizados<\/td>\n<\/tr>\n<tr style=\"height: 18.00pt;\">\n<td class=\"et3\" style=\"height: 18.00pt;\" height=\"24\">Forma<\/td>\n<td class=\"et3\">Forma rectangular<\/td>\n<\/tr>\n<tr style=\"height: 34.50pt;\">\n<td class=\"et4\" style=\"height: 34.50pt;\" height=\"46\">Color<\/td>\n<td class=\"et5\" style=\"width: 234.15pt;\" width=\"312\">Oro\/Plata<\/td>\n<\/tr>\n<tr style=\"height: 18.00pt;\">\n<td class=\"et3\" style=\"height: 18.00pt;\" height=\"24\">Dimensi\u00f3n<\/td>\n<td class=\"et5\" style=\"width: 234.15pt;\" width=\"312\">46.5*33.5*14<\/td>\n<\/tr>\n<tr style=\"height: 17.25pt;\">\n<td class=\"et3\" style=\"height: 17.25pt;\" height=\"23\">N.W \/SET<\/td>\n<td class=\"et3\">8KGS\/PCS<\/td>\n<\/tr>\n<tr style=\"height: 17.25pt;\">\n<td class=\"et3\" style=\"height: 17.25pt;\" height=\"23\">MOQ<\/td>\n<td class=\"et3\">20 piezas<\/td>\n<\/tr>\n<tr style=\"height: 17.25pt;\">\n<td class=\"et3\" style=\"height: 17.25pt;\" height=\"23\">Opci\u00f3n personalizada<\/td>\n<td class=\"et3\">Color\/Patr\u00f3n\/Tama\u00f1o\/Logotipo\/Embalaje<\/td>\n<\/tr>\n<\/tbody>\n<\/table>","protected":false},"featured_media":5048,"comment_status":"closed","ping_status":"closed","template":"","meta":{"_acf_changed":false},"product_brand":[],"product_cat":[53,50],"product_tag":[],"class_list":{"0":"post-5106","1":"product","2":"type-product","3":"status-publish","4":"has-post-thumbnail","6":"product_cat-electroplated-bathroom-sinks","7":"product_cat-wholesale-countertop-sinks","9":"first","10":"instock","11":"shipping-taxable","12":"product-type-simple"},"acf":[],"_links":{"self":[{"href":"https:\/\/www.ceramicbasin.com\/es\/wp-json\/wp\/v2\/product\/5106","targetHints":{"allow":["GET"]}}],"collection":[{"href":"https:\/\/www.ceramicbasin.com\/es\/wp-json\/wp\/v2\/product"}],"about":[{"href":"https:\/\/www.ceramicbasin.com\/es\/wp-json\/wp\/v2\/types\/product"}],"replies":[{"embeddable":true,"href":"https:\/\/www.ceramicbasin.com\/es\/wp-json\/wp\/v2\/comments?post=5106"}],"wp:featuredmedia":[{"embeddable":true,"href":"https:\/\/www.ceramicbasin.com\/es\/wp-json\/wp\/v2\/media\/5048"}],"wp:attachment":[{"href":"https:\/\/www.ceramicbasin.com\/es\/wp-json\/wp\/v2\/media?parent=5106"}],"wp:term":[{"taxonomy":"product_brand","embeddable":true,"href":"https:\/\/www.ceramicbasin.com\/es\/wp-json\/wp\/v2\/product_brand?post=5106"},{"taxonomy":"product_cat","embeddable":true,"href":"https:\/\/www.ceramicbasin.com\/es\/wp-json\/wp\/v2\/product_cat?post=5106"},{"taxonomy":"product_tag","embeddable":true,"href":"https:\/\/www.ceramicbasin.com\/es\/wp-json\/wp\/v2\/product_tag?post=5106"}],"curies":[{"name":"wp","href":"https:\/\/api.w.org\/{rel}","templated":true}]}}