{"id":5112,"date":"2024-09-25T03:54:43","date_gmt":"2024-09-25T03:54:43","guid":{"rendered":"https:\/\/www.ceramicbasin.com\/?post_type=product&#038;p=5112"},"modified":"2024-09-25T03:54:46","modified_gmt":"2024-09-25T03:54:46","slug":"custom-porcelain-sinks","status":"publish","type":"product","link":"https:\/\/www.ceramicbasin.com\/es\/producto\/custom-porcelain-sinks\/","title":{"rendered":"Fregaderos de porcelana al por mayor y a medida, lavabos de encimera a granel"},"content":{"rendered":"<div class=\"wp-block-columns is-layout-flex wp-container-core-columns-is-layout-9d6595d7 wp-block-columns-is-layout-flex\">\n<div class=\"wp-block-column is-layout-flow wp-block-column-is-layout-flow\">\n<h2 class=\"wp-block-heading\">Premium Custom Porcelana Fregaderos Caracter\u00edsticas:<\/h2>\n\n\n\n<ul class=\"wp-block-list\">\n<li><strong>Suministro directo de f\u00e1brica:&nbsp;<\/strong>Nuestros lavabos de porcelana a medida son suministrados directamente por la f\u00e1brica, lo que elimina intermediarios y le garantiza un lavabo de alta calidad al precio m\u00e1s competitivo. Los lavabos comprados a granel tambi\u00e9n pueden disfrutar de descuentos adicionales, lo que le ayudar\u00e1 a ahorrar costes y aumentar los m\u00e1rgenes de beneficio.<\/li>\n\n\n\n<li><strong>Dise\u00f1o exquisito:&nbsp;<\/strong>Este lavabo de encimera al por mayor tiene un estilo de dise\u00f1o estilizado y moderno, sencillo y elegante, adecuado para cuartos de ba\u00f1o y aseos de diversos estilos de decoraci\u00f3n, y realza el gusto general del espacio.<\/li>\n\n\n\n<li><strong>Garant\u00eda de calidad:&nbsp;<\/strong>Nuestro avanzado equipo de producci\u00f3n y nuestro estricto sistema de control de calidad garantizan que todos los fregaderos de porcelana personalizados que salen de la f\u00e1brica cumplen unos elevados est\u00e1ndares. Ya se trate de durabilidad o est\u00e9tica, puede satisfacer las altas exigencias de los clientes.<\/li>\n\n\n\n<li><strong>F\u00e1cil de instalar:&nbsp;<\/strong>Nuestro lavabo de cer\u00e1mica al por mayor est\u00e1 dise\u00f1ado para el lavabo medio, y el proceso de instalaci\u00f3n es simple y r\u00e1pido. Es adecuado para diversos materiales de encimera, f\u00e1cil de instalar, y adecuado para diversos proyectos comerciales o distribuidores.<\/li>\n<\/ul>\n<\/div>\n\n\n\n<div class=\"wp-block-column is-layout-flow wp-block-column-is-layout-flow\">\n<figure class=\"wp-block-image size-full\"><img fetchpriority=\"high\" decoding=\"async\" width=\"640\" height=\"800\" src=\"https:\/\/www.ceramicbasin.com\/wp-content\/uploads\/2024\/09\/Ceramic-basin-supplieroval-shape-drop-in-washbasin-1.webp\" alt=\"Mayorista y Personalizado Fregaderos de Porcelana, Lavabos de Encimera Bulk-1\" class=\"wp-image-5118\" srcset=\"https:\/\/www.ceramicbasin.com\/wp-content\/uploads\/2024\/09\/Ceramic-basin-supplieroval-shape-drop-in-washbasin-1.webp 640w, https:\/\/www.ceramicbasin.com\/wp-content\/uploads\/2024\/09\/Ceramic-basin-supplieroval-shape-drop-in-washbasin-1-240x300.webp 240w, https:\/\/www.ceramicbasin.com\/wp-content\/uploads\/2024\/09\/Ceramic-basin-supplieroval-shape-drop-in-washbasin-1-10x12.webp 10w, https:\/\/www.ceramicbasin.com\/wp-content\/uploads\/2024\/09\/Ceramic-basin-supplieroval-shape-drop-in-washbasin-1-285x356.webp 285w, https:\/\/www.ceramicbasin.com\/wp-content\/uploads\/2024\/09\/Ceramic-basin-supplieroval-shape-drop-in-washbasin-1-528x660.webp 528w, https:\/\/www.ceramicbasin.com\/wp-content\/uploads\/2024\/09\/Ceramic-basin-supplieroval-shape-drop-in-washbasin-1-120x150.webp 120w\" sizes=\"(max-width: 640px) 100vw, 640px\" \/><\/figure>\n<\/div>\n<\/div>","protected":false},"excerpt":{"rendered":"<p>Nuestros fregaderos de porcelana personalizados al por mayor tienen estilos de dise\u00f1o estilizados y modernos, sencillos y elegantes, adecuados para cuartos de ba\u00f1o y aseos de diversos estilos de decoraci\u00f3n. Nuestro avanzado equipo de producci\u00f3n y el estricto sistema de control de calidad garantizan que todos los fregaderos de porcelana personalizados enviados desde la f\u00e1brica cumplan con altos est\u00e1ndares.<\/p>\n<table style=\"border-collapse: collapse; width: 358.52pt;\" border=\"0\" width=\"478\" cellspacing=\"0\" cellpadding=\"0\">\n<tbody>\n<tr style=\"height: 17.25pt;\">\n<td class=\"et3\" style=\"height: 17.25pt; width: 125.00pt;\" width=\"166\" height=\"23\">Fabricante<\/td>\n<td class=\"et3\" style=\"width: 234.15pt;\" width=\"312\">HanYu<\/td>\n<\/tr>\n<tr style=\"height: 17.25pt;\">\n<td class=\"et3\" style=\"height: 17.25pt;\" height=\"23\">N\u00ba de modelo<\/td>\n<td class=\"et4\">HY-5006C<\/td>\n<\/tr>\n<tr style=\"height: 17.25pt;\">\n<td class=\"et3\" style=\"height: 17.25pt;\" height=\"23\">Tipo<\/td>\n<td class=\"et5\" style=\"width: 234.15pt;\" width=\"312\">En fregaderos de mostrador<\/td>\n<\/tr>\n<tr style=\"height: 18.00pt;\">\n<td class=\"et3\" style=\"height: 18.00pt;\" height=\"24\">Forma<\/td>\n<td class=\"et3\">Forma ovalada<\/td>\n<\/tr>\n<tr style=\"height: 34.50pt;\">\n<td class=\"et4\" style=\"height: 34.50pt;\" height=\"46\">Color<\/td>\n<td class=\"et5\" style=\"width: 234.15pt;\" width=\"312\">negro\/blanco\/azul\/gris\/rosa\/verde\/marr\u00f3n\/caqui<\/td>\n<\/tr>\n<tr style=\"height: 18.00pt;\">\n<td class=\"et3\" style=\"height: 18.00pt;\" height=\"24\">Dimensi\u00f3n<\/td>\n<td class=\"et5\" style=\"width: 234.15pt;\" width=\"312\">60.5*40.5*18.5<\/td>\n<\/tr>\n<tr style=\"height: 17.25pt;\">\n<td class=\"et3\" style=\"height: 17.25pt;\" height=\"23\">N.W \/SET<\/td>\n<td class=\"et3\">8KGS\/PCS<\/td>\n<\/tr>\n<tr style=\"height: 17.25pt;\">\n<td class=\"et3\" style=\"height: 17.25pt;\" height=\"23\">MOQ<\/td>\n<td class=\"et3\">20 piezas<\/td>\n<\/tr>\n<tr style=\"height: 17.25pt;\">\n<td class=\"et3\" style=\"height: 17.25pt;\" height=\"23\">Opci\u00f3n personalizada<\/td>\n<td class=\"et3\">Color\/Patr\u00f3n\/Tama\u00f1o\/Logotipo\/Embalaje<\/td>\n<\/tr>\n<\/tbody>\n<\/table>","protected":false},"featured_media":5119,"comment_status":"closed","ping_status":"closed","template":"","meta":{"_acf_changed":false},"product_brand":[],"product_cat":[51],"product_tag":[],"class_list":{"0":"post-5112","1":"product","2":"type-product","3":"status-publish","4":"has-post-thumbnail","6":"product_cat-wholesale-drop-in-sinks","8":"first","9":"instock","10":"shipping-taxable","11":"product-type-simple"},"acf":[],"_links":{"self":[{"href":"https:\/\/www.ceramicbasin.com\/es\/wp-json\/wp\/v2\/product\/5112","targetHints":{"allow":["GET"]}}],"collection":[{"href":"https:\/\/www.ceramicbasin.com\/es\/wp-json\/wp\/v2\/product"}],"about":[{"href":"https:\/\/www.ceramicbasin.com\/es\/wp-json\/wp\/v2\/types\/product"}],"replies":[{"embeddable":true,"href":"https:\/\/www.ceramicbasin.com\/es\/wp-json\/wp\/v2\/comments?post=5112"}],"wp:featuredmedia":[{"embeddable":true,"href":"https:\/\/www.ceramicbasin.com\/es\/wp-json\/wp\/v2\/media\/5119"}],"wp:attachment":[{"href":"https:\/\/www.ceramicbasin.com\/es\/wp-json\/wp\/v2\/media?parent=5112"}],"wp:term":[{"taxonomy":"product_brand","embeddable":true,"href":"https:\/\/www.ceramicbasin.com\/es\/wp-json\/wp\/v2\/product_brand?post=5112"},{"taxonomy":"product_cat","embeddable":true,"href":"https:\/\/www.ceramicbasin.com\/es\/wp-json\/wp\/v2\/product_cat?post=5112"},{"taxonomy":"product_tag","embeddable":true,"href":"https:\/\/www.ceramicbasin.com\/es\/wp-json\/wp\/v2\/product_tag?post=5112"}],"curies":[{"name":"wp","href":"https:\/\/api.w.org\/{rel}","templated":true}]}}