{"id":5126,"date":"2024-09-19T08:16:55","date_gmt":"2024-09-19T08:16:55","guid":{"rendered":"https:\/\/www.ceramicbasin.com\/?post_type=product&#038;p=5126"},"modified":"2024-09-19T08:16:57","modified_gmt":"2024-09-19T08:16:57","slug":"wholesale-in-counter-wash-basin","status":"publish","type":"product","link":"https:\/\/www.ceramicbasin.com\/es\/producto\/wholesale-in-counter-wash-basin\/","title":{"rendered":"Mayorista Lavabo de Encimera, Fregaderos de Cer\u00e1mica Encastrables"},"content":{"rendered":"<div class=\"wp-block-columns is-layout-flex wp-container-core-columns-is-layout-9d6595d7 wp-block-columns-is-layout-flex\">\n<div class=\"wp-block-column is-layout-flow wp-block-column-is-layout-flow\">\n<h2 class=\"wp-block-heading\">Premium al por mayor en el lavabo del contador Caracter\u00edsticas:<\/h2>\n\n\n\n<ul class=\"wp-block-list\">\n<li><strong>Suministro directo de f\u00e1brica:\u00a0<\/strong>Como fabricante de lavabos de ba\u00f1o, vendemos al por mayor en lavabos de mostrador con a\u00f1os de experiencia, podemos asegurar que el precio de los lavabos al por mayor que ofrecemos es el m\u00e1s competitivo del mercado. Independientemente del tama\u00f1o del pedido, podemos garantizar la entrega a tiempo.<\/li>\n\n\n\n<li><strong>F\u00e1cil de mantener:&nbsp;<\/strong>La superficie de este lavabo de cer\u00e1mica al por mayor es suave y delicada, resistente a las manchas y al moho, f\u00e1cil de limpiar y de mantener como nuevo, lo que reduce el tiempo y la energ\u00eda de la limpieza y el mantenimiento diarios.<\/li>\n\n\n\n<li><strong>Selecci\u00f3n variada:<\/strong>\u00a0HanYu ofrece una gran variedad de estilos, tama\u00f1os y colores de lavabos al por mayor en mostrador para elegir, satisfaciendo las necesidades de diferentes estilos de ba\u00f1o e integr\u00e1ndose f\u00e1cilmente en diversos dise\u00f1os de decoraci\u00f3n.<\/li>\n\n\n\n<li><strong>Capacidad de entrega r\u00e1pida:&nbsp;<\/strong>Con una s\u00f3lida red de inventario y log\u00edstica, nos comprometemos a responder con rapidez a los pedidos de lavabos a granel, garantizar la entrega puntual y contribuir al progreso de su proyecto.<\/li>\n<\/ul>\n<\/div>\n\n\n\n<div class=\"wp-block-column is-layout-flow wp-block-column-is-layout-flow\">\n<figure class=\"wp-block-image size-full\"><img fetchpriority=\"high\" decoding=\"async\" width=\"612\" height=\"800\" src=\"https:\/\/www.ceramicbasin.com\/wp-content\/uploads\/2024\/09\/Wholesale-manufacturerceramic-drop-in-sink-5.webp\" alt=\"Mayorista Lavabo de Encimera, Fregaderos de Cer\u00e1mica-encastrables-1\" class=\"wp-image-5117\" srcset=\"https:\/\/www.ceramicbasin.com\/wp-content\/uploads\/2024\/09\/Wholesale-manufacturerceramic-drop-in-sink-5.webp 612w, https:\/\/www.ceramicbasin.com\/wp-content\/uploads\/2024\/09\/Wholesale-manufacturerceramic-drop-in-sink-5-230x300.webp 230w, https:\/\/www.ceramicbasin.com\/wp-content\/uploads\/2024\/09\/Wholesale-manufacturerceramic-drop-in-sink-5-9x12.webp 9w, https:\/\/www.ceramicbasin.com\/wp-content\/uploads\/2024\/09\/Wholesale-manufacturerceramic-drop-in-sink-5-285x373.webp 285w, https:\/\/www.ceramicbasin.com\/wp-content\/uploads\/2024\/09\/Wholesale-manufacturerceramic-drop-in-sink-5-505x660.webp 505w, https:\/\/www.ceramicbasin.com\/wp-content\/uploads\/2024\/09\/Wholesale-manufacturerceramic-drop-in-sink-5-115x150.webp 115w\" sizes=\"(max-width: 612px) 100vw, 612px\" \/><\/figure>\n<\/div>\n<\/div>\n\n\n\n<p><\/p>","protected":false},"excerpt":{"rendered":"<p>La superficie de esta venta al por mayor en el lavabo del contador es suave y delicado, resistente a las manchas y el moho, f\u00e1cil de limpiar, y f\u00e1cil de mantener limpio como new.As un fabricante de fregadero de cer\u00e1mica, ofrecemos precios al por mayor muy competitivos, nuestra f\u00e1brica con un fuerte inventario y la red log\u00edstica, independientemente del tama\u00f1o de la orden, podemos garantizar la entrega oportuna.<\/p>\n<table style=\"border-collapse: collapse; width: 358.52pt;\" border=\"0\" width=\"478\" cellspacing=\"0\" cellpadding=\"0\">\n<tbody>\n<tr style=\"height: 17.25pt;\">\n<td class=\"et3\" style=\"height: 17.25pt; width: 125.00pt;\" width=\"166\" height=\"23\">Fabricante<\/td>\n<td class=\"et3\" style=\"width: 234.15pt;\" width=\"312\">HanYu<\/td>\n<\/tr>\n<tr style=\"height: 17.25pt;\">\n<td class=\"et3\" style=\"height: 17.25pt;\" height=\"23\">N\u00ba de modelo<\/td>\n<td class=\"et4\">HY-5009<\/td>\n<\/tr>\n<tr style=\"height: 17.25pt;\">\n<td class=\"et3\" style=\"height: 17.25pt;\" height=\"23\">Tipo<\/td>\n<td class=\"et5\" style=\"width: 234.15pt;\" width=\"312\">Fregaderos<\/td>\n<\/tr>\n<tr style=\"height: 18.00pt;\">\n<td class=\"et3\" style=\"height: 18.00pt;\" height=\"24\">Forma<\/td>\n<td class=\"et3\">Forma redonda<\/td>\n<\/tr>\n<tr style=\"height: 34.50pt;\">\n<td class=\"et4\" style=\"height: 34.50pt;\" height=\"46\">Color<\/td>\n<td class=\"et5\" style=\"width: 234.15pt;\" width=\"312\">negro\/blanco\/azul\/gris\/rosa\/verde\/marr\u00f3n\/caqui<\/td>\n<\/tr>\n<tr style=\"height: 18.00pt;\">\n<td class=\"et3\" style=\"height: 18.00pt;\" height=\"24\">Dimensi\u00f3n<\/td>\n<td class=\"et5\" style=\"width: 234.15pt;\" width=\"312\">40*40*11<\/td>\n<\/tr>\n<tr style=\"height: 17.25pt;\">\n<td class=\"et3\" style=\"height: 17.25pt;\" height=\"23\">N.W \/SET<\/td>\n<td class=\"et3\">8.5KGS\/PCS<\/td>\n<\/tr>\n<tr style=\"height: 17.25pt;\">\n<td class=\"et3\" style=\"height: 17.25pt;\" height=\"23\">MOQ<\/td>\n<td class=\"et3\">20 piezas<\/td>\n<\/tr>\n<tr style=\"height: 17.25pt;\">\n<td class=\"et3\" style=\"height: 17.25pt;\" height=\"23\">Opci\u00f3n personalizada<\/td>\n<td class=\"et3\">Color\/Patr\u00f3n\/Tama\u00f1o\/Logotipo\/Embalaje<\/td>\n<\/tr>\n<\/tbody>\n<\/table>","protected":false},"featured_media":5116,"comment_status":"closed","ping_status":"closed","template":"","meta":{"_acf_changed":false},"product_brand":[],"product_cat":[51],"product_tag":[],"class_list":{"0":"post-5126","1":"product","2":"type-product","3":"status-publish","4":"has-post-thumbnail","6":"product_cat-wholesale-drop-in-sinks","8":"first","9":"instock","10":"shipping-taxable","11":"product-type-simple"},"acf":[],"_links":{"self":[{"href":"https:\/\/www.ceramicbasin.com\/es\/wp-json\/wp\/v2\/product\/5126","targetHints":{"allow":["GET"]}}],"collection":[{"href":"https:\/\/www.ceramicbasin.com\/es\/wp-json\/wp\/v2\/product"}],"about":[{"href":"https:\/\/www.ceramicbasin.com\/es\/wp-json\/wp\/v2\/types\/product"}],"replies":[{"embeddable":true,"href":"https:\/\/www.ceramicbasin.com\/es\/wp-json\/wp\/v2\/comments?post=5126"}],"wp:featuredmedia":[{"embeddable":true,"href":"https:\/\/www.ceramicbasin.com\/es\/wp-json\/wp\/v2\/media\/5116"}],"wp:attachment":[{"href":"https:\/\/www.ceramicbasin.com\/es\/wp-json\/wp\/v2\/media?parent=5126"}],"wp:term":[{"taxonomy":"product_brand","embeddable":true,"href":"https:\/\/www.ceramicbasin.com\/es\/wp-json\/wp\/v2\/product_brand?post=5126"},{"taxonomy":"product_cat","embeddable":true,"href":"https:\/\/www.ceramicbasin.com\/es\/wp-json\/wp\/v2\/product_cat?post=5126"},{"taxonomy":"product_tag","embeddable":true,"href":"https:\/\/www.ceramicbasin.com\/es\/wp-json\/wp\/v2\/product_tag?post=5126"}],"curies":[{"name":"wp","href":"https:\/\/api.w.org\/{rel}","templated":true}]}}