{"id":5136,"date":"2024-09-18T08:10:31","date_gmt":"2024-09-18T08:10:31","guid":{"rendered":"https:\/\/www.ceramicbasin.com\/?post_type=product&#038;p=5136"},"modified":"2024-09-19T08:37:51","modified_gmt":"2024-09-19T08:37:51","slug":"wall-mount-bathroom-sinks-wholesale","status":"publish","type":"product","link":"https:\/\/www.ceramicbasin.com\/es\/producto\/wall-mount-bathroom-sinks-wholesale\/","title":{"rendered":"Tiny Wall Mount Lavabos De Ba\u00f1o Al Por Mayor, Lavabos De Alto Grado"},"content":{"rendered":"<div class=\"wp-block-columns is-layout-flex wp-container-core-columns-is-layout-9d6595d7 wp-block-columns-is-layout-flex\">\n<div class=\"wp-block-column is-layout-flow wp-block-column-is-layout-flow\">\n<div class=\"wp-block-columns is-layout-flex wp-container-core-columns-is-layout-9d6595d7 wp-block-columns-is-layout-flex\">\n<div class=\"wp-block-column is-layout-flow wp-block-column-is-layout-flow\" style=\"flex-basis:100%\">\n<div class=\"wp-block-columns is-layout-flex wp-container-core-columns-is-layout-9d6595d7 wp-block-columns-is-layout-flex\">\n<div class=\"wp-block-column is-layout-flow wp-block-column-is-layout-flow\">\n<h2 class=\"wp-block-heading\">Premium Lavabos de ba\u00f1o de montaje en pared al por mayor Caracter\u00edsticas:<\/h2>\n\n\n\n<ul class=\"wp-block-list\">\n<li><strong>Dise\u00f1o montado en la parte superior:<\/strong> Estos peque\u00f1os lavabos de pared de alta calidad al por mayor no s\u00f3lo ahorran espacio, sino que tambi\u00e9n a\u00f1aden un toque moderno al cuarto de ba\u00f1o y se adaptan a varios estilos de decoraci\u00f3n.<\/li>\n\n\n\n<li><strong>Venta directa de f\u00e1brica:<\/strong>&nbsp;Los lavabos de cer\u00e1mica al por mayor de HanYu son vendidos directamente por la f\u00e1brica, eliminando la diferencia de precio de los intermediarios, y la compra al por mayor de lavabos de ba\u00f1o le garantiza la compra al por mayor de lavabos de ba\u00f1o de alta calidad al menor coste.<\/li>\n\n\n\n<li><strong>Ventaja del precio al por mayor:\u00a0<\/strong>Como fabricante de lavabos de ba\u00f1o de cer\u00e1mica, ofrecemos precios muy competitivos para lavabos de ba\u00f1o diminutos de montaje en pared al por mayor, las compras al por mayor disfrutan de m\u00e1s descuentos, por lo que los accesorios de ba\u00f1o de alta calidad son su opci\u00f3n ideal bajo control de costes.<\/li>\n\n\n\n<li> <strong>Calidad superior:<\/strong> Fabricados en cer\u00e1mica de alta calidad, estos lavabos al por mayor ofrecen durabilidad, una superficie lisa y resistencia a las manchas y ara\u00f1azos, lo que garantiza una belleza duradera.<\/li>\n<\/ul>\n<\/div>\n\n\n\n<div class=\"wp-block-column is-layout-flow wp-block-column-is-layout-flow\">\n<figure class=\"wp-block-image size-full\"><img fetchpriority=\"high\" decoding=\"async\" width=\"800\" height=\"800\" src=\"https:\/\/www.ceramicbasin.com\/wp-content\/uploads\/2024\/09\/wall-mounted-wash-basin\uff0csink-ceramic\uff0cbathroom-vanity-sinks1.webp\" alt=\"Tiny Lavabos De Ba\u00f1o De Pared Al Por Mayor, Lavabos De Alto Grado-6\" class=\"wp-image-5137\" srcset=\"https:\/\/www.ceramicbasin.com\/wp-content\/uploads\/2024\/09\/wall-mounted-wash-basin\uff0csink-ceramic\uff0cbathroom-vanity-sinks1.webp 800w, https:\/\/www.ceramicbasin.com\/wp-content\/uploads\/2024\/09\/wall-mounted-wash-basin\uff0csink-ceramic\uff0cbathroom-vanity-sinks1-300x300.webp 300w, https:\/\/www.ceramicbasin.com\/wp-content\/uploads\/2024\/09\/wall-mounted-wash-basin\uff0csink-ceramic\uff0cbathroom-vanity-sinks1-150x150.webp 150w, https:\/\/www.ceramicbasin.com\/wp-content\/uploads\/2024\/09\/wall-mounted-wash-basin\uff0csink-ceramic\uff0cbathroom-vanity-sinks1-768x768.webp 768w, https:\/\/www.ceramicbasin.com\/wp-content\/uploads\/2024\/09\/wall-mounted-wash-basin\uff0csink-ceramic\uff0cbathroom-vanity-sinks1-12x12.webp 12w, https:\/\/www.ceramicbasin.com\/wp-content\/uploads\/2024\/09\/wall-mounted-wash-basin\uff0csink-ceramic\uff0cbathroom-vanity-sinks1-285x285.webp 285w, https:\/\/www.ceramicbasin.com\/wp-content\/uploads\/2024\/09\/wall-mounted-wash-basin\uff0csink-ceramic\uff0cbathroom-vanity-sinks1-270x270.webp 270w, https:\/\/www.ceramicbasin.com\/wp-content\/uploads\/2024\/09\/wall-mounted-wash-basin\uff0csink-ceramic\uff0cbathroom-vanity-sinks1-540x540.webp 540w, https:\/\/www.ceramicbasin.com\/wp-content\/uploads\/2024\/09\/wall-mounted-wash-basin\uff0csink-ceramic\uff0cbathroom-vanity-sinks1-660x660.webp 660w\" sizes=\"(max-width: 800px) 100vw, 800px\" \/><\/figure>\n<\/div>\n<\/div>\n<\/div>\n<\/div>\n<\/div>\n<\/div>\n\n\n\n<p><\/p>","protected":false},"excerpt":{"rendered":"<p>Los lavabos de ba\u00f1o de montaje en pared al por mayor de HanYu son estables, ahorran espacio y complementan varios estilos de decoraci\u00f3n a la vez que realzan la est\u00e9tica moderna. Vendido directamente de la f\u00e1brica, estos fregaderos eliminan costes del intermediario, permitiendo la tasaci\u00f3n al por mayor competitiva, especialmente para las compras a granel.\u00a0<\/p>\n<table style=\"border-collapse: collapse; width: 311.02pt;\" border=\"0\" width=\"311\" cellspacing=\"0\" cellpadding=\"0\">\n<tbody>\n<tr style=\"height: 17.60pt;\">\n<td class=\"et3\" style=\"height: 17.60pt; width: 108.35pt;\" width=\"108\" height=\"17\">Fabricante<\/td>\n<td class=\"et3\" style=\"width: 202.95pt;\" width=\"202\">HanYu<\/td>\n<\/tr>\n<tr style=\"height: 17.60pt;\">\n<td class=\"et3\" style=\"height: 17.60pt;\" height=\"17\">N\u00ba de modelo<\/td>\n<td class=\"et4\">HY3108<\/td>\n<\/tr>\n<tr style=\"height: 17.60pt;\">\n<td class=\"et3\" style=\"height: 17.60pt;\" height=\"17\">Tipo<\/td>\n<td class=\"et3\">Lavabo mural<\/td>\n<\/tr>\n<tr style=\"height: 17.60pt;\">\n<td class=\"et3\" style=\"height: 17.60pt;\" height=\"17\">Forma<\/td>\n<td class=\"et3\">Forma rectangular<\/td>\n<\/tr>\n<tr style=\"height: 17.60pt;\">\n<td class=\"et4\" style=\"height: 17.60pt;\" height=\"17\">Color<\/td>\n<td class=\"et3\">Blanco<\/td>\n<\/tr>\n<tr style=\"height: 18.00pt;\">\n<td class=\"et3\" style=\"height: 18.00pt;\" height=\"18\">Dimensi\u00f3n<\/td>\n<td class=\"et6\" style=\"width: 202.95pt;\" width=\"202\">50.5*22*11<\/td>\n<\/tr>\n<tr style=\"height: 17.60pt;\">\n<td class=\"et3\" style=\"height: 17.60pt;\" height=\"17\">N.W \/SET<\/td>\n<td class=\"et3\">11KGS\/PCS<\/td>\n<\/tr>\n<tr style=\"height: 17.60pt;\">\n<td class=\"et3\" style=\"height: 17.60pt;\" height=\"17\">MOQ<\/td>\n<td class=\"et3\">20 piezas<\/td>\n<\/tr>\n<tr style=\"height: 17.60pt;\">\n<td class=\"et3\" style=\"height: 17.60pt;\" height=\"17\">Opci\u00f3n personalizada<\/td>\n<td class=\"et3\">Color\/Patr\u00f3n\/Tama\u00f1o\/Logotipo\/Embalaje<\/td>\n<\/tr>\n<\/tbody>\n<\/table>","protected":false},"featured_media":5138,"comment_status":"closed","ping_status":"closed","template":"","meta":{"_acf_changed":false},"product_brand":[],"product_cat":[56],"product_tag":[],"class_list":{"0":"post-5136","1":"product","2":"type-product","3":"status-publish","4":"has-post-thumbnail","6":"product_cat-wholesale-small-bathroom-sinks","8":"first","9":"instock","10":"shipping-taxable","11":"product-type-simple"},"acf":[],"_links":{"self":[{"href":"https:\/\/www.ceramicbasin.com\/es\/wp-json\/wp\/v2\/product\/5136","targetHints":{"allow":["GET"]}}],"collection":[{"href":"https:\/\/www.ceramicbasin.com\/es\/wp-json\/wp\/v2\/product"}],"about":[{"href":"https:\/\/www.ceramicbasin.com\/es\/wp-json\/wp\/v2\/types\/product"}],"replies":[{"embeddable":true,"href":"https:\/\/www.ceramicbasin.com\/es\/wp-json\/wp\/v2\/comments?post=5136"}],"wp:featuredmedia":[{"embeddable":true,"href":"https:\/\/www.ceramicbasin.com\/es\/wp-json\/wp\/v2\/media\/5138"}],"wp:attachment":[{"href":"https:\/\/www.ceramicbasin.com\/es\/wp-json\/wp\/v2\/media?parent=5136"}],"wp:term":[{"taxonomy":"product_brand","embeddable":true,"href":"https:\/\/www.ceramicbasin.com\/es\/wp-json\/wp\/v2\/product_brand?post=5136"},{"taxonomy":"product_cat","embeddable":true,"href":"https:\/\/www.ceramicbasin.com\/es\/wp-json\/wp\/v2\/product_cat?post=5136"},{"taxonomy":"product_tag","embeddable":true,"href":"https:\/\/www.ceramicbasin.com\/es\/wp-json\/wp\/v2\/product_tag?post=5136"}],"curies":[{"name":"wp","href":"https:\/\/api.w.org\/{rel}","templated":true}]}}