{"id":5143,"date":"2024-09-18T08:36:41","date_gmt":"2024-09-18T08:36:41","guid":{"rendered":"https:\/\/www.ceramicbasin.com\/?post_type=product&#038;p=5143"},"modified":"2024-11-05T01:33:54","modified_gmt":"2024-11-05T01:33:54","slug":"wall-mounted-bathroom-sinks-wholesale","status":"publish","type":"product","link":"https:\/\/www.ceramicbasin.com\/es\/producto\/wall-mounted-bathroom-sinks-wholesale\/","title":{"rendered":"Porcelana Fregaderos De Ba\u00f1o De Pared Al Por Mayor Con Grifo"},"content":{"rendered":"<div class=\"wp-block-columns is-layout-flex wp-container-core-columns-is-layout-9d6595d7 wp-block-columns-is-layout-flex\">\n<div class=\"wp-block-column is-layout-flow wp-block-column-is-layout-flow\">\n<div class=\"wp-block-columns is-layout-flex wp-container-core-columns-is-layout-9d6595d7 wp-block-columns-is-layout-flex\">\n<div class=\"wp-block-column is-layout-flow wp-block-column-is-layout-flow\" style=\"flex-basis:100%\">\n<div class=\"wp-block-columns is-layout-flex wp-container-core-columns-is-layout-9d6595d7 wp-block-columns-is-layout-flex\">\n<div class=\"wp-block-column is-layout-flow wp-block-column-is-layout-flow\">\n<h2 class=\"wp-block-heading\">Premium Fregaderos de ba\u00f1o montados en la pared al por mayor Caracter\u00edsticas:<\/h2>\n\n\n\n<ul class=\"wp-block-list\">\n<li><strong>Dise\u00f1o cuadrado de moda: <\/strong>Todos estos lavabos de ba\u00f1o montados en la pared al por mayor adoptan una apariencia cuadrada. No s\u00f3lo a\u00f1ade un efecto visual simple y elegante al cuarto de ba\u00f1o, pero tambi\u00e9n hace pleno uso del espacio interior, mejora la comodidad de uso, y es adecuado para varios estilos de decoraci\u00f3n de ba\u00f1o de gama alta.<\/li>\n\n\n\n<li><strong>Cer\u00e1mica de alta calidad Material:<\/strong> Nuestros lavabos a medida para cuartos de ba\u00f1o est\u00e1n fabricados con cer\u00e1mica de alta calidad cuya superficie es suave, blanda, no se mancha f\u00e1cilmente y es duradera. Las buenas propiedades antihumedad y antibacterianas mantienen el cuarto de ba\u00f1o limpio e higi\u00e9nico.<\/li>\n\n\n\n<li><strong>Ahorro de espacio en la pared: <\/strong>Estos lavabos al por mayor est\u00e1n montados en la pared, lo que permite ahorrar espacio en el suelo. Es muy adecuado para los hogares peque\u00f1os o los usuarios que quieren mantener el cuarto de ba\u00f1o simple, facilitar la limpieza diaria, mejorar la utilizaci\u00f3n del espacio, y crear un efecto visual de luz.<\/li>\n\n\n\n<li><strong>Emparejado con grifos superiores:<\/strong> Estos lavabos de ba\u00f1o montados en la pared combinan a la perfecci\u00f3n con los grifos de alta calidad para disfrutar del agua sin problemas. El dise\u00f1o del grifo es exquisito y ergon\u00f3mico, conveniente para la operaci\u00f3n diaria, y a\u00f1ade belleza general al cuarto de ba\u00f1o.<\/li>\n<\/ul>\n<\/div>\n\n\n\n<div class=\"wp-block-column is-layout-flow wp-block-column-is-layout-flow\">\n<figure class=\"wp-block-image size-full\"><img fetchpriority=\"high\" decoding=\"async\" width=\"800\" height=\"800\" src=\"https:\/\/www.ceramicbasin.com\/wp-content\/uploads\/2024\/09\/ceramic-sink-bathroomwhite-basin-sinkwall-mounted-vanity6.webp\" alt=\"Porcelana Fregaderos De Ba\u00f1o De Pared Al Por Mayor Con Grifo-1\" class=\"wp-image-5149\" srcset=\"https:\/\/www.ceramicbasin.com\/wp-content\/uploads\/2024\/09\/ceramic-sink-bathroomwhite-basin-sinkwall-mounted-vanity6.webp 800w, https:\/\/www.ceramicbasin.com\/wp-content\/uploads\/2024\/09\/ceramic-sink-bathroomwhite-basin-sinkwall-mounted-vanity6-300x300.webp 300w, https:\/\/www.ceramicbasin.com\/wp-content\/uploads\/2024\/09\/ceramic-sink-bathroomwhite-basin-sinkwall-mounted-vanity6-150x150.webp 150w, https:\/\/www.ceramicbasin.com\/wp-content\/uploads\/2024\/09\/ceramic-sink-bathroomwhite-basin-sinkwall-mounted-vanity6-768x768.webp 768w, https:\/\/www.ceramicbasin.com\/wp-content\/uploads\/2024\/09\/ceramic-sink-bathroomwhite-basin-sinkwall-mounted-vanity6-12x12.webp 12w, https:\/\/www.ceramicbasin.com\/wp-content\/uploads\/2024\/09\/ceramic-sink-bathroomwhite-basin-sinkwall-mounted-vanity6-285x285.webp 285w, https:\/\/www.ceramicbasin.com\/wp-content\/uploads\/2024\/09\/ceramic-sink-bathroomwhite-basin-sinkwall-mounted-vanity6-270x270.webp 270w, https:\/\/www.ceramicbasin.com\/wp-content\/uploads\/2024\/09\/ceramic-sink-bathroomwhite-basin-sinkwall-mounted-vanity6-540x540.webp 540w, https:\/\/www.ceramicbasin.com\/wp-content\/uploads\/2024\/09\/ceramic-sink-bathroomwhite-basin-sinkwall-mounted-vanity6-660x660.webp 660w\" sizes=\"(max-width: 800px) 100vw, 800px\" \/><\/figure>\n<\/div>\n<\/div>\n<\/div>\n<\/div>\n<\/div>\n<\/div>","protected":false},"excerpt":{"rendered":"<p>Bienvenido a comprar lavabo de pared. Nuestros lavabos murales de cer\u00e1mica al por mayor son los favoritos del mercado por su durabilidad, color uniforme y f\u00e1cil mantenimiento, ofreciendo un excelente rendimiento de costes. El dise\u00f1o montado en la pared ahorra espacio y simplifica la limpieza por debajo, manteniendo el cuarto de ba\u00f1o ordenado y creando un ambiente refrescante.<\/p>\n<table style=\"border-collapse: collapse; width: 311.02pt;\" border=\"0\" width=\"311\" cellspacing=\"0\" cellpadding=\"0\">\n<tbody>\n<tr style=\"height: 17.60pt;\">\n<td class=\"et3\" style=\"height: 17.60pt; width: 108.35pt;\" width=\"108\" height=\"17\">Fabricante<\/td>\n<td class=\"et3\" style=\"width: 202.95pt;\" width=\"202\">HanYu<\/td>\n<\/tr>\n<tr style=\"height: 17.60pt;\">\n<td class=\"et3\" style=\"height: 17.60pt;\" height=\"17\">N\u00ba de modelo<\/td>\n<td class=\"et4\">HY3122<\/td>\n<\/tr>\n<tr style=\"height: 17.60pt;\">\n<td class=\"et3\" style=\"height: 17.60pt;\" height=\"17\">Tipo<\/td>\n<td class=\"et3\">Lavabo mural<\/td>\n<\/tr>\n<tr style=\"height: 17.60pt;\">\n<td class=\"et3\" style=\"height: 17.60pt;\" height=\"17\">Forma<\/td>\n<td class=\"et3\">Forma rectangular<\/td>\n<\/tr>\n<tr style=\"height: 17.60pt;\">\n<td class=\"et4\" style=\"height: 17.60pt;\" height=\"17\">Color<\/td>\n<td class=\"et3\">Blanco<\/td>\n<\/tr>\n<tr style=\"height: 18.00pt;\">\n<td class=\"et3\" style=\"height: 18.00pt;\" height=\"18\">Dimensi\u00f3n<\/td>\n<td class=\"et6\" style=\"width: 202.95pt;\" width=\"202\">50*35*13<\/td>\n<\/tr>\n<tr style=\"height: 17.60pt;\">\n<td class=\"et3\" style=\"height: 17.60pt;\" height=\"17\">N.W \/SET<\/td>\n<td class=\"et3\">11.5KGS\/PCS<\/td>\n<\/tr>\n<tr style=\"height: 17.60pt;\">\n<td class=\"et3\" style=\"height: 17.60pt;\" height=\"17\">MOQ<\/td>\n<td class=\"et3\">20 piezas<\/td>\n<\/tr>\n<tr style=\"height: 17.60pt;\">\n<td class=\"et3\" style=\"height: 17.60pt;\" height=\"17\">Opci\u00f3n personalizada<\/td>\n<td class=\"et3\">Color\/Patr\u00f3n\/Tama\u00f1o\/Logotipo\/Embalaje<\/td>\n<\/tr>\n<\/tbody>\n<\/table>","protected":false},"featured_media":5144,"comment_status":"closed","ping_status":"closed","template":"","meta":{"_acf_changed":false},"product_brand":[],"product_cat":[57],"product_tag":[],"class_list":{"0":"post-5143","1":"product","2":"type-product","3":"status-publish","4":"has-post-thumbnail","6":"product_cat-wholesale-wall-mounted-sinks","8":"first","9":"instock","10":"shipping-taxable","11":"product-type-simple"},"acf":[],"_links":{"self":[{"href":"https:\/\/www.ceramicbasin.com\/es\/wp-json\/wp\/v2\/product\/5143","targetHints":{"allow":["GET"]}}],"collection":[{"href":"https:\/\/www.ceramicbasin.com\/es\/wp-json\/wp\/v2\/product"}],"about":[{"href":"https:\/\/www.ceramicbasin.com\/es\/wp-json\/wp\/v2\/types\/product"}],"replies":[{"embeddable":true,"href":"https:\/\/www.ceramicbasin.com\/es\/wp-json\/wp\/v2\/comments?post=5143"}],"wp:featuredmedia":[{"embeddable":true,"href":"https:\/\/www.ceramicbasin.com\/es\/wp-json\/wp\/v2\/media\/5144"}],"wp:attachment":[{"href":"https:\/\/www.ceramicbasin.com\/es\/wp-json\/wp\/v2\/media?parent=5143"}],"wp:term":[{"taxonomy":"product_brand","embeddable":true,"href":"https:\/\/www.ceramicbasin.com\/es\/wp-json\/wp\/v2\/product_brand?post=5143"},{"taxonomy":"product_cat","embeddable":true,"href":"https:\/\/www.ceramicbasin.com\/es\/wp-json\/wp\/v2\/product_cat?post=5143"},{"taxonomy":"product_tag","embeddable":true,"href":"https:\/\/www.ceramicbasin.com\/es\/wp-json\/wp\/v2\/product_tag?post=5143"}],"curies":[{"name":"wp","href":"https:\/\/api.w.org\/{rel}","templated":true}]}}