{"id":5204,"date":"2024-09-25T08:08:54","date_gmt":"2024-09-25T08:08:54","guid":{"rendered":"https:\/\/www.ceramicbasin.com\/?post_type=product&#038;p=5204"},"modified":"2025-08-15T03:29:36","modified_gmt":"2025-08-15T03:29:36","slug":"ceramic-vessel-sinks-wholesale","status":"publish","type":"product","link":"https:\/\/www.ceramicbasin.com\/es\/producto\/ceramic-vessel-sinks-wholesale\/","title":{"rendered":"Fregaderos De Cer\u00e1mica Al Por Mayor, Lavabos Peque\u00f1os Colgados De La Pared"},"content":{"rendered":"<div class=\"wp-block-columns is-layout-flex wp-container-core-columns-is-layout-9d6595d7 wp-block-columns-is-layout-flex\">\n<div class=\"wp-block-column is-layout-flow wp-block-column-is-layout-flow\">\n<h2 class=\"wp-block-heading\">Premium Vessel Fregaderos de Cer\u00e1mica al por mayor Caracter\u00edsticas:<\/h2>\n\n\n\n<ul class=\"wp-block-list\">\n<li><strong>Precio ventajoso:<\/strong> Ofrecemos servicios de pedidos al por mayor para estos fregaderos de cer\u00e1mica al por mayor, que no s\u00f3lo son asequibles, sino tambi\u00e9n entregar r\u00e1pidamente, adecuado para proyectos comerciales y decoraci\u00f3n residencial a gran escala, la satisfacci\u00f3n de las necesidades de alta eficiencia y bajo costo.<\/li>\n\n\n\n<li><strong>Instalaci\u00f3n mural:&nbsp;<\/strong>El dise\u00f1o montado en la pared de estos lavabos diminutos al por mayor ahorra espacio y es f\u00e1cil de limpiar. Este mini lavabo de ba\u00f1o al por mayor es especialmente adecuado para cuartos de ba\u00f1o compactos y modernos, ya que realza la pulcritud y modernidad del espacio en general.<\/li>\n\n\n\n<li><strong>Tratamiento de esmalte f\u00e1cil de limpiar:<\/strong>\u00a0La superficie de este fregadero de cer\u00e1mica al por mayor adopta la tecnolog\u00eda de esmalte especial f\u00e1cil de limpiar, que es suave y delicada, las manchas no son f\u00e1ciles de adherir y f\u00e1cil de limpiar.<\/li>\n\n\n\n<li><strong>Dise\u00f1o elegante:<\/strong> Nuestro lavabo de pared al por mayor a\u00f1ade un toque de elegancia y modernidad a cualquier cuarto de ba\u00f1o, convirti\u00e9ndolo en un elegante punto focal. Hay un espacio staight cerca del grifo, se podr\u00eda poner champ\u00fa o m\u00f3vil en \u00e9l.<\/li>\n<\/ul>\n<\/div>\n\n\n\n<div class=\"wp-block-column is-layout-flow wp-block-column-is-layout-flow\">\n<figure class=\"wp-block-image size-full\"><img fetchpriority=\"high\" decoding=\"async\" width=\"980\" height=\"1362\" src=\"https:\/\/www.ceramicbasin.com\/wp-content\/uploads\/2024\/09\/Rectangle-wall-hung-wash-basins-6.webp\" alt=\"Fregaderos De La Vasija De Cer\u00e1mica Al Por Mayor, Lavabos Peque\u00f1os Colgados De La Pared-1\" class=\"wp-image-5205\" srcset=\"https:\/\/www.ceramicbasin.com\/wp-content\/uploads\/2024\/09\/Rectangle-wall-hung-wash-basins-6.webp 980w, https:\/\/www.ceramicbasin.com\/wp-content\/uploads\/2024\/09\/Rectangle-wall-hung-wash-basins-6-216x300.webp 216w, https:\/\/www.ceramicbasin.com\/wp-content\/uploads\/2024\/09\/Rectangle-wall-hung-wash-basins-6-768x1067.webp 768w, https:\/\/www.ceramicbasin.com\/wp-content\/uploads\/2024\/09\/Rectangle-wall-hung-wash-basins-6-9x12.webp 9w, https:\/\/www.ceramicbasin.com\/wp-content\/uploads\/2024\/09\/Rectangle-wall-hung-wash-basins-6-285x396.webp 285w, https:\/\/www.ceramicbasin.com\/wp-content\/uploads\/2024\/09\/Rectangle-wall-hung-wash-basins-6-475x660.webp 475w, https:\/\/www.ceramicbasin.com\/wp-content\/uploads\/2024\/09\/Rectangle-wall-hung-wash-basins-6-108x150.webp 108w\" sizes=\"(max-width: 980px) 100vw, 980px\" \/><\/figure>\n<\/div>\n<\/div>","protected":false},"excerpt":{"rendered":"<p>Nuestros peque\u00f1os lavabos de cer\u00e1mica colgados de la pared al por mayor est\u00e1n dise\u00f1ados para ahorrar espacio. Estos lavabos de ba\u00f1o peque\u00f1os al por mayor son duraderos y f\u00e1ciles de limpiar, con una superficie lisa y delicada. El dise\u00f1o compacto no s\u00f3lo es adecuado para ba\u00f1os peque\u00f1os, sino que tambi\u00e9n a\u00f1ade un toque moderno a cualquier espacio. Ya sea para uso dom\u00e9stico o para proyectos comerciales, estos lavabos suspendidos son una opci\u00f3n ideal.<\/p>\n<table style=\"border-collapse: collapse; width: 311.02pt;\" border=\"0\" width=\"311\" cellspacing=\"0\" cellpadding=\"0\">\n<tbody>\n<tr style=\"height: 17.60pt;\">\n<td class=\"et3\" style=\"height: 17.60pt; width: 108.35pt;\" width=\"108\" height=\"17\">Fabricante<\/td>\n<td class=\"et3\" style=\"width: 202.95pt;\" width=\"202\">HanYu<\/td>\n<\/tr>\n<tr style=\"height: 17.60pt;\">\n<td class=\"et3\" style=\"height: 17.60pt;\" height=\"17\">N\u00ba de modelo<\/td>\n<td class=\"et4\">HY-3123<\/td>\n<\/tr>\n<tr style=\"height: 17.60pt;\">\n<td class=\"et3\" style=\"height: 17.60pt;\" height=\"17\">Tipo<\/td>\n<td class=\"et3\">Fregaderos de ba\u00f1o peque\u00f1os\/fregaderos murales<\/td>\n<\/tr>\n<tr style=\"height: 17.60pt;\">\n<td class=\"et3\" style=\"height: 17.60pt;\" height=\"17\">Forma<\/td>\n<td class=\"et3\">\u00a0Forma cuadrada<\/td>\n<\/tr>\n<tr style=\"height: 17.60pt;\">\n<td class=\"et4\" style=\"height: 17.60pt;\" height=\"17\">Color<\/td>\n<td class=\"et3\">Blanco<\/td>\n<\/tr>\n<tr style=\"height: 18.00pt;\">\n<td class=\"et3\" style=\"height: 18.00pt;\" height=\"18\">Dimensi\u00f3n<\/td>\n<td class=\"et6\" style=\"width: 202.95pt;\" width=\"202\">41.5*31*14<\/td>\n<\/tr>\n<tr style=\"height: 17.60pt;\">\n<td class=\"et3\" style=\"height: 17.60pt;\" height=\"17\">N.W \/SET<\/td>\n<td class=\"et3\">8KGS\/PCS<\/td>\n<\/tr>\n<tr style=\"height: 17.60pt;\">\n<td class=\"et3\" style=\"height: 17.60pt;\" height=\"17\">MOQ<\/td>\n<td class=\"et3\">20 piezas<\/td>\n<\/tr>\n<tr style=\"height: 17.60pt;\">\n<td class=\"et3\" style=\"height: 17.60pt;\" height=\"17\">Opci\u00f3n personalizada<\/td>\n<td class=\"et3\">Color\/Patr\u00f3n\/Tama\u00f1o\/Logotipo\/Embalaje<\/td>\n<\/tr>\n<\/tbody>\n<\/table>\n<p>&nbsp;<\/p>","protected":false},"featured_media":5206,"comment_status":"closed","ping_status":"closed","template":"","meta":{"_acf_changed":false},"product_brand":[],"product_cat":[57],"product_tag":[],"class_list":{"0":"post-5204","1":"product","2":"type-product","3":"status-publish","4":"has-post-thumbnail","6":"product_cat-wholesale-wall-mounted-sinks","8":"first","9":"instock","10":"shipping-taxable","11":"product-type-simple"},"acf":[],"_links":{"self":[{"href":"https:\/\/www.ceramicbasin.com\/es\/wp-json\/wp\/v2\/product\/5204","targetHints":{"allow":["GET"]}}],"collection":[{"href":"https:\/\/www.ceramicbasin.com\/es\/wp-json\/wp\/v2\/product"}],"about":[{"href":"https:\/\/www.ceramicbasin.com\/es\/wp-json\/wp\/v2\/types\/product"}],"replies":[{"embeddable":true,"href":"https:\/\/www.ceramicbasin.com\/es\/wp-json\/wp\/v2\/comments?post=5204"}],"wp:featuredmedia":[{"embeddable":true,"href":"https:\/\/www.ceramicbasin.com\/es\/wp-json\/wp\/v2\/media\/5206"}],"wp:attachment":[{"href":"https:\/\/www.ceramicbasin.com\/es\/wp-json\/wp\/v2\/media?parent=5204"}],"wp:term":[{"taxonomy":"product_brand","embeddable":true,"href":"https:\/\/www.ceramicbasin.com\/es\/wp-json\/wp\/v2\/product_brand?post=5204"},{"taxonomy":"product_cat","embeddable":true,"href":"https:\/\/www.ceramicbasin.com\/es\/wp-json\/wp\/v2\/product_cat?post=5204"},{"taxonomy":"product_tag","embeddable":true,"href":"https:\/\/www.ceramicbasin.com\/es\/wp-json\/wp\/v2\/product_tag?post=5204"}],"curies":[{"name":"wp","href":"https:\/\/api.w.org\/{rel}","templated":true}]}}