{"id":5215,"date":"2024-09-25T08:55:58","date_gmt":"2024-09-25T08:55:58","guid":{"rendered":"https:\/\/www.ceramicbasin.com\/?post_type=product&#038;p=5215"},"modified":"2024-09-26T07:36:18","modified_gmt":"2024-09-26T07:36:18","slug":"wholesale-above-counter-basin","status":"publish","type":"product","link":"https:\/\/www.ceramicbasin.com\/es\/producto\/wholesale-above-counter-basin\/","title":{"rendered":"Mayorista Lavabo Sobre Encimera, Lavabo de Cer\u00e1mica Art\u00edstico en Forma de Cuenco"},"content":{"rendered":"<div class=\"wp-block-columns is-layout-flex wp-container-core-columns-is-layout-9d6595d7 wp-block-columns-is-layout-flex\">\n<div class=\"wp-block-column is-layout-flow wp-block-column-is-layout-flow\">\n<h2 class=\"wp-block-heading\">Lavabo sobre encimera al por mayor de primera calidad Caracter\u00edsticas:<\/h2>\n\n\n\n<ul class=\"wp-block-list\">\n<li><strong>Dise\u00f1o de cuenco elegante y \u00fanico:<\/strong> Este lavabo sobre encimera al por mayor utiliza una delicada forma de cuenco, un ambiente art\u00edstico \u00fanico, para romper el mon\u00f3tono dise\u00f1o del lavabo de ba\u00f1o tradicional. Sus l\u00edneas redondas y suaves a\u00f1aden elegancia y estilo al cuarto de ba\u00f1o.<\/li>\n\n\n\n<li><strong>Materiales cer\u00e1micos de alta calidad para una mayor durabilidad: <\/strong>Nuestro recipiente de cer\u00e1mica sinls al por mayor utiliza cer\u00e1mica seleccionada de alta calidad cocida a altas temperaturas para garantizar una excelente dureza y durabilidad. Su esmalte liso no s\u00f3lo es hermoso, sino que tambi\u00e9n tiene caracter\u00edsticas anti-incrustaciones y anti-ara\u00f1azos, que pueden resistir eficazmente el desgaste diario.<\/li>\n\n\n\n<li><strong>Adaptarse a diferentes estilos: <\/strong>Para satisfacer las necesidades de los distintos estilos de acabado de cuartos de ba\u00f1o, el lavabo sobre encimera al por mayor est\u00e1 disponible en una gran variedad de tama\u00f1os y colores. Ya se trate de la simplicidad moderna, lujo europeo, o el estilo personalizado a medida, usted puede encontrar los productos adecuados.<\/li>\n\n\n\n<li><strong>F\u00e1cil instalaci\u00f3n: <\/strong>Como dise\u00f1o de lavabo, el proceso de instalaci\u00f3n de nuestros lavabos de cer\u00e1mica al por mayor es simple y r\u00e1pido, adecuado para una variedad de materiales de superficie y dise\u00f1os. Ya se trate de un cuarto de ba\u00f1o dom\u00e9stico, hotelero o comercial, puede instalarse f\u00e1cilmente y ponerse en funcionamiento con rapidez.<\/li>\n<\/ul>\n<\/div>\n\n\n\n<div class=\"wp-block-column is-layout-flow wp-block-column-is-layout-flow\">\n<figure class=\"wp-block-image size-full\"><img fetchpriority=\"high\" decoding=\"async\" width=\"980\" height=\"1352\" src=\"https:\/\/www.ceramicbasin.com\/wp-content\/uploads\/2024\/09\/Bowl-Art-Table-Top-Wash-Basin-6.webp\" alt=\"Mayorista Lavabo Sobre Encimera, Lavabo de Cer\u00e1mica Art\u00edstico en Forma de Cuenco-1\" class=\"wp-image-5237\" srcset=\"https:\/\/www.ceramicbasin.com\/wp-content\/uploads\/2024\/09\/Bowl-Art-Table-Top-Wash-Basin-6.webp 980w, https:\/\/www.ceramicbasin.com\/wp-content\/uploads\/2024\/09\/Bowl-Art-Table-Top-Wash-Basin-6-217x300.webp 217w, https:\/\/www.ceramicbasin.com\/wp-content\/uploads\/2024\/09\/Bowl-Art-Table-Top-Wash-Basin-6-768x1060.webp 768w, https:\/\/www.ceramicbasin.com\/wp-content\/uploads\/2024\/09\/Bowl-Art-Table-Top-Wash-Basin-6-9x12.webp 9w, https:\/\/www.ceramicbasin.com\/wp-content\/uploads\/2024\/09\/Bowl-Art-Table-Top-Wash-Basin-6-285x393.webp 285w, https:\/\/www.ceramicbasin.com\/wp-content\/uploads\/2024\/09\/Bowl-Art-Table-Top-Wash-Basin-6-478x660.webp 478w, https:\/\/www.ceramicbasin.com\/wp-content\/uploads\/2024\/09\/Bowl-Art-Table-Top-Wash-Basin-6-109x150.webp 109w\" sizes=\"(max-width: 980px) 100vw, 980px\" \/><\/figure>\n<\/div>\n<\/div>\n\n\n\n<p><\/p>","protected":false},"excerpt":{"rendered":"<p>Bienvenido a comprar lavabos de cer\u00e1mica al por mayor, nuestro lavabo sobre encimera al por mayor que combina la belleza art\u00edstica con la funci\u00f3n pr\u00e1ctica, con un elegante dise\u00f1o en forma de cuenco y materiales cer\u00e1micos de alta calidad que son resistentes a las manchas, duraderos y f\u00e1ciles de limpiar. Ideal para familias, hoteles y negocios.<\/p>\n<table style=\"border-collapse: collapse; width: 311.02pt;\" border=\"0\" width=\"311\" cellspacing=\"0\" cellpadding=\"0\">\n<tbody>\n<tr style=\"height: 17.60pt;\">\n<td class=\"et3\" style=\"height: 17.60pt; width: 108.35pt;\" width=\"108\" height=\"17\">Fabricante<\/td>\n<td class=\"et3\" style=\"width: 202.95pt;\" width=\"202\">HanYu<\/td>\n<\/tr>\n<tr style=\"height: 17.60pt;\">\n<td class=\"et3\" style=\"height: 17.60pt;\" height=\"17\">N\u00ba de modelo<\/td>\n<td class=\"et4\">HY-8224<\/td>\n<\/tr>\n<tr style=\"height: 17.60pt;\">\n<td class=\"et3\" style=\"height: 17.60pt;\" height=\"17\">Tipo<\/td>\n<td class=\"et3\">Fregaderos de encimera<\/td>\n<\/tr>\n<tr style=\"height: 17.60pt;\">\n<td class=\"et3\" style=\"height: 17.60pt;\" height=\"17\">Forma<\/td>\n<td class=\"et3\">\u00a0Forma cuadrada<\/td>\n<\/tr>\n<tr style=\"height: 17.60pt;\">\n<td class=\"et4\" style=\"height: 17.60pt;\" height=\"17\">Color<\/td>\n<td class=\"et3\">Blanco<\/td>\n<\/tr>\n<tr style=\"height: 18.00pt;\">\n<td class=\"et3\" style=\"height: 18.00pt;\" height=\"18\">Dimensi\u00f3n<\/td>\n<td class=\"et6\" style=\"width: 202.95pt;\" width=\"202\">43*45.5*12.5<\/td>\n<\/tr>\n<tr style=\"height: 17.60pt;\">\n<td class=\"et3\" style=\"height: 17.60pt;\" height=\"17\">N.W \/SET<\/td>\n<td class=\"et3\">10KGS\/PCS<\/td>\n<\/tr>\n<tr style=\"height: 17.60pt;\">\n<td class=\"et3\" style=\"height: 17.60pt;\" height=\"17\">MOQ<\/td>\n<td class=\"et3\">20 piezas<\/td>\n<\/tr>\n<tr style=\"height: 17.60pt;\">\n<td class=\"et3\" style=\"height: 17.60pt;\" height=\"17\">Opci\u00f3n personalizada<\/td>\n<td class=\"et3\">Color\/Patr\u00f3n\/Tama\u00f1o\/Logotipo\/Embalaje<\/td>\n<\/tr>\n<\/tbody>\n<\/table>\n<p>&nbsp;<\/p>","protected":false},"featured_media":5238,"comment_status":"closed","ping_status":"closed","template":"","meta":{"_acf_changed":false},"product_brand":[],"product_cat":[50],"product_tag":[],"class_list":{"0":"post-5215","1":"product","2":"type-product","3":"status-publish","4":"has-post-thumbnail","6":"product_cat-wholesale-countertop-sinks","8":"first","9":"instock","10":"shipping-taxable","11":"product-type-simple"},"acf":[],"_links":{"self":[{"href":"https:\/\/www.ceramicbasin.com\/es\/wp-json\/wp\/v2\/product\/5215","targetHints":{"allow":["GET"]}}],"collection":[{"href":"https:\/\/www.ceramicbasin.com\/es\/wp-json\/wp\/v2\/product"}],"about":[{"href":"https:\/\/www.ceramicbasin.com\/es\/wp-json\/wp\/v2\/types\/product"}],"replies":[{"embeddable":true,"href":"https:\/\/www.ceramicbasin.com\/es\/wp-json\/wp\/v2\/comments?post=5215"}],"wp:featuredmedia":[{"embeddable":true,"href":"https:\/\/www.ceramicbasin.com\/es\/wp-json\/wp\/v2\/media\/5238"}],"wp:attachment":[{"href":"https:\/\/www.ceramicbasin.com\/es\/wp-json\/wp\/v2\/media?parent=5215"}],"wp:term":[{"taxonomy":"product_brand","embeddable":true,"href":"https:\/\/www.ceramicbasin.com\/es\/wp-json\/wp\/v2\/product_brand?post=5215"},{"taxonomy":"product_cat","embeddable":true,"href":"https:\/\/www.ceramicbasin.com\/es\/wp-json\/wp\/v2\/product_cat?post=5215"},{"taxonomy":"product_tag","embeddable":true,"href":"https:\/\/www.ceramicbasin.com\/es\/wp-json\/wp\/v2\/product_tag?post=5215"}],"curies":[{"name":"wp","href":"https:\/\/api.w.org\/{rel}","templated":true}]}}