{"id":5225,"date":"2024-09-25T09:36:51","date_gmt":"2024-09-25T09:36:51","guid":{"rendered":"https:\/\/www.ceramicbasin.com\/?post_type=product&#038;p=5225"},"modified":"2024-09-26T03:50:24","modified_gmt":"2024-09-26T03:50:24","slug":"counter-top-sinks-wholesale","status":"publish","type":"product","link":"https:\/\/www.ceramicbasin.com\/es\/producto\/counter-top-sinks-wholesale\/","title":{"rendered":"Nuevo dise\u00f1o de cer\u00e1mica blanca fregaderos de la encimera al por mayor para el cuarto de ba\u00f1o"},"content":{"rendered":"<div class=\"wp-block-columns is-layout-flex wp-container-core-columns-is-layout-9d6595d7 wp-block-columns-is-layout-flex\">\n<div class=\"wp-block-column is-layout-flow wp-block-column-is-layout-flow\">\n<h2 class=\"wp-block-heading\">Premium Counter Top Fregaderos al por mayor Caracter\u00edsticas:<\/h2>\n\n\n\n<ul class=\"wp-block-list\">\n<li><strong>Precio ventajoso:<\/strong> Ofrecemos servicios de pedidos al por mayor para estos fregaderos de encimera de cer\u00e1mica al por mayor, que no s\u00f3lo son asequibles, sino tambi\u00e9n entregar r\u00e1pidamente, adecuado para proyectos comerciales y decoraci\u00f3n residencial a gran escala, la satisfacci\u00f3n de las necesidades de alta eficiencia y bajo costo.<\/li>\n\n\n\n<li><strong>Gran capacidad de producci\u00f3n: <\/strong>Gran almac\u00e9n para contener estos fregaderos de cer\u00e1mica al por mayor de productos. Elija los elementos que le interesan y nos consulta, la mayor\u00eda de los fregaderos de cer\u00e1mica blanca por mayor est\u00e1n en stock, por lo que el tiempo de env\u00edo ser\u00eda m\u00e1s corto mucho.<\/li>\n\n\n\n<li><strong>Bonita superficie: <\/strong>La superficie de nuestros fregaderos de cer\u00e1mica al por mayor es lisa y puede ser mate y brillante seg\u00fan sea necesario. T\u00f3quelo y si\u00e9ntalo, es sedoso y exquisito.<\/li>\n\n\n\n<li><strong>Dise\u00f1o de moda: <\/strong>Nuestro lavabo redondo de encimera al por mayor, que tiene un dise\u00f1o moderno y a la moda con l\u00edneas suaves, es adecuado para varias distribuciones de cuartos de ba\u00f1o, y realza la belleza general y el grado del espacio.<\/li>\n<\/ul>\n<\/div>\n\n\n\n<div class=\"wp-block-column is-layout-flow wp-block-column-is-layout-flow\">\n<figure class=\"wp-block-image size-full\"><img fetchpriority=\"high\" decoding=\"async\" width=\"827\" height=\"1200\" src=\"https:\/\/www.ceramicbasin.com\/wp-content\/uploads\/2024\/09\/Counter-Top-Hand-Wash-Basin-6-1.webp\" alt=\"Nuevo dise\u00f1o de cer\u00e1mica blanca fregaderos al por mayor para el cuarto de ba\u00f1o-1\" class=\"wp-image-5232\" srcset=\"https:\/\/www.ceramicbasin.com\/wp-content\/uploads\/2024\/09\/Counter-Top-Hand-Wash-Basin-6-1.webp 827w, https:\/\/www.ceramicbasin.com\/wp-content\/uploads\/2024\/09\/Counter-Top-Hand-Wash-Basin-6-1-207x300.webp 207w, https:\/\/www.ceramicbasin.com\/wp-content\/uploads\/2024\/09\/Counter-Top-Hand-Wash-Basin-6-1-768x1114.webp 768w, https:\/\/www.ceramicbasin.com\/wp-content\/uploads\/2024\/09\/Counter-Top-Hand-Wash-Basin-6-1-8x12.webp 8w, https:\/\/www.ceramicbasin.com\/wp-content\/uploads\/2024\/09\/Counter-Top-Hand-Wash-Basin-6-1-285x414.webp 285w, https:\/\/www.ceramicbasin.com\/wp-content\/uploads\/2024\/09\/Counter-Top-Hand-Wash-Basin-6-1-455x660.webp 455w, https:\/\/www.ceramicbasin.com\/wp-content\/uploads\/2024\/09\/Counter-Top-Hand-Wash-Basin-6-1-103x150.webp 103w\" sizes=\"(max-width: 827px) 100vw, 827px\" \/><figcaption class=\"wp-element-caption\">Nuevo dise\u00f1o de cer\u00e1mica blanca fregaderos al por mayor para el cuarto de ba\u00f1o-1<\/figcaption><\/figure>\n<\/div>\n<\/div>","protected":false},"excerpt":{"rendered":"<p>Bienvenido a comprar fregaderos de porcelana. Nuestra forma redonda fregaderos de cer\u00e1mica al por mayor tienen un dise\u00f1o moderno y de moda con l\u00edneas suaves, tocarlo y sentirlo, es sedoso y exquisito. La superficie es lisa y puede ser mate y brillante seg\u00fan sea necesario.<\/p>\n<table style=\"border-collapse: collapse; width: 311.02pt;\" border=\"0\" width=\"311\" cellspacing=\"0\" cellpadding=\"0\">\n<tbody>\n<tr style=\"height: 17.60pt;\">\n<td class=\"et3\" style=\"height: 17.60pt; width: 108.35pt;\" width=\"108\" height=\"17\">Fabricante<\/td>\n<td class=\"et3\" style=\"width: 202.95pt;\" width=\"202\">HanYu<\/td>\n<\/tr>\n<tr style=\"height: 17.60pt;\">\n<td class=\"et3\" style=\"height: 17.60pt;\" height=\"17\">N\u00ba de modelo<\/td>\n<td class=\"et4\">HY-8182<\/td>\n<\/tr>\n<tr style=\"height: 17.60pt;\">\n<td class=\"et3\" style=\"height: 17.60pt;\" height=\"17\">Tipo<\/td>\n<td class=\"et3\">Fregaderos de encimera<\/td>\n<\/tr>\n<tr style=\"height: 17.60pt;\">\n<td class=\"et3\" style=\"height: 17.60pt;\" height=\"17\">Forma<\/td>\n<td class=\"et3\">\u00a0Forma redonda<\/td>\n<\/tr>\n<tr style=\"height: 17.60pt;\">\n<td class=\"et4\" style=\"height: 17.60pt;\" height=\"17\">Color<\/td>\n<td class=\"et3\">Blanco<\/td>\n<\/tr>\n<tr style=\"height: 18.00pt;\">\n<td class=\"et3\" style=\"height: 18.00pt;\" height=\"18\">Dimensi\u00f3n<\/td>\n<td class=\"et6\" style=\"width: 202.95pt;\" width=\"202\">35*35*12<\/td>\n<\/tr>\n<tr style=\"height: 17.60pt;\">\n<td class=\"et3\" style=\"height: 17.60pt;\" height=\"17\">N.W \/SET<\/td>\n<td class=\"et3\">5.5KGS\/PCS<\/td>\n<\/tr>\n<tr style=\"height: 17.60pt;\">\n<td class=\"et3\" style=\"height: 17.60pt;\" height=\"17\">MOQ<\/td>\n<td class=\"et3\">20 piezas<\/td>\n<\/tr>\n<tr style=\"height: 17.60pt;\">\n<td class=\"et3\" style=\"height: 17.60pt;\" height=\"17\">Opci\u00f3n personalizada<\/td>\n<td class=\"et3\">Color\/Patr\u00f3n\/Tama\u00f1o\/Logotipo\/Embalaje<\/td>\n<\/tr>\n<\/tbody>\n<\/table>\n<p>&nbsp;<\/p>","protected":false},"featured_media":5227,"comment_status":"closed","ping_status":"closed","template":"","meta":{"_acf_changed":false},"product_brand":[],"product_cat":[50],"product_tag":[],"class_list":{"0":"post-5225","1":"product","2":"type-product","3":"status-publish","4":"has-post-thumbnail","6":"product_cat-wholesale-countertop-sinks","8":"first","9":"instock","10":"shipping-taxable","11":"product-type-simple"},"acf":[],"_links":{"self":[{"href":"https:\/\/www.ceramicbasin.com\/es\/wp-json\/wp\/v2\/product\/5225","targetHints":{"allow":["GET"]}}],"collection":[{"href":"https:\/\/www.ceramicbasin.com\/es\/wp-json\/wp\/v2\/product"}],"about":[{"href":"https:\/\/www.ceramicbasin.com\/es\/wp-json\/wp\/v2\/types\/product"}],"replies":[{"embeddable":true,"href":"https:\/\/www.ceramicbasin.com\/es\/wp-json\/wp\/v2\/comments?post=5225"}],"wp:featuredmedia":[{"embeddable":true,"href":"https:\/\/www.ceramicbasin.com\/es\/wp-json\/wp\/v2\/media\/5227"}],"wp:attachment":[{"href":"https:\/\/www.ceramicbasin.com\/es\/wp-json\/wp\/v2\/media?parent=5225"}],"wp:term":[{"taxonomy":"product_brand","embeddable":true,"href":"https:\/\/www.ceramicbasin.com\/es\/wp-json\/wp\/v2\/product_brand?post=5225"},{"taxonomy":"product_cat","embeddable":true,"href":"https:\/\/www.ceramicbasin.com\/es\/wp-json\/wp\/v2\/product_cat?post=5225"},{"taxonomy":"product_tag","embeddable":true,"href":"https:\/\/www.ceramicbasin.com\/es\/wp-json\/wp\/v2\/product_tag?post=5225"}],"curies":[{"name":"wp","href":"https:\/\/api.w.org\/{rel}","templated":true}]}}