{"id":5260,"date":"2024-10-08T07:17:24","date_gmt":"2024-10-08T07:17:24","guid":{"rendered":"https:\/\/www.ceramicbasin.com\/?post_type=product&#038;p=5260"},"modified":"2024-10-08T07:17:27","modified_gmt":"2024-10-08T07:17:27","slug":"wholesale-vessel-sinks","status":"publish","type":"product","link":"https:\/\/www.ceramicbasin.com\/es\/producto\/wholesale-vessel-sinks\/","title":{"rendered":"Lavabos cuadrados peque\u00f1os al por mayor, Lavabo sobre encimera"},"content":{"rendered":"<div class=\"wp-block-columns is-layout-flex wp-container-core-columns-is-layout-9d6595d7 wp-block-columns-is-layout-flex\">\n<div class=\"wp-block-column is-layout-flow wp-block-column-is-layout-flow\">\n<h2 class=\"wp-block-heading\">Premium Vessel Fregaderos al por mayor Caracter\u00edsticas:<\/h2>\n\n\n\n<ul class=\"wp-block-list\">\n<li><strong>Dise\u00f1o exquisito:<\/strong> Estos lavabos de cubeta al por mayor adoptan un dise\u00f1o aerodin\u00e1mico, bordes redondeados y l\u00edneas suaves, mostrando un alto valor est\u00e9tico, a\u00f1adiendo un toque de refinamiento y elegancia al espacio del cuarto de ba\u00f1o.<\/li>\n\n\n\n<li><strong>Cer\u00e1mica de alta calidad:<\/strong> Las materias primas cer\u00e1micas seleccionadas de alta calidad, sinterizadas a alta temperatura, garantizan que nuestros fregaderos para recipientes hechos a medida al por mayor tengan una estructura s\u00f3lida, una superficie delicada y lisa, f\u00e1cil de limpiar y duradera como nueva.<\/li>\n\n\n\n<li><strong>Instalaci\u00f3n superior:<\/strong> Este fregadero de cer\u00e1mica al por mayor adopta un m\u00e9todo de instalaci\u00f3n superior, que es f\u00e1cil de instalar, estable y fiable, no s\u00f3lo ahorra espacio, sino que tambi\u00e9n es conveniente para el mantenimiento diario y la limpieza, y mejora la experiencia del usuario.<\/li>\n\n\n\n<li><strong>Ahorro en costes de compra a granel:<\/strong> Como fabricante de lavabos de cer\u00e1mica al por mayor, HanYu puede proporcionarle lavabos de recipiente hechos a medida al por mayor con precios de compra competitivos para ayudarle a controlar eficazmente los costes de decoraci\u00f3n sin sacrificar la calidad.<\/li>\n<\/ul>\n<\/div>\n\n\n\n<div class=\"wp-block-column is-layout-flow wp-block-column-is-layout-flow\">\n<figure class=\"wp-block-image size-full\"><img fetchpriority=\"high\" decoding=\"async\" width=\"1000\" height=\"1000\" src=\"https:\/\/www.ceramicbasin.com\/wp-content\/uploads\/2024\/10\/Customized-Square-White-Bathroom-Single-Vessel-Sink-Ceramic-Above-Counter-Small-Wash-Basin-5.webp\" alt=\"Lavabos cuadrados peque\u00f1os al por mayor, Lavabo sobre encimera-1\" class=\"wp-image-5266\" srcset=\"https:\/\/www.ceramicbasin.com\/wp-content\/uploads\/2024\/10\/Customized-Square-White-Bathroom-Single-Vessel-Sink-Ceramic-Above-Counter-Small-Wash-Basin-5.webp 1000w, https:\/\/www.ceramicbasin.com\/wp-content\/uploads\/2024\/10\/Customized-Square-White-Bathroom-Single-Vessel-Sink-Ceramic-Above-Counter-Small-Wash-Basin-5-300x300.webp 300w, https:\/\/www.ceramicbasin.com\/wp-content\/uploads\/2024\/10\/Customized-Square-White-Bathroom-Single-Vessel-Sink-Ceramic-Above-Counter-Small-Wash-Basin-5-150x150.webp 150w, https:\/\/www.ceramicbasin.com\/wp-content\/uploads\/2024\/10\/Customized-Square-White-Bathroom-Single-Vessel-Sink-Ceramic-Above-Counter-Small-Wash-Basin-5-768x768.webp 768w, https:\/\/www.ceramicbasin.com\/wp-content\/uploads\/2024\/10\/Customized-Square-White-Bathroom-Single-Vessel-Sink-Ceramic-Above-Counter-Small-Wash-Basin-5-12x12.webp 12w, https:\/\/www.ceramicbasin.com\/wp-content\/uploads\/2024\/10\/Customized-Square-White-Bathroom-Single-Vessel-Sink-Ceramic-Above-Counter-Small-Wash-Basin-5-285x285.webp 285w, https:\/\/www.ceramicbasin.com\/wp-content\/uploads\/2024\/10\/Customized-Square-White-Bathroom-Single-Vessel-Sink-Ceramic-Above-Counter-Small-Wash-Basin-5-270x270.webp 270w, https:\/\/www.ceramicbasin.com\/wp-content\/uploads\/2024\/10\/Customized-Square-White-Bathroom-Single-Vessel-Sink-Ceramic-Above-Counter-Small-Wash-Basin-5-540x540.webp 540w, https:\/\/www.ceramicbasin.com\/wp-content\/uploads\/2024\/10\/Customized-Square-White-Bathroom-Single-Vessel-Sink-Ceramic-Above-Counter-Small-Wash-Basin-5-660x660.webp 660w\" sizes=\"(max-width: 1000px) 100vw, 1000px\" \/><\/figure>\n<\/div>\n<\/div>","protected":false},"excerpt":{"rendered":"<p>Bienvenido a comprar fregaderos de cer\u00e1mica al por mayor. Estos lavabos de cer\u00e1mica al por mayor son suministrados directamente por nuestra f\u00e1brica, lo que reduce en gran medida sus costes de compra. Nuestros lavabos de cer\u00e1mica al por mayor est\u00e1n hechos de cer\u00e1mica de alta calidad y cocidos a altas temperaturas. Ofrecemos descuentos al por mayor en este dise\u00f1o popular para satisfacer las necesidades de los proyectos comerciales o grandes renovaciones residenciales.<\/p>\n<table style=\"border-collapse: collapse; width: 358.52pt;\" border=\"0\" width=\"478\" cellspacing=\"0\" cellpadding=\"0\">\n<tbody>\n<tr style=\"height: 17.25pt;\">\n<td class=\"et3\" style=\"height: 17.25pt; width: 125.00pt;\" width=\"166\" height=\"23\">Fabricante<\/td>\n<td class=\"et3\" style=\"width: 234.15pt;\" width=\"312\">HanYu<\/td>\n<\/tr>\n<tr style=\"height: 17.25pt;\">\n<td class=\"et3\" style=\"height: 17.25pt;\" height=\"23\">N\u00ba de modelo<\/td>\n<td class=\"et4\">HY-8198<\/td>\n<\/tr>\n<tr style=\"height: 17.25pt;\">\n<td class=\"et3\" style=\"height: 17.25pt;\" height=\"23\">Tipo<\/td>\n<td class=\"et5\" style=\"width: 234.15pt;\" width=\"312\">Lavabos sobre encimera<\/td>\n<\/tr>\n<tr style=\"height: 18.00pt;\">\n<td class=\"et3\" style=\"height: 18.00pt;\" height=\"24\">Forma<\/td>\n<td class=\"et3\">Forma cuadrada<\/td>\n<\/tr>\n<tr style=\"height: 34.50pt;\">\n<td class=\"et4\" style=\"height: 34.50pt;\" height=\"46\">Color<\/td>\n<td class=\"et5\" style=\"width: 234.15pt;\" width=\"312\">negro\/blanco\/azul\/gris\/rosa\/verde\/marr\u00f3n\/caqui<\/td>\n<\/tr>\n<tr style=\"height: 18.00pt;\">\n<td class=\"et3\" style=\"height: 18.00pt;\" height=\"24\">Dimensi\u00f3n<\/td>\n<td class=\"et5\" style=\"width: 234.15pt;\" width=\"312\">37.5*37.5*13.5<\/td>\n<\/tr>\n<tr style=\"height: 17.25pt;\">\n<td class=\"et3\" style=\"height: 17.25pt;\" height=\"23\">N.W \/SET<\/td>\n<td class=\"et3\">7 KGS\/PCS<\/td>\n<\/tr>\n<tr style=\"height: 17.25pt;\">\n<td class=\"et3\" style=\"height: 17.25pt;\" height=\"23\">MOQ<\/td>\n<td class=\"et3\">20 piezas<\/td>\n<\/tr>\n<tr style=\"height: 17.25pt;\">\n<td class=\"et3\" style=\"height: 17.25pt;\" height=\"23\">Opci\u00f3n personalizada<\/td>\n<td class=\"et3\">Color\/Patr\u00f3n\/Tama\u00f1o\/Logotipo\/Embalaje<\/td>\n<\/tr>\n<\/tbody>\n<\/table>\n<p>&nbsp;<\/p>","protected":false},"featured_media":5265,"comment_status":"closed","ping_status":"closed","template":"","meta":{"_acf_changed":false},"product_brand":[],"product_cat":[50,56],"product_tag":[],"class_list":{"0":"post-5260","1":"product","2":"type-product","3":"status-publish","4":"has-post-thumbnail","6":"product_cat-wholesale-countertop-sinks","7":"product_cat-wholesale-small-bathroom-sinks","9":"first","10":"instock","11":"shipping-taxable","12":"product-type-simple"},"acf":[],"_links":{"self":[{"href":"https:\/\/www.ceramicbasin.com\/es\/wp-json\/wp\/v2\/product\/5260","targetHints":{"allow":["GET"]}}],"collection":[{"href":"https:\/\/www.ceramicbasin.com\/es\/wp-json\/wp\/v2\/product"}],"about":[{"href":"https:\/\/www.ceramicbasin.com\/es\/wp-json\/wp\/v2\/types\/product"}],"replies":[{"embeddable":true,"href":"https:\/\/www.ceramicbasin.com\/es\/wp-json\/wp\/v2\/comments?post=5260"}],"wp:featuredmedia":[{"embeddable":true,"href":"https:\/\/www.ceramicbasin.com\/es\/wp-json\/wp\/v2\/media\/5265"}],"wp:attachment":[{"href":"https:\/\/www.ceramicbasin.com\/es\/wp-json\/wp\/v2\/media?parent=5260"}],"wp:term":[{"taxonomy":"product_brand","embeddable":true,"href":"https:\/\/www.ceramicbasin.com\/es\/wp-json\/wp\/v2\/product_brand?post=5260"},{"taxonomy":"product_cat","embeddable":true,"href":"https:\/\/www.ceramicbasin.com\/es\/wp-json\/wp\/v2\/product_cat?post=5260"},{"taxonomy":"product_tag","embeddable":true,"href":"https:\/\/www.ceramicbasin.com\/es\/wp-json\/wp\/v2\/product_tag?post=5260"}],"curies":[{"name":"wp","href":"https:\/\/api.w.org\/{rel}","templated":true}]}}