{"id":5322,"date":"2024-10-11T02:57:34","date_gmt":"2024-10-11T02:57:34","guid":{"rendered":"https:\/\/www.ceramicbasin.com\/?post_type=product&#038;p=5322"},"modified":"2024-10-11T02:57:36","modified_gmt":"2024-10-11T02:57:36","slug":"semi-recessed-wholesale-sinks","status":"publish","type":"product","link":"https:\/\/www.ceramicbasin.com\/es\/producto\/semi-recessed-wholesale-sinks\/","title":{"rendered":"Fregaderos semi-encastrados de alta calidad al por mayor, lavabos de cer\u00e1mica al por mayor"},"content":{"rendered":"<div class=\"wp-block-columns is-layout-flex wp-container-core-columns-is-layout-9d6595d7 wp-block-columns-is-layout-flex\">\n<div class=\"wp-block-column is-layout-flow wp-block-column-is-layout-flow\">\n<h2 class=\"wp-block-heading\">Fregaderos semiencastrados al por mayor Premium Caracter\u00edsticas:<\/h2>\n\n\n\n<ul class=\"wp-block-list\">\n<li><strong>Material cer\u00e1mico, excelente calidad:<\/strong>\u00a0Estos fregaderos semi-encastrados al por mayor est\u00e1n hechos de material cer\u00e1mico de alta calidad, este material tiene las caracter\u00edsticas de alta resistencia y resistencia al desgaste. La superficie de cer\u00e1mica es suave y delicada, el color es duradero, no es f\u00e1cil de desvanecer, y puede mantener su belleza durante mucho tiempo.<\/li>\n\n\n\n<li><strong>Nuevo dise\u00f1o, marcando tendencia:<\/strong>\u00a0Combinando los \u00faltimos conceptos de dise\u00f1o y la demanda del mercado de lavabos semi-encastrados de cer\u00e1mica al por mayor, hemos lanzado una serie de estilos novedosos. Estos dise\u00f1os no s\u00f3lo se mantienen al d\u00eda con las tendencias de la moda, sino que tambi\u00e9n tienen plenamente en cuenta la combinaci\u00f3n de practicidad y est\u00e9tica, y pueden satisfacer las altas exigencias de la decoraci\u00f3n de ba\u00f1os modernos.<\/li>\n\n\n\n<li><strong>Resistente y duradero:<\/strong>&nbsp;Nuestro fregadero de cer\u00e1mica al por mayor est\u00e1 hecho de materiales cer\u00e1micos de alta calidad y cocido a altas temperaturas para garantizar que el producto sea duradero, resistente a las manchas y resistente a los ara\u00f1azos. La superficie lisa no s\u00f3lo es f\u00e1cil de limpiar, sino que tambi\u00e9n mantiene la belleza y el brillo durante mucho tiempo.<\/li>\n\n\n\n<li><strong>Precio competitivo:\u00a0<\/strong>Como fabricante principal de lavabos de ba\u00f1o, Hanyu le proporciona lavabos semiempotrados al por mayor de alta calidad a los precios m\u00e1s competitivos para aumentar sus m\u00e1rgenes de beneficio.<\/li>\n<\/ul>\n<\/div>\n\n\n\n<div class=\"wp-block-column is-layout-flow wp-block-column-is-layout-flow\">\n<figure class=\"wp-block-image size-full\"><img fetchpriority=\"high\" decoding=\"async\" width=\"679\" height=\"931\" src=\"https:\/\/www.ceramicbasin.com\/wp-content\/uploads\/2024\/10\/Wholesale-basin-supplier-semi-counter-hand-washing-basin-1.webp\" alt=\"Fregaderos semi-encastrados de alta calidad al por mayor, lavabos de cer\u00e1mica al por mayor-1\" class=\"wp-image-5295\" srcset=\"https:\/\/www.ceramicbasin.com\/wp-content\/uploads\/2024\/10\/Wholesale-basin-supplier-semi-counter-hand-washing-basin-1.webp 679w, https:\/\/www.ceramicbasin.com\/wp-content\/uploads\/2024\/10\/Wholesale-basin-supplier-semi-counter-hand-washing-basin-1-219x300.webp 219w, https:\/\/www.ceramicbasin.com\/wp-content\/uploads\/2024\/10\/Wholesale-basin-supplier-semi-counter-hand-washing-basin-1-9x12.webp 9w, https:\/\/www.ceramicbasin.com\/wp-content\/uploads\/2024\/10\/Wholesale-basin-supplier-semi-counter-hand-washing-basin-1-285x391.webp 285w, https:\/\/www.ceramicbasin.com\/wp-content\/uploads\/2024\/10\/Wholesale-basin-supplier-semi-counter-hand-washing-basin-1-481x660.webp 481w, https:\/\/www.ceramicbasin.com\/wp-content\/uploads\/2024\/10\/Wholesale-basin-supplier-semi-counter-hand-washing-basin-1-109x150.webp 109w\" sizes=\"(max-width: 679px) 100vw, 679px\" \/><figcaption class=\"wp-element-caption\">Fregaderos semi-encastrados de alta calidad al por mayor, lavabos de cer\u00e1mica al por mayor-1<\/figcaption><\/figure>\n<\/div>\n<\/div>","protected":false},"excerpt":{"rendered":"<p>Estos lavabos semiempotrados al por mayor est\u00e1n fabricados en cer\u00e1mica de alta gama con una textura suave, excelente durabilidad y resistencia a las manchas. El dise\u00f1o semiempotrado combina moda y funcionalidad, ahorrando espacio y realzando la sensaci\u00f3n moderna del cuarto de ba\u00f1o. Adecuados para todo tipo de proyectos residenciales, hoteleros y comerciales de gama alta, el suministro al por mayor puede proporcionar una variedad de tama\u00f1os y colores seg\u00fan las necesidades del cliente.<\/p>\n<table style=\"border-collapse: collapse; width: 358.52pt;\" border=\"0\" width=\"478\" cellspacing=\"0\" cellpadding=\"0\">\n<tbody>\n<tr style=\"height: 17.25pt;\">\n<td class=\"et3\" style=\"height: 17.25pt; width: 125.00pt;\" width=\"166\" height=\"23\">Fabricante<\/td>\n<td class=\"et3\" style=\"width: 234.15pt;\" width=\"312\">HanYu<\/td>\n<\/tr>\n<tr style=\"height: 17.25pt;\">\n<td class=\"et3\" style=\"height: 17.25pt;\" height=\"23\">N\u00ba de modelo<\/td>\n<td class=\"et4\">HY-409<\/td>\n<\/tr>\n<tr style=\"height: 17.25pt;\">\n<td class=\"et3\" style=\"height: 17.25pt;\" height=\"23\">Tipo<\/td>\n<td class=\"et5\" style=\"width: 234.15pt;\" width=\"312\">Lavabos semiempotrados<\/td>\n<\/tr>\n<tr style=\"height: 18.00pt;\">\n<td class=\"et3\" style=\"height: 18.00pt;\" height=\"24\">Forma<\/td>\n<td class=\"et3\">Forma redonda<\/td>\n<\/tr>\n<tr style=\"height: 34.50pt;\">\n<td class=\"et4\" style=\"height: 34.50pt;\" height=\"46\">Color<\/td>\n<td class=\"et5\" style=\"width: 234.15pt;\" width=\"312\">negro\/blanco\/azul\/gris\/rosa\/verde\/marr\u00f3n\/caqui<\/td>\n<\/tr>\n<tr style=\"height: 18.00pt;\">\n<td class=\"et3\" style=\"height: 18.00pt;\" height=\"24\">Dimensi\u00f3n<\/td>\n<td class=\"et5\" style=\"width: 234.15pt;\" width=\"312\">43.5*43.5*15.5<\/td>\n<\/tr>\n<tr style=\"height: 17.25pt;\">\n<td class=\"et3\" style=\"height: 17.25pt;\" height=\"23\">N.W \/SET<\/td>\n<td class=\"et3\">8KGS\/PCS<\/td>\n<\/tr>\n<tr style=\"height: 17.25pt;\">\n<td class=\"et3\" style=\"height: 17.25pt;\" height=\"23\">MOQ<\/td>\n<td class=\"et3\">20 piezas<\/td>\n<\/tr>\n<tr style=\"height: 17.25pt;\">\n<td class=\"et3\" style=\"height: 17.25pt;\" height=\"23\">Opci\u00f3n personalizada<\/td>\n<td class=\"et3\">Color\/Patr\u00f3n\/Tama\u00f1o\/Logotipo\/Embalaje<\/td>\n<\/tr>\n<\/tbody>\n<\/table>","protected":false},"featured_media":5301,"comment_status":"closed","ping_status":"closed","template":"","meta":{"_acf_changed":false},"product_brand":[],"product_cat":[58],"product_tag":[],"class_list":{"0":"post-5322","1":"product","2":"type-product","3":"status-publish","4":"has-post-thumbnail","6":"product_cat-wholesale-semi-recessed-sinks","8":"first","9":"instock","10":"shipping-taxable","11":"product-type-simple"},"acf":[],"_links":{"self":[{"href":"https:\/\/www.ceramicbasin.com\/es\/wp-json\/wp\/v2\/product\/5322","targetHints":{"allow":["GET"]}}],"collection":[{"href":"https:\/\/www.ceramicbasin.com\/es\/wp-json\/wp\/v2\/product"}],"about":[{"href":"https:\/\/www.ceramicbasin.com\/es\/wp-json\/wp\/v2\/types\/product"}],"replies":[{"embeddable":true,"href":"https:\/\/www.ceramicbasin.com\/es\/wp-json\/wp\/v2\/comments?post=5322"}],"wp:featuredmedia":[{"embeddable":true,"href":"https:\/\/www.ceramicbasin.com\/es\/wp-json\/wp\/v2\/media\/5301"}],"wp:attachment":[{"href":"https:\/\/www.ceramicbasin.com\/es\/wp-json\/wp\/v2\/media?parent=5322"}],"wp:term":[{"taxonomy":"product_brand","embeddable":true,"href":"https:\/\/www.ceramicbasin.com\/es\/wp-json\/wp\/v2\/product_brand?post=5322"},{"taxonomy":"product_cat","embeddable":true,"href":"https:\/\/www.ceramicbasin.com\/es\/wp-json\/wp\/v2\/product_cat?post=5322"},{"taxonomy":"product_tag","embeddable":true,"href":"https:\/\/www.ceramicbasin.com\/es\/wp-json\/wp\/v2\/product_tag?post=5322"}],"curies":[{"name":"wp","href":"https:\/\/api.w.org\/{rel}","templated":true}]}}