{"id":5323,"date":"2024-10-11T02:49:19","date_gmt":"2024-10-11T02:49:19","guid":{"rendered":"https:\/\/www.ceramicbasin.com\/?post_type=product&#038;p=5323"},"modified":"2024-10-11T02:49:22","modified_gmt":"2024-10-11T02:49:22","slug":"semi-recessed-basins-wholesale","status":"publish","type":"product","link":"https:\/\/www.ceramicbasin.com\/es\/producto\/semi-recessed-basins-wholesale\/","title":{"rendered":"Lavabos Semi-encastrados De Forma Redonda Al Por Mayor Para Ba\u00f1o"},"content":{"rendered":"<div class=\"wp-block-columns is-layout-flex wp-container-core-columns-is-layout-9d6595d7 wp-block-columns-is-layout-flex\">\n<div class=\"wp-block-column is-layout-flow wp-block-column-is-layout-flow\">\n<h2 class=\"wp-block-heading\">Lavabos Semiencastrados Premium Caracter\u00edsticas al por mayor:<\/h2>\n\n\n\n<ul class=\"wp-block-list\">\n<li><strong>Dise\u00f1o moderno:\u00a0<\/strong>Estos lavabos semiempotrados al por mayor adoptan un dise\u00f1o moderno y sencillo. El dise\u00f1o redondo liso puede integrarse perfectamente en varios estilos de ba\u00f1o, a\u00f1adiendo una sensaci\u00f3n moderna y de gama alta al espacio de ba\u00f1o.<\/li>\n\n\n\n<li><strong>Materiales de alta calidad:\u00a0<\/strong>Los materiales cer\u00e1micos de alta calidad seleccionados, cocidos a altas temperaturas, garantizan que nuestro lavabo al por mayor para cuartos de ba\u00f1o sea duradero, resistente a las manchas y a los ara\u00f1azos. La superficie lisa de nuestro lavabo de ba\u00f1o semiempotrado al por mayor no s\u00f3lo es f\u00e1cil de limpiar, sino que tambi\u00e9n mantiene su belleza y brillo durante mucho tiempo.<\/li>\n\n\n\n<li><strong>Precio favorable:\u00a0<\/strong>Como producto al por mayor, HanYu ofrece un precio de compra al por mayor muy competitivo para lavabos semiempotrados al por mayor, lo que garantiza que pueda disfrutar de lavabos de cer\u00e1mica de alta calidad a la vez que controla los costes.<\/li>\n\n\n\n<li><strong>Capacidad de entrega r\u00e1pida:\u00a0<\/strong>Con una s\u00f3lida red de inventario y log\u00edstica, nos comprometemos a responder con rapidez a la compra al por mayor de lavabos para cuartos de ba\u00f1o, garantizar la entrega puntual y contribuir al progreso de su proyecto.<\/li>\n<\/ul>\n<\/div>\n\n\n\n<div class=\"wp-block-column is-layout-flow wp-block-column-is-layout-flow\">\n<figure class=\"wp-block-image size-full\"><img fetchpriority=\"high\" decoding=\"async\" width=\"679\" height=\"931\" src=\"https:\/\/www.ceramicbasin.com\/wp-content\/uploads\/2024\/10\/Bathroom-wash-basin-manufacturer-round-shape-semi-counter-sink-1.webp\" alt=\"Lavabos Semi-encastrados De Forma Redonda Al Por Mayor Para Ba\u00f1o-1\" class=\"wp-image-5302\" srcset=\"https:\/\/www.ceramicbasin.com\/wp-content\/uploads\/2024\/10\/Bathroom-wash-basin-manufacturer-round-shape-semi-counter-sink-1.webp 679w, https:\/\/www.ceramicbasin.com\/wp-content\/uploads\/2024\/10\/Bathroom-wash-basin-manufacturer-round-shape-semi-counter-sink-1-219x300.webp 219w, https:\/\/www.ceramicbasin.com\/wp-content\/uploads\/2024\/10\/Bathroom-wash-basin-manufacturer-round-shape-semi-counter-sink-1-9x12.webp 9w, https:\/\/www.ceramicbasin.com\/wp-content\/uploads\/2024\/10\/Bathroom-wash-basin-manufacturer-round-shape-semi-counter-sink-1-285x391.webp 285w, https:\/\/www.ceramicbasin.com\/wp-content\/uploads\/2024\/10\/Bathroom-wash-basin-manufacturer-round-shape-semi-counter-sink-1-481x660.webp 481w, https:\/\/www.ceramicbasin.com\/wp-content\/uploads\/2024\/10\/Bathroom-wash-basin-manufacturer-round-shape-semi-counter-sink-1-109x150.webp 109w\" sizes=\"(max-width: 679px) 100vw, 679px\" \/><figcaption class=\"wp-element-caption\">Lavabos Semi-encastrados De Forma Redonda Al Por Mayor Para Ba\u00f1o-1<\/figcaption><\/figure>\n<\/div>\n<\/div>","protected":false},"excerpt":{"rendered":"<p>Bienvenido a la compra al por mayor de lavabos para ba\u00f1o. Estos lavabos semiempotrados al por mayor adoptan un dise\u00f1o moderno y sencillo, con un aspecto elegante, adecuado para varios estilos de ba\u00f1o. Su material cer\u00e1mico de alta calidad es duradero y f\u00e1cil de limpiar, por lo que es una opci\u00f3n ideal para proyectos hoteleros, residenciales y comerciales. Soporta lavabos de ba\u00f1o personalizados.<\/p>\n<table style=\"border-collapse: collapse; width: 358.52pt;\" border=\"0\" width=\"478\" cellspacing=\"0\" cellpadding=\"0\">\n<tbody>\n<tr style=\"height: 17.25pt;\">\n<td class=\"et3\" style=\"height: 17.25pt; width: 125.00pt;\" width=\"166\" height=\"23\">Fabricante<\/td>\n<td class=\"et3\" style=\"width: 234.15pt;\" width=\"312\">HanYu<\/td>\n<\/tr>\n<tr style=\"height: 17.25pt;\">\n<td class=\"et3\" style=\"height: 17.25pt;\" height=\"23\">N\u00ba de modelo<\/td>\n<td class=\"et4\">HY-496<\/td>\n<\/tr>\n<tr style=\"height: 17.25pt;\">\n<td class=\"et3\" style=\"height: 17.25pt;\" height=\"23\">Tipo<\/td>\n<td class=\"et5\" style=\"width: 234.15pt;\" width=\"312\">Fregaderos semi-encastrados<\/td>\n<\/tr>\n<tr style=\"height: 18.00pt;\">\n<td class=\"et3\" style=\"height: 18.00pt;\" height=\"24\">Forma<\/td>\n<td class=\"et3\">Forma redonda<\/td>\n<\/tr>\n<tr style=\"height: 34.50pt;\">\n<td class=\"et4\" style=\"height: 34.50pt;\" height=\"46\">Color<\/td>\n<td class=\"et5\" style=\"width: 234.15pt;\" width=\"312\">negro\/blanco\/azul\/gris\/rosa\/verde\/marr\u00f3n\/caqui<\/td>\n<\/tr>\n<tr style=\"height: 18.00pt;\">\n<td class=\"et3\" style=\"height: 18.00pt;\" height=\"24\">Dimensi\u00f3n<\/td>\n<td class=\"et5\" style=\"width: 234.15pt;\" width=\"312\">43*43*18<\/td>\n<\/tr>\n<tr style=\"height: 17.25pt;\">\n<td class=\"et3\" style=\"height: 17.25pt;\" height=\"23\">N.W \/SET<\/td>\n<td class=\"et3\">9KGS\/PCS<\/td>\n<\/tr>\n<tr style=\"height: 17.25pt;\">\n<td class=\"et3\" style=\"height: 17.25pt;\" height=\"23\">MOQ<\/td>\n<td class=\"et3\">20 piezas<\/td>\n<\/tr>\n<tr style=\"height: 17.25pt;\">\n<td class=\"et3\" style=\"height: 17.25pt;\" height=\"23\">Opci\u00f3n personalizada<\/td>\n<td class=\"et3\">Color\/Patr\u00f3n\/Tama\u00f1o\/Logotipo\/Embalaje<\/td>\n<\/tr>\n<\/tbody>\n<\/table>","protected":false},"featured_media":5305,"comment_status":"closed","ping_status":"closed","template":"","meta":{"_acf_changed":false},"product_brand":[],"product_cat":[58],"product_tag":[],"class_list":{"0":"post-5323","1":"product","2":"type-product","3":"status-publish","4":"has-post-thumbnail","6":"product_cat-wholesale-semi-recessed-sinks","8":"first","9":"instock","10":"shipping-taxable","11":"product-type-simple"},"acf":[],"_links":{"self":[{"href":"https:\/\/www.ceramicbasin.com\/es\/wp-json\/wp\/v2\/product\/5323","targetHints":{"allow":["GET"]}}],"collection":[{"href":"https:\/\/www.ceramicbasin.com\/es\/wp-json\/wp\/v2\/product"}],"about":[{"href":"https:\/\/www.ceramicbasin.com\/es\/wp-json\/wp\/v2\/types\/product"}],"replies":[{"embeddable":true,"href":"https:\/\/www.ceramicbasin.com\/es\/wp-json\/wp\/v2\/comments?post=5323"}],"wp:featuredmedia":[{"embeddable":true,"href":"https:\/\/www.ceramicbasin.com\/es\/wp-json\/wp\/v2\/media\/5305"}],"wp:attachment":[{"href":"https:\/\/www.ceramicbasin.com\/es\/wp-json\/wp\/v2\/media?parent=5323"}],"wp:term":[{"taxonomy":"product_brand","embeddable":true,"href":"https:\/\/www.ceramicbasin.com\/es\/wp-json\/wp\/v2\/product_brand?post=5323"},{"taxonomy":"product_cat","embeddable":true,"href":"https:\/\/www.ceramicbasin.com\/es\/wp-json\/wp\/v2\/product_cat?post=5323"},{"taxonomy":"product_tag","embeddable":true,"href":"https:\/\/www.ceramicbasin.com\/es\/wp-json\/wp\/v2\/product_tag?post=5323"}],"curies":[{"name":"wp","href":"https:\/\/api.w.org\/{rel}","templated":true}]}}