{"id":5326,"date":"2024-10-17T09:02:48","date_gmt":"2024-10-17T09:02:48","guid":{"rendered":"https:\/\/www.ceramicbasin.com\/?post_type=product&#038;p=5326"},"modified":"2024-10-25T01:08:40","modified_gmt":"2024-10-25T01:08:40","slug":"wholesale-semi-recessed-bathroom-basin","status":"publish","type":"product","link":"https:\/\/www.ceramicbasin.com\/es\/producto\/wholesale-semi-recessed-bathroom-basin\/","title":{"rendered":"Factory Wholesale Lavabos Semi-encastrados, Lavabos de Cer\u00e1mica"},"content":{"rendered":"<div class=\"wp-block-columns is-layout-flex wp-container-core-columns-is-layout-9d6595d7 wp-block-columns-is-layout-flex\">\n<div class=\"wp-block-column is-layout-flow wp-block-column-is-layout-flow\">\n<h2 class=\"wp-block-heading\">Premium al por mayor semi lavabos empotrados Caracter\u00edsticas:<\/h2>\n\n\n\n<ul class=\"wp-block-list\">\n<li><strong>Ampliamente adaptable:<\/strong>\u00a0Disponemos de varios tama\u00f1os y colores al por mayor de lavabo de ba\u00f1o semiencastrado, que pueden adaptarse a las necesidades de decoraci\u00f3n de ba\u00f1os de diferentes estilos. Tanto si se trata de un ba\u00f1o de estilo minimalista moderno como de un ba\u00f1o de estilo art\u00edstico, este lavabo puede integrarse perfectamente.<\/li>\n\n\n\n<li><strong>Garant\u00eda de calidad:\u00a0<\/strong>Nuestros avanzados equipos de producci\u00f3n y nuestro estricto sistema de control de calidad garantizan que todos los lavabos de ba\u00f1o al por mayor que salgan de f\u00e1brica cumplan las normas m\u00e1s estrictas. Ya se trate de durabilidad o est\u00e9tica, puede satisfacer las altas exigencias de los clientes.<\/li>\n\n\n\n<li><strong>Dise\u00f1o a la moda:<\/strong>\u00a0Este lavabo semiencastrado para ba\u00f1o al por mayor es precioso y adopta un nuevo dise\u00f1o de moda, combinando una est\u00e9tica moderna con funciones pr\u00e1cticas para a\u00f1adir un efecto visual \u00fanico al cuarto de ba\u00f1o.<\/li>\n\n\n\n<li><strong>Ahorro de costes:<\/strong>\u00a0La f\u00e1brica de lavabos de cer\u00e1mica HanYu le suministra directamente lavabos de ba\u00f1o al por mayor, y nuestros precios competitivos pueden ayudar a su negocio a aumentar los m\u00e1rgenes de beneficio.<\/li>\n<\/ul>\n<\/div>\n\n\n\n<div class=\"wp-block-column is-layout-flow wp-block-column-is-layout-flow\">\n<figure class=\"wp-block-image size-full\"><img fetchpriority=\"high\" decoding=\"async\" width=\"727\" height=\"888\" src=\"https:\/\/www.ceramicbasin.com\/wp-content\/uploads\/2024\/10\/Factory-supply-ceramic-sink-semi-recessed-basin-rectanglue-shape-5.webp\" alt=\"F\u00e1brica al por mayor semi lavabos empotrados, fregaderos de cer\u00e1mica-1\" class=\"wp-image-5311\" srcset=\"https:\/\/www.ceramicbasin.com\/wp-content\/uploads\/2024\/10\/Factory-supply-ceramic-sink-semi-recessed-basin-rectanglue-shape-5.webp 727w, https:\/\/www.ceramicbasin.com\/wp-content\/uploads\/2024\/10\/Factory-supply-ceramic-sink-semi-recessed-basin-rectanglue-shape-5-246x300.webp 246w, https:\/\/www.ceramicbasin.com\/wp-content\/uploads\/2024\/10\/Factory-supply-ceramic-sink-semi-recessed-basin-rectanglue-shape-5-10x12.webp 10w, https:\/\/www.ceramicbasin.com\/wp-content\/uploads\/2024\/10\/Factory-supply-ceramic-sink-semi-recessed-basin-rectanglue-shape-5-285x348.webp 285w, https:\/\/www.ceramicbasin.com\/wp-content\/uploads\/2024\/10\/Factory-supply-ceramic-sink-semi-recessed-basin-rectanglue-shape-5-540x660.webp 540w, https:\/\/www.ceramicbasin.com\/wp-content\/uploads\/2024\/10\/Factory-supply-ceramic-sink-semi-recessed-basin-rectanglue-shape-5-123x150.webp 123w\" sizes=\"(max-width: 727px) 100vw, 727px\" \/><\/figure>\n<\/div>\n<\/div>","protected":false},"excerpt":{"rendered":"<p>Bienvenido a comprar al por mayor semi lavabos empotrados. Como f\u00e1brica de lavabos de ba\u00f1o al por mayor, suministramos directamente lavabos de ba\u00f1o semi empotrados al por mayor. Nuestro avanzado equipo de producci\u00f3n y el estricto sistema de control de calidad garantizan que cada lavabo al por mayor enviado desde la f\u00e1brica cumple con altos est\u00e1ndares, y nuestros precios competitivos pueden ayudar a su negocio a aumentar los m\u00e1rgenes de beneficio.<\/p>\n<table style=\"border-collapse: collapse; width: 358.52pt;\" border=\"0\" width=\"478\" cellspacing=\"0\" cellpadding=\"0\">\n<tbody>\n<tr style=\"height: 17.25pt;\">\n<td class=\"et3\" style=\"height: 17.25pt; width: 125.00pt;\" width=\"166\" height=\"23\">Fabricante<\/td>\n<td class=\"et3\" style=\"width: 234.15pt;\" width=\"312\">HanYu<\/td>\n<\/tr>\n<tr style=\"height: 17.25pt;\">\n<td class=\"et3\" style=\"height: 17.25pt;\" height=\"23\">N\u00ba de modelo<\/td>\n<td class=\"et4\">HY-5043<\/td>\n<\/tr>\n<tr style=\"height: 17.25pt;\">\n<td class=\"et3\" style=\"height: 17.25pt;\" height=\"23\">Tipo<\/td>\n<td class=\"et5\" style=\"width: 234.15pt;\" width=\"312\">Fregaderos semiempotrados<\/td>\n<\/tr>\n<tr style=\"height: 18.00pt;\">\n<td class=\"et3\" style=\"height: 18.00pt;\" height=\"24\">Forma<\/td>\n<td class=\"et3\">Forma rectangular<\/td>\n<\/tr>\n<tr style=\"height: 34.50pt;\">\n<td class=\"et4\" style=\"height: 34.50pt;\" height=\"46\">Color<\/td>\n<td class=\"et5\" style=\"width: 234.15pt;\" width=\"312\">negro\/blanco\/azul\/gris\/rosa\/verde\/marr\u00f3n\/caqui<\/td>\n<\/tr>\n<tr style=\"height: 18.00pt;\">\n<td class=\"et3\" style=\"height: 18.00pt;\" height=\"24\">Dimensi\u00f3n<\/td>\n<td class=\"et5\" style=\"width: 234.15pt;\" width=\"312\">53*47*18.5<\/td>\n<\/tr>\n<tr style=\"height: 17.25pt;\">\n<td class=\"et3\" style=\"height: 17.25pt;\" height=\"23\">N.W \/SET<\/td>\n<td class=\"et3\">10KGS\/PCS<\/td>\n<\/tr>\n<tr style=\"height: 17.25pt;\">\n<td class=\"et3\" style=\"height: 17.25pt;\" height=\"23\">MOQ<\/td>\n<td class=\"et3\">20 piezas<\/td>\n<\/tr>\n<tr style=\"height: 17.25pt;\">\n<td class=\"et3\" style=\"height: 17.25pt;\" height=\"23\">Opci\u00f3n personalizada<\/td>\n<td class=\"et3\">Color\/Patr\u00f3n\/Tama\u00f1o\/Logotipo\/Embalaje<\/td>\n<\/tr>\n<\/tbody>\n<\/table>","protected":false},"featured_media":5310,"comment_status":"closed","ping_status":"closed","template":"","meta":{"_acf_changed":false},"product_brand":[],"product_cat":[58],"product_tag":[],"class_list":{"0":"post-5326","1":"product","2":"type-product","3":"status-publish","4":"has-post-thumbnail","6":"product_cat-wholesale-semi-recessed-sinks","8":"first","9":"instock","10":"shipping-taxable","11":"product-type-simple"},"acf":[],"_links":{"self":[{"href":"https:\/\/www.ceramicbasin.com\/es\/wp-json\/wp\/v2\/product\/5326","targetHints":{"allow":["GET"]}}],"collection":[{"href":"https:\/\/www.ceramicbasin.com\/es\/wp-json\/wp\/v2\/product"}],"about":[{"href":"https:\/\/www.ceramicbasin.com\/es\/wp-json\/wp\/v2\/types\/product"}],"replies":[{"embeddable":true,"href":"https:\/\/www.ceramicbasin.com\/es\/wp-json\/wp\/v2\/comments?post=5326"}],"wp:featuredmedia":[{"embeddable":true,"href":"https:\/\/www.ceramicbasin.com\/es\/wp-json\/wp\/v2\/media\/5310"}],"wp:attachment":[{"href":"https:\/\/www.ceramicbasin.com\/es\/wp-json\/wp\/v2\/media?parent=5326"}],"wp:term":[{"taxonomy":"product_brand","embeddable":true,"href":"https:\/\/www.ceramicbasin.com\/es\/wp-json\/wp\/v2\/product_brand?post=5326"},{"taxonomy":"product_cat","embeddable":true,"href":"https:\/\/www.ceramicbasin.com\/es\/wp-json\/wp\/v2\/product_cat?post=5326"},{"taxonomy":"product_tag","embeddable":true,"href":"https:\/\/www.ceramicbasin.com\/es\/wp-json\/wp\/v2\/product_tag?post=5326"}],"curies":[{"name":"wp","href":"https:\/\/api.w.org\/{rel}","templated":true}]}}