{"id":5328,"date":"2024-10-25T01:06:25","date_gmt":"2024-10-25T01:06:25","guid":{"rendered":"https:\/\/www.ceramicbasin.com\/?post_type=product&#038;p=5328"},"modified":"2024-10-25T01:06:30","modified_gmt":"2024-10-25T01:06:30","slug":"wholesale-wash-basin-semi-recessed-2","status":"publish","type":"product","link":"https:\/\/www.ceramicbasin.com\/es\/producto\/wholesale-wash-basin-semi-recessed-2\/","title":{"rendered":"Mayorista Lavabo Ceramico Semi Encastrable Fregadero Ba\u00f1o"},"content":{"rendered":"<div class=\"wp-block-columns is-layout-flex wp-container-core-columns-is-layout-9d6595d7 wp-block-columns-is-layout-flex\">\n<div class=\"wp-block-column is-layout-flow wp-block-column-is-layout-flow\">\n<h2 class=\"wp-block-heading\">Premium Lavabo Mayorista Semi Empotrado Caracter\u00edsticas:<\/h2>\n\n\n\n<ul class=\"wp-block-list\">\n<li><strong>Personalizaci\u00f3n ilimitada:\u00a0<\/strong>Como fabricante profesional de lavabos de cer\u00e1mica, HanYu ofrece una amplia gama de lavabos semi-encastrados al por mayor, incluyendo formas, tama\u00f1os, colores, etc. para satisfacer sus necesidades comerciales.<\/li>\n\n\n\n<li><strong>Calidad de gama alta:&nbsp;<\/strong>Nuestros lavabos de ba\u00f1o de porcelana al por mayor est\u00e1n hechos de arcilla de porcelana de alta calidad, con textura fina y alto brillo, mostrando una excelente calidad.<\/li>\n\n\n\n<li><strong>Precio ventajoso:\u00a0<\/strong>Ofrecemos servicios de pedidos al por mayor de lavabos semi-encastrados, que no s\u00f3lo son asequibles, sino que tambi\u00e9n se entregan r\u00e1pidamente, adecuados para proyectos comerciales y decoraci\u00f3n residencial a gran escala, satisfaciendo las necesidades de alta eficiencia y bajo coste.<\/li>\n\n\n\n<li><strong>Entrega r\u00e1pida:\u00a0<\/strong>Nuestros lavabos de porcelana al por mayor est\u00e1n en stock, sin necesidad de esperar un largo ciclo de producci\u00f3n. Despu\u00e9s de realizar un pedido, la entrega se puede organizar r\u00e1pidamente, lo que acorta en gran medida el tiempo de finalizaci\u00f3n de su proyecto y satisface las necesidades urgentes.<\/li>\n<\/ul>\n<\/div>\n\n\n\n<div class=\"wp-block-column is-layout-flow wp-block-column-is-layout-flow\">\n<figure class=\"wp-block-image size-full is-resized\"><img fetchpriority=\"high\" decoding=\"async\" width=\"1804\" height=\"1665\" src=\"https:\/\/www.ceramicbasin.com\/wp-content\/uploads\/2024\/10\/Fashion-design-ceramic-basin-factory-hot-sale-semi-recessed-sink-5.webp\" alt=\"Mayorista Lavabo Ceramico Semi-encastrado Fregadero-1\" class=\"wp-image-5321\" style=\"width:404px;height:auto\" srcset=\"https:\/\/www.ceramicbasin.com\/wp-content\/uploads\/2024\/10\/Fashion-design-ceramic-basin-factory-hot-sale-semi-recessed-sink-5.webp 1804w, https:\/\/www.ceramicbasin.com\/wp-content\/uploads\/2024\/10\/Fashion-design-ceramic-basin-factory-hot-sale-semi-recessed-sink-5-300x277.webp 300w, https:\/\/www.ceramicbasin.com\/wp-content\/uploads\/2024\/10\/Fashion-design-ceramic-basin-factory-hot-sale-semi-recessed-sink-5-768x709.webp 768w, https:\/\/www.ceramicbasin.com\/wp-content\/uploads\/2024\/10\/Fashion-design-ceramic-basin-factory-hot-sale-semi-recessed-sink-5-13x12.webp 13w, https:\/\/www.ceramicbasin.com\/wp-content\/uploads\/2024\/10\/Fashion-design-ceramic-basin-factory-hot-sale-semi-recessed-sink-5-285x263.webp 285w, https:\/\/www.ceramicbasin.com\/wp-content\/uploads\/2024\/10\/Fashion-design-ceramic-basin-factory-hot-sale-semi-recessed-sink-5-1600x1477.webp 1600w, https:\/\/www.ceramicbasin.com\/wp-content\/uploads\/2024\/10\/Fashion-design-ceramic-basin-factory-hot-sale-semi-recessed-sink-5-660x609.webp 660w, https:\/\/www.ceramicbasin.com\/wp-content\/uploads\/2024\/10\/Fashion-design-ceramic-basin-factory-hot-sale-semi-recessed-sink-5-150x138.webp 150w\" sizes=\"(max-width: 1804px) 100vw, 1804px\" \/><\/figure>\n<\/div>\n<\/div>\n\n\n\n<p><\/p>","protected":false},"excerpt":{"rendered":"<p>Bienvenido a la compra al por mayor de lavabos semi-encastrados. Nuestros fregaderos de ba\u00f1o de porcelana al por mayor est\u00e1n hechos de arcilla de porcelana de alta calidad, con textura fina y alto brillo, mostrando una excelente calidad. Nuestros lavabos de ba\u00f1o de porcelana al por mayor est\u00e1n en stock, sin esperar un largo ciclo de producci\u00f3n.\u00a0<\/p>\n<table style=\"border-collapse: collapse; width: 358.52pt;\" border=\"0\" width=\"478\" cellspacing=\"0\" cellpadding=\"0\">\n<tbody>\n<tr style=\"height: 17.25pt;\">\n<td class=\"et3\" style=\"height: 17.25pt; width: 125.00pt;\" width=\"166\" height=\"23\">Fabricante<\/td>\n<td class=\"et3\" style=\"width: 234.15pt;\" width=\"312\">HanYu<\/td>\n<\/tr>\n<tr style=\"height: 17.25pt;\">\n<td class=\"et3\" style=\"height: 17.25pt;\" height=\"23\">N\u00ba de modelo<\/td>\n<td class=\"et4\">HY-5091<\/td>\n<\/tr>\n<tr style=\"height: 17.25pt;\">\n<td class=\"et3\" style=\"height: 17.25pt;\" height=\"23\">Tipo<\/td>\n<td class=\"et5\" style=\"width: 234.15pt;\" width=\"312\">Lavabos semiempotrados<\/td>\n<\/tr>\n<tr style=\"height: 18.00pt;\">\n<td class=\"et3\" style=\"height: 18.00pt;\" height=\"24\">Forma<\/td>\n<td class=\"et3\">Forma ovalada<\/td>\n<\/tr>\n<tr style=\"height: 34.50pt;\">\n<td class=\"et4\" style=\"height: 34.50pt;\" height=\"46\">Color<\/td>\n<td class=\"et5\" style=\"width: 234.15pt;\" width=\"312\">negro\/blanco\/azul\/gris\/rosa\/verde\/marr\u00f3n\/caqui<\/td>\n<\/tr>\n<tr style=\"height: 18.00pt;\">\n<td class=\"et3\" style=\"height: 18.00pt;\" height=\"24\">Dimensi\u00f3n<\/td>\n<td class=\"et5\" style=\"width: 234.15pt;\" width=\"312\">50*40*16.5<\/td>\n<\/tr>\n<tr style=\"height: 17.25pt;\">\n<td class=\"et3\" style=\"height: 17.25pt;\" height=\"23\">N.W \/SET<\/td>\n<td class=\"et3\">10KGS\/PCS<\/td>\n<\/tr>\n<tr style=\"height: 17.25pt;\">\n<td class=\"et3\" style=\"height: 17.25pt;\" height=\"23\">MOQ<\/td>\n<td class=\"et3\">20 piezas<\/td>\n<\/tr>\n<tr style=\"height: 17.25pt;\">\n<td class=\"et3\" style=\"height: 17.25pt;\" height=\"23\">Opci\u00f3n personalizada<\/td>\n<td class=\"et3\">Color\/Patr\u00f3n\/Tama\u00f1o\/Logotipo\/Embalaje<\/td>\n<\/tr>\n<\/tbody>\n<\/table>","protected":false},"featured_media":5320,"comment_status":"closed","ping_status":"closed","template":"","meta":{"_acf_changed":false},"product_brand":[],"product_cat":[58],"product_tag":[],"class_list":{"0":"post-5328","1":"product","2":"type-product","3":"status-publish","4":"has-post-thumbnail","6":"product_cat-wholesale-semi-recessed-sinks","8":"first","9":"instock","10":"shipping-taxable","11":"product-type-simple"},"acf":[],"_links":{"self":[{"href":"https:\/\/www.ceramicbasin.com\/es\/wp-json\/wp\/v2\/product\/5328","targetHints":{"allow":["GET"]}}],"collection":[{"href":"https:\/\/www.ceramicbasin.com\/es\/wp-json\/wp\/v2\/product"}],"about":[{"href":"https:\/\/www.ceramicbasin.com\/es\/wp-json\/wp\/v2\/types\/product"}],"replies":[{"embeddable":true,"href":"https:\/\/www.ceramicbasin.com\/es\/wp-json\/wp\/v2\/comments?post=5328"}],"wp:featuredmedia":[{"embeddable":true,"href":"https:\/\/www.ceramicbasin.com\/es\/wp-json\/wp\/v2\/media\/5320"}],"wp:attachment":[{"href":"https:\/\/www.ceramicbasin.com\/es\/wp-json\/wp\/v2\/media?parent=5328"}],"wp:term":[{"taxonomy":"product_brand","embeddable":true,"href":"https:\/\/www.ceramicbasin.com\/es\/wp-json\/wp\/v2\/product_brand?post=5328"},{"taxonomy":"product_cat","embeddable":true,"href":"https:\/\/www.ceramicbasin.com\/es\/wp-json\/wp\/v2\/product_cat?post=5328"},{"taxonomy":"product_tag","embeddable":true,"href":"https:\/\/www.ceramicbasin.com\/es\/wp-json\/wp\/v2\/product_tag?post=5328"}],"curies":[{"name":"wp","href":"https:\/\/api.w.org\/{rel}","templated":true}]}}