{"id":5402,"date":"2024-10-22T06:14:27","date_gmt":"2024-10-22T06:14:27","guid":{"rendered":"https:\/\/www.ceramicbasin.com\/?post_type=product&#038;p=5402"},"modified":"2024-12-06T09:23:33","modified_gmt":"2024-12-06T09:23:33","slug":"ceramic-sink-wholesale","status":"publish","type":"product","link":"https:\/\/www.ceramicbasin.com\/es\/producto\/ceramic-sink-wholesale\/","title":{"rendered":"Fregadero De Cer\u00e1mica Con Textura De M\u00e1rmol Al Por Mayor, Fregaderos De Cer\u00e1mica A Medida"},"content":{"rendered":"<div class=\"wp-block-columns is-layout-flex wp-container-core-columns-is-layout-9d6595d7 wp-block-columns-is-layout-flex\">\n<div class=\"wp-block-column is-layout-flow wp-block-column-is-layout-flow\">\n<h2 class=\"wp-block-heading\">Premium fregadero de cer\u00e1mica al por mayor Caracter\u00edsticas:<\/h2>\n\n\n\n<ul class=\"wp-block-list\">\n<li><strong>Colorido<\/strong>: El color de m\u00e1rmol de este fregadero de cer\u00e1mica al por mayor se hace por la impresi\u00f3n de transferencia de agua sobre la base de un lavabo blanco brillante ordinario, que es hermoso y duradero.<\/li>\n\n\n\n<li><strong>Venta directa de f\u00e1brica:<\/strong>\u00a0Los lavabos de cer\u00e1mica a medida de HanYu son vendidos directamente por la f\u00e1brica, lo que elimina la diferencia de precio de los intermediarios, y la compra de lavabos de ba\u00f1o al por mayor le garantiza la compra de lavabos de ba\u00f1o de alta calidad al por mayor al menor coste.<\/li>\n\n\n\n<li><strong>Material cer\u00e1mico de alta calidad<\/strong>: Este fregadero de cer\u00e1mica al por mayor est\u00e1 hecho de vidrio de alta calidad con alta transparencia y textura delicada, que tiene excelentes efectos visuales y un sentido moderno, garantizando la durabilidad y la belleza del producto.<\/li>\n\n\n\n<li><strong>Dise\u00f1o montado en la parte superior: <\/strong>El exclusivo m\u00e9todo de montaje sobre encimera es estable y fiable, nuestros lavabos de cer\u00e1mica a medida sobre encimera no s\u00f3lo ahorran espacio, sino que tambi\u00e9n aportan un toque moderno al cuarto de ba\u00f1o y se adaptan a diversos estilos de decoraci\u00f3n.<\/li>\n<\/ul>\n<\/div>\n\n\n\n<div class=\"wp-block-column is-layout-flow wp-block-column-is-layout-flow\">\n<figure class=\"wp-block-image size-full\"><img fetchpriority=\"high\" decoding=\"async\" width=\"800\" height=\"800\" src=\"https:\/\/www.ceramicbasin.com\/wp-content\/uploads\/2024\/10\/Marble-Color-Basins-Wholesaledesigner-wash-basincounter-top-basin5.webp\" alt=\"Fregadero De Cer\u00e1mica Con Textura De M\u00e1rmol Al Por Mayor, Fregaderos De Cer\u00e1mica A Medida-1\" class=\"wp-image-5407\" srcset=\"https:\/\/www.ceramicbasin.com\/wp-content\/uploads\/2024\/10\/Marble-Color-Basins-Wholesaledesigner-wash-basincounter-top-basin5.webp 800w, https:\/\/www.ceramicbasin.com\/wp-content\/uploads\/2024\/10\/Marble-Color-Basins-Wholesaledesigner-wash-basincounter-top-basin5-300x300.webp 300w, https:\/\/www.ceramicbasin.com\/wp-content\/uploads\/2024\/10\/Marble-Color-Basins-Wholesaledesigner-wash-basincounter-top-basin5-150x150.webp 150w, https:\/\/www.ceramicbasin.com\/wp-content\/uploads\/2024\/10\/Marble-Color-Basins-Wholesaledesigner-wash-basincounter-top-basin5-768x768.webp 768w, https:\/\/www.ceramicbasin.com\/wp-content\/uploads\/2024\/10\/Marble-Color-Basins-Wholesaledesigner-wash-basincounter-top-basin5-12x12.webp 12w, https:\/\/www.ceramicbasin.com\/wp-content\/uploads\/2024\/10\/Marble-Color-Basins-Wholesaledesigner-wash-basincounter-top-basin5-285x285.webp 285w, https:\/\/www.ceramicbasin.com\/wp-content\/uploads\/2024\/10\/Marble-Color-Basins-Wholesaledesigner-wash-basincounter-top-basin5-270x270.webp 270w, https:\/\/www.ceramicbasin.com\/wp-content\/uploads\/2024\/10\/Marble-Color-Basins-Wholesaledesigner-wash-basincounter-top-basin5-540x540.webp 540w, https:\/\/www.ceramicbasin.com\/wp-content\/uploads\/2024\/10\/Marble-Color-Basins-Wholesaledesigner-wash-basincounter-top-basin5-660x660.webp 660w\" sizes=\"(max-width: 800px) 100vw, 800px\" \/><\/figure>\n<\/div>\n<\/div>","protected":false},"excerpt":{"rendered":"<p>Bienvenido a comprar fregaderos de cer\u00e1mica a medida. HanYu ofrece fregadero de cer\u00e1mica al por mayor con colores de m\u00e1rmol vibrante logrado a trav\u00e9s de la impresi\u00f3n por transferencia de agua en una cuenca de color blanco brillante, lo que garantiza la belleza y durabilidad. Vendidos directamente de f\u00e1brica, estos fregaderos al por mayor eliminan los costes de intermediarios, permitiendo compras al por mayor a los precios m\u00e1s bajos. El dise\u00f1o de montaje superior es estable, ahorra espacio y se adapta a varios estilos de decoraci\u00f3n.<\/p>\n<table style=\"border-collapse: collapse; width: 358.52pt;\" border=\"0\" width=\"478\" cellspacing=\"0\" cellpadding=\"0\">\n<tbody>\n<tr style=\"height: 17.25pt;\">\n<td class=\"et3\" style=\"height: 17.25pt; width: 125.00pt;\" width=\"166\" height=\"23\">Fabricante<\/td>\n<td class=\"et3\" style=\"width: 234.15pt;\" width=\"312\">HanYu<\/td>\n<\/tr>\n<tr style=\"height: 17.25pt;\">\n<td class=\"et3\" style=\"height: 17.25pt;\" height=\"23\">N\u00ba de modelo<\/td>\n<td class=\"et4\">HY-435D126<\/td>\n<\/tr>\n<tr style=\"height: 17.25pt;\">\n<td class=\"et3\" style=\"height: 17.25pt;\" height=\"23\">Tipo<\/td>\n<td class=\"et5\" style=\"width: 234.15pt;\" width=\"312\">Fregadero de m\u00e1rmol<\/td>\n<\/tr>\n<tr style=\"height: 18.00pt;\">\n<td class=\"et3\" style=\"height: 18.00pt;\" height=\"24\">Forma<\/td>\n<td class=\"et3\">Forma rectangular<\/td>\n<\/tr>\n<tr style=\"height: 34.50pt;\">\n<td class=\"et4\" style=\"height: 34.50pt;\" height=\"46\">Color<\/td>\n<td class=\"et5\" style=\"width: 234.15pt;\" width=\"312\">Blanco y negro<\/td>\n<\/tr>\n<tr style=\"height: 18.00pt;\">\n<td class=\"et3\" style=\"height: 18.00pt;\" height=\"24\">Dimensi\u00f3n<\/td>\n<td class=\"et5\" style=\"width: 234.15pt;\" width=\"312\">40*40*12<\/td>\n<\/tr>\n<tr style=\"height: 17.25pt;\">\n<td class=\"et3\" style=\"height: 17.25pt;\" height=\"23\">N.W \/SET<\/td>\n<td class=\"et3\">12KGS\/PCS<\/td>\n<\/tr>\n<tr style=\"height: 17.25pt;\">\n<td class=\"et3\" style=\"height: 17.25pt;\" height=\"23\">MOQ<\/td>\n<td class=\"et3\">20 piezas<\/td>\n<\/tr>\n<tr style=\"height: 17.25pt;\">\n<td class=\"et3\" style=\"height: 17.25pt;\" height=\"23\">Opci\u00f3n personalizada<\/td>\n<td class=\"et3\">Color\/Patr\u00f3n\/Tama\u00f1o\/Logotipo\/Embalaje<\/td>\n<\/tr>\n<\/tbody>\n<\/table>","protected":false},"featured_media":5406,"comment_status":"closed","ping_status":"closed","template":"","meta":{"_acf_changed":false},"product_brand":[],"product_cat":[54,50],"product_tag":[],"class_list":{"0":"post-5402","1":"product","2":"type-product","3":"status-publish","4":"has-post-thumbnail","6":"product_cat-wholesale-marble-sinks","7":"product_cat-wholesale-countertop-sinks","9":"first","10":"instock","11":"shipping-taxable","12":"product-type-simple"},"acf":[],"_links":{"self":[{"href":"https:\/\/www.ceramicbasin.com\/es\/wp-json\/wp\/v2\/product\/5402","targetHints":{"allow":["GET"]}}],"collection":[{"href":"https:\/\/www.ceramicbasin.com\/es\/wp-json\/wp\/v2\/product"}],"about":[{"href":"https:\/\/www.ceramicbasin.com\/es\/wp-json\/wp\/v2\/types\/product"}],"replies":[{"embeddable":true,"href":"https:\/\/www.ceramicbasin.com\/es\/wp-json\/wp\/v2\/comments?post=5402"}],"wp:featuredmedia":[{"embeddable":true,"href":"https:\/\/www.ceramicbasin.com\/es\/wp-json\/wp\/v2\/media\/5406"}],"wp:attachment":[{"href":"https:\/\/www.ceramicbasin.com\/es\/wp-json\/wp\/v2\/media?parent=5402"}],"wp:term":[{"taxonomy":"product_brand","embeddable":true,"href":"https:\/\/www.ceramicbasin.com\/es\/wp-json\/wp\/v2\/product_brand?post=5402"},{"taxonomy":"product_cat","embeddable":true,"href":"https:\/\/www.ceramicbasin.com\/es\/wp-json\/wp\/v2\/product_cat?post=5402"},{"taxonomy":"product_tag","embeddable":true,"href":"https:\/\/www.ceramicbasin.com\/es\/wp-json\/wp\/v2\/product_tag?post=5402"}],"curies":[{"name":"wp","href":"https:\/\/api.w.org\/{rel}","templated":true}]}}