{"id":5423,"date":"2024-10-22T07:18:16","date_gmt":"2024-10-22T07:18:16","guid":{"rendered":"https:\/\/www.ceramicbasin.com\/?post_type=product&#038;p=5423"},"modified":"2024-10-25T02:30:27","modified_gmt":"2024-10-25T02:30:27","slug":"wall-hung-bathroom-sink-wholesale","status":"publish","type":"product","link":"https:\/\/www.ceramicbasin.com\/es\/producto\/wall-hung-bathroom-sink-wholesale\/","title":{"rendered":"Fregadero De Ba\u00f1o De Pared Al Por Mayor, Lavabo De Medio Pedestal"},"content":{"rendered":"<div class=\"wp-block-columns is-layout-flex wp-container-core-columns-is-layout-9d6595d7 wp-block-columns-is-layout-flex\">\n<div class=\"wp-block-column is-layout-flow wp-block-column-is-layout-flow\">\n<h2 class=\"wp-block-heading\">Premium Wall Hung Fregadero de ba\u00f1o al por mayor Caracter\u00edsticas<\/h2>\n\n\n\n<ul class=\"wp-block-list\">\n<li><strong>Dise\u00f1o elegante:<\/strong> Nuestros lavabos murales al por mayor a\u00f1aden un toque de elegancia y modernidad a cualquier cuarto de ba\u00f1o, convirti\u00e9ndolos en un elegante punto focal.<\/li>\n\n\n\n<li><strong>Materiales cer\u00e1micos de alta calidad: <\/strong>Nuestro lavabo de medio pedestal al por mayor est\u00e1 hecho de cer\u00e1mica de alta calidad, cocida a alta temperatura y con una superficie suave y delicada. Tiene una excelente durabilidad, resistencia a las manchas y resistencia a los ara\u00f1azos, lo que garantiza que se mantenga brillante y brillante despu\u00e9s de un uso prolongado, y es f\u00e1cil de limpiar y mantener.<\/li>\n\n\n\n<li><strong>Instalaci\u00f3n mural:<\/strong> El dise\u00f1o montado en la pared de este lavabo de ba\u00f1o colgado de la pared al por mayor no s\u00f3lo ahorra espacio en el suelo, sino que tambi\u00e9n mejora la amplitud visual general del cuarto de ba\u00f1o. Es simple y hermoso, f\u00e1cil de instalar, y se adapta a diferentes necesidades de altura, por lo que la zona de lavado de manos m\u00e1s pr\u00e1ctico y de moda.<\/li>\n\n\n\n<li><strong>Selecci\u00f3n variada:<\/strong>\u00a0Ofrecemos una variedad de estilos, tama\u00f1os y colores de lavabos de medio pedestal al por mayor para elegir, satisfaciendo las necesidades de diferentes estilos de ba\u00f1o e integr\u00e1ndolos f\u00e1cilmente en varios dise\u00f1os de decoraci\u00f3n.<\/li>\n<\/ul>\n<\/div>\n\n\n\n<div class=\"wp-block-column is-layout-flow wp-block-column-is-layout-flow\">\n<figure class=\"wp-block-image size-full\"><img fetchpriority=\"high\" decoding=\"async\" width=\"800\" height=\"800\" src=\"https:\/\/www.ceramicbasin.com\/wp-content\/uploads\/2024\/10\/wall-mount-bathroom-sinkwall-Mounted-Bathroom-Sinks-Wholesalecustom-ceramic-sink2.webp\" alt=\"Fregadero De Ba\u00f1o De Pared Al Por Mayor, Lavabo De Medio Pedestal-1\" class=\"wp-image-5425\" srcset=\"https:\/\/www.ceramicbasin.com\/wp-content\/uploads\/2024\/10\/wall-mount-bathroom-sinkwall-Mounted-Bathroom-Sinks-Wholesalecustom-ceramic-sink2.webp 800w, https:\/\/www.ceramicbasin.com\/wp-content\/uploads\/2024\/10\/wall-mount-bathroom-sinkwall-Mounted-Bathroom-Sinks-Wholesalecustom-ceramic-sink2-300x300.webp 300w, https:\/\/www.ceramicbasin.com\/wp-content\/uploads\/2024\/10\/wall-mount-bathroom-sinkwall-Mounted-Bathroom-Sinks-Wholesalecustom-ceramic-sink2-150x150.webp 150w, https:\/\/www.ceramicbasin.com\/wp-content\/uploads\/2024\/10\/wall-mount-bathroom-sinkwall-Mounted-Bathroom-Sinks-Wholesalecustom-ceramic-sink2-768x768.webp 768w, https:\/\/www.ceramicbasin.com\/wp-content\/uploads\/2024\/10\/wall-mount-bathroom-sinkwall-Mounted-Bathroom-Sinks-Wholesalecustom-ceramic-sink2-12x12.webp 12w, https:\/\/www.ceramicbasin.com\/wp-content\/uploads\/2024\/10\/wall-mount-bathroom-sinkwall-Mounted-Bathroom-Sinks-Wholesalecustom-ceramic-sink2-285x285.webp 285w, https:\/\/www.ceramicbasin.com\/wp-content\/uploads\/2024\/10\/wall-mount-bathroom-sinkwall-Mounted-Bathroom-Sinks-Wholesalecustom-ceramic-sink2-270x270.webp 270w, https:\/\/www.ceramicbasin.com\/wp-content\/uploads\/2024\/10\/wall-mount-bathroom-sinkwall-Mounted-Bathroom-Sinks-Wholesalecustom-ceramic-sink2-540x540.webp 540w, https:\/\/www.ceramicbasin.com\/wp-content\/uploads\/2024\/10\/wall-mount-bathroom-sinkwall-Mounted-Bathroom-Sinks-Wholesalecustom-ceramic-sink2-660x660.webp 660w\" sizes=\"(max-width: 800px) 100vw, 800px\" \/><\/figure>\n<\/div>\n<\/div>","protected":false},"excerpt":{"rendered":"<p>Bienvenido a los lavabos murales a medida. Este lavabo de ba\u00f1o colgado de la pared al por mayor cuenta con un dise\u00f1o que ahorra espacio y est\u00e1 hecho de materiales cer\u00e1micos de alta calidad con una excelente durabilidad y resistencia a las manchas. El dise\u00f1o montado en la pared no s\u00f3lo optimiza la utilizaci\u00f3n del espacio, sino que tambi\u00e9n mejora la est\u00e9tica general del cuarto de ba\u00f1o. Admite la personalizaci\u00f3n y es adecuado para una gran variedad de ubicaciones dom\u00e9sticas y comerciales.<\/p>\n<table style=\"border-collapse: collapse; width: 358.52pt;\" border=\"0\" width=\"478\" cellspacing=\"0\" cellpadding=\"0\">\n<tbody>\n<tr style=\"height: 17.25pt;\">\n<td class=\"et3\" style=\"height: 17.25pt; width: 125.00pt;\" width=\"166\" height=\"23\">Fabricante<\/td>\n<td class=\"et3\" style=\"width: 234.15pt;\" width=\"312\">HanYu<\/td>\n<\/tr>\n<tr style=\"height: 17.25pt;\">\n<td class=\"et3\" style=\"height: 17.25pt;\" height=\"23\">N\u00ba de modelo<\/td>\n<td class=\"et4\">HY-3042<\/td>\n<\/tr>\n<tr style=\"height: 17.25pt;\">\n<td class=\"et3\" style=\"height: 17.25pt;\" height=\"23\">Tipo<\/td>\n<td class=\"et5\" style=\"width: 234.15pt;\" width=\"312\">Fregaderos murales, lavabos peque\u00f1os<\/td>\n<\/tr>\n<tr style=\"height: 18.00pt;\">\n<td class=\"et3\" style=\"height: 18.00pt;\" height=\"24\">Forma<\/td>\n<td class=\"et3\">Forma redonda<\/td>\n<\/tr>\n<tr style=\"height: 34.50pt;\">\n<td class=\"et4\" style=\"height: 34.50pt;\" height=\"46\">Color<\/td>\n<td class=\"et5\" style=\"width: 234.15pt;\" width=\"312\">negro\/blanco\/azul\/gris\/rosa\/verde\/marr\u00f3n\/caqui<\/td>\n<\/tr>\n<tr style=\"height: 18.00pt;\">\n<td class=\"et3\" style=\"height: 18.00pt;\" height=\"24\">Dimensi\u00f3n<\/td>\n<td class=\"et5\" style=\"width: 234.15pt;\" width=\"312\">31*43*12.5<\/td>\n<\/tr>\n<tr style=\"height: 17.25pt;\">\n<td class=\"et3\" style=\"height: 17.25pt;\" height=\"23\">N.W \/SET<\/td>\n<td class=\"et3\">7KGS\/PCS<\/td>\n<\/tr>\n<tr style=\"height: 17.25pt;\">\n<td class=\"et3\" style=\"height: 17.25pt;\" height=\"23\">MOQ<\/td>\n<td class=\"et3\">20 piezas<\/td>\n<\/tr>\n<tr style=\"height: 17.25pt;\">\n<td class=\"et3\" style=\"height: 17.25pt;\" height=\"23\">Opci\u00f3n personalizada<\/td>\n<td class=\"et3\">Color\/Patr\u00f3n\/Tama\u00f1o\/Logotipo\/Embalaje<\/td>\n<\/tr>\n<\/tbody>\n<\/table>","protected":false},"featured_media":5428,"comment_status":"closed","ping_status":"closed","template":"","meta":{"_acf_changed":false},"product_brand":[],"product_cat":[57],"product_tag":[],"class_list":{"0":"post-5423","1":"product","2":"type-product","3":"status-publish","4":"has-post-thumbnail","6":"product_cat-wholesale-wall-mounted-sinks","8":"first","9":"instock","10":"shipping-taxable","11":"product-type-simple"},"acf":[],"_links":{"self":[{"href":"https:\/\/www.ceramicbasin.com\/es\/wp-json\/wp\/v2\/product\/5423","targetHints":{"allow":["GET"]}}],"collection":[{"href":"https:\/\/www.ceramicbasin.com\/es\/wp-json\/wp\/v2\/product"}],"about":[{"href":"https:\/\/www.ceramicbasin.com\/es\/wp-json\/wp\/v2\/types\/product"}],"replies":[{"embeddable":true,"href":"https:\/\/www.ceramicbasin.com\/es\/wp-json\/wp\/v2\/comments?post=5423"}],"wp:featuredmedia":[{"embeddable":true,"href":"https:\/\/www.ceramicbasin.com\/es\/wp-json\/wp\/v2\/media\/5428"}],"wp:attachment":[{"href":"https:\/\/www.ceramicbasin.com\/es\/wp-json\/wp\/v2\/media?parent=5423"}],"wp:term":[{"taxonomy":"product_brand","embeddable":true,"href":"https:\/\/www.ceramicbasin.com\/es\/wp-json\/wp\/v2\/product_brand?post=5423"},{"taxonomy":"product_cat","embeddable":true,"href":"https:\/\/www.ceramicbasin.com\/es\/wp-json\/wp\/v2\/product_cat?post=5423"},{"taxonomy":"product_tag","embeddable":true,"href":"https:\/\/www.ceramicbasin.com\/es\/wp-json\/wp\/v2\/product_tag?post=5423"}],"curies":[{"name":"wp","href":"https:\/\/api.w.org\/{rel}","templated":true}]}}