{"id":5433,"date":"2024-10-30T02:19:52","date_gmt":"2024-10-30T02:19:52","guid":{"rendered":"https:\/\/www.ceramicbasin.com\/?post_type=product&#038;p=5433"},"modified":"2024-11-08T09:57:31","modified_gmt":"2024-11-08T09:57:31","slug":"basin-wholesale","status":"publish","type":"product","link":"https:\/\/www.ceramicbasin.com\/es\/producto\/basin-wholesale\/","title":{"rendered":"Lavabo De Cer\u00e1mica Rectangular Al Por Mayor, Lavabo De Ba\u00f1o Suministro De F\u00e1brica"},"content":{"rendered":"<div class=\"wp-block-columns is-layout-flex wp-container-core-columns-is-layout-9d6595d7 wp-block-columns-is-layout-flex\">\n<div class=\"wp-block-column is-layout-flow wp-block-column-is-layout-flow\">\n<h2 class=\"wp-block-heading\">Lavabo de cer\u00e1mica Premium al por mayor Caracter\u00edsticas:<\/h2>\n\n\n\n<ul class=\"wp-block-list\">\n<li><strong>Elegante dise\u00f1o rectangular: <\/strong>Este lavabo de cer\u00e1mica personalizado al por mayor adopta un sencillo dise\u00f1o rectangular de l\u00edneas suaves, que puede integrarse f\u00e1cilmente en diversos estilos de decoraci\u00f3n de cuartos de ba\u00f1o, a\u00f1adiendo elegancia a cuartos de ba\u00f1o de estilo moderno, sencillo o cl\u00e1sico.<\/li>\n\n\n\n<li><strong>Duradera y bonita: <\/strong>Nuestra f\u00e1brica suministra lavabos de ba\u00f1o al por mayor con materiales cer\u00e1micos seleccionados de alta calidad. Tiene una superficie delicada y lisa que no se adhiere a las manchas con facilidad. Por lo tanto, es f\u00e1cil de limpiar y mantener un alto brillo. Aunque se haya utilizado durante mucho tiempo, sigue estando como nuevo.<\/li>\n\n\n\n<li><strong>Excelente resistencia al rayado y a la corrosi\u00f3n: <\/strong>Este lavabo de cer\u00e1mica al por mayor tiene una resistencia superior a los ara\u00f1azos y a la corrosi\u00f3n qu\u00edmica. En el uso diario, se puede evitar la abrasi\u00f3n desgaste o detergente y la corrosi\u00f3n qu\u00edmica con eficacia para seguir siendo duradera y mantener su aspecto integral durante mucho tiempo.<\/li>\n\n\n\n<li><strong>Personalizaci\u00f3n disponible: <\/strong>Con el fin de satisfacer las necesidades personalizadas de los distintos usuarios, ofrecemos servicios personalizados para la venta al por mayor de lavabos de ba\u00f1o en varios tama\u00f1os y estilos. Tanto si se trata de un peque\u00f1o cuarto de ba\u00f1o familiar como de un gran local comercial, podr\u00e1 encontrar el tama\u00f1o y el dise\u00f1o adecuados con una gran flexibilidad.<\/li>\n<\/ul>\n<\/div>\n\n\n\n<div class=\"wp-block-column is-layout-flow wp-block-column-is-layout-flow\">\n<figure class=\"wp-block-image size-full\"><img fetchpriority=\"high\" decoding=\"async\" width=\"860\" height=\"860\" src=\"https:\/\/www.ceramicbasin.com\/wp-content\/uploads\/2024\/10\/Bathroom-Wash-Basin-FactoryCeramic-Rectangle-Shape-Basin-4.webp\" alt=\"Lavabo De Cer\u00e1mica Rect\u00e1ngulo Al Por Mayor, Lavabo De Ba\u00f1o De F\u00e1brica Supply-1\" class=\"wp-image-5437\" srcset=\"https:\/\/www.ceramicbasin.com\/wp-content\/uploads\/2024\/10\/Bathroom-Wash-Basin-FactoryCeramic-Rectangle-Shape-Basin-4.webp 860w, https:\/\/www.ceramicbasin.com\/wp-content\/uploads\/2024\/10\/Bathroom-Wash-Basin-FactoryCeramic-Rectangle-Shape-Basin-4-300x300.webp 300w, https:\/\/www.ceramicbasin.com\/wp-content\/uploads\/2024\/10\/Bathroom-Wash-Basin-FactoryCeramic-Rectangle-Shape-Basin-4-150x150.webp 150w, https:\/\/www.ceramicbasin.com\/wp-content\/uploads\/2024\/10\/Bathroom-Wash-Basin-FactoryCeramic-Rectangle-Shape-Basin-4-768x768.webp 768w, https:\/\/www.ceramicbasin.com\/wp-content\/uploads\/2024\/10\/Bathroom-Wash-Basin-FactoryCeramic-Rectangle-Shape-Basin-4-12x12.webp 12w, https:\/\/www.ceramicbasin.com\/wp-content\/uploads\/2024\/10\/Bathroom-Wash-Basin-FactoryCeramic-Rectangle-Shape-Basin-4-285x285.webp 285w, https:\/\/www.ceramicbasin.com\/wp-content\/uploads\/2024\/10\/Bathroom-Wash-Basin-FactoryCeramic-Rectangle-Shape-Basin-4-270x270.webp 270w, https:\/\/www.ceramicbasin.com\/wp-content\/uploads\/2024\/10\/Bathroom-Wash-Basin-FactoryCeramic-Rectangle-Shape-Basin-4-540x540.webp 540w, https:\/\/www.ceramicbasin.com\/wp-content\/uploads\/2024\/10\/Bathroom-Wash-Basin-FactoryCeramic-Rectangle-Shape-Basin-4-660x660.webp 660w\" sizes=\"(max-width: 860px) 100vw, 860px\" \/><\/figure>\n<\/div>\n<\/div>\n\n\n\n<p><\/p>","protected":false},"excerpt":{"rendered":"<p>Bienvenido a comprar lavabo de ba\u00f1o de la f\u00e1brica hanyu. Hecho por la materia prima superior, este lavabo de cer\u00e1mica rect\u00e1ngulo por mayor goza de dise\u00f1o simple y elegante y superficie lisa, f\u00e1cil de limpiar, resistente a los ara\u00f1azos y resistente a la corrosi\u00f3n. Tambi\u00e9n admite varios tama\u00f1os con personalizaci\u00f3n accesible. Es una opci\u00f3n ideal para cuartos de ba\u00f1o de hogares y empresas.<\/p>\n<table style=\"border-collapse: collapse; width: 358.52pt;\" border=\"0\" width=\"478\" cellspacing=\"0\" cellpadding=\"0\">\n<tbody>\n<tr style=\"height: 17.25pt;\">\n<td class=\"et3\" style=\"height: 17.25pt; width: 125.00pt;\" width=\"166\" height=\"23\">Fabricante<\/td>\n<td class=\"et3\" style=\"width: 234.15pt;\" width=\"312\">HanYu<\/td>\n<\/tr>\n<tr style=\"height: 17.25pt;\">\n<td class=\"et3\" style=\"height: 17.25pt;\" height=\"23\">N\u00ba de modelo<\/td>\n<td class=\"et4\">HY-401<\/td>\n<\/tr>\n<tr style=\"height: 17.25pt;\">\n<td class=\"et3\" style=\"height: 17.25pt;\" height=\"23\">Tipo<\/td>\n<td class=\"et5\" style=\"width: 234.15pt;\" width=\"312\">Fregadero sobre encimera<\/td>\n<\/tr>\n<tr style=\"height: 18.00pt;\">\n<td class=\"et3\" style=\"height: 18.00pt;\" height=\"24\">Forma<\/td>\n<td class=\"et3\">Forma rectangular<\/td>\n<\/tr>\n<tr style=\"height: 34.50pt;\">\n<td class=\"et4\" style=\"height: 34.50pt;\" height=\"46\">Color<\/td>\n<td class=\"et5\" style=\"width: 234.15pt;\" width=\"312\">Blanco<\/td>\n<\/tr>\n<tr style=\"height: 18.00pt;\">\n<td class=\"et3\" style=\"height: 18.00pt;\" height=\"24\">Dimensi\u00f3n<\/td>\n<td class=\"et5\" style=\"width: 234.15pt;\" width=\"312\">47.5*37.5*13.5<\/td>\n<\/tr>\n<tr style=\"height: 17.25pt;\">\n<td class=\"et3\" style=\"height: 17.25pt;\" height=\"23\">N.W \/SET<\/td>\n<td class=\"et3\">11 KGS\/PCS<\/td>\n<\/tr>\n<tr style=\"height: 17.25pt;\">\n<td class=\"et3\" style=\"height: 17.25pt;\" height=\"23\">MOQ<\/td>\n<td class=\"et3\">20 piezas<\/td>\n<\/tr>\n<tr style=\"height: 17.25pt;\">\n<td class=\"et3\" style=\"height: 17.25pt;\" height=\"23\">Opci\u00f3n personalizada<\/td>\n<td class=\"et3\">Color\/Patr\u00f3n\/Tama\u00f1o\/Logotipo\/Embalaje<\/td>\n<\/tr>\n<\/tbody>\n<\/table>","protected":false},"featured_media":5434,"comment_status":"closed","ping_status":"closed","template":"","meta":{"_acf_changed":false},"product_brand":[],"product_cat":[50],"product_tag":[],"class_list":{"0":"post-5433","1":"product","2":"type-product","3":"status-publish","4":"has-post-thumbnail","6":"product_cat-wholesale-countertop-sinks","8":"first","9":"instock","10":"shipping-taxable","11":"product-type-simple"},"acf":[],"_links":{"self":[{"href":"https:\/\/www.ceramicbasin.com\/es\/wp-json\/wp\/v2\/product\/5433","targetHints":{"allow":["GET"]}}],"collection":[{"href":"https:\/\/www.ceramicbasin.com\/es\/wp-json\/wp\/v2\/product"}],"about":[{"href":"https:\/\/www.ceramicbasin.com\/es\/wp-json\/wp\/v2\/types\/product"}],"replies":[{"embeddable":true,"href":"https:\/\/www.ceramicbasin.com\/es\/wp-json\/wp\/v2\/comments?post=5433"}],"wp:featuredmedia":[{"embeddable":true,"href":"https:\/\/www.ceramicbasin.com\/es\/wp-json\/wp\/v2\/media\/5434"}],"wp:attachment":[{"href":"https:\/\/www.ceramicbasin.com\/es\/wp-json\/wp\/v2\/media?parent=5433"}],"wp:term":[{"taxonomy":"product_brand","embeddable":true,"href":"https:\/\/www.ceramicbasin.com\/es\/wp-json\/wp\/v2\/product_brand?post=5433"},{"taxonomy":"product_cat","embeddable":true,"href":"https:\/\/www.ceramicbasin.com\/es\/wp-json\/wp\/v2\/product_cat?post=5433"},{"taxonomy":"product_tag","embeddable":true,"href":"https:\/\/www.ceramicbasin.com\/es\/wp-json\/wp\/v2\/product_tag?post=5433"}],"curies":[{"name":"wp","href":"https:\/\/api.w.org\/{rel}","templated":true}]}}