{"id":5441,"date":"2024-10-30T02:28:56","date_gmt":"2024-10-30T02:28:56","guid":{"rendered":"https:\/\/www.ceramicbasin.com\/?post_type=product&#038;p=5441"},"modified":"2024-10-30T02:28:58","modified_gmt":"2024-10-30T02:28:58","slug":"sink-wholesale","status":"publish","type":"product","link":"https:\/\/www.ceramicbasin.com\/es\/producto\/sink-wholesale\/","title":{"rendered":"Fregadero De Cer\u00e1mica De Nuevo Dise\u00f1o Al Por Mayor, Fregadero De Ba\u00f1o Encimera"},"content":{"rendered":"<div class=\"wp-block-columns is-layout-flex wp-container-core-columns-is-layout-9d6595d7 wp-block-columns-is-layout-flex\">\n<div class=\"wp-block-column is-layout-flow wp-block-column-is-layout-flow\">\n<h2 class=\"wp-block-heading\">Fregadero Premium al por mayor Caracter\u00edsticas:<\/h2>\n\n\n\n<ul class=\"wp-block-list\">\n<li><strong>Moderno dise\u00f1o cuadrado: <\/strong>Este lavabo de cer\u00e1mica al por mayor presenta un dise\u00f1o cuadrado sencillo y elegante que puede combinarse a la perfecci\u00f3n con diversos estilos de decoraci\u00f3n de cuartos de ba\u00f1o. Su aspecto moderno no s\u00f3lo realza la belleza general del espacio, sino que tambi\u00e9n se convierte en el foco visual del cuarto de ba\u00f1o, dando a los usuarios una experiencia de uso c\u00f3modo.<\/li>\n\n\n\n<li><strong>Materiales cer\u00e1micos de alta calidad:<\/strong> Elaboramos cuidadosamente cada lavabo de encimera al por mayor con materiales cer\u00e1micos de alta calidad para garantizar que sea resistente al desgaste, a las manchas y a las altas temperaturas. Estas propiedades del material hacen que el producto funcione bien en el uso diario, sea duradero y f\u00e1cil de limpiar, y aporte una gran comodidad a la vida de los usuarios.<\/li>\n\n\n\n<li><strong>M\u00faltiples opciones de color:<\/strong> Con el fin de satisfacer las necesidades y preferencias de los distintos consumidores, nuestro fregadero de encimera al por mayor ofrece una gran variedad de opciones de color. Ya se trate del cl\u00e1sico blanco o de tonos oscuros individuales, puede ayudar a los usuarios a crear un entorno de ba\u00f1o \u00fanico y mostrar su estilo personal.<\/li>\n\n\n\n<li><strong>F\u00e1cil instalaci\u00f3n: <\/strong>Este lavabo de cer\u00e1mica al por mayor est\u00e1 dise\u00f1ado teniendo en cuenta la comodidad del usuario, y el proceso de instalaci\u00f3n es simple y claro, adecuado para una variedad de tipos de encimeras de ba\u00f1o. Los usuarios no tienen que preocuparse por los pasos de instalaci\u00f3n complicados, lo que ahorra tiempo y costes, por lo que la transformaci\u00f3n de ba\u00f1o m\u00e1s f\u00e1cil y m\u00e1s r\u00e1pido.<\/li>\n<\/ul>\n<\/div>\n\n\n\n<div class=\"wp-block-column is-layout-flow wp-block-column-is-layout-flow\">\n<figure class=\"wp-block-image size-full\"><img fetchpriority=\"high\" decoding=\"async\" width=\"876\" height=\"876\" src=\"https:\/\/www.ceramicbasin.com\/wp-content\/uploads\/2024\/10\/New-Design-Custom-Basin-Bathroom-Ceramic-Counter-Top-Sink-Wash-Hand-Basin-5.webp\" alt=\"Fregadero De Cer\u00e1mica De Nuevo Dise\u00f1o Al Por Mayor, Fregadero Encimera De Ba\u00f1o-1\" class=\"wp-image-5446\" srcset=\"https:\/\/www.ceramicbasin.com\/wp-content\/uploads\/2024\/10\/New-Design-Custom-Basin-Bathroom-Ceramic-Counter-Top-Sink-Wash-Hand-Basin-5.webp 876w, https:\/\/www.ceramicbasin.com\/wp-content\/uploads\/2024\/10\/New-Design-Custom-Basin-Bathroom-Ceramic-Counter-Top-Sink-Wash-Hand-Basin-5-300x300.webp 300w, https:\/\/www.ceramicbasin.com\/wp-content\/uploads\/2024\/10\/New-Design-Custom-Basin-Bathroom-Ceramic-Counter-Top-Sink-Wash-Hand-Basin-5-150x150.webp 150w, https:\/\/www.ceramicbasin.com\/wp-content\/uploads\/2024\/10\/New-Design-Custom-Basin-Bathroom-Ceramic-Counter-Top-Sink-Wash-Hand-Basin-5-768x768.webp 768w, https:\/\/www.ceramicbasin.com\/wp-content\/uploads\/2024\/10\/New-Design-Custom-Basin-Bathroom-Ceramic-Counter-Top-Sink-Wash-Hand-Basin-5-12x12.webp 12w, https:\/\/www.ceramicbasin.com\/wp-content\/uploads\/2024\/10\/New-Design-Custom-Basin-Bathroom-Ceramic-Counter-Top-Sink-Wash-Hand-Basin-5-285x285.webp 285w, https:\/\/www.ceramicbasin.com\/wp-content\/uploads\/2024\/10\/New-Design-Custom-Basin-Bathroom-Ceramic-Counter-Top-Sink-Wash-Hand-Basin-5-270x270.webp 270w, https:\/\/www.ceramicbasin.com\/wp-content\/uploads\/2024\/10\/New-Design-Custom-Basin-Bathroom-Ceramic-Counter-Top-Sink-Wash-Hand-Basin-5-540x540.webp 540w, https:\/\/www.ceramicbasin.com\/wp-content\/uploads\/2024\/10\/New-Design-Custom-Basin-Bathroom-Ceramic-Counter-Top-Sink-Wash-Hand-Basin-5-660x660.webp 660w\" sizes=\"(max-width: 876px) 100vw, 876px\" \/><\/figure>\n<\/div>\n<\/div>\n\n\n\n<p><\/p>","protected":false},"excerpt":{"rendered":"<p>Bienvenido a comprar lavabos de encimera al por mayor. Nuestro lavabo rectangular de cer\u00e1mica al por mayor combina un dise\u00f1o cuadrado moderno y elegante con materiales cer\u00e1micos de alta calidad, aportando una excelente durabilidad y f\u00e1cil limpieza. Disponible en una variedad de colores para adaptarse perfectamente a cada estilo de ba\u00f1o.<\/p>\n<table style=\"border-collapse: collapse; width: 358.52pt;\" border=\"0\" width=\"478\" cellspacing=\"0\" cellpadding=\"0\">\n<tbody>\n<tr style=\"height: 17.25pt;\">\n<td class=\"et3\" style=\"height: 17.25pt; width: 125.00pt;\" width=\"166\" height=\"23\">Fabricante<\/td>\n<td class=\"et3\" style=\"width: 234.15pt;\" width=\"312\">HanYu<\/td>\n<\/tr>\n<tr style=\"height: 17.25pt;\">\n<td class=\"et3\" style=\"height: 17.25pt;\" height=\"23\">N\u00ba de modelo<\/td>\n<td class=\"et4\">HY-8104<\/td>\n<\/tr>\n<tr style=\"height: 17.25pt;\">\n<td class=\"et3\" style=\"height: 17.25pt;\" height=\"23\">Tipo<\/td>\n<td class=\"et5\" style=\"width: 234.15pt;\" width=\"312\">Fregadero sobre encimera<\/td>\n<\/tr>\n<tr style=\"height: 18.00pt;\">\n<td class=\"et3\" style=\"height: 18.00pt;\" height=\"24\">Forma<\/td>\n<td class=\"et3\">Forma rectangular<\/td>\n<\/tr>\n<tr style=\"height: 34.50pt;\">\n<td class=\"et4\" style=\"height: 34.50pt;\" height=\"46\">Color<\/td>\n<td class=\"et5\" style=\"width: 234.15pt;\" width=\"312\">Blanco<\/td>\n<\/tr>\n<tr style=\"height: 18.00pt;\">\n<td class=\"et3\" style=\"height: 18.00pt;\" height=\"24\">Dimensi\u00f3n<\/td>\n<td class=\"et5\" style=\"width: 234.15pt;\" width=\"312\">48*37*15.5<\/td>\n<\/tr>\n<tr style=\"height: 17.25pt;\">\n<td class=\"et3\" style=\"height: 17.25pt;\" height=\"23\">N.W \/SET<\/td>\n<td class=\"et3\">12 KGS\/PCS<\/td>\n<\/tr>\n<tr style=\"height: 17.25pt;\">\n<td class=\"et3\" style=\"height: 17.25pt;\" height=\"23\">MOQ<\/td>\n<td class=\"et3\">20 piezas<\/td>\n<\/tr>\n<tr style=\"height: 17.25pt;\">\n<td class=\"et3\" style=\"height: 17.25pt;\" height=\"23\">Opci\u00f3n personalizada<\/td>\n<td class=\"et3\">Color\/Patr\u00f3n\/Tama\u00f1o\/Logotipo\/Embalaje<\/td>\n<\/tr>\n<\/tbody>\n<\/table>","protected":false},"featured_media":5445,"comment_status":"closed","ping_status":"closed","template":"","meta":{"_acf_changed":false},"product_brand":[],"product_cat":[50],"product_tag":[],"class_list":{"0":"post-5441","1":"product","2":"type-product","3":"status-publish","4":"has-post-thumbnail","6":"product_cat-wholesale-countertop-sinks","8":"first","9":"instock","10":"shipping-taxable","11":"product-type-simple"},"acf":[],"_links":{"self":[{"href":"https:\/\/www.ceramicbasin.com\/es\/wp-json\/wp\/v2\/product\/5441","targetHints":{"allow":["GET"]}}],"collection":[{"href":"https:\/\/www.ceramicbasin.com\/es\/wp-json\/wp\/v2\/product"}],"about":[{"href":"https:\/\/www.ceramicbasin.com\/es\/wp-json\/wp\/v2\/types\/product"}],"replies":[{"embeddable":true,"href":"https:\/\/www.ceramicbasin.com\/es\/wp-json\/wp\/v2\/comments?post=5441"}],"wp:featuredmedia":[{"embeddable":true,"href":"https:\/\/www.ceramicbasin.com\/es\/wp-json\/wp\/v2\/media\/5445"}],"wp:attachment":[{"href":"https:\/\/www.ceramicbasin.com\/es\/wp-json\/wp\/v2\/media?parent=5441"}],"wp:term":[{"taxonomy":"product_brand","embeddable":true,"href":"https:\/\/www.ceramicbasin.com\/es\/wp-json\/wp\/v2\/product_brand?post=5441"},{"taxonomy":"product_cat","embeddable":true,"href":"https:\/\/www.ceramicbasin.com\/es\/wp-json\/wp\/v2\/product_cat?post=5441"},{"taxonomy":"product_tag","embeddable":true,"href":"https:\/\/www.ceramicbasin.com\/es\/wp-json\/wp\/v2\/product_tag?post=5441"}],"curies":[{"name":"wp","href":"https:\/\/api.w.org\/{rel}","templated":true}]}}