{"id":5447,"date":"2024-10-30T02:49:08","date_gmt":"2024-10-30T02:49:08","guid":{"rendered":"https:\/\/www.ceramicbasin.com\/?post_type=product&#038;p=5447"},"modified":"2024-10-30T02:49:10","modified_gmt":"2024-10-30T02:49:10","slug":"custom-made-sinks","status":"publish","type":"product","link":"https:\/\/www.ceramicbasin.com\/es\/producto\/custom-made-sinks\/","title":{"rendered":"Fregaderos Rectangulares a Medida, Lavabos de Cer\u00e1mica Semiencastrados al por Mayor"},"content":{"rendered":"<div class=\"wp-block-columns is-layout-flex wp-container-core-columns-is-layout-9d6595d7 wp-block-columns-is-layout-flex\">\n<div class=\"wp-block-column is-layout-flow wp-block-column-is-layout-flow\">\n<h2 class=\"wp-block-heading\">Fregaderos Premium a medida Caracter\u00edsticas:<\/h2>\n\n\n\n<ul class=\"wp-block-list\">\n<li><strong>Dise\u00f1o elegante rectangular: <\/strong>Nuestros fregaderos de cer\u00e1mica a medida adoptan una forma rectangular sencilla y atmosf\u00e9rica, que equilibra a la perfecci\u00f3n practicidad y belleza. Es adecuado para todo tipo de cuartos de ba\u00f1o modernos y espacios comerciales, proporcionando a los usuarios un efecto visual limpio y ordenado.<\/li>\n\n\n\n<li><strong>Artesan\u00eda cer\u00e1mica de alta calidad:<\/strong> Seleccionamos materiales cer\u00e1micos de alta calidad para crear lavabos semiempotrados al por mayor. Tras el proceso de cocci\u00f3n a alta temperatura, la superficie es suave y delicada, con una gran resistencia al desgaste y a las manchas. Los usuarios pueden limpiarlo f\u00e1cilmente en el uso diario para asegurarse de que puede permanecer brillante y limpio despu\u00e9s de su uso a largo plazo.<\/li>\n\n\n\n<li><strong>Tama\u00f1o y estilo personalizados: <\/strong>Para adaptarse a las distintas necesidades de espacio, estos fregaderos semiencastrados a medida admiten la personalizaci\u00f3n de m\u00faltiples tama\u00f1os y estilos, lo que permite a los usuarios adaptar dise\u00f1os exclusivos a ba\u00f1os o entornos comerciales espec\u00edficos para garantizar el m\u00e1ximo aprovechamiento del espacio.<\/li>\n\n\n\n<li><strong>Dise\u00f1o de optimizaci\u00f3n del espacio: <\/strong>Estos lavabos semiempotrados ahorran al por mayor espacio en la encimera, al tiempo que aumentan las zonas de almacenamiento, ofrecen a los usuarios m\u00e1s opciones de colocaci\u00f3n, hacen que la zona de lavado de manos est\u00e9 m\u00e1s ordenada y satisfacen la demanda de funcionalidad del espacio del usuario moderno.<\/li>\n<\/ul>\n<\/div>\n\n\n\n<div class=\"wp-block-column is-layout-flow wp-block-column-is-layout-flow\">\n<figure class=\"wp-block-image size-full\"><img fetchpriority=\"high\" decoding=\"async\" width=\"930\" height=\"930\" src=\"https:\/\/www.ceramicbasin.com\/wp-content\/uploads\/2024\/10\/Rectangle-Shape-Semi-Recessed-Basins-Wholesale-For-Bathroom-1.webp\" alt=\"Fregaderos Rectangulares a Medida, Lavabos de Cer\u00e1mica Semiencastrados Mayorista-1\" class=\"wp-image-5448\" srcset=\"https:\/\/www.ceramicbasin.com\/wp-content\/uploads\/2024\/10\/Rectangle-Shape-Semi-Recessed-Basins-Wholesale-For-Bathroom-1.webp 930w, https:\/\/www.ceramicbasin.com\/wp-content\/uploads\/2024\/10\/Rectangle-Shape-Semi-Recessed-Basins-Wholesale-For-Bathroom-1-300x300.webp 300w, https:\/\/www.ceramicbasin.com\/wp-content\/uploads\/2024\/10\/Rectangle-Shape-Semi-Recessed-Basins-Wholesale-For-Bathroom-1-150x150.webp 150w, https:\/\/www.ceramicbasin.com\/wp-content\/uploads\/2024\/10\/Rectangle-Shape-Semi-Recessed-Basins-Wholesale-For-Bathroom-1-768x768.webp 768w, https:\/\/www.ceramicbasin.com\/wp-content\/uploads\/2024\/10\/Rectangle-Shape-Semi-Recessed-Basins-Wholesale-For-Bathroom-1-12x12.webp 12w, https:\/\/www.ceramicbasin.com\/wp-content\/uploads\/2024\/10\/Rectangle-Shape-Semi-Recessed-Basins-Wholesale-For-Bathroom-1-285x285.webp 285w, https:\/\/www.ceramicbasin.com\/wp-content\/uploads\/2024\/10\/Rectangle-Shape-Semi-Recessed-Basins-Wholesale-For-Bathroom-1-270x270.webp 270w, https:\/\/www.ceramicbasin.com\/wp-content\/uploads\/2024\/10\/Rectangle-Shape-Semi-Recessed-Basins-Wholesale-For-Bathroom-1-540x540.webp 540w, https:\/\/www.ceramicbasin.com\/wp-content\/uploads\/2024\/10\/Rectangle-Shape-Semi-Recessed-Basins-Wholesale-For-Bathroom-1-660x660.webp 660w\" sizes=\"(max-width: 930px) 100vw, 930px\" \/><\/figure>\n<\/div>\n<\/div>","protected":false},"excerpt":{"rendered":"<p>Bienvenido a comprar lavabos a medida para su proyecto. Nuestros lavabos semiempotrados al por mayor aportan la doble ventaja de belleza y practicidad a todo tipo de ba\u00f1os y espacios comerciales con un dise\u00f1o rectangular sencillo y moderno, artesan\u00eda cer\u00e1mica de alta calidad y opciones de personalizaci\u00f3n flexibles.<\/p>\n<table style=\"border-collapse: collapse; width: 358.52pt;\" border=\"0\" width=\"478\" cellspacing=\"0\" cellpadding=\"0\">\n<tbody>\n<tr style=\"height: 17.25pt;\">\n<td class=\"et3\" style=\"height: 17.25pt; width: 125.00pt;\" width=\"166\" height=\"23\">Fabricante<\/td>\n<td class=\"et3\" style=\"width: 234.15pt;\" width=\"312\">HanYu<\/td>\n<\/tr>\n<tr style=\"height: 17.25pt;\">\n<td class=\"et3\" style=\"height: 17.25pt;\" height=\"23\">N\u00ba de modelo<\/td>\n<td class=\"et4\">HY-401A<\/td>\n<\/tr>\n<tr style=\"height: 17.25pt;\">\n<td class=\"et3\" style=\"height: 17.25pt;\" height=\"23\">Tipo<\/td>\n<td class=\"et5\" style=\"width: 234.15pt;\" width=\"312\">Fregaderos semiempotrados<\/td>\n<\/tr>\n<tr style=\"height: 18.00pt;\">\n<td class=\"et3\" style=\"height: 18.00pt;\" height=\"24\">Forma<\/td>\n<td class=\"et3\">Forma rectangular<\/td>\n<\/tr>\n<tr style=\"height: 34.50pt;\">\n<td class=\"et4\" style=\"height: 34.50pt;\" height=\"46\">Color<\/td>\n<td class=\"et5\" style=\"width: 234.15pt;\" width=\"312\">negro\/blanco\/azul\/gris\/rosa\/verde\/marr\u00f3n\/caqui<\/td>\n<\/tr>\n<tr style=\"height: 18.00pt;\">\n<td class=\"et3\" style=\"height: 18.00pt;\" height=\"24\">Dimensi\u00f3n<\/td>\n<td class=\"et5\" style=\"width: 234.15pt;\" width=\"312\">47*37*13<\/td>\n<\/tr>\n<tr style=\"height: 17.25pt;\">\n<td class=\"et3\" style=\"height: 17.25pt;\" height=\"23\">N.W \/SET<\/td>\n<td class=\"et3\">12KGS\/PCS<\/td>\n<\/tr>\n<tr style=\"height: 17.25pt;\">\n<td class=\"et3\" style=\"height: 17.25pt;\" height=\"23\">MOQ<\/td>\n<td class=\"et3\">20 piezas<\/td>\n<\/tr>\n<tr style=\"height: 17.25pt;\">\n<td class=\"et3\" style=\"height: 17.25pt;\" height=\"23\">Opci\u00f3n personalizada<\/td>\n<td class=\"et3\">Color\/Patr\u00f3n\/Tama\u00f1o\/Logotipo\/Embalaje<\/td>\n<\/tr>\n<\/tbody>\n<\/table>","protected":false},"featured_media":5453,"comment_status":"closed","ping_status":"closed","template":"","meta":{"_acf_changed":false},"product_brand":[],"product_cat":[58],"product_tag":[],"class_list":{"0":"post-5447","1":"product","2":"type-product","3":"status-publish","4":"has-post-thumbnail","6":"product_cat-wholesale-semi-recessed-sinks","8":"first","9":"instock","10":"shipping-taxable","11":"product-type-simple"},"acf":[],"_links":{"self":[{"href":"https:\/\/www.ceramicbasin.com\/es\/wp-json\/wp\/v2\/product\/5447","targetHints":{"allow":["GET"]}}],"collection":[{"href":"https:\/\/www.ceramicbasin.com\/es\/wp-json\/wp\/v2\/product"}],"about":[{"href":"https:\/\/www.ceramicbasin.com\/es\/wp-json\/wp\/v2\/types\/product"}],"replies":[{"embeddable":true,"href":"https:\/\/www.ceramicbasin.com\/es\/wp-json\/wp\/v2\/comments?post=5447"}],"wp:featuredmedia":[{"embeddable":true,"href":"https:\/\/www.ceramicbasin.com\/es\/wp-json\/wp\/v2\/media\/5453"}],"wp:attachment":[{"href":"https:\/\/www.ceramicbasin.com\/es\/wp-json\/wp\/v2\/media?parent=5447"}],"wp:term":[{"taxonomy":"product_brand","embeddable":true,"href":"https:\/\/www.ceramicbasin.com\/es\/wp-json\/wp\/v2\/product_brand?post=5447"},{"taxonomy":"product_cat","embeddable":true,"href":"https:\/\/www.ceramicbasin.com\/es\/wp-json\/wp\/v2\/product_cat?post=5447"},{"taxonomy":"product_tag","embeddable":true,"href":"https:\/\/www.ceramicbasin.com\/es\/wp-json\/wp\/v2\/product_tag?post=5447"}],"curies":[{"name":"wp","href":"https:\/\/api.w.org\/{rel}","templated":true}]}}