{"id":5536,"date":"2024-11-08T09:24:38","date_gmt":"2024-11-08T09:24:38","guid":{"rendered":"https:\/\/www.ceramicbasin.com\/?post_type=product&#038;p=5536"},"modified":"2024-11-08T09:24:40","modified_gmt":"2024-11-08T09:24:40","slug":"custom-undermount-sink","status":"publish","type":"product","link":"https:\/\/www.ceramicbasin.com\/es\/producto\/custom-undermount-sink\/","title":{"rendered":"Fregadero bajo encimera a medida, Fregaderos bajo encimera de cer\u00e1mica al por mayor"},"content":{"rendered":"<div class=\"wp-block-columns is-layout-flex wp-container-core-columns-is-layout-9d6595d7 wp-block-columns-is-layout-flex\">\n<div class=\"wp-block-column is-layout-flow wp-block-column-is-layout-flow\">\n<h2 class=\"wp-block-heading\">Fregadero Bajo Encimera Premium Custom Caracter\u00edsticas:<\/h2>\n\n\n\n<ul class=\"wp-block-list\">\n<li><strong>Calidad del material:\u00a0<\/strong>Estos fregaderos bajo encimera a medida est\u00e1n fabricados en porcelana de alta calidad, lo que los hace duraderos para un uso prolongado.<\/li>\n\n\n\n<li><strong>Dise\u00f1o cl\u00e1sico:\u00a0<\/strong>Estos lavabos bajo encimera al por mayor presentan un estilo de dise\u00f1o moderno y sencillo. Se adapta perfectamente a cualquier estilo de decoraci\u00f3n de cuartos de ba\u00f1o. Su m\u00e9todo de funcionamiento es la instalaci\u00f3n empotrada, haciendo que el lavabo se conecte a la perfecci\u00f3n con la encimera, aumentando as\u00ed la belleza del conjunto.<\/li>\n\n\n\n<li><strong>Entrega r\u00e1pida:<\/strong>\u00a0Prometemos una log\u00edstica y distribuci\u00f3n eficaces para garantizar que nuestros fregaderos bajo encimera de cer\u00e1mica personalizados se entreguen r\u00e1pidamente, acelerando el progreso de su proyecto y satisfaciendo las necesidades urgentes de la construcci\u00f3n.<\/li>\n\n\n\n<li><strong>Descuento por compra al por mayor:\u00a0<\/strong>Como fabricante profesional, ofrecemos precios muy competitivos para fregaderos bajo encimera al por mayor, y disfrutar de m\u00e1s descuentos para compras al por mayor, que es adecuado para grandes proyectos como hoteles, apartamentos, oficinas, etc.<\/li>\n<\/ul>\n<\/div>\n\n\n\n<div class=\"wp-block-column is-layout-flow wp-block-column-is-layout-flow\">\n<figure class=\"wp-block-image size-full\"><img fetchpriority=\"high\" decoding=\"async\" width=\"612\" height=\"828\" src=\"https:\/\/www.ceramicbasin.com\/wp-content\/uploads\/2024\/11\/wholesale-bathroom-vessel-sinks-under-counter-wash-basin-sinks-5.webp\" alt=\"Fregadero Bajo Encimera, Fregadero Bajo Encimera de Cer\u00e1mica al por Mayor-1\" class=\"wp-image-5535\" srcset=\"https:\/\/www.ceramicbasin.com\/wp-content\/uploads\/2024\/11\/wholesale-bathroom-vessel-sinks-under-counter-wash-basin-sinks-5.webp 612w, https:\/\/www.ceramicbasin.com\/wp-content\/uploads\/2024\/11\/wholesale-bathroom-vessel-sinks-under-counter-wash-basin-sinks-5-222x300.webp 222w, https:\/\/www.ceramicbasin.com\/wp-content\/uploads\/2024\/11\/wholesale-bathroom-vessel-sinks-under-counter-wash-basin-sinks-5-9x12.webp 9w, https:\/\/www.ceramicbasin.com\/wp-content\/uploads\/2024\/11\/wholesale-bathroom-vessel-sinks-under-counter-wash-basin-sinks-5-285x386.webp 285w, https:\/\/www.ceramicbasin.com\/wp-content\/uploads\/2024\/11\/wholesale-bathroom-vessel-sinks-under-counter-wash-basin-sinks-5-488x660.webp 488w, https:\/\/www.ceramicbasin.com\/wp-content\/uploads\/2024\/11\/wholesale-bathroom-vessel-sinks-under-counter-wash-basin-sinks-5-111x150.webp 111w\" sizes=\"(max-width: 612px) 100vw, 612px\" \/><\/figure>\n<\/div>\n<\/div>\n\n\n\n<p><\/p>","protected":false},"excerpt":{"rendered":"<p>Bienvenido a encargo fregaderos bajo encimera para el proyecto. Nuestros fregaderos bajo mostrador al por mayor est\u00e1n hechos de cer\u00e1mica de alta calidad, y esto los hace duraderos para su uso a largo plazo.ofrecemos precios altamente competitivos para los fregaderos de montaje bajo al por mayor, y disfrutar de m\u00e1s descuentos por compras al por mayor, que es adecuado para grandes proyectos como hoteles, apartamentos, oficinas, etc..<\/p>\n<table style=\"border-collapse: collapse; width: 358.52pt;\" border=\"0\" width=\"478\" cellspacing=\"0\" cellpadding=\"0\">\n<tbody>\n<tr style=\"height: 17.25pt;\">\n<td class=\"et3\" style=\"height: 17.25pt; width: 125.00pt;\" width=\"166\" height=\"23\">Fabricante<\/td>\n<td class=\"et3\" style=\"width: 234.15pt;\" width=\"312\">HanYu<\/td>\n<\/tr>\n<tr style=\"height: 17.25pt;\">\n<td class=\"et3\" style=\"height: 17.25pt;\" height=\"23\">N\u00ba de modelo<\/td>\n<td class=\"et4\">HY-3021<\/td>\n<\/tr>\n<tr style=\"height: 17.25pt;\">\n<td class=\"et3\" style=\"height: 17.25pt;\" height=\"23\">Tipo<\/td>\n<td class=\"et5\" style=\"width: 234.15pt;\" width=\"312\">Fregaderos bajo encimera<\/td>\n<\/tr>\n<tr style=\"height: 18.00pt;\">\n<td class=\"et3\" style=\"height: 18.00pt;\" height=\"24\">Forma<\/td>\n<td class=\"et3\">Forma ovalada<\/td>\n<\/tr>\n<tr style=\"height: 34.50pt;\">\n<td class=\"et4\" style=\"height: 34.50pt;\" height=\"46\">Color<\/td>\n<td class=\"et5\" style=\"width: 234.15pt;\" width=\"312\">negro\/blanco\/azul\/gris\/rosa\/verde\/marr\u00f3n\/caqui<\/td>\n<\/tr>\n<tr style=\"height: 18.00pt;\">\n<td class=\"et3\" style=\"height: 18.00pt;\" height=\"24\">Dimensi\u00f3n<\/td>\n<td class=\"et5\" style=\"width: 234.15pt;\" width=\"312\">49*41*18.5<\/td>\n<\/tr>\n<tr style=\"height: 17.25pt;\">\n<td class=\"et3\" style=\"height: 17.25pt;\" height=\"23\">N.W \/SET<\/td>\n<td class=\"et3\">5KGS\/PCS<\/td>\n<\/tr>\n<tr style=\"height: 17.25pt;\">\n<td class=\"et3\" style=\"height: 17.25pt;\" height=\"23\">MOQ<\/td>\n<td class=\"et3\">20 piezas<\/td>\n<\/tr>\n<tr style=\"height: 17.25pt;\">\n<td class=\"et3\" style=\"height: 17.25pt;\" height=\"23\">Opci\u00f3n personalizada<\/td>\n<td class=\"et3\">Color\/Patr\u00f3n\/Tama\u00f1o\/Logotipo\/Embalaje<\/td>\n<\/tr>\n<\/tbody>\n<\/table>","protected":false},"featured_media":5531,"comment_status":"closed","ping_status":"closed","template":"","meta":{"_acf_changed":false},"product_brand":[],"product_cat":[59],"product_tag":[],"class_list":{"0":"post-5536","1":"product","2":"type-product","3":"status-publish","4":"has-post-thumbnail","6":"product_cat-wholesale-undermount-sinks","8":"first","9":"instock","10":"shipping-taxable","11":"product-type-simple"},"acf":[],"_links":{"self":[{"href":"https:\/\/www.ceramicbasin.com\/es\/wp-json\/wp\/v2\/product\/5536","targetHints":{"allow":["GET"]}}],"collection":[{"href":"https:\/\/www.ceramicbasin.com\/es\/wp-json\/wp\/v2\/product"}],"about":[{"href":"https:\/\/www.ceramicbasin.com\/es\/wp-json\/wp\/v2\/types\/product"}],"replies":[{"embeddable":true,"href":"https:\/\/www.ceramicbasin.com\/es\/wp-json\/wp\/v2\/comments?post=5536"}],"wp:featuredmedia":[{"embeddable":true,"href":"https:\/\/www.ceramicbasin.com\/es\/wp-json\/wp\/v2\/media\/5531"}],"wp:attachment":[{"href":"https:\/\/www.ceramicbasin.com\/es\/wp-json\/wp\/v2\/media?parent=5536"}],"wp:term":[{"taxonomy":"product_brand","embeddable":true,"href":"https:\/\/www.ceramicbasin.com\/es\/wp-json\/wp\/v2\/product_brand?post=5536"},{"taxonomy":"product_cat","embeddable":true,"href":"https:\/\/www.ceramicbasin.com\/es\/wp-json\/wp\/v2\/product_cat?post=5536"},{"taxonomy":"product_tag","embeddable":true,"href":"https:\/\/www.ceramicbasin.com\/es\/wp-json\/wp\/v2\/product_tag?post=5536"}],"curies":[{"name":"wp","href":"https:\/\/api.w.org\/{rel}","templated":true}]}}