{"id":5539,"date":"2024-11-08T09:34:08","date_gmt":"2024-11-08T09:34:08","guid":{"rendered":"https:\/\/www.ceramicbasin.com\/?post_type=product&#038;p=5539"},"modified":"2024-11-08T09:34:11","modified_gmt":"2024-11-08T09:34:11","slug":"custom-made-wash-basin","status":"publish","type":"product","link":"https:\/\/www.ceramicbasin.com\/es\/producto\/custom-made-wash-basin\/","title":{"rendered":"Lavabo a medida, fregaderos de porcelana al por mayor"},"content":{"rendered":"<div class=\"wp-block-columns is-layout-flex wp-container-core-columns-is-layout-9d6595d7 wp-block-columns-is-layout-flex\">\n<div class=\"wp-block-column is-layout-flow wp-block-column-is-layout-flow\">\n<h2 class=\"wp-block-heading\">Lavabo de alta calidad hecho a medida Caracter\u00edsticas:<\/h2>\n\n\n\n<ul class=\"wp-block-list\">\n<li><strong>Porcelana de alta calidad:<\/strong>\u00a0Los materiales de calidad de nuestros lavabos a medida son de alta calidad, robustos, duraderos y con una excelente resistencia a los ara\u00f1azos y al desgaste. Nuestros lavabos al por mayor pueden garantizar un uso prolongado sin da\u00f1ar f\u00e1cilmente su aspecto.<\/li>\n\n\n\n<li><strong>Productos muy vendidos y elogiados:<\/strong>\u00a0Estos lavabos al por mayor de forma rectangular con excelente dise\u00f1o tienen una excelente calidad. Nuestro lavabo al por mayor se ha convertido en un producto de venta caliente en el mercado. Con una alta reputaci\u00f3n en el mercado internacional, el producto ampliamente elogiado con una alta evaluaci\u00f3n tan pronto como el lanzamiento en el mercado.<\/li>\n\n\n\n<li><strong>Precio ventajoso:\u00a0<\/strong>Ofrecemos servicios de pedidos al por mayor de lavabos a medida, que no s\u00f3lo son asequibles, sino que tambi\u00e9n se entregan r\u00e1pidamente, adecuados para proyectos comerciales y decoraci\u00f3n residencial a gran escala, satisfaciendo las necesidades de alta eficiencia y bajo coste.<\/li>\n\n\n\n<li><strong>Dise\u00f1o de moda:\u00a0<\/strong>Dise\u00f1o moderno y sencillo, con l\u00edneas suaves adecuado para varios tipos de cuartos de ba\u00f1o. Si desea a\u00f1adir elegancia y moda a su cuarto de ba\u00f1o, entonces nuestros lavabos drop in al por mayor ser\u00e1n perfectos.<\/li>\n<\/ul>\n<\/div>\n\n\n\n<div class=\"wp-block-column is-layout-flow wp-block-column-is-layout-flow\">\n<figure class=\"wp-block-image size-full\"><img fetchpriority=\"high\" decoding=\"async\" width=\"691\" height=\"801\" src=\"https:\/\/www.ceramicbasin.com\/wp-content\/uploads\/2024\/11\/Porcelain-hand-wash-basin-factory-rectangle-shape-drop-in-sink-1-1.webp\" alt=\"Lavabo a Medida, Fregaderos de Porcelana al por Mayor-1\" class=\"wp-image-5511\" srcset=\"https:\/\/www.ceramicbasin.com\/wp-content\/uploads\/2024\/11\/Porcelain-hand-wash-basin-factory-rectangle-shape-drop-in-sink-1-1.webp 691w, https:\/\/www.ceramicbasin.com\/wp-content\/uploads\/2024\/11\/Porcelain-hand-wash-basin-factory-rectangle-shape-drop-in-sink-1-1-259x300.webp 259w, https:\/\/www.ceramicbasin.com\/wp-content\/uploads\/2024\/11\/Porcelain-hand-wash-basin-factory-rectangle-shape-drop-in-sink-1-1-10x12.webp 10w, https:\/\/www.ceramicbasin.com\/wp-content\/uploads\/2024\/11\/Porcelain-hand-wash-basin-factory-rectangle-shape-drop-in-sink-1-1-285x330.webp 285w, https:\/\/www.ceramicbasin.com\/wp-content\/uploads\/2024\/11\/Porcelain-hand-wash-basin-factory-rectangle-shape-drop-in-sink-1-1-569x660.webp 569w, https:\/\/www.ceramicbasin.com\/wp-content\/uploads\/2024\/11\/Porcelain-hand-wash-basin-factory-rectangle-shape-drop-in-sink-1-1-129x150.webp 129w\" sizes=\"(max-width: 691px) 100vw, 691px\" \/><\/figure>\n<\/div>\n<\/div>","protected":false},"excerpt":{"rendered":"<p>Bienvenido a lavabos a medida. Esta forma rectangular de cer\u00e1mica ca\u00edda en lavabo al por mayor para cuartos de ba\u00f1o, tiene un excelente concepto de dise\u00f1o y excelente calidad. Estos lavabos de ba\u00f1o al por mayor son de dise\u00f1o moderno y sencillo con l\u00edneas suaves, son adecuados para diversos tipos de ba\u00f1os.<\/p>\n<table style=\"border-collapse: collapse; width: 358.52pt;\" border=\"0\" width=\"478\" cellspacing=\"0\" cellpadding=\"0\">\n<tbody>\n<tr style=\"height: 17.25pt;\">\n<td class=\"et3\" style=\"height: 17.25pt; width: 125.00pt;\" width=\"166\" height=\"23\">Fabricante<\/td>\n<td class=\"et3\" style=\"width: 234.15pt;\" width=\"312\">HanYu<\/td>\n<\/tr>\n<tr style=\"height: 17.25pt;\">\n<td class=\"et3\" style=\"height: 17.25pt;\" height=\"23\">N\u00ba de modelo<\/td>\n<td class=\"et4\">HY-5082<\/td>\n<\/tr>\n<tr style=\"height: 17.25pt;\">\n<td class=\"et3\" style=\"height: 17.25pt;\" height=\"23\">Tipo<\/td>\n<td class=\"et5\" style=\"width: 234.15pt;\" width=\"312\">Fregaderos<\/td>\n<\/tr>\n<tr style=\"height: 18.00pt;\">\n<td class=\"et3\" style=\"height: 18.00pt;\" height=\"24\">Forma<\/td>\n<td class=\"et3\">Forma rectangular<\/td>\n<\/tr>\n<tr style=\"height: 34.50pt;\">\n<td class=\"et4\" style=\"height: 34.50pt;\" height=\"46\">Color<\/td>\n<td class=\"et5\" style=\"width: 234.15pt;\" width=\"312\">negro\/blanco\/azul\/gris\/rosa\/verde\/marr\u00f3n\/caqui<\/td>\n<\/tr>\n<tr style=\"height: 18.00pt;\">\n<td class=\"et3\" style=\"height: 18.00pt;\" height=\"24\">Dimensi\u00f3n<\/td>\n<td class=\"et5\" style=\"width: 234.15pt;\" width=\"312\">41*41.5*16<\/td>\n<\/tr>\n<tr style=\"height: 17.25pt;\">\n<td class=\"et3\" style=\"height: 17.25pt;\" height=\"23\">N.W \/SET<\/td>\n<td class=\"et3\">8KGS\/PCS<\/td>\n<\/tr>\n<tr style=\"height: 17.25pt;\">\n<td class=\"et3\" style=\"height: 17.25pt;\" height=\"23\">MOQ<\/td>\n<td class=\"et3\">20 piezas<\/td>\n<\/tr>\n<tr style=\"height: 17.25pt;\">\n<td class=\"et3\" style=\"height: 17.25pt;\" height=\"23\">Opci\u00f3n personalizada<\/td>\n<td class=\"et3\">Color\/Patr\u00f3n\/Tama\u00f1o\/Logotipo\/Embalaje<\/td>\n<\/tr>\n<\/tbody>\n<\/table>","protected":false},"featured_media":5510,"comment_status":"closed","ping_status":"closed","template":"","meta":{"_acf_changed":false},"product_brand":[],"product_cat":[51],"product_tag":[],"class_list":{"0":"post-5539","1":"product","2":"type-product","3":"status-publish","4":"has-post-thumbnail","6":"product_cat-wholesale-drop-in-sinks","8":"first","9":"instock","10":"shipping-taxable","11":"product-type-simple"},"acf":[],"_links":{"self":[{"href":"https:\/\/www.ceramicbasin.com\/es\/wp-json\/wp\/v2\/product\/5539","targetHints":{"allow":["GET"]}}],"collection":[{"href":"https:\/\/www.ceramicbasin.com\/es\/wp-json\/wp\/v2\/product"}],"about":[{"href":"https:\/\/www.ceramicbasin.com\/es\/wp-json\/wp\/v2\/types\/product"}],"replies":[{"embeddable":true,"href":"https:\/\/www.ceramicbasin.com\/es\/wp-json\/wp\/v2\/comments?post=5539"}],"wp:featuredmedia":[{"embeddable":true,"href":"https:\/\/www.ceramicbasin.com\/es\/wp-json\/wp\/v2\/media\/5510"}],"wp:attachment":[{"href":"https:\/\/www.ceramicbasin.com\/es\/wp-json\/wp\/v2\/media?parent=5539"}],"wp:term":[{"taxonomy":"product_brand","embeddable":true,"href":"https:\/\/www.ceramicbasin.com\/es\/wp-json\/wp\/v2\/product_brand?post=5539"},{"taxonomy":"product_cat","embeddable":true,"href":"https:\/\/www.ceramicbasin.com\/es\/wp-json\/wp\/v2\/product_cat?post=5539"},{"taxonomy":"product_tag","embeddable":true,"href":"https:\/\/www.ceramicbasin.com\/es\/wp-json\/wp\/v2\/product_tag?post=5539"}],"curies":[{"name":"wp","href":"https:\/\/api.w.org\/{rel}","templated":true}]}}