{"id":5563,"date":"2024-11-14T03:05:41","date_gmt":"2024-11-14T03:05:41","guid":{"rendered":"https:\/\/www.ceramicbasin.com\/?post_type=product&#038;p=5563"},"modified":"2024-11-15T06:57:09","modified_gmt":"2024-11-15T06:57:09","slug":"wholesale-vanity-sink","status":"publish","type":"product","link":"https:\/\/www.ceramicbasin.com\/es\/producto\/wholesale-vanity-sink\/","title":{"rendered":"Mayorista de Lavabos de Calidad, Lavabos de Ba\u00f1o Rectangulares"},"content":{"rendered":"<div class=\"wp-block-columns is-layout-flex wp-container-core-columns-is-layout-9d6595d7 wp-block-columns-is-layout-flex\">\n<div class=\"wp-block-column is-layout-flow wp-block-column-is-layout-flow\">\n<h2 class=\"wp-block-heading\">Premium al por mayor Vanidad Caracter\u00edsticas del fregadero:<\/h2>\n\n\n\n<ul class=\"wp-block-list\">\n<li><strong>Dibujo de m\u00e1rmol realista: <\/strong>Este lavabo de m\u00e1rmol al por mayor utiliza una avanzada tecnolog\u00eda de transferencia de agua para reproducir con precisi\u00f3n la textura natural y el color del m\u00e1rmol, aportando un encanto visual \u00fanico al lavabo.<\/li>\n\n\n\n<li><strong>Antiincrustante y f\u00e1cil de limpiar: <\/strong>Nuestro fregadero de porcelana al por mayor tiene una superficie lisa y densa. Por lo tanto, no es f\u00e1cil de absorber mucha agua o suciedad, que es tambi\u00e9n la raz\u00f3n por la que el fregadero de cer\u00e1mica es f\u00e1cil de limpiar en el uso diario. Normalmente, s\u00f3lo tiene que limpiar suavemente con detergente ordinario para mantener el fregadero limpio y brillante para facilitar su comodidad de uso.<\/li>\n\n\n\n<li><strong>Materiales de alta calidad:<\/strong> Nuestro lavabo de m\u00e1rmol al por mayor utiliza materiales cer\u00e1micos de alta calidad para garantizar que el lavabo tenga una estructura estable, una superficie lisa, f\u00e1cil de limpiar y una belleza duradera.<\/li>\n\n\n\n<li><strong>Hermosa y generosa:<\/strong>La forma externa de nuestro fregadero de porcelana al por mayor es simple y elegante; puede satisfacer todo tipo de estilos de decoraci\u00f3n, como la simplicidad moderna, la simplicidad cl\u00e1sica, el retro cl\u00e1sico o el retro moderno. Debido a los diferentes dise\u00f1os de la cer\u00e1mica y las opciones de color, los clientes pueden encontrar f\u00e1cilmente una coincidencia entre el estilo general del cuarto de ba\u00f1o y el lavabo de cer\u00e1mica. El blanco y el delicado brillo a\u00f1aden un toque de distinci\u00f3n al cuarto de ba\u00f1o, proporcionando a la gente una experiencia pulcra y confortable.<\/li>\n<\/ul>\n<\/div>\n\n\n\n<div class=\"wp-block-column is-layout-flow wp-block-column-is-layout-flow\">\n<figure class=\"wp-block-image size-full\"><img fetchpriority=\"high\" decoding=\"async\" width=\"1346\" height=\"1786\" src=\"https:\/\/www.ceramicbasin.com\/wp-content\/uploads\/2024\/11\/Wholesale-Factory-Rectangular-sinks-6.webp\" alt=\"Calidad al por mayor Lavabo de tocador, lavabos rectangulares de ba\u00f1o-1\" class=\"wp-image-5564\" srcset=\"https:\/\/www.ceramicbasin.com\/wp-content\/uploads\/2024\/11\/Wholesale-Factory-Rectangular-sinks-6.webp 1346w, https:\/\/www.ceramicbasin.com\/wp-content\/uploads\/2024\/11\/Wholesale-Factory-Rectangular-sinks-6-226x300.webp 226w, https:\/\/www.ceramicbasin.com\/wp-content\/uploads\/2024\/11\/Wholesale-Factory-Rectangular-sinks-6-768x1019.webp 768w, https:\/\/www.ceramicbasin.com\/wp-content\/uploads\/2024\/11\/Wholesale-Factory-Rectangular-sinks-6-9x12.webp 9w, https:\/\/www.ceramicbasin.com\/wp-content\/uploads\/2024\/11\/Wholesale-Factory-Rectangular-sinks-6-285x378.webp 285w, https:\/\/www.ceramicbasin.com\/wp-content\/uploads\/2024\/11\/Wholesale-Factory-Rectangular-sinks-6-497x660.webp 497w, https:\/\/www.ceramicbasin.com\/wp-content\/uploads\/2024\/11\/Wholesale-Factory-Rectangular-sinks-6-113x150.webp 113w\" sizes=\"(max-width: 1346px) 100vw, 1346px\" \/><figcaption class=\"wp-element-caption\">Calidad al por mayor Lavabo de tocador, lavabos rectangulares de ba\u00f1o-1<\/figcaption><\/figure>\n<\/div>\n<\/div>","protected":false},"excerpt":{"rendered":"<p>Bienvenido a comprar fregadero de porcelana al por mayor. Nuestros fregaderos de m\u00e1rmol al por mayor reproducen la belleza natural del m\u00e1rmol y aportan una atm\u00f3sfera art\u00edstica a los fregaderos de encimera. No es f\u00e1cil de absorber mucha agua o suciedad, que es tambi\u00e9n la raz\u00f3n por la que el fregadero de cer\u00e1mica es f\u00e1cil de limpiar en el uso diario.<\/p>\n<table style=\"border-collapse: collapse; width: 311.02pt;\" border=\"0\" width=\"311\" cellspacing=\"0\" cellpadding=\"0\">\n<tbody>\n<tr style=\"height: 17.60pt;\">\n<td class=\"et3\" style=\"height: 17.60pt; width: 108.35pt;\" width=\"108\" height=\"17\">Fabricante<\/td>\n<td class=\"et3\" style=\"width: 202.95pt;\" width=\"202\">HanYu<\/td>\n<\/tr>\n<tr style=\"height: 17.60pt;\">\n<td class=\"et3\" style=\"height: 17.60pt;\" height=\"17\">N\u00ba de modelo<\/td>\n<td class=\"et4\">HY-401D82<\/td>\n<\/tr>\n<tr style=\"height: 36.00pt;\">\n<td class=\"et3\" style=\"height: 36.00pt;\" height=\"36\">Tipo<\/td>\n<td class=\"et5\" style=\"width: 202.95pt;\" width=\"202\">Lavabo Color M\u00e1rmol, Lavabo Encimera<\/td>\n<\/tr>\n<tr style=\"height: 17.60pt;\">\n<td class=\"et3\" style=\"height: 17.60pt;\" height=\"17\">Forma<\/td>\n<td class=\"et3\">Forma rectangular<\/td>\n<\/tr>\n<tr style=\"height: 18.00pt;\">\n<td class=\"et4\" style=\"height: 18.00pt;\" height=\"18\">Color<\/td>\n<td class=\"et5\" style=\"width: 202.95pt;\" width=\"202\">Blanco<\/td>\n<\/tr>\n<tr style=\"height: 18.00pt;\">\n<td class=\"et3\" style=\"height: 18.00pt;\" height=\"18\">Dimensi\u00f3n<\/td>\n<td class=\"et5\" style=\"width: 202.95pt;\" width=\"202\">47.5*37.5*13<\/td>\n<\/tr>\n<tr style=\"height: 17.60pt;\">\n<td class=\"et3\" style=\"height: 17.60pt;\" height=\"17\">N.W \/SET<\/td>\n<td class=\"et3\">8KGS\/PCS<\/td>\n<\/tr>\n<tr style=\"height: 17.60pt;\">\n<td class=\"et3\" style=\"height: 17.60pt;\" height=\"17\">MOQ<\/td>\n<td class=\"et3\">20 piezas<\/td>\n<\/tr>\n<tr style=\"height: 17.60pt;\">\n<td class=\"et3\" style=\"height: 17.60pt;\" height=\"17\">Opci\u00f3n personalizada<\/td>\n<td class=\"et3\">Color\/Patr\u00f3n\/Tama\u00f1o\/Logotipo\/Embalaje<\/td>\n<\/tr>\n<\/tbody>\n<\/table>","protected":false},"featured_media":5566,"comment_status":"closed","ping_status":"closed","template":"","meta":{"_acf_changed":false},"product_brand":[],"product_cat":[54,50],"product_tag":[],"class_list":{"0":"post-5563","1":"product","2":"type-product","3":"status-publish","4":"has-post-thumbnail","6":"product_cat-wholesale-marble-sinks","7":"product_cat-wholesale-countertop-sinks","9":"first","10":"instock","11":"shipping-taxable","12":"product-type-simple"},"acf":[],"_links":{"self":[{"href":"https:\/\/www.ceramicbasin.com\/es\/wp-json\/wp\/v2\/product\/5563","targetHints":{"allow":["GET"]}}],"collection":[{"href":"https:\/\/www.ceramicbasin.com\/es\/wp-json\/wp\/v2\/product"}],"about":[{"href":"https:\/\/www.ceramicbasin.com\/es\/wp-json\/wp\/v2\/types\/product"}],"replies":[{"embeddable":true,"href":"https:\/\/www.ceramicbasin.com\/es\/wp-json\/wp\/v2\/comments?post=5563"}],"wp:featuredmedia":[{"embeddable":true,"href":"https:\/\/www.ceramicbasin.com\/es\/wp-json\/wp\/v2\/media\/5566"}],"wp:attachment":[{"href":"https:\/\/www.ceramicbasin.com\/es\/wp-json\/wp\/v2\/media?parent=5563"}],"wp:term":[{"taxonomy":"product_brand","embeddable":true,"href":"https:\/\/www.ceramicbasin.com\/es\/wp-json\/wp\/v2\/product_brand?post=5563"},{"taxonomy":"product_cat","embeddable":true,"href":"https:\/\/www.ceramicbasin.com\/es\/wp-json\/wp\/v2\/product_cat?post=5563"},{"taxonomy":"product_tag","embeddable":true,"href":"https:\/\/www.ceramicbasin.com\/es\/wp-json\/wp\/v2\/product_tag?post=5563"}],"curies":[{"name":"wp","href":"https:\/\/api.w.org\/{rel}","templated":true}]}}