{"id":5577,"date":"2024-11-14T03:41:55","date_gmt":"2024-11-14T03:41:55","guid":{"rendered":"https:\/\/www.ceramicbasin.com\/?post_type=product&#038;p=5577"},"modified":"2024-11-15T07:17:17","modified_gmt":"2024-11-15T07:17:17","slug":"wholesale-vanity-basin","status":"publish","type":"product","link":"https:\/\/www.ceramicbasin.com\/es\/producto\/wholesale-vanity-basin\/","title":{"rendered":"Elegante lavabo de vanidad gris al por mayor, fregaderos de ba\u00f1o de cer\u00e1mica"},"content":{"rendered":"<div class=\"wp-block-columns is-layout-flex wp-container-core-columns-is-layout-9d6595d7 wp-block-columns-is-layout-flex\">\n<div class=\"wp-block-column is-layout-flow wp-block-column-is-layout-flow\">\n<h2 class=\"wp-block-heading\">Premium al por mayor lavabo Caracter\u00edsticas:<\/h2>\n\n\n\n<ul class=\"wp-block-list\">\n<li><strong>Gran resistencia a la abrasi\u00f3n: <\/strong>Entre todos los materiales m\u00e1s duros, la cer\u00e1mica es el mejor en durabilidad. Por lo tanto, se puede decir que bajo el uso diario ordinario, su resistencia a la abrasi\u00f3n es muy grande, y nuestro lavabo de vanidad al por mayor es f\u00e1cil ni rayar ni cambiar de forma. Por lo tanto, el lavabo de cer\u00e1mica es adecuado para su uso en un entorno de alta frecuencia como el cuarto de ba\u00f1o.<\/li>\n\n\n\n<li><strong>Imitaci\u00f3n de la textura de la piedra natural: <\/strong>Nuestros lavabos de cer\u00e1mica de m\u00e1rmol al por mayor utilizan tecnolog\u00eda de transferencia de agua para reproducir con precisi\u00f3n la textura y el color naturales del m\u00e1rmol, de modo que cada lavabo muestra una belleza de piedra \u00fanica.<\/li>\n\n\n\n<li><strong>Antiincrustante y f\u00e1cil de limpiar: <\/strong>Este lavabo de tocador al por mayor es liso y denso en la superficie. Por lo tanto, no es f\u00e1cil de absorber mucha agua o suciedad, que es tambi\u00e9n la raz\u00f3n por la que el fregadero de cer\u00e1mica es f\u00e1cil de limpiar en el uso diario. Normalmente, s\u00f3lo tiene que limpiar suavemente con detergente ordinario para mantener el fregadero limpio y brillante para facilitar su comodidad de uso.<\/li>\n\n\n\n<li><strong>Optimizaci\u00f3n de costes: <\/strong>Como fabricante de lavabos de cer\u00e1mica, nuestros lavabos de cer\u00e1mica para ba\u00f1o al por mayor se venden directamente de f\u00e1brica, con la garant\u00eda de que podr\u00e1 disfrutar de la calidad sin salirse del presupuesto del proyecto y maximizando el coste.<\/li>\n<\/ul>\n<\/div>\n\n\n\n<div class=\"wp-block-column is-layout-flow wp-block-column-is-layout-flow\">\n<figure class=\"wp-block-image size-full\"><img fetchpriority=\"high\" decoding=\"async\" width=\"1345\" height=\"1787\" src=\"https:\/\/www.ceramicbasin.com\/wp-content\/uploads\/2024\/11\/New-Color-gray-Washbasin-6.webp\" alt=\"Elegante lavabo de vanidad gris al por mayor, lavabos de ba\u00f1o de cer\u00e1mica-1\" class=\"wp-image-5578\" srcset=\"https:\/\/www.ceramicbasin.com\/wp-content\/uploads\/2024\/11\/New-Color-gray-Washbasin-6.webp 1345w, https:\/\/www.ceramicbasin.com\/wp-content\/uploads\/2024\/11\/New-Color-gray-Washbasin-6-226x300.webp 226w, https:\/\/www.ceramicbasin.com\/wp-content\/uploads\/2024\/11\/New-Color-gray-Washbasin-6-768x1020.webp 768w, https:\/\/www.ceramicbasin.com\/wp-content\/uploads\/2024\/11\/New-Color-gray-Washbasin-6-9x12.webp 9w, https:\/\/www.ceramicbasin.com\/wp-content\/uploads\/2024\/11\/New-Color-gray-Washbasin-6-285x379.webp 285w, https:\/\/www.ceramicbasin.com\/wp-content\/uploads\/2024\/11\/New-Color-gray-Washbasin-6-497x660.webp 497w, https:\/\/www.ceramicbasin.com\/wp-content\/uploads\/2024\/11\/New-Color-gray-Washbasin-6-113x150.webp 113w\" sizes=\"(max-width: 1345px) 100vw, 1345px\" \/><\/figure>\n<\/div>\n<\/div>\n\n\n\n<p><\/p>","protected":false},"excerpt":{"rendered":"<p>Bienvenido a comprar lavabos de ba\u00f1o de cer\u00e1mica al por mayor. Nuestro lavabo de m\u00e1rmol al por mayor utiliza la tecnolog\u00eda de transferencia de agua para replicar con precisi\u00f3n la textura natural y el color del m\u00e1rmol, y nuestros productos se venden directamente de la f\u00e1brica, asegurando que usted puede disfrutar de productos de alta calidad, manteniendo el presupuesto del proyecto y maximizar la rentabilidad.<\/p>\n<table style=\"border-collapse: collapse; width: 311.02pt;\" border=\"0\" width=\"311\" cellspacing=\"0\" cellpadding=\"0\">\n<tbody>\n<tr style=\"height: 17.60pt;\">\n<td class=\"et3\" style=\"height: 17.60pt; width: 108.35pt;\" width=\"108\" height=\"17\">Fabricante<\/td>\n<td class=\"et3\" style=\"width: 202.95pt;\" width=\"202\">HanYu<\/td>\n<\/tr>\n<tr style=\"height: 17.60pt;\">\n<td class=\"et3\" style=\"height: 17.60pt;\" height=\"17\">N\u00ba de modelo<\/td>\n<td class=\"et4\">HY-8024D70<\/td>\n<\/tr>\n<tr style=\"height: 36.00pt;\">\n<td class=\"et3\" style=\"height: 36.00pt;\" height=\"36\">Tipo<\/td>\n<td class=\"et5\" style=\"width: 202.95pt;\" width=\"202\">Lavabo Color M\u00e1rmol, Lavabo Encimera<\/td>\n<\/tr>\n<tr style=\"height: 17.60pt;\">\n<td class=\"et3\" style=\"height: 17.60pt;\" height=\"17\">Forma<\/td>\n<td class=\"et3\">Forma rectangular<\/td>\n<\/tr>\n<tr style=\"height: 18.00pt;\">\n<td class=\"et4\" style=\"height: 18.00pt;\" height=\"18\">Color<\/td>\n<td class=\"et5\" style=\"width: 202.95pt;\" width=\"202\">Blanco<\/td>\n<\/tr>\n<tr style=\"height: 18.00pt;\">\n<td class=\"et3\" style=\"height: 18.00pt;\" height=\"18\">Dimensi\u00f3n<\/td>\n<td class=\"et5\" style=\"width: 202.95pt;\" width=\"202\">50*38.5*13<\/td>\n<\/tr>\n<tr style=\"height: 17.60pt;\">\n<td class=\"et3\" style=\"height: 17.60pt;\" height=\"17\">N.W \/SET<\/td>\n<td class=\"et3\">12KGS\/PCS<\/td>\n<\/tr>\n<tr style=\"height: 17.60pt;\">\n<td class=\"et3\" style=\"height: 17.60pt;\" height=\"17\">MOQ<\/td>\n<td class=\"et3\">20 piezas<\/td>\n<\/tr>\n<tr style=\"height: 17.60pt;\">\n<td class=\"et3\" style=\"height: 17.60pt;\" height=\"17\">Opci\u00f3n personalizada<\/td>\n<td class=\"et3\">Color\/Patr\u00f3n\/Tama\u00f1o\/Logotipo\/Embalaje<\/td>\n<\/tr>\n<\/tbody>\n<\/table>","protected":false},"featured_media":5581,"comment_status":"closed","ping_status":"closed","template":"","meta":{"_acf_changed":false},"product_brand":[],"product_cat":[54,50],"product_tag":[],"class_list":{"0":"post-5577","1":"product","2":"type-product","3":"status-publish","4":"has-post-thumbnail","6":"product_cat-wholesale-marble-sinks","7":"product_cat-wholesale-countertop-sinks","9":"first","10":"instock","11":"shipping-taxable","12":"product-type-simple"},"acf":[],"_links":{"self":[{"href":"https:\/\/www.ceramicbasin.com\/es\/wp-json\/wp\/v2\/product\/5577","targetHints":{"allow":["GET"]}}],"collection":[{"href":"https:\/\/www.ceramicbasin.com\/es\/wp-json\/wp\/v2\/product"}],"about":[{"href":"https:\/\/www.ceramicbasin.com\/es\/wp-json\/wp\/v2\/types\/product"}],"replies":[{"embeddable":true,"href":"https:\/\/www.ceramicbasin.com\/es\/wp-json\/wp\/v2\/comments?post=5577"}],"wp:featuredmedia":[{"embeddable":true,"href":"https:\/\/www.ceramicbasin.com\/es\/wp-json\/wp\/v2\/media\/5581"}],"wp:attachment":[{"href":"https:\/\/www.ceramicbasin.com\/es\/wp-json\/wp\/v2\/media?parent=5577"}],"wp:term":[{"taxonomy":"product_brand","embeddable":true,"href":"https:\/\/www.ceramicbasin.com\/es\/wp-json\/wp\/v2\/product_brand?post=5577"},{"taxonomy":"product_cat","embeddable":true,"href":"https:\/\/www.ceramicbasin.com\/es\/wp-json\/wp\/v2\/product_cat?post=5577"},{"taxonomy":"product_tag","embeddable":true,"href":"https:\/\/www.ceramicbasin.com\/es\/wp-json\/wp\/v2\/product_tag?post=5577"}],"curies":[{"name":"wp","href":"https:\/\/api.w.org\/{rel}","templated":true}]}}