{"id":5619,"date":"2024-11-21T06:36:08","date_gmt":"2024-11-21T06:36:08","guid":{"rendered":"https:\/\/www.ceramicbasin.com\/?post_type=product&#038;p=5619"},"modified":"2024-12-06T09:23:32","modified_gmt":"2024-12-06T09:23:32","slug":"wholesale-marble-sinks","status":"publish","type":"product","link":"https:\/\/www.ceramicbasin.com\/es\/producto\/wholesale-marble-sinks\/","title":{"rendered":"Artificial Wholesale Fregaderos De M\u00e1rmol, Fregaderos De Cer\u00e1mica Para Encimera"},"content":{"rendered":"<div class=\"wp-block-columns is-layout-flex wp-container-core-columns-is-layout-9d6595d7 wp-block-columns-is-layout-flex\">\n<div class=\"wp-block-column is-layout-flow wp-block-column-is-layout-flow\">\n<h2 class=\"wp-block-heading\">Fregaderos de m\u00e1rmol al por mayor de primera calidad Caracter\u00edsticas:<\/h2>\n\n\n\n<ul class=\"wp-block-list\">\n<li><strong>Venta directa de f\u00e1brica:\u00a0<\/strong>Los lavabos de m\u00e1rmol artificial al por mayor de HanYu son vendidos directamente por la f\u00e1brica, eliminando la diferencia de precio de los intermediarios, y la compra al por mayor de lavabos de ba\u00f1o le garantiza la compra de lavabos de ba\u00f1o de alta calidad al por mayor al menor coste.<\/li>\n\n\n\n<li><strong>Selecci\u00f3n variada:\u00a0<\/strong>Ofrecemos una gran variedad de estilos, tama\u00f1os y colores de lavabos de ba\u00f1o al por mayor entre los que elegir, satisfaciendo las necesidades de diferentes estilos de ba\u00f1o e integr\u00e1ndolos f\u00e1cilmente en diversos dise\u00f1os de decoraci\u00f3n.<\/li>\n\n\n\n<li><strong>Descuento por compra al por mayor:\u00a0<\/strong>Ofrecemos descuentos al por mayor para fregaderos de m\u00e1rmol artificial al por mayor para satisfacer las necesidades de proyectos comerciales o de decoraci\u00f3n residencial a gran escala.<\/li>\n\n\n\n<li><strong>Dise\u00f1o montado en la parte superior: <\/strong>El exclusivo dise\u00f1o de montaje superior de nuestros lavabos de ba\u00f1o al por mayor es estable y fiable, lo que no s\u00f3lo ahorra espacio, sino que tambi\u00e9n aporta una sensaci\u00f3n de modernidad a los cuartos de ba\u00f1o y se adapta a diversos estilos de decoraci\u00f3n.<\/li>\n<\/ul>\n<\/div>\n\n\n\n<div class=\"wp-block-column is-layout-flow wp-block-column-is-layout-flow\">\n<figure class=\"wp-block-image size-full\"><img fetchpriority=\"high\" decoding=\"async\" width=\"800\" height=\"800\" src=\"https:\/\/www.ceramicbasin.com\/wp-content\/uploads\/2024\/11\/Marble-Color-Washbasin-WholesaleCountertop-Wash-Basins-WholesaleFactory-Supply-Countertop-Sink5.webp\" alt=\"Fregaderos De M\u00e1rmol Artificiales Al Por Mayor, Fregaderos De Cer\u00e1mica Para Encimera-1\" class=\"wp-image-5624\" srcset=\"https:\/\/www.ceramicbasin.com\/wp-content\/uploads\/2024\/11\/Marble-Color-Washbasin-WholesaleCountertop-Wash-Basins-WholesaleFactory-Supply-Countertop-Sink5.webp 800w, https:\/\/www.ceramicbasin.com\/wp-content\/uploads\/2024\/11\/Marble-Color-Washbasin-WholesaleCountertop-Wash-Basins-WholesaleFactory-Supply-Countertop-Sink5-300x300.webp 300w, https:\/\/www.ceramicbasin.com\/wp-content\/uploads\/2024\/11\/Marble-Color-Washbasin-WholesaleCountertop-Wash-Basins-WholesaleFactory-Supply-Countertop-Sink5-150x150.webp 150w, https:\/\/www.ceramicbasin.com\/wp-content\/uploads\/2024\/11\/Marble-Color-Washbasin-WholesaleCountertop-Wash-Basins-WholesaleFactory-Supply-Countertop-Sink5-768x768.webp 768w, https:\/\/www.ceramicbasin.com\/wp-content\/uploads\/2024\/11\/Marble-Color-Washbasin-WholesaleCountertop-Wash-Basins-WholesaleFactory-Supply-Countertop-Sink5-12x12.webp 12w, https:\/\/www.ceramicbasin.com\/wp-content\/uploads\/2024\/11\/Marble-Color-Washbasin-WholesaleCountertop-Wash-Basins-WholesaleFactory-Supply-Countertop-Sink5-285x285.webp 285w, https:\/\/www.ceramicbasin.com\/wp-content\/uploads\/2024\/11\/Marble-Color-Washbasin-WholesaleCountertop-Wash-Basins-WholesaleFactory-Supply-Countertop-Sink5-270x270.webp 270w, https:\/\/www.ceramicbasin.com\/wp-content\/uploads\/2024\/11\/Marble-Color-Washbasin-WholesaleCountertop-Wash-Basins-WholesaleFactory-Supply-Countertop-Sink5-540x540.webp 540w, https:\/\/www.ceramicbasin.com\/wp-content\/uploads\/2024\/11\/Marble-Color-Washbasin-WholesaleCountertop-Wash-Basins-WholesaleFactory-Supply-Countertop-Sink5-660x660.webp 660w\" sizes=\"(max-width: 800px) 100vw, 800px\" \/><\/figure>\n<\/div>\n<\/div>\n\n\n\n<p><\/p>","protected":false},"excerpt":{"rendered":"<p>Bienvenido a comprar lavabos de ba\u00f1o de cer\u00e1mica al por mayor. Ofrecemos fregaderos de m\u00e1rmol artificial al por mayor, eliminando los precios de los intermediarios. Con una amplia selecci\u00f3n de estilos, tama\u00f1os y colores, y descuentos por compra al por mayor, nuestros lavabos pueden satisfacer las necesidades de diferentes estilos de ba\u00f1o y proyectos de decoraci\u00f3n a gran escala al menor costo.<\/p>\n<table style=\"border-collapse: collapse; width: 311.02pt;\" border=\"0\" width=\"311\" cellspacing=\"0\" cellpadding=\"0\">\n<tbody>\n<tr style=\"height: 17.60pt;\">\n<td class=\"et3\" style=\"height: 17.60pt; width: 108.35pt;\" width=\"108\" height=\"17\">Fabricante<\/td>\n<td class=\"et3\" style=\"width: 202.95pt;\" width=\"202\">HanYu<\/td>\n<\/tr>\n<tr style=\"height: 17.60pt;\">\n<td class=\"et3\" style=\"height: 17.60pt;\" height=\"17\">N\u00ba de modelo<\/td>\n<td class=\"et4\">HY-8069D123<\/td>\n<\/tr>\n<tr style=\"height: 36.00pt;\">\n<td class=\"et3\" style=\"height: 36.00pt;\" height=\"36\">Tipo<\/td>\n<td class=\"et5\" style=\"width: 202.95pt;\" width=\"202\">Lavabo Color M\u00e1rmol, Lavabo Encimera<\/td>\n<\/tr>\n<tr style=\"height: 17.60pt;\">\n<td class=\"et3\" style=\"height: 17.60pt;\" height=\"17\">Forma<\/td>\n<td class=\"et3\">Forma redonda<\/td>\n<\/tr>\n<tr style=\"height: 18.00pt;\">\n<td class=\"et4\" style=\"height: 18.00pt;\" height=\"18\">Color<\/td>\n<td class=\"et5\" style=\"width: 202.95pt;\" width=\"202\">Azul<\/td>\n<\/tr>\n<tr style=\"height: 18.00pt;\">\n<td class=\"et3\" style=\"height: 18.00pt;\" height=\"18\">Dimensi\u00f3n<\/td>\n<td class=\"et5\" style=\"width: 202.95pt;\" width=\"202\">41.5*41.5*13.5<\/td>\n<\/tr>\n<tr style=\"height: 17.60pt;\">\n<td class=\"et3\" style=\"height: 17.60pt;\" height=\"17\">N.W \/SET<\/td>\n<td class=\"et3\">9.5KGS\/PCS<\/td>\n<\/tr>\n<tr style=\"height: 17.60pt;\">\n<td class=\"et3\" style=\"height: 17.60pt;\" height=\"17\">MOQ<\/td>\n<td class=\"et3\">20 piezas<\/td>\n<\/tr>\n<tr style=\"height: 17.60pt;\">\n<td class=\"et3\" style=\"height: 17.60pt;\" height=\"17\">Opci\u00f3n personalizada<\/td>\n<td class=\"et3\">Color\/Patr\u00f3n\/Tama\u00f1o\/Logotipo\/Embalaje<\/td>\n<\/tr>\n<\/tbody>\n<\/table>","protected":false},"featured_media":5623,"comment_status":"closed","ping_status":"closed","template":"","meta":{"_acf_changed":false},"product_brand":[],"product_cat":[54,50],"product_tag":[],"class_list":{"0":"post-5619","1":"product","2":"type-product","3":"status-publish","4":"has-post-thumbnail","6":"product_cat-wholesale-marble-sinks","7":"product_cat-wholesale-countertop-sinks","9":"first","10":"instock","11":"shipping-taxable","12":"product-type-simple"},"acf":[],"_links":{"self":[{"href":"https:\/\/www.ceramicbasin.com\/es\/wp-json\/wp\/v2\/product\/5619","targetHints":{"allow":["GET"]}}],"collection":[{"href":"https:\/\/www.ceramicbasin.com\/es\/wp-json\/wp\/v2\/product"}],"about":[{"href":"https:\/\/www.ceramicbasin.com\/es\/wp-json\/wp\/v2\/types\/product"}],"replies":[{"embeddable":true,"href":"https:\/\/www.ceramicbasin.com\/es\/wp-json\/wp\/v2\/comments?post=5619"}],"wp:featuredmedia":[{"embeddable":true,"href":"https:\/\/www.ceramicbasin.com\/es\/wp-json\/wp\/v2\/media\/5623"}],"wp:attachment":[{"href":"https:\/\/www.ceramicbasin.com\/es\/wp-json\/wp\/v2\/media?parent=5619"}],"wp:term":[{"taxonomy":"product_brand","embeddable":true,"href":"https:\/\/www.ceramicbasin.com\/es\/wp-json\/wp\/v2\/product_brand?post=5619"},{"taxonomy":"product_cat","embeddable":true,"href":"https:\/\/www.ceramicbasin.com\/es\/wp-json\/wp\/v2\/product_cat?post=5619"},{"taxonomy":"product_tag","embeddable":true,"href":"https:\/\/www.ceramicbasin.com\/es\/wp-json\/wp\/v2\/product_tag?post=5619"}],"curies":[{"name":"wp","href":"https:\/\/api.w.org\/{rel}","templated":true}]}}