{"id":5626,"date":"2024-11-21T06:41:57","date_gmt":"2024-11-21T06:41:57","guid":{"rendered":"https:\/\/www.ceramicbasin.com\/?post_type=product&#038;p=5626"},"modified":"2024-12-06T09:23:31","modified_gmt":"2024-12-06T09:23:31","slug":"marble-bathroom-sinks-wholesale","status":"publish","type":"product","link":"https:\/\/www.ceramicbasin.com\/es\/producto\/marble-bathroom-sinks-wholesale\/","title":{"rendered":"Fregaderos De Ba\u00f1o De M\u00e1rmol Artificial Al Por Mayor, Lavabos De Cer\u00e1mica Modernos"},"content":{"rendered":"<div class=\"wp-block-columns is-layout-flex wp-container-core-columns-is-layout-9d6595d7 wp-block-columns-is-layout-flex\">\n<div class=\"wp-block-column is-layout-flow wp-block-column-is-layout-flow\">\n<h2 class=\"wp-block-heading\">Premium Fregaderos de Ba\u00f1o de M\u00e1rmol al por mayor Caracter\u00edsticas:<\/h2>\n\n\n\n<ul class=\"wp-block-list\">\n<li><strong>Textura de m\u00e1rmol muy simulada, elegante y lujosa:<\/strong> Este lavabo de m\u00e1rmol al por mayor adopta un dise\u00f1o de textura de m\u00e1rmol realista, con textura natural y suave, que realza el ambiente de gama alta del espacio de ba\u00f1o y destaca la moda moderna y la belleza de lujo.<\/li>\n\n\n\n<li><strong>Exquisita tecnolog\u00eda de transferencia de agua, textura duradera y distintiva: <\/strong>Nuestros lavabos de cer\u00e1mica al por mayor utilizan una avanzada tecnolog\u00eda de transferencia de agua para que la textura de m\u00e1rmol quede firmemente adherida a la superficie de cer\u00e1mica, presentando un delicado efecto visual, y garantizar que permanezca clara como nueva tras un uso prolongado.<\/li>\n\n\n\n<li><strong>Sustrato cer\u00e1mico de alta calidad, duradero y f\u00e1cil de limpiar: <\/strong>Nuestros lavabos de m\u00e1rmol al por mayor utilizan cer\u00e1mica de alta calidad como sustrato, con un excelente rendimiento antiincrustante, antiara\u00f1azos y duradero, f\u00e1cil de limpiar, y satisfacen las necesidades de uso diario.<\/li>\n\n\n\n<li><strong>Adaptaci\u00f3n multi-escena, destacando el dise\u00f1o moderno: <\/strong>Estos lavabos de cer\u00e1mica al por mayor tienen textura de m\u00e1rmol y forma sencilla, adecuados para una gran variedad de estilos de decoraci\u00f3n para el hogar, el hotel o el espacio comercial, e integran a la perfecci\u00f3n elementos modernos y cl\u00e1sicos.<\/li>\n<\/ul>\n<\/div>\n\n\n\n<div class=\"wp-block-column is-layout-flow wp-block-column-is-layout-flow\">\n<figure class=\"wp-block-image size-full\"><img fetchpriority=\"high\" decoding=\"async\" width=\"800\" height=\"800\" src=\"https:\/\/www.ceramicbasin.com\/wp-content\/uploads\/2024\/11\/custom-marble-vanity-tops-sinkAbove-Counter-Sinks-Wholesalecustom-bath-vanity-top5.webp\" alt=\"Fregaderos De Ba\u00f1o De M\u00e1rmol Artificial Al Por Mayor, Lavabos De Cer\u00e1mica Modernos-1\" class=\"wp-image-5631\" srcset=\"https:\/\/www.ceramicbasin.com\/wp-content\/uploads\/2024\/11\/custom-marble-vanity-tops-sinkAbove-Counter-Sinks-Wholesalecustom-bath-vanity-top5.webp 800w, https:\/\/www.ceramicbasin.com\/wp-content\/uploads\/2024\/11\/custom-marble-vanity-tops-sinkAbove-Counter-Sinks-Wholesalecustom-bath-vanity-top5-300x300.webp 300w, https:\/\/www.ceramicbasin.com\/wp-content\/uploads\/2024\/11\/custom-marble-vanity-tops-sinkAbove-Counter-Sinks-Wholesalecustom-bath-vanity-top5-150x150.webp 150w, https:\/\/www.ceramicbasin.com\/wp-content\/uploads\/2024\/11\/custom-marble-vanity-tops-sinkAbove-Counter-Sinks-Wholesalecustom-bath-vanity-top5-768x768.webp 768w, https:\/\/www.ceramicbasin.com\/wp-content\/uploads\/2024\/11\/custom-marble-vanity-tops-sinkAbove-Counter-Sinks-Wholesalecustom-bath-vanity-top5-12x12.webp 12w, https:\/\/www.ceramicbasin.com\/wp-content\/uploads\/2024\/11\/custom-marble-vanity-tops-sinkAbove-Counter-Sinks-Wholesalecustom-bath-vanity-top5-285x285.webp 285w, https:\/\/www.ceramicbasin.com\/wp-content\/uploads\/2024\/11\/custom-marble-vanity-tops-sinkAbove-Counter-Sinks-Wholesalecustom-bath-vanity-top5-270x270.webp 270w, https:\/\/www.ceramicbasin.com\/wp-content\/uploads\/2024\/11\/custom-marble-vanity-tops-sinkAbove-Counter-Sinks-Wholesalecustom-bath-vanity-top5-540x540.webp 540w, https:\/\/www.ceramicbasin.com\/wp-content\/uploads\/2024\/11\/custom-marble-vanity-tops-sinkAbove-Counter-Sinks-Wholesalecustom-bath-vanity-top5-660x660.webp 660w\" sizes=\"(max-width: 800px) 100vw, 800px\" \/><\/figure>\n<\/div>\n<\/div>\n\n\n\n<p><\/p>","protected":false},"excerpt":{"rendered":"<p>Bienvenido a comprar lavabos de cer\u00e1mica al por mayor. Estos modernos lavabos de ba\u00f1o de m\u00e1rmol al por mayor cuentan con un dise\u00f1o realista textura de m\u00e1rmol y la tecnolog\u00eda de transferencia de agua, con textura natural y distinta y elegante textura. El sustrato cer\u00e1mico de alta calidad garantiza su durabilidad y f\u00e1cil limpieza. Ya se trate de un hogar o una escena comercial, puede inyectar lujo moderno y cl\u00e1sico en el espacio.<\/p>\n<table style=\"border-collapse: collapse; width: 311.02pt;\" border=\"0\" width=\"311\" cellspacing=\"0\" cellpadding=\"0\">\n<tbody>\n<tr style=\"height: 17.60pt;\">\n<td class=\"et3\" style=\"height: 17.60pt; width: 108.35pt;\" width=\"108\" height=\"17\">Fabricante<\/td>\n<td class=\"et3\" style=\"width: 202.95pt;\" width=\"202\">HanYu<\/td>\n<\/tr>\n<tr style=\"height: 17.60pt;\">\n<td class=\"et3\" style=\"height: 17.60pt;\" height=\"17\">N\u00ba de modelo<\/td>\n<td class=\"et4\">HY-8069D124<\/td>\n<\/tr>\n<tr style=\"height: 36.00pt;\">\n<td class=\"et3\" style=\"height: 36.00pt;\" height=\"36\">Tipo<\/td>\n<td class=\"et5\" style=\"width: 202.95pt;\" width=\"202\">Lavabo Color M\u00e1rmol, Lavabo Encimera<\/td>\n<\/tr>\n<tr style=\"height: 17.60pt;\">\n<td class=\"et3\" style=\"height: 17.60pt;\" height=\"17\">Forma<\/td>\n<td class=\"et3\">Forma redonda<\/td>\n<\/tr>\n<tr style=\"height: 18.00pt;\">\n<td class=\"et4\" style=\"height: 18.00pt;\" height=\"18\">Color<\/td>\n<td class=\"et5\" style=\"width: 202.95pt;\" width=\"202\">Azul<\/td>\n<\/tr>\n<tr style=\"height: 18.00pt;\">\n<td class=\"et3\" style=\"height: 18.00pt;\" height=\"18\">Dimensi\u00f3n<\/td>\n<td class=\"et5\" style=\"width: 202.95pt;\" width=\"202\">41.5*41.5*13.5<\/td>\n<\/tr>\n<tr style=\"height: 17.60pt;\">\n<td class=\"et3\" style=\"height: 17.60pt;\" height=\"17\">N.W \/SET<\/td>\n<td class=\"et3\">9.5KGS\/PCS<\/td>\n<\/tr>\n<tr style=\"height: 17.60pt;\">\n<td class=\"et3\" style=\"height: 17.60pt;\" height=\"17\">MOQ<\/td>\n<td class=\"et3\">20 piezas<\/td>\n<\/tr>\n<tr style=\"height: 17.60pt;\">\n<td class=\"et3\" style=\"height: 17.60pt;\" height=\"17\">Opci\u00f3n personalizada<\/td>\n<td class=\"et3\">Color\/Patr\u00f3n\/Tama\u00f1o\/Logotipo\/Embalaje<\/td>\n<\/tr>\n<\/tbody>\n<\/table>","protected":false},"featured_media":5627,"comment_status":"closed","ping_status":"closed","template":"","meta":{"_acf_changed":false},"product_brand":[],"product_cat":[54,50],"product_tag":[],"class_list":{"0":"post-5626","1":"product","2":"type-product","3":"status-publish","4":"has-post-thumbnail","6":"product_cat-wholesale-marble-sinks","7":"product_cat-wholesale-countertop-sinks","9":"first","10":"instock","11":"shipping-taxable","12":"product-type-simple"},"acf":[],"_links":{"self":[{"href":"https:\/\/www.ceramicbasin.com\/es\/wp-json\/wp\/v2\/product\/5626","targetHints":{"allow":["GET"]}}],"collection":[{"href":"https:\/\/www.ceramicbasin.com\/es\/wp-json\/wp\/v2\/product"}],"about":[{"href":"https:\/\/www.ceramicbasin.com\/es\/wp-json\/wp\/v2\/types\/product"}],"replies":[{"embeddable":true,"href":"https:\/\/www.ceramicbasin.com\/es\/wp-json\/wp\/v2\/comments?post=5626"}],"wp:featuredmedia":[{"embeddable":true,"href":"https:\/\/www.ceramicbasin.com\/es\/wp-json\/wp\/v2\/media\/5627"}],"wp:attachment":[{"href":"https:\/\/www.ceramicbasin.com\/es\/wp-json\/wp\/v2\/media?parent=5626"}],"wp:term":[{"taxonomy":"product_brand","embeddable":true,"href":"https:\/\/www.ceramicbasin.com\/es\/wp-json\/wp\/v2\/product_brand?post=5626"},{"taxonomy":"product_cat","embeddable":true,"href":"https:\/\/www.ceramicbasin.com\/es\/wp-json\/wp\/v2\/product_cat?post=5626"},{"taxonomy":"product_tag","embeddable":true,"href":"https:\/\/www.ceramicbasin.com\/es\/wp-json\/wp\/v2\/product_tag?post=5626"}],"curies":[{"name":"wp","href":"https:\/\/api.w.org\/{rel}","templated":true}]}}