{"id":5637,"date":"2024-11-28T08:44:33","date_gmt":"2024-11-28T08:44:33","guid":{"rendered":"https:\/\/www.ceramicbasin.com\/?post_type=product&#038;p=5637"},"modified":"2024-11-28T08:44:36","modified_gmt":"2024-11-28T08:44:36","slug":"wholesale-drop-in-sink","status":"publish","type":"product","link":"https:\/\/www.ceramicbasin.com\/es\/producto\/wholesale-drop-in-sink\/","title":{"rendered":"Fregadero de cer\u00e1mica redondo al por mayor, Venta caliente Fregadero de cer\u00e1mica para ba\u00f1o"},"content":{"rendered":"<div class=\"wp-block-columns is-layout-flex wp-container-core-columns-is-layout-9d6595d7 wp-block-columns-is-layout-flex\">\n<div class=\"wp-block-column is-layout-flow wp-block-column-is-layout-flow\">\n<h2 class=\"wp-block-heading\">Premium al por mayor Drop In Fregadero Caracter\u00edsticas:<\/h2>\n\n\n\n<ul class=\"wp-block-list\">\n<li><strong>Dise\u00f1o exquisito:\u00a0<\/strong>Nuestro lavabo drop in al por mayor adopta un exquisito dise\u00f1o moderno. Cada pieza es un homenaje a la est\u00e9tica y tiene como objetivo a\u00f1adir elegancia y gusto al espacio de ba\u00f1o.<\/li>\n\n\n\n<li><strong>Cer\u00e1mica de alta calidad: <\/strong>Las materias primas cer\u00e1micas seleccionadas de alta calidad, sinterizadas a alta temperatura, garantizan que nuestros lavabos de ba\u00f1o al por mayor tengan una estructura s\u00f3lida, una superficie delicada y lisa, f\u00e1cil de limpiar y duradera como nueva.<\/li>\n\n\n\n<li><strong>Venta directa de f\u00e1brica:\u00a0<\/strong>Los lavabos de ca\u00edda al por mayor de HanYu son vendidos directamente por la f\u00e1brica, eliminando la diferencia de precio de los intermediarios, y la compra al por mayor de lavabos de ba\u00f1o le garantiza la compra de lavabos de ba\u00f1o de alta calidad al por mayor al menor coste.<\/li>\n\n\n\n<li><strong>Dise\u00f1o personalizado:\u00a0<\/strong>Nuestros lavabos drop-in al por mayor est\u00e1n dise\u00f1ados en varios tipos de estilos y tama\u00f1os para una personalizaci\u00f3n personalizada, lo que nos permite satisfacer las necesidades de los diferentes clientes. Esto permite ajustes de color, forma y textura de acuerdo a sus necesidades espec\u00edficas y la integraci\u00f3n en una variedad de dise\u00f1os de ba\u00f1o.<\/li>\n<\/ul>\n<\/div>\n\n\n\n<div class=\"wp-block-column is-layout-flow wp-block-column-is-layout-flow\">\n<figure class=\"wp-block-image size-full\"><img fetchpriority=\"high\" decoding=\"async\" width=\"1000\" height=\"1000\" src=\"https:\/\/www.ceramicbasin.com\/wp-content\/uploads\/2024\/11\/Hot-Sale-Porcelain-Sink-Bathroom-Ceramic-Round-Shape-Drop-In-Sink-5.webp\" alt=\"Fregadero de cer\u00e1mica redondo al por mayor, Venta caliente Fregadero de cer\u00e1mica para ba\u00f1o-1\" class=\"wp-image-5643\" srcset=\"https:\/\/www.ceramicbasin.com\/wp-content\/uploads\/2024\/11\/Hot-Sale-Porcelain-Sink-Bathroom-Ceramic-Round-Shape-Drop-In-Sink-5.webp 1000w, https:\/\/www.ceramicbasin.com\/wp-content\/uploads\/2024\/11\/Hot-Sale-Porcelain-Sink-Bathroom-Ceramic-Round-Shape-Drop-In-Sink-5-300x300.webp 300w, https:\/\/www.ceramicbasin.com\/wp-content\/uploads\/2024\/11\/Hot-Sale-Porcelain-Sink-Bathroom-Ceramic-Round-Shape-Drop-In-Sink-5-150x150.webp 150w, https:\/\/www.ceramicbasin.com\/wp-content\/uploads\/2024\/11\/Hot-Sale-Porcelain-Sink-Bathroom-Ceramic-Round-Shape-Drop-In-Sink-5-768x768.webp 768w, https:\/\/www.ceramicbasin.com\/wp-content\/uploads\/2024\/11\/Hot-Sale-Porcelain-Sink-Bathroom-Ceramic-Round-Shape-Drop-In-Sink-5-12x12.webp 12w, https:\/\/www.ceramicbasin.com\/wp-content\/uploads\/2024\/11\/Hot-Sale-Porcelain-Sink-Bathroom-Ceramic-Round-Shape-Drop-In-Sink-5-285x285.webp 285w, https:\/\/www.ceramicbasin.com\/wp-content\/uploads\/2024\/11\/Hot-Sale-Porcelain-Sink-Bathroom-Ceramic-Round-Shape-Drop-In-Sink-5-270x270.webp 270w, https:\/\/www.ceramicbasin.com\/wp-content\/uploads\/2024\/11\/Hot-Sale-Porcelain-Sink-Bathroom-Ceramic-Round-Shape-Drop-In-Sink-5-540x540.webp 540w, https:\/\/www.ceramicbasin.com\/wp-content\/uploads\/2024\/11\/Hot-Sale-Porcelain-Sink-Bathroom-Ceramic-Round-Shape-Drop-In-Sink-5-660x660.webp 660w\" sizes=\"(max-width: 1000px) 100vw, 1000px\" \/><\/figure>\n<\/div>\n<\/div>\n\n\n\n<p><\/p>","protected":false},"excerpt":{"rendered":"<p>Bienvenido a la compra al por mayor de lavabos de ba\u00f1o.Este lavabo de ca\u00edda al por mayor destaca por su exquisito dise\u00f1o y materiales cer\u00e1micos de alta calidad, por lo que es una opci\u00f3n ideal para la decoraci\u00f3n del ba\u00f1o. El dise\u00f1o de apariencia aerodin\u00e1mica y el tratamiento de bordes redondeados muestran una extraordinaria belleza art\u00edstica. Las compras al por mayor pueden disfrutar de una mejor relaci\u00f3n coste-eficacia.<\/p>\n<table style=\"border-collapse: collapse; width: 311.02pt;\" border=\"0\" width=\"311\" cellspacing=\"0\" cellpadding=\"0\">\n<tbody>\n<tr style=\"height: 17.60pt;\">\n<td class=\"et3\" style=\"height: 17.60pt; width: 108.35pt;\" width=\"108\" height=\"17\">Fabricante<\/td>\n<td class=\"et3\" style=\"width: 202.95pt;\" width=\"202\">HanYu<\/td>\n<\/tr>\n<tr style=\"height: 17.60pt;\">\n<td class=\"et3\" style=\"height: 17.60pt;\" height=\"17\">N\u00ba de modelo<\/td>\n<td class=\"et4\">HY-5009A<\/td>\n<\/tr>\n<tr style=\"height: 18.00pt;\">\n<td class=\"et3\" style=\"height: 18.00pt;\" height=\"18\">Tipo<\/td>\n<td class=\"et5\" style=\"width: 202.95pt;\" width=\"202\">Cubeta de ca\u00edda<\/td>\n<\/tr>\n<tr style=\"height: 17.60pt;\">\n<td class=\"et3\" style=\"height: 17.60pt;\" height=\"17\">Forma<\/td>\n<td class=\"et3\">Forma redonda<\/td>\n<\/tr>\n<tr style=\"height: 18.00pt;\">\n<td class=\"et4\" style=\"height: 18.00pt;\" height=\"18\">Color<\/td>\n<td class=\"et5\" style=\"width: 202.95pt;\" width=\"202\">Blanco<\/td>\n<\/tr>\n<tr style=\"height: 18.00pt;\">\n<td class=\"et3\" style=\"height: 18.00pt;\" height=\"18\">Dimensi\u00f3n<\/td>\n<td class=\"et5\" style=\"width: 202.95pt;\" width=\"202\">41*41*17<\/td>\n<\/tr>\n<tr style=\"height: 17.60pt;\">\n<td class=\"et3\" style=\"height: 17.60pt;\" height=\"17\">N.W \/SET<\/td>\n<td class=\"et3\">9 KGS\/PCS<\/td>\n<\/tr>\n<tr style=\"height: 17.60pt;\">\n<td class=\"et3\" style=\"height: 17.60pt;\" height=\"17\">MOQ<\/td>\n<td class=\"et3\">20 piezas<\/td>\n<\/tr>\n<tr style=\"height: 17.60pt;\">\n<td class=\"et3\" style=\"height: 17.60pt;\" height=\"17\">Opci\u00f3n personalizada<\/td>\n<td class=\"et3\">Color\/Patr\u00f3n\/Tama\u00f1o\/Logotipo\/Embalaje<\/td>\n<\/tr>\n<\/tbody>\n<\/table>","protected":false},"featured_media":5639,"comment_status":"closed","ping_status":"closed","template":"","meta":{"_acf_changed":false},"product_brand":[],"product_cat":[51],"product_tag":[],"class_list":{"0":"post-5637","1":"product","2":"type-product","3":"status-publish","4":"has-post-thumbnail","6":"product_cat-wholesale-drop-in-sinks","8":"first","9":"instock","10":"shipping-taxable","11":"product-type-simple"},"acf":[],"_links":{"self":[{"href":"https:\/\/www.ceramicbasin.com\/es\/wp-json\/wp\/v2\/product\/5637","targetHints":{"allow":["GET"]}}],"collection":[{"href":"https:\/\/www.ceramicbasin.com\/es\/wp-json\/wp\/v2\/product"}],"about":[{"href":"https:\/\/www.ceramicbasin.com\/es\/wp-json\/wp\/v2\/types\/product"}],"replies":[{"embeddable":true,"href":"https:\/\/www.ceramicbasin.com\/es\/wp-json\/wp\/v2\/comments?post=5637"}],"wp:featuredmedia":[{"embeddable":true,"href":"https:\/\/www.ceramicbasin.com\/es\/wp-json\/wp\/v2\/media\/5639"}],"wp:attachment":[{"href":"https:\/\/www.ceramicbasin.com\/es\/wp-json\/wp\/v2\/media?parent=5637"}],"wp:term":[{"taxonomy":"product_brand","embeddable":true,"href":"https:\/\/www.ceramicbasin.com\/es\/wp-json\/wp\/v2\/product_brand?post=5637"},{"taxonomy":"product_cat","embeddable":true,"href":"https:\/\/www.ceramicbasin.com\/es\/wp-json\/wp\/v2\/product_cat?post=5637"},{"taxonomy":"product_tag","embeddable":true,"href":"https:\/\/www.ceramicbasin.com\/es\/wp-json\/wp\/v2\/product_tag?post=5637"}],"curies":[{"name":"wp","href":"https:\/\/api.w.org\/{rel}","templated":true}]}}