{"id":5662,"date":"2024-11-28T01:21:49","date_gmt":"2024-11-28T01:21:49","guid":{"rendered":"https:\/\/www.ceramicbasin.com\/?post_type=product&#038;p=5662"},"modified":"2024-11-28T01:21:51","modified_gmt":"2024-11-28T01:21:51","slug":"in-counter-wash-basin-wholesale","status":"publish","type":"product","link":"https:\/\/www.ceramicbasin.com\/es\/producto\/in-counter-wash-basin-wholesale\/","title":{"rendered":"Lavabo Cuadrado de Encimera al por Mayor, Fregaderos de Vasija de Cer\u00e1mica"},"content":{"rendered":"<div class=\"wp-block-columns is-layout-flex wp-container-core-columns-is-layout-9d6595d7 wp-block-columns-is-layout-flex\">\n<div class=\"wp-block-column is-layout-flow wp-block-column-is-layout-flow\">\n<h2 class=\"wp-block-heading\">Premium In Counter Lavabo al por mayor Caracter\u00edsticas:<\/h2>\n\n\n\n<ul class=\"wp-block-list\">\n<li><strong>Porcelana de alta calidad:<\/strong> Los materiales de calidad de nuestros lavabos de encimera al por mayor son de alta calidad, robustos, duraderos y con una excelente resistencia a los ara\u00f1azos y al desgaste. Nuestros lavabos al por mayor pueden garantizar un uso prolongado sin da\u00f1ar f\u00e1cilmente su aspecto.<\/li>\n\n\n\n<li><strong>Dise\u00f1o de moda: <\/strong>Dise\u00f1o moderno y sencillo, con l\u00edneas suaves adecuado para varios tipos de cuartos de ba\u00f1o. Si desea a\u00f1adir elegancia y moda a su cuarto de ba\u00f1o, entonces nuestros lavabos de cer\u00e1mica al por mayor ser\u00e1n perfectos.<\/li>\n\n\n\n<li><strong>F\u00e1cil instalaci\u00f3n: <\/strong>Gracias a este dise\u00f1o empotrado, el proceso de instalaci\u00f3n de este lavabo de encimera al por mayor es mucho m\u00e1s f\u00e1cil y r\u00e1pido, sin necesidad de herramientas o habilidades complicadas. Por lo tanto, ahorra tiempo y costes de instalaci\u00f3n.<\/li>\n\n\n\n<li><strong>Precio favorable: <\/strong>Como fabricante de lavabos de ba\u00f1o al por mayor, HanYu ofrece un precio de compra al por mayor muy competitivo, lo que garantiza que pueda disfrutar de lavabos de cer\u00e1mica de alta calidad al por mayor mientras controla los costes.<\/li>\n<\/ul>\n<\/div>\n\n\n\n<div class=\"wp-block-column is-layout-flow wp-block-column-is-layout-flow\">\n<figure class=\"wp-block-image size-full\"><img fetchpriority=\"high\" decoding=\"async\" width=\"914\" height=\"913\" src=\"https:\/\/www.ceramicbasin.com\/wp-content\/uploads\/2024\/11\/Luxury-Wholesale-Bathroom-Vessel-Sinks-Ceramic-Square-Shape-Drop-In-Sink-5.webp\" alt=\"Lavabo Cuadrado Al Por Mayor, Fregaderos De Cer\u00e1mica De La Vasija-1\" class=\"wp-image-5667\" srcset=\"https:\/\/www.ceramicbasin.com\/wp-content\/uploads\/2024\/11\/Luxury-Wholesale-Bathroom-Vessel-Sinks-Ceramic-Square-Shape-Drop-In-Sink-5.webp 914w, https:\/\/www.ceramicbasin.com\/wp-content\/uploads\/2024\/11\/Luxury-Wholesale-Bathroom-Vessel-Sinks-Ceramic-Square-Shape-Drop-In-Sink-5-300x300.webp 300w, https:\/\/www.ceramicbasin.com\/wp-content\/uploads\/2024\/11\/Luxury-Wholesale-Bathroom-Vessel-Sinks-Ceramic-Square-Shape-Drop-In-Sink-5-150x150.webp 150w, https:\/\/www.ceramicbasin.com\/wp-content\/uploads\/2024\/11\/Luxury-Wholesale-Bathroom-Vessel-Sinks-Ceramic-Square-Shape-Drop-In-Sink-5-768x767.webp 768w, https:\/\/www.ceramicbasin.com\/wp-content\/uploads\/2024\/11\/Luxury-Wholesale-Bathroom-Vessel-Sinks-Ceramic-Square-Shape-Drop-In-Sink-5-12x12.webp 12w, https:\/\/www.ceramicbasin.com\/wp-content\/uploads\/2024\/11\/Luxury-Wholesale-Bathroom-Vessel-Sinks-Ceramic-Square-Shape-Drop-In-Sink-5-285x285.webp 285w, https:\/\/www.ceramicbasin.com\/wp-content\/uploads\/2024\/11\/Luxury-Wholesale-Bathroom-Vessel-Sinks-Ceramic-Square-Shape-Drop-In-Sink-5-270x270.webp 270w, https:\/\/www.ceramicbasin.com\/wp-content\/uploads\/2024\/11\/Luxury-Wholesale-Bathroom-Vessel-Sinks-Ceramic-Square-Shape-Drop-In-Sink-5-540x540.webp 540w, https:\/\/www.ceramicbasin.com\/wp-content\/uploads\/2024\/11\/Luxury-Wholesale-Bathroom-Vessel-Sinks-Ceramic-Square-Shape-Drop-In-Sink-5-660x660.webp 660w\" sizes=\"(max-width: 914px) 100vw, 914px\" \/><\/figure>\n<\/div>\n<\/div>\n\n\n\n<p><\/p>","protected":false},"excerpt":{"rendered":"<p>Bienvenido a comprar lavabos de cer\u00e1mica al por mayor. Este lavabo de encimera al por mayor es suministrado directamente por nuestra f\u00e1brica, reduciendo en gran medida sus costes de compra. Nuestros lavabos de cer\u00e1mica al por mayor. Ofrecemos descuentos al por mayor en este dise\u00f1o popular para satisfacer las necesidades de los proyectos comerciales o grandes renovaciones residenciales.<\/p>\n<table style=\"border-collapse: collapse; width: 311.02pt;\" border=\"0\" width=\"311\" cellspacing=\"0\" cellpadding=\"0\">\n<tbody>\n<tr style=\"height: 17.60pt;\">\n<td class=\"et3\" style=\"height: 17.60pt; width: 108.35pt;\" width=\"108\" height=\"17\">Fabricante<\/td>\n<td class=\"et3\" style=\"width: 202.95pt;\" width=\"202\">HanYu<\/td>\n<\/tr>\n<tr style=\"height: 17.60pt;\">\n<td class=\"et3\" style=\"height: 17.60pt;\" height=\"17\">N\u00ba de modelo<\/td>\n<td class=\"et4\">HY-6040<\/td>\n<\/tr>\n<tr style=\"height: 18.00pt;\">\n<td class=\"et3\" style=\"height: 18.00pt;\" height=\"18\">Tipo<\/td>\n<td class=\"et5\" style=\"width: 202.95pt;\" width=\"202\">Cubeta de ca\u00edda<\/td>\n<\/tr>\n<tr style=\"height: 17.60pt;\">\n<td class=\"et3\" style=\"height: 17.60pt;\" height=\"17\">Forma<\/td>\n<td class=\"et3\">Forma rectangular<\/td>\n<\/tr>\n<tr style=\"height: 18.00pt;\">\n<td class=\"et4\" style=\"height: 18.00pt;\" height=\"18\">Color<\/td>\n<td class=\"et5\" style=\"width: 202.95pt;\" width=\"202\">Blanco<\/td>\n<\/tr>\n<tr style=\"height: 18.00pt;\">\n<td class=\"et3\" style=\"height: 18.00pt;\" height=\"18\">Dimensi\u00f3n<\/td>\n<td class=\"et5\" style=\"width: 202.95pt;\" width=\"202\">41.5*42*17<\/td>\n<\/tr>\n<tr style=\"height: 17.60pt;\">\n<td class=\"et3\" style=\"height: 17.60pt;\" height=\"17\">N.W \/SET<\/td>\n<td class=\"et3\">11.5KGS\/PCS<\/td>\n<\/tr>\n<tr style=\"height: 17.60pt;\">\n<td class=\"et3\" style=\"height: 17.60pt;\" height=\"17\">MOQ<\/td>\n<td class=\"et3\">20 piezas<\/td>\n<\/tr>\n<tr style=\"height: 17.60pt;\">\n<td class=\"et3\" style=\"height: 17.60pt;\" height=\"17\">Opci\u00f3n personalizada<\/td>\n<td class=\"et3\">Color\/Patr\u00f3n\/Tama\u00f1o\/Logotipo\/Embalaje<\/td>\n<\/tr>\n<\/tbody>\n<\/table>","protected":false},"featured_media":5666,"comment_status":"closed","ping_status":"closed","template":"","meta":{"_acf_changed":false},"product_brand":[],"product_cat":[51],"product_tag":[],"class_list":{"0":"post-5662","1":"product","2":"type-product","3":"status-publish","4":"has-post-thumbnail","6":"product_cat-wholesale-drop-in-sinks","8":"first","9":"instock","10":"shipping-taxable","11":"product-type-simple"},"acf":[],"_links":{"self":[{"href":"https:\/\/www.ceramicbasin.com\/es\/wp-json\/wp\/v2\/product\/5662","targetHints":{"allow":["GET"]}}],"collection":[{"href":"https:\/\/www.ceramicbasin.com\/es\/wp-json\/wp\/v2\/product"}],"about":[{"href":"https:\/\/www.ceramicbasin.com\/es\/wp-json\/wp\/v2\/types\/product"}],"replies":[{"embeddable":true,"href":"https:\/\/www.ceramicbasin.com\/es\/wp-json\/wp\/v2\/comments?post=5662"}],"wp:featuredmedia":[{"embeddable":true,"href":"https:\/\/www.ceramicbasin.com\/es\/wp-json\/wp\/v2\/media\/5666"}],"wp:attachment":[{"href":"https:\/\/www.ceramicbasin.com\/es\/wp-json\/wp\/v2\/media?parent=5662"}],"wp:term":[{"taxonomy":"product_brand","embeddable":true,"href":"https:\/\/www.ceramicbasin.com\/es\/wp-json\/wp\/v2\/product_brand?post=5662"},{"taxonomy":"product_cat","embeddable":true,"href":"https:\/\/www.ceramicbasin.com\/es\/wp-json\/wp\/v2\/product_cat?post=5662"},{"taxonomy":"product_tag","embeddable":true,"href":"https:\/\/www.ceramicbasin.com\/es\/wp-json\/wp\/v2\/product_tag?post=5662"}],"curies":[{"name":"wp","href":"https:\/\/api.w.org\/{rel}","templated":true}]}}