{"id":5669,"date":"2024-11-28T01:41:38","date_gmt":"2024-11-28T01:41:38","guid":{"rendered":"https:\/\/www.ceramicbasin.com\/?post_type=product&#038;p=5669"},"modified":"2024-11-28T01:41:41","modified_gmt":"2024-11-28T01:41:41","slug":"wholesale-drop-in-basins","status":"publish","type":"product","link":"https:\/\/www.ceramicbasin.com\/es\/producto\/wholesale-drop-in-basins\/","title":{"rendered":"Rectangle Wholesale Drop In Basins, Fregadero De Ba\u00f1o De Cer\u00e1mica Suministro De F\u00e1brica"},"content":{"rendered":"<div class=\"wp-block-columns is-layout-flex wp-container-core-columns-is-layout-9d6595d7 wp-block-columns-is-layout-flex\">\n<div class=\"wp-block-column is-layout-flow wp-block-column-is-layout-flow\">\n<h2 class=\"wp-block-heading\">Premium al por mayor Drop In Lavabos Caracter\u00edsticas:<\/h2>\n\n\n\n<ul class=\"wp-block-list\">\n<li><strong>Dise\u00f1o rectangular cl\u00e1sico, estilo de ba\u00f1o diverso: <\/strong>Nuestros lavabos drop in al por mayor realizan un elegante tono bajo utilizando l\u00edneas simples y suaves, independientemente de si un estilo minimalista de moda o un ba\u00f1o de estilo cl\u00e1sico europeo, nuestro lavabo de ba\u00f1o puede combinar con ambos perfectamente, aumentando los sentimientos refinados y el lujo en \u00e9l.<\/li>\n\n\n\n<li><strong>Material cer\u00e1mico de alta calidad, duradero y f\u00e1cil de limpiar: <\/strong>Estos lavabos de ba\u00f1o al por mayor est\u00e1n fabricados con materias primas cer\u00e1micas de alta calidad y cocidos a alta temperatura. La superficie es s\u00f3lida y lisa, resistente a los ara\u00f1azos y no es f\u00e1cil de agrietar. El esmalte tiene un excelente rendimiento anti-incrustaciones, las manchas y la escala no son f\u00e1ciles de adherir, s\u00f3lo limpie suavemente para mantenerlo limpio como nuevo, por lo que la limpieza diaria m\u00e1s f\u00e1cil y sin preocupaciones.<\/li>\n\n\n\n<li><strong>Dise\u00f1o de instalaci\u00f3n empotrado, proceso de construcci\u00f3n simplificado: <\/strong>El exclusivo m\u00e9todo de instalaci\u00f3n empotrada no s\u00f3lo ahorra espacio en la encimera, sino que tambi\u00e9n garantiza la estabilidad y practicidad de estos lavabos drop in al por mayor. Su estructura sencilla y f\u00e1cil manejo reducen en gran medida la dificultad de instalaci\u00f3n, por lo que es una opci\u00f3n ideal para la decoraci\u00f3n del hogar y proyectos comerciales.<\/li>\n\n\n\n<li><strong>Servicio de suministro directo de f\u00e1brica, rentable y compatible con la personalizaci\u00f3n: <\/strong>Estos lavabos de ba\u00f1o al por mayor son proporcionados directamente por los fabricantes profesionales de lavabos de ba\u00f1o de cer\u00e1mica, de tal manera se reducen los v\u00ednculos intermedios con la competitividad en los precios del mercado. Podemos proporcionar servicios personalizados diversificados de acuerdo a las necesidades de los clientes, ya sea el tama\u00f1o o el color, o el dise\u00f1o detallado, siempre podr\u00edamos satisfacer las necesidades de todos los diferentes mercados y proyectos.<\/li>\n<\/ul>\n<\/div>\n\n\n\n<div class=\"wp-block-column is-layout-flow wp-block-column-is-layout-flow\">\n<figure class=\"wp-block-image size-full\"><img fetchpriority=\"high\" decoding=\"async\" width=\"1000\" height=\"999\" src=\"https:\/\/www.ceramicbasin.com\/wp-content\/uploads\/2024\/11\/Wholesale-Bathroom-Wash-Basin-FactoryRectangle-Shape-Drop-In-Sink-5.webp\" alt=\"Rectangle Wholesale Drop In Lavabos, Fregadero De Ba\u00f1o De Cer\u00e1mica F\u00e1brica Supply-1\" class=\"wp-image-5675\" srcset=\"https:\/\/www.ceramicbasin.com\/wp-content\/uploads\/2024\/11\/Wholesale-Bathroom-Wash-Basin-FactoryRectangle-Shape-Drop-In-Sink-5.webp 1000w, https:\/\/www.ceramicbasin.com\/wp-content\/uploads\/2024\/11\/Wholesale-Bathroom-Wash-Basin-FactoryRectangle-Shape-Drop-In-Sink-5-300x300.webp 300w, https:\/\/www.ceramicbasin.com\/wp-content\/uploads\/2024\/11\/Wholesale-Bathroom-Wash-Basin-FactoryRectangle-Shape-Drop-In-Sink-5-150x150.webp 150w, https:\/\/www.ceramicbasin.com\/wp-content\/uploads\/2024\/11\/Wholesale-Bathroom-Wash-Basin-FactoryRectangle-Shape-Drop-In-Sink-5-768x767.webp 768w, https:\/\/www.ceramicbasin.com\/wp-content\/uploads\/2024\/11\/Wholesale-Bathroom-Wash-Basin-FactoryRectangle-Shape-Drop-In-Sink-5-12x12.webp 12w, https:\/\/www.ceramicbasin.com\/wp-content\/uploads\/2024\/11\/Wholesale-Bathroom-Wash-Basin-FactoryRectangle-Shape-Drop-In-Sink-5-285x285.webp 285w, https:\/\/www.ceramicbasin.com\/wp-content\/uploads\/2024\/11\/Wholesale-Bathroom-Wash-Basin-FactoryRectangle-Shape-Drop-In-Sink-5-270x270.webp 270w, https:\/\/www.ceramicbasin.com\/wp-content\/uploads\/2024\/11\/Wholesale-Bathroom-Wash-Basin-FactoryRectangle-Shape-Drop-In-Sink-5-540x540.webp 540w, https:\/\/www.ceramicbasin.com\/wp-content\/uploads\/2024\/11\/Wholesale-Bathroom-Wash-Basin-FactoryRectangle-Shape-Drop-In-Sink-5-660x660.webp 660w\" sizes=\"(max-width: 1000px) 100vw, 1000px\" \/><\/figure>\n<\/div>\n<\/div>","protected":false},"excerpt":{"rendered":"<p>Bienvenido a la compra al por mayor de lavabos de ba\u00f1o. Nuestros lavabos empotrables al por mayor presentan un dise\u00f1o rectangular cl\u00e1sico, adecuado para varios estilos de ba\u00f1o. El material cer\u00e1mico de alta calidad es duradero y f\u00e1cil de limpiar, y el dise\u00f1o de instalaci\u00f3n empotrada simplifica el proceso de construcci\u00f3n, es estable y ahorra espacio. Suministrados directamente por f\u00e1bricas profesionales, admiten la venta al por mayor y la personalizaci\u00f3n, y son una opci\u00f3n de alta calidad para proyectos comerciales y mercados minoristas.<\/p>\n<table style=\"border-collapse: collapse; width: 311.02pt;\" border=\"0\" width=\"311\" cellspacing=\"0\" cellpadding=\"0\">\n<tbody>\n<tr style=\"height: 17.60pt;\">\n<td class=\"et3\" style=\"height: 17.60pt; width: 108.35pt;\" width=\"108\" height=\"17\">Fabricante<\/td>\n<td class=\"et3\" style=\"width: 202.95pt;\" width=\"202\">HanYu<\/td>\n<\/tr>\n<tr style=\"height: 17.60pt;\">\n<td class=\"et3\" style=\"height: 17.60pt;\" height=\"17\">N\u00ba de modelo<\/td>\n<td class=\"et4\">HY-8066<\/td>\n<\/tr>\n<tr style=\"height: 18.00pt;\">\n<td class=\"et3\" style=\"height: 18.00pt;\" height=\"18\">Tipo<\/td>\n<td class=\"et5\" style=\"width: 202.95pt;\" width=\"202\">Cubeta de ca\u00edda<\/td>\n<\/tr>\n<tr style=\"height: 17.60pt;\">\n<td class=\"et3\" style=\"height: 17.60pt;\" height=\"17\">Forma<\/td>\n<td class=\"et3\">Forma rectangular<\/td>\n<\/tr>\n<tr style=\"height: 18.00pt;\">\n<td class=\"et4\" style=\"height: 18.00pt;\" height=\"18\">Color<\/td>\n<td class=\"et5\" style=\"width: 202.95pt;\" width=\"202\">Blanco<\/td>\n<\/tr>\n<tr style=\"height: 18.00pt;\">\n<td class=\"et3\" style=\"height: 18.00pt;\" height=\"18\">Dimensi\u00f3n<\/td>\n<td class=\"et5\" style=\"width: 202.95pt;\" width=\"202\">48*29.5*12.5<\/td>\n<\/tr>\n<tr style=\"height: 17.60pt;\">\n<td class=\"et3\" style=\"height: 17.60pt;\" height=\"17\">N.W \/SET<\/td>\n<td class=\"et3\">8,2 KGS\/PCS<\/td>\n<\/tr>\n<tr style=\"height: 17.60pt;\">\n<td class=\"et3\" style=\"height: 17.60pt;\" height=\"17\">MOQ<\/td>\n<td class=\"et3\">20 piezas<\/td>\n<\/tr>\n<tr style=\"height: 17.60pt;\">\n<td class=\"et3\" style=\"height: 17.60pt;\" height=\"17\">Opci\u00f3n personalizada<\/td>\n<td class=\"et3\">Color\/Patr\u00f3n\/Tama\u00f1o\/Logotipo\/Embalaje<\/td>\n<\/tr>\n<\/tbody>\n<\/table>","protected":false},"featured_media":5674,"comment_status":"closed","ping_status":"closed","template":"","meta":{"_acf_changed":false},"product_brand":[],"product_cat":[51],"product_tag":[],"class_list":{"0":"post-5669","1":"product","2":"type-product","3":"status-publish","4":"has-post-thumbnail","6":"product_cat-wholesale-drop-in-sinks","8":"first","9":"instock","10":"shipping-taxable","11":"product-type-simple"},"acf":[],"_links":{"self":[{"href":"https:\/\/www.ceramicbasin.com\/es\/wp-json\/wp\/v2\/product\/5669","targetHints":{"allow":["GET"]}}],"collection":[{"href":"https:\/\/www.ceramicbasin.com\/es\/wp-json\/wp\/v2\/product"}],"about":[{"href":"https:\/\/www.ceramicbasin.com\/es\/wp-json\/wp\/v2\/types\/product"}],"replies":[{"embeddable":true,"href":"https:\/\/www.ceramicbasin.com\/es\/wp-json\/wp\/v2\/comments?post=5669"}],"wp:featuredmedia":[{"embeddable":true,"href":"https:\/\/www.ceramicbasin.com\/es\/wp-json\/wp\/v2\/media\/5674"}],"wp:attachment":[{"href":"https:\/\/www.ceramicbasin.com\/es\/wp-json\/wp\/v2\/media?parent=5669"}],"wp:term":[{"taxonomy":"product_brand","embeddable":true,"href":"https:\/\/www.ceramicbasin.com\/es\/wp-json\/wp\/v2\/product_brand?post=5669"},{"taxonomy":"product_cat","embeddable":true,"href":"https:\/\/www.ceramicbasin.com\/es\/wp-json\/wp\/v2\/product_cat?post=5669"},{"taxonomy":"product_tag","embeddable":true,"href":"https:\/\/www.ceramicbasin.com\/es\/wp-json\/wp\/v2\/product_tag?post=5669"}],"curies":[{"name":"wp","href":"https:\/\/api.w.org\/{rel}","templated":true}]}}