{"id":5739,"date":"2024-12-06T09:21:20","date_gmt":"2024-12-06T09:21:20","guid":{"rendered":"https:\/\/www.ceramicbasin.com\/?post_type=product&#038;p=5739"},"modified":"2024-12-06T09:21:22","modified_gmt":"2024-12-06T09:21:22","slug":"custom-vanity-sink","status":"publish","type":"product","link":"https:\/\/www.ceramicbasin.com\/es\/producto\/custom-vanity-sink\/","title":{"rendered":"Fregadero de la vanidad de encargo, lavabos de cer\u00e1mica del oro de la encimera al por mayor"},"content":{"rendered":"<div class=\"wp-block-columns is-layout-flex wp-container-core-columns-is-layout-9d6595d7 wp-block-columns-is-layout-flex\">\n<div class=\"wp-block-column is-layout-flow wp-block-column-is-layout-flow\">\n<h2 class=\"wp-block-heading\">Premium Custom Vanity Sink Caracter\u00edsticas:<\/h2>\n\n\n\n<ul class=\"wp-block-list\">\n<li><strong>Dise\u00f1o moderno:<\/strong>\u00a0Este lavabo a medida con acabado en color dorado tiene un dise\u00f1o moderno, y la inteligente combinaci\u00f3n de dorado y blanco realza el estilo general del cuarto de ba\u00f1o.<\/li>\n\n\n\n<li><strong>Duradera y fiable:\u00a0<\/strong>Nuestros lavabos de cer\u00e1mica dorada al por mayor est\u00e1n fabricados con materiales cer\u00e1micos de alta calidad para garantizar la resistencia y durabilidad del lavabo, resistente a manchas y ara\u00f1azos, manteniendo su belleza original tras un uso prolongado.<\/li>\n\n\n\n<li><strong>Materiales de alta calidad:\u00a0<\/strong>Este lavabo dorado a medida est\u00e1 fabricado con material cer\u00e1mico de primera calidad para garantizar que el lavabo sea duro y duradero, mientras que la superficie de galvanoplastia dorada es uniforme y suave para limpiar y mantener todos los d\u00edas.<\/li>\n\n\n\n<li><strong>Servicio a medida:\u00a0<\/strong>Podemos ofrecer servicios personalizados de lavabos de ba\u00f1o en todos los aspectos, incluido el logotipo personalizado, el patr\u00f3n, el color o el embalaje, etc., para satisfacer las necesidades de grandes pedidos de ingenier\u00eda.<\/li>\n<\/ul>\n<\/div>\n\n\n\n<div class=\"wp-block-column is-layout-flow wp-block-column-is-layout-flow\">\n<figure class=\"wp-block-image size-full is-resized\"><img fetchpriority=\"high\" decoding=\"async\" width=\"800\" height=\"1188\" src=\"https:\/\/www.ceramicbasin.com\/wp-content\/uploads\/2024\/12\/Electroplated-Basin-factory-gold-color-bathroom-sink-5.webp\" alt=\"Custom Vanity Sink, Encimera de Oro Lavabos de Cer\u00e1mica al por mayor-1\" class=\"wp-image-5735\" style=\"width:338px;height:auto\" srcset=\"https:\/\/www.ceramicbasin.com\/wp-content\/uploads\/2024\/12\/Electroplated-Basin-factory-gold-color-bathroom-sink-5.webp 800w, https:\/\/www.ceramicbasin.com\/wp-content\/uploads\/2024\/12\/Electroplated-Basin-factory-gold-color-bathroom-sink-5-202x300.webp 202w, https:\/\/www.ceramicbasin.com\/wp-content\/uploads\/2024\/12\/Electroplated-Basin-factory-gold-color-bathroom-sink-5-768x1140.webp 768w, https:\/\/www.ceramicbasin.com\/wp-content\/uploads\/2024\/12\/Electroplated-Basin-factory-gold-color-bathroom-sink-5-8x12.webp 8w, https:\/\/www.ceramicbasin.com\/wp-content\/uploads\/2024\/12\/Electroplated-Basin-factory-gold-color-bathroom-sink-5-285x423.webp 285w, https:\/\/www.ceramicbasin.com\/wp-content\/uploads\/2024\/12\/Electroplated-Basin-factory-gold-color-bathroom-sink-5-444x660.webp 444w, https:\/\/www.ceramicbasin.com\/wp-content\/uploads\/2024\/12\/Electroplated-Basin-factory-gold-color-bathroom-sink-5-101x150.webp 101w\" sizes=\"(max-width: 800px) 100vw, 800px\" \/><\/figure>\n<\/div>\n<\/div>\n\n\n\n<p><\/p>","protected":false},"excerpt":{"rendered":"<p>Bienvenido a lavabo de la vanidad de encargo. Nuestros lavabos de cer\u00e1mica al por mayor tienen un dise\u00f1o moderno, el acabado electrochapado en oro es suave y f\u00e1cil de limpiar y mantener a diario. Podemos proporcionar servicios personalizados lavabo del ba\u00f1o en todos los aspectos, incluyendo el logotipo personalizado, patr\u00f3n, color o embalaje, etc.<\/p>\n<table style=\"border-collapse: collapse; width: 358.52pt;\" border=\"0\" width=\"478\" cellspacing=\"0\" cellpadding=\"0\">\n<tbody>\n<tr style=\"height: 17.25pt;\">\n<td class=\"et3\" style=\"height: 17.25pt; width: 125.00pt;\" width=\"166\" height=\"23\">Fabricante<\/td>\n<td class=\"et3\" style=\"width: 234.15pt;\" width=\"312\">HanYu<\/td>\n<\/tr>\n<tr style=\"height: 17.25pt;\">\n<td class=\"et3\" style=\"height: 17.25pt;\" height=\"23\">N\u00ba de modelo<\/td>\n<td class=\"et4\">HY-5038J7<\/td>\n<\/tr>\n<tr style=\"height: 17.25pt;\">\n<td class=\"et3\" style=\"height: 17.25pt;\" height=\"23\">Tipo<\/td>\n<td class=\"et5\" style=\"width: 234.15pt;\" width=\"312\">Fregadero galvanizado<\/td>\n<\/tr>\n<tr style=\"height: 18.00pt;\">\n<td class=\"et3\" style=\"height: 18.00pt;\" height=\"24\">Forma<\/td>\n<td class=\"et3\">Forma ovalada<\/td>\n<\/tr>\n<tr style=\"height: 34.50pt;\">\n<td class=\"et4\" style=\"height: 34.50pt;\" height=\"46\">Color<\/td>\n<td class=\"et5\" style=\"width: 234.15pt;\" width=\"312\">negro\/blanco\/azul\/gris\/rosa\/verde\/marr\u00f3n\/caqui<\/td>\n<\/tr>\n<tr style=\"height: 18.00pt;\">\n<td class=\"et3\" style=\"height: 18.00pt;\" height=\"24\">Dimensi\u00f3n<\/td>\n<td class=\"et5\" style=\"width: 234.15pt;\" width=\"312\">60*40.5*15.5<\/td>\n<\/tr>\n<tr style=\"height: 17.25pt;\">\n<td class=\"et3\" style=\"height: 17.25pt;\" height=\"23\">N.W \/SET<\/td>\n<td class=\"et3\">11KGS\/PCS<\/td>\n<\/tr>\n<tr style=\"height: 17.25pt;\">\n<td class=\"et3\" style=\"height: 17.25pt;\" height=\"23\">MOQ<\/td>\n<td class=\"et3\">20 piezas<\/td>\n<\/tr>\n<tr style=\"height: 17.25pt;\">\n<td class=\"et3\" style=\"height: 17.25pt;\" height=\"23\">Opci\u00f3n personalizada<\/td>\n<td class=\"et3\">Color\/Patr\u00f3n\/Tama\u00f1o\/Logotipo\/Embalaje<\/td>\n<\/tr>\n<\/tbody>\n<\/table>","protected":false},"featured_media":5731,"comment_status":"closed","ping_status":"closed","template":"","meta":{"_acf_changed":false},"product_brand":[],"product_cat":[53,50],"product_tag":[],"class_list":{"0":"post-5739","1":"product","2":"type-product","3":"status-publish","4":"has-post-thumbnail","6":"product_cat-electroplated-bathroom-sinks","7":"product_cat-wholesale-countertop-sinks","9":"first","10":"instock","11":"shipping-taxable","12":"product-type-simple"},"acf":[],"_links":{"self":[{"href":"https:\/\/www.ceramicbasin.com\/es\/wp-json\/wp\/v2\/product\/5739","targetHints":{"allow":["GET"]}}],"collection":[{"href":"https:\/\/www.ceramicbasin.com\/es\/wp-json\/wp\/v2\/product"}],"about":[{"href":"https:\/\/www.ceramicbasin.com\/es\/wp-json\/wp\/v2\/types\/product"}],"replies":[{"embeddable":true,"href":"https:\/\/www.ceramicbasin.com\/es\/wp-json\/wp\/v2\/comments?post=5739"}],"wp:featuredmedia":[{"embeddable":true,"href":"https:\/\/www.ceramicbasin.com\/es\/wp-json\/wp\/v2\/media\/5731"}],"wp:attachment":[{"href":"https:\/\/www.ceramicbasin.com\/es\/wp-json\/wp\/v2\/media?parent=5739"}],"wp:term":[{"taxonomy":"product_brand","embeddable":true,"href":"https:\/\/www.ceramicbasin.com\/es\/wp-json\/wp\/v2\/product_brand?post=5739"},{"taxonomy":"product_cat","embeddable":true,"href":"https:\/\/www.ceramicbasin.com\/es\/wp-json\/wp\/v2\/product_cat?post=5739"},{"taxonomy":"product_tag","embeddable":true,"href":"https:\/\/www.ceramicbasin.com\/es\/wp-json\/wp\/v2\/product_tag?post=5739"}],"curies":[{"name":"wp","href":"https:\/\/api.w.org\/{rel}","templated":true}]}}