{"id":5761,"date":"2024-12-06T08:55:42","date_gmt":"2024-12-06T08:55:42","guid":{"rendered":"https:\/\/www.ceramicbasin.com\/?post_type=product&#038;p=5761"},"modified":"2024-12-06T08:55:44","modified_gmt":"2024-12-06T08:55:44","slug":"wholesale-vanity-basins","status":"publish","type":"product","link":"https:\/\/www.ceramicbasin.com\/es\/producto\/wholesale-vanity-basins\/","title":{"rendered":"Mayorista Lavabos, Lavabo Color Oro Para Ba\u00f1o"},"content":{"rendered":"<div class=\"wp-block-columns is-layout-flex wp-container-core-columns-is-layout-9d6595d7 wp-block-columns-is-layout-flex\">\n<div class=\"wp-block-column is-layout-flow wp-block-column-is-layout-flow\">\n<h2 class=\"wp-block-heading\">Premium Lavabos al por mayor Caracter\u00edsticas:<\/h2>\n\n\n\n<ul class=\"wp-block-list\">\n<li><strong>Lujosa combinaci\u00f3n de colores:\u00a0<\/strong>En estos lavabos al por mayor se utiliza la tradicional combinaci\u00f3n de colores dorado y blanco. La parte dorada brilla con l\u00edneas, mientras que la blanca es pura y elegante. Crea un ambiente lujoso y elegante.<\/li>\n\n\n\n<li><strong>Dise\u00f1o moderno:\u00a0<\/strong>Este lavabo de color dorado al por mayor tiene un dise\u00f1o moderno. La inteligente combinaci\u00f3n de oro y blanco realza el estilo de todo el cuarto de ba\u00f1o.<\/li>\n\n\n\n<li><strong>Ahorro de costes:<\/strong>\u00a0Nuestros lavabos sobre encimera al por mayor combinan una est\u00e9tica de dise\u00f1o sencillo con una funcionalidad pr\u00e1ctica, una opci\u00f3n ideal para cuartos de ba\u00f1o con estilo. Lavabos de ba\u00f1o al por mayor a precios razonables, y entrega r\u00e1pida para satisfacer las necesidades de los grandes pedidos al tiempo que garantiza la calidad del producto.<\/li>\n\n\n\n<li><strong>Adquisici\u00f3n a granel, rentable:\u00a0<\/strong>Proporcionamos precios de adquisici\u00f3n preferenciales para este lavabo de color dorado al por mayor, garantizando que disfrute de productos de alta calidad mientras mantiene el presupuesto de su proyecto.<\/li>\n<\/ul>\n<\/div>\n\n\n\n<div class=\"wp-block-column is-layout-flow wp-block-column-is-layout-flow\">\n<figure class=\"wp-block-image size-full is-resized\"><img fetchpriority=\"high\" decoding=\"async\" width=\"800\" height=\"1214\" src=\"https:\/\/www.ceramicbasin.com\/wp-content\/uploads\/2024\/12\/Countertop-basin-manufacturer-Electroplated-Gold-Sinks-6.webp\" alt=\"Mayorista Lavabos, Lavabo Color Oro Para Ba\u00f1o-1\" class=\"wp-image-5718\" style=\"width:352px;height:auto\" srcset=\"https:\/\/www.ceramicbasin.com\/wp-content\/uploads\/2024\/12\/Countertop-basin-manufacturer-Electroplated-Gold-Sinks-6.webp 800w, https:\/\/www.ceramicbasin.com\/wp-content\/uploads\/2024\/12\/Countertop-basin-manufacturer-Electroplated-Gold-Sinks-6-198x300.webp 198w, https:\/\/www.ceramicbasin.com\/wp-content\/uploads\/2024\/12\/Countertop-basin-manufacturer-Electroplated-Gold-Sinks-6-768x1165.webp 768w, https:\/\/www.ceramicbasin.com\/wp-content\/uploads\/2024\/12\/Countertop-basin-manufacturer-Electroplated-Gold-Sinks-6-8x12.webp 8w, https:\/\/www.ceramicbasin.com\/wp-content\/uploads\/2024\/12\/Countertop-basin-manufacturer-Electroplated-Gold-Sinks-6-285x432.webp 285w, https:\/\/www.ceramicbasin.com\/wp-content\/uploads\/2024\/12\/Countertop-basin-manufacturer-Electroplated-Gold-Sinks-6-435x660.webp 435w, https:\/\/www.ceramicbasin.com\/wp-content\/uploads\/2024\/12\/Countertop-basin-manufacturer-Electroplated-Gold-Sinks-6-99x150.webp 99w\" sizes=\"(max-width: 800px) 100vw, 800px\" \/><\/figure>\n<\/div>\n<\/div>","protected":false},"excerpt":{"rendered":"<p>Bienvenido a comprar lavabos al por mayor. Nuestra encimera de color oro lavabo al por mayor combina una est\u00e9tica de dise\u00f1o simple con funcionalidad pr\u00e1ctica, una opci\u00f3n ideal para cuartos de ba\u00f1o con estilo. Lavabos de ba\u00f1o al por mayor a precios razonables, y la entrega r\u00e1pida para satisfacer las necesidades de los grandes pedidos al tiempo que garantiza la calidad del producto.<\/p>\n<table style=\"border-collapse: collapse; width: 358.52pt;\" border=\"0\" width=\"478\" cellspacing=\"0\" cellpadding=\"0\">\n<tbody>\n<tr style=\"height: 17.25pt;\">\n<td class=\"et3\" style=\"height: 17.25pt; width: 125.00pt;\" width=\"166\" height=\"23\">Fabricante<\/td>\n<td class=\"et3\" style=\"width: 234.15pt;\" width=\"312\">HanYu<\/td>\n<\/tr>\n<tr style=\"height: 17.25pt;\">\n<td class=\"et3\" style=\"height: 17.25pt;\" height=\"23\">N\u00ba de modelo<\/td>\n<td class=\"et4\">HY-8186GS<\/td>\n<\/tr>\n<tr style=\"height: 17.25pt;\">\n<td class=\"et3\" style=\"height: 17.25pt;\" height=\"23\">Tipo<\/td>\n<td class=\"et5\" style=\"width: 234.15pt;\" width=\"312\">Fregaderos galvanizados<\/td>\n<\/tr>\n<tr style=\"height: 18.00pt;\">\n<td class=\"et3\" style=\"height: 18.00pt;\" height=\"24\">Forma<\/td>\n<td class=\"et3\">Forma ovalada<\/td>\n<\/tr>\n<tr style=\"height: 34.50pt;\">\n<td class=\"et4\" style=\"height: 34.50pt;\" height=\"46\">Color<\/td>\n<td class=\"et5\" style=\"width: 234.15pt;\" width=\"312\">negro\/blanco\/azul\/gris\/rosa\/verde\/marr\u00f3n\/caqui<\/td>\n<\/tr>\n<tr style=\"height: 18.00pt;\">\n<td class=\"et3\" style=\"height: 18.00pt;\" height=\"24\">Dimensi\u00f3n<\/td>\n<td class=\"et5\" style=\"width: 234.15pt;\" width=\"312\">52*37*13<\/td>\n<\/tr>\n<tr style=\"height: 17.25pt;\">\n<td class=\"et3\" style=\"height: 17.25pt;\" height=\"23\">N.W \/SET<\/td>\n<td class=\"et3\">9KGS\/PCS<\/td>\n<\/tr>\n<tr style=\"height: 17.25pt;\">\n<td class=\"et3\" style=\"height: 17.25pt;\" height=\"23\">MOQ<\/td>\n<td class=\"et3\">20 piezas<\/td>\n<\/tr>\n<tr style=\"height: 17.25pt;\">\n<td class=\"et3\" style=\"height: 17.25pt;\" height=\"23\">Opci\u00f3n personalizada<\/td>\n<td class=\"et3\">Color\/Patr\u00f3n\/Tama\u00f1o\/Logotipo\/Embalaje<\/td>\n<\/tr>\n<\/tbody>\n<\/table>","protected":false},"featured_media":5713,"comment_status":"closed","ping_status":"closed","template":"","meta":{"_acf_changed":false},"product_brand":[],"product_cat":[53,50],"product_tag":[],"class_list":{"0":"post-5761","1":"product","2":"type-product","3":"status-publish","4":"has-post-thumbnail","6":"product_cat-electroplated-bathroom-sinks","7":"product_cat-wholesale-countertop-sinks","9":"first","10":"instock","11":"shipping-taxable","12":"product-type-simple"},"acf":[],"_links":{"self":[{"href":"https:\/\/www.ceramicbasin.com\/es\/wp-json\/wp\/v2\/product\/5761","targetHints":{"allow":["GET"]}}],"collection":[{"href":"https:\/\/www.ceramicbasin.com\/es\/wp-json\/wp\/v2\/product"}],"about":[{"href":"https:\/\/www.ceramicbasin.com\/es\/wp-json\/wp\/v2\/types\/product"}],"replies":[{"embeddable":true,"href":"https:\/\/www.ceramicbasin.com\/es\/wp-json\/wp\/v2\/comments?post=5761"}],"wp:featuredmedia":[{"embeddable":true,"href":"https:\/\/www.ceramicbasin.com\/es\/wp-json\/wp\/v2\/media\/5713"}],"wp:attachment":[{"href":"https:\/\/www.ceramicbasin.com\/es\/wp-json\/wp\/v2\/media?parent=5761"}],"wp:term":[{"taxonomy":"product_brand","embeddable":true,"href":"https:\/\/www.ceramicbasin.com\/es\/wp-json\/wp\/v2\/product_brand?post=5761"},{"taxonomy":"product_cat","embeddable":true,"href":"https:\/\/www.ceramicbasin.com\/es\/wp-json\/wp\/v2\/product_cat?post=5761"},{"taxonomy":"product_tag","embeddable":true,"href":"https:\/\/www.ceramicbasin.com\/es\/wp-json\/wp\/v2\/product_tag?post=5761"}],"curies":[{"name":"wp","href":"https:\/\/api.w.org\/{rel}","templated":true}]}}