{"id":5767,"date":"2024-12-12T07:46:44","date_gmt":"2024-12-12T07:46:44","guid":{"rendered":"https:\/\/www.ceramicbasin.com\/?post_type=product&#038;p=5767"},"modified":"2025-10-23T09:58:00","modified_gmt":"2025-10-23T09:58:00","slug":"custom-vanity-sinks","status":"publish","type":"product","link":"https:\/\/www.ceramicbasin.com\/es\/producto\/custom-vanity-sinks\/","title":{"rendered":"Lavabos a medida para proyectos, Lavabos de cer\u00e1mica al por mayor"},"content":{"rendered":"<div class=\"wp-block-columns is-layout-flex wp-container-core-columns-is-layout-9d6595d7 wp-block-columns-is-layout-flex\">\n<div class=\"wp-block-column is-layout-flow wp-block-column-is-layout-flow\">\n<h2 class=\"wp-block-heading\">Premium Custom Vanity Fregaderos Caracter\u00edsticas:<\/h2>\n\n\n\n<ul class=\"wp-block-list\">\n<li><strong>Tecnolog\u00eda de impresi\u00f3n por transferencia de agua: <\/strong>Nuestros lavabos sobre encimera personalizados adoptan una avanzada tecnolog\u00eda de impresi\u00f3n por transferencia de agua. El patr\u00f3n de la superficie de cada lavabo de encimera de ba\u00f1o es uniforme y exquisito, lo que puede presentar un efecto de textura compleja, garantizando que cada producto sea \u00fanico y art\u00edstico, y se adapte perfectamente a las necesidades de la decoraci\u00f3n del hogar moderno.<\/li>\n\n\n\n<li><strong>Dise\u00f1o de textura de m\u00e1rmol: <\/strong>Exquisitamente dise\u00f1ada hasta el \u00faltimo detalle, la textura del m\u00e1rmol de nuestro lavabo de cer\u00e1mica al por mayor destila lujo a raudales. Su idoneidad va desde los cuartos de ba\u00f1o tradicionales hasta los m\u00e1s modernos. Tan perfecto es en conjunto, a\u00f1adiendo una atm\u00f3sfera de alto grado y la moda, en consecuencia, la apertura de un mundo diferente hacia nuevas experiencias visuales en sus cuartos de ba\u00f1o.<\/li>\n\n\n\n<li><strong>Materiales de alta calidad: <\/strong>Estos lavabos a medida est\u00e1n fabricados con materiales cer\u00e1micos de alta calidad y han sido sometidos a un estricto proceso de tratamiento para garantizar que los productos sean robustos y duraderos, con una gran resistencia a las manchas y al desgaste. No se estropean f\u00e1cilmente tras un uso prolongado, y permanecen brillantes y limpios como nuevos, satisfaciendo las necesidades de calidad del mercado de gama alta.<\/li>\n\n\n\n<li><strong>Entrega r\u00e1pida: <\/strong>Contamos con un completo sistema de gesti\u00f3n de la producci\u00f3n y una eficiente l\u00ednea de producci\u00f3n, que pueden garantizar que nuestro lavabo de cer\u00e1mica al por mayor se entregue a tiempo, satisfaga las necesidades urgentes de los clientes, y proporcione un fuerte apoyo a sus proyectos de construcci\u00f3n y planes de decoraci\u00f3n.<\/li>\n<\/ul>\n<\/div>\n\n\n\n<div class=\"wp-block-column is-layout-flow wp-block-column-is-layout-flow\">\n<figure class=\"wp-block-image size-full\"><img fetchpriority=\"high\" decoding=\"async\" width=\"1345\" height=\"1787\" src=\"https:\/\/www.ceramicbasin.com\/wp-content\/uploads\/2024\/12\/ceramic-wash-basin-factory-6.jpg\" alt=\"Custom Vanity Fregaderos, Encimera Lavabo Ceramico Mayorista-1\" class=\"wp-image-5768\" srcset=\"https:\/\/www.ceramicbasin.com\/wp-content\/uploads\/2024\/12\/ceramic-wash-basin-factory-6.jpg 1345w, https:\/\/www.ceramicbasin.com\/wp-content\/uploads\/2024\/12\/ceramic-wash-basin-factory-6-226x300.jpg 226w, https:\/\/www.ceramicbasin.com\/wp-content\/uploads\/2024\/12\/ceramic-wash-basin-factory-6-768x1020.jpg 768w, https:\/\/www.ceramicbasin.com\/wp-content\/uploads\/2024\/12\/ceramic-wash-basin-factory-6-9x12.jpg 9w, https:\/\/www.ceramicbasin.com\/wp-content\/uploads\/2024\/12\/ceramic-wash-basin-factory-6-285x379.jpg 285w, https:\/\/www.ceramicbasin.com\/wp-content\/uploads\/2024\/12\/ceramic-wash-basin-factory-6-497x660.jpg 497w, https:\/\/www.ceramicbasin.com\/wp-content\/uploads\/2024\/12\/ceramic-wash-basin-factory-6-113x150.jpg 113w\" sizes=\"(max-width: 1345px) 100vw, 1345px\" \/><\/figure>\n<\/div>\n<\/div>\n\n\n\n<p><\/p>","protected":false},"excerpt":{"rendered":"<p>Bienvenido a comprar lavabo de cer\u00e1mica al por mayor. Nuestros lavabos de tocador personalizados utilizan una avanzada tecnolog\u00eda de impresi\u00f3n por transferencia de agua para presentar exquisitos dise\u00f1os de textura de m\u00e1rmol, combinados con materiales cer\u00e1micos de alta calidad para garantizar una alta calidad y una larga durabilidad. Ya sea para uso dom\u00e9stico o comercial, pueden proporcionar soluciones de ba\u00f1o de alta gama y de moda. Le prometemos una entrega r\u00e1pida y una asistencia puntual y fiable para su proyecto.<\/p>\n<table style=\"border-collapse: collapse; width: 311.02pt;\" border=\"0\" width=\"311\" cellspacing=\"0\" cellpadding=\"0\">\n<tbody>\n<tr style=\"height: 17.60pt;\">\n<td class=\"et3\" style=\"height: 17.60pt; width: 108.35pt;\" width=\"108\" height=\"17\">Fabricante<\/td>\n<td class=\"et3\" style=\"width: 202.95pt;\" width=\"202\">HanYu<\/td>\n<\/tr>\n<tr style=\"height: 17.60pt;\">\n<td class=\"et3\" style=\"height: 17.60pt;\" height=\"17\">N\u00ba de modelo<\/td>\n<td class=\"et4\">HY-8018AD71<\/td>\n<\/tr>\n<tr style=\"height: 36.00pt;\">\n<td class=\"et3\" style=\"height: 36.00pt;\" height=\"36\">Tipo<\/td>\n<td class=\"et5\" style=\"width: 202.95pt;\" width=\"202\">Lavabo Color M\u00e1rmol, Lavabo Encimera<\/td>\n<\/tr>\n<tr style=\"height: 17.60pt;\">\n<td class=\"et3\" style=\"height: 17.60pt;\" height=\"17\">Forma<\/td>\n<td class=\"et3\">Forma rectangular<\/td>\n<\/tr>\n<tr style=\"height: 18.00pt;\">\n<td class=\"et4\" style=\"height: 18.00pt;\" height=\"18\">Color<\/td>\n<td class=\"et5\" style=\"width: 202.95pt;\" width=\"202\">Marr\u00f3n<\/td>\n<\/tr>\n<tr style=\"height: 18.00pt;\">\n<td class=\"et3\" style=\"height: 18.00pt;\" height=\"18\">Dimensi\u00f3n<\/td>\n<td class=\"et5\" style=\"width: 202.95pt;\" width=\"202\">46*32*13.5<\/td>\n<\/tr>\n<tr style=\"height: 17.60pt;\">\n<td class=\"et3\" style=\"height: 17.60pt;\" height=\"17\">N.W \/SET<\/td>\n<td class=\"et3\">7 KGS\/PCS<\/td>\n<\/tr>\n<tr style=\"height: 17.60pt;\">\n<td class=\"et3\" style=\"height: 17.60pt;\" height=\"17\">MOQ<\/td>\n<td class=\"et3\">20 piezas<\/td>\n<\/tr>\n<tr style=\"height: 17.60pt;\">\n<td class=\"et3\" style=\"height: 17.60pt;\" height=\"17\">Opci\u00f3n personalizada<\/td>\n<td class=\"et3\">Color\/Patr\u00f3n\/Tama\u00f1o\/Logotipo\/Embalaje<\/td>\n<\/tr>\n<\/tbody>\n<\/table>","protected":false},"featured_media":5769,"comment_status":"closed","ping_status":"closed","template":"","meta":{"_acf_changed":false},"product_brand":[],"product_cat":[54,50],"product_tag":[],"class_list":{"0":"post-5767","1":"product","2":"type-product","3":"status-publish","4":"has-post-thumbnail","6":"product_cat-wholesale-marble-sinks","7":"product_cat-wholesale-countertop-sinks","9":"first","10":"instock","11":"shipping-taxable","12":"product-type-simple"},"acf":[],"_links":{"self":[{"href":"https:\/\/www.ceramicbasin.com\/es\/wp-json\/wp\/v2\/product\/5767","targetHints":{"allow":["GET"]}}],"collection":[{"href":"https:\/\/www.ceramicbasin.com\/es\/wp-json\/wp\/v2\/product"}],"about":[{"href":"https:\/\/www.ceramicbasin.com\/es\/wp-json\/wp\/v2\/types\/product"}],"replies":[{"embeddable":true,"href":"https:\/\/www.ceramicbasin.com\/es\/wp-json\/wp\/v2\/comments?post=5767"}],"wp:featuredmedia":[{"embeddable":true,"href":"https:\/\/www.ceramicbasin.com\/es\/wp-json\/wp\/v2\/media\/5769"}],"wp:attachment":[{"href":"https:\/\/www.ceramicbasin.com\/es\/wp-json\/wp\/v2\/media?parent=5767"}],"wp:term":[{"taxonomy":"product_brand","embeddable":true,"href":"https:\/\/www.ceramicbasin.com\/es\/wp-json\/wp\/v2\/product_brand?post=5767"},{"taxonomy":"product_cat","embeddable":true,"href":"https:\/\/www.ceramicbasin.com\/es\/wp-json\/wp\/v2\/product_cat?post=5767"},{"taxonomy":"product_tag","embeddable":true,"href":"https:\/\/www.ceramicbasin.com\/es\/wp-json\/wp\/v2\/product_tag?post=5767"}],"curies":[{"name":"wp","href":"https:\/\/api.w.org\/{rel}","templated":true}]}}