{"id":5783,"date":"2024-12-12T08:31:33","date_gmt":"2024-12-12T08:31:33","guid":{"rendered":"https:\/\/www.ceramicbasin.com\/?post_type=product&#038;p=5783"},"modified":"2024-12-13T09:33:10","modified_gmt":"2024-12-13T09:33:10","slug":"bespoke-bathroom-sink","status":"publish","type":"product","link":"https:\/\/www.ceramicbasin.com\/es\/producto\/bespoke-bathroom-sink\/","title":{"rendered":"Lavabo de Ba\u00f1o de Cer\u00e1mica al por mayor, Lavabo con Textura de M\u00e1rmol"},"content":{"rendered":"<div class=\"wp-block-columns is-layout-flex wp-container-core-columns-is-layout-9d6595d7 wp-block-columns-is-layout-flex\">\n<div class=\"wp-block-column is-layout-flow wp-block-column-is-layout-flow\">\n<h2 class=\"wp-block-heading\">Fregadero de ba\u00f1o Premium Bespoke Caracter\u00edsticas:<\/h2>\n\n\n\n<ul class=\"wp-block-list\">\n<li><strong>Tecnolog\u00eda avanzada de impresi\u00f3n por transferencia de agua:<\/strong> Este lavabo de ba\u00f1o al por mayor a medida utiliza una avanzada tecnolog\u00eda de impresi\u00f3n por transferencia de agua para que la textura de m\u00e1rmol gris oscuro de la superficie de cada lavabo sea de transici\u00f3n natural, fina y realista, lo que garantiza que cada producto sea \u00fanico.<\/li>\n\n\n\n<li><strong>Dise\u00f1o de textura de m\u00e1rmol gris oscuro: <\/strong>Este lavabo de porcelana hecho a medida presenta una textura de m\u00e1rmol gris oscuro, elegante y moderna, con un gran efecto visual, que a\u00f1ade un ambiente de clase alta y de moda al espacio del cuarto de ba\u00f1o.<\/li>\n\n\n\n<li><strong>Servicio a medida: <\/strong>Podemos proporcionar una personalizaci\u00f3n flexible para los lavabos de porcelana al por mayor, y usted puede elegir el tama\u00f1o, la forma y el color adecuados para crear su propio lavabo personalizado de acuerdo con las necesidades espec\u00edficas del cuarto de ba\u00f1o.<\/li>\n\n\n\n<li><strong>Material cer\u00e1mico de alta calidad: <\/strong>Nuestro lavabo de ba\u00f1o al por mayor selecciona materias primas cer\u00e1micas de alta gama. La superficie es lisa, resistente al desgaste, antiincrustante, f\u00e1cil de limpiar, y nuevo despu\u00e9s de mucho tiempo, y es durable pero hermoso.<\/li>\n<\/ul>\n<\/div>\n\n\n\n<div class=\"wp-block-column is-layout-flow wp-block-column-is-layout-flow\">\n<figure class=\"wp-block-image size-full\"><img fetchpriority=\"high\" decoding=\"async\" width=\"913\" height=\"1219\" src=\"https:\/\/www.ceramicbasin.com\/wp-content\/uploads\/2024\/12\/customized-marble-basin-6.jpg\" alt=\"Fregadero De Cer\u00e1mica Al Por Mayor, M\u00e1rmol Textura Lavabo-1\" class=\"wp-image-5784\" srcset=\"https:\/\/www.ceramicbasin.com\/wp-content\/uploads\/2024\/12\/customized-marble-basin-6.jpg 913w, https:\/\/www.ceramicbasin.com\/wp-content\/uploads\/2024\/12\/customized-marble-basin-6-225x300.jpg 225w, https:\/\/www.ceramicbasin.com\/wp-content\/uploads\/2024\/12\/customized-marble-basin-6-768x1025.jpg 768w, https:\/\/www.ceramicbasin.com\/wp-content\/uploads\/2024\/12\/customized-marble-basin-6-9x12.jpg 9w, https:\/\/www.ceramicbasin.com\/wp-content\/uploads\/2024\/12\/customized-marble-basin-6-285x381.jpg 285w, https:\/\/www.ceramicbasin.com\/wp-content\/uploads\/2024\/12\/customized-marble-basin-6-494x660.jpg 494w, https:\/\/www.ceramicbasin.com\/wp-content\/uploads\/2024\/12\/customized-marble-basin-6-112x150.jpg 112w\" sizes=\"(max-width: 913px) 100vw, 913px\" \/><\/figure>\n<\/div>\n<\/div>\n\n\n\n<p><\/p>","protected":false},"excerpt":{"rendered":"<p>Bienvenido a comprar lavabos de porcelana al por mayor. Este lavabo de ba\u00f1o al por mayor muestra una textura de m\u00e1rmol gris oscuro, dise\u00f1o elegante y moderno, perfecto para una variedad de estilos de ba\u00f1o. Con materiales cer\u00e1micos de alta calidad, no s\u00f3lo es duradero y f\u00e1cil de limpiar, sino que tambi\u00e9n se mantiene como nuevo despu\u00e9s de su uso a largo plazo.<\/p>\n<table style=\"border-collapse: collapse; width: 358.52pt;\" border=\"0\" width=\"478\" cellspacing=\"0\" cellpadding=\"0\">\n<tbody>\n<tr style=\"height: 17.25pt;\">\n<td class=\"et3\" style=\"height: 17.25pt; width: 125.00pt;\" width=\"166\" height=\"23\">Fabricante<\/td>\n<td class=\"et3\" style=\"width: 234.15pt;\" width=\"312\">HanYu<\/td>\n<\/tr>\n<tr style=\"height: 17.25pt;\">\n<td class=\"et3\" style=\"height: 17.25pt;\" height=\"23\">N\u00ba de modelo<\/td>\n<td class=\"et4\">HY-8064-45D100<\/td>\n<\/tr>\n<tr style=\"height: 17.25pt;\">\n<td class=\"et3\" style=\"height: 17.25pt;\" height=\"23\">Tipo<\/td>\n<td class=\"et5\" style=\"width: 234.15pt;\" width=\"312\">Fregaderos de m\u00e1rmol<\/td>\n<\/tr>\n<tr style=\"height: 18.00pt;\">\n<td class=\"et3\" style=\"height: 18.00pt;\" height=\"24\">Forma<\/td>\n<td class=\"et3\">Forma cuadrada<\/td>\n<\/tr>\n<tr style=\"height: 34.50pt;\">\n<td class=\"et4\" style=\"height: 34.50pt;\" height=\"46\">Color<\/td>\n<td class=\"et5\" style=\"width: 234.15pt;\" width=\"312\">Verde<\/td>\n<\/tr>\n<tr style=\"height: 18.00pt;\">\n<td class=\"et3\" style=\"height: 18.00pt;\" height=\"24\">Dimensi\u00f3n<\/td>\n<td class=\"et5\" style=\"width: 234.15pt;\" width=\"312\">45*38*11<\/td>\n<\/tr>\n<tr style=\"height: 17.25pt;\">\n<td class=\"et3\" style=\"height: 17.25pt;\" height=\"23\">N.W \/SET<\/td>\n<td class=\"et3\">10KGS\/PCS<\/td>\n<\/tr>\n<tr style=\"height: 17.25pt;\">\n<td class=\"et3\" style=\"height: 17.25pt;\" height=\"23\">MOQ<\/td>\n<td class=\"et3\">20 piezas<\/td>\n<\/tr>\n<tr style=\"height: 17.25pt;\">\n<td class=\"et3\" style=\"height: 17.25pt;\" height=\"23\">Opci\u00f3n personalizada<\/td>\n<td class=\"et3\">Color\/Patr\u00f3n\/Tama\u00f1o\/Logotipo\/Embalaje<\/td>\n<\/tr>\n<\/tbody>\n<\/table>","protected":false},"featured_media":5785,"comment_status":"closed","ping_status":"closed","template":"","meta":{"_acf_changed":false},"product_brand":[],"product_cat":[54,50],"product_tag":[],"class_list":{"0":"post-5783","1":"product","2":"type-product","3":"status-publish","4":"has-post-thumbnail","6":"product_cat-wholesale-marble-sinks","7":"product_cat-wholesale-countertop-sinks","9":"first","10":"instock","11":"shipping-taxable","12":"product-type-simple"},"acf":[],"_links":{"self":[{"href":"https:\/\/www.ceramicbasin.com\/es\/wp-json\/wp\/v2\/product\/5783","targetHints":{"allow":["GET"]}}],"collection":[{"href":"https:\/\/www.ceramicbasin.com\/es\/wp-json\/wp\/v2\/product"}],"about":[{"href":"https:\/\/www.ceramicbasin.com\/es\/wp-json\/wp\/v2\/types\/product"}],"replies":[{"embeddable":true,"href":"https:\/\/www.ceramicbasin.com\/es\/wp-json\/wp\/v2\/comments?post=5783"}],"wp:featuredmedia":[{"embeddable":true,"href":"https:\/\/www.ceramicbasin.com\/es\/wp-json\/wp\/v2\/media\/5785"}],"wp:attachment":[{"href":"https:\/\/www.ceramicbasin.com\/es\/wp-json\/wp\/v2\/media?parent=5783"}],"wp:term":[{"taxonomy":"product_brand","embeddable":true,"href":"https:\/\/www.ceramicbasin.com\/es\/wp-json\/wp\/v2\/product_brand?post=5783"},{"taxonomy":"product_cat","embeddable":true,"href":"https:\/\/www.ceramicbasin.com\/es\/wp-json\/wp\/v2\/product_cat?post=5783"},{"taxonomy":"product_tag","embeddable":true,"href":"https:\/\/www.ceramicbasin.com\/es\/wp-json\/wp\/v2\/product_tag?post=5783"}],"curies":[{"name":"wp","href":"https:\/\/api.w.org\/{rel}","templated":true}]}}