{"id":5792,"date":"2024-12-12T09:05:35","date_gmt":"2024-12-12T09:05:35","guid":{"rendered":"https:\/\/www.ceramicbasin.com\/?post_type=product&#038;p=5792"},"modified":"2025-10-23T10:02:46","modified_gmt":"2025-10-23T10:02:46","slug":"wholesale-ceramic-washbasins","status":"publish","type":"product","link":"https:\/\/www.ceramicbasin.com\/es\/producto\/wholesale-ceramic-washbasins\/","title":{"rendered":"Mayorista Lavabos de Cer\u00e1mica, Fregaderos de M\u00e1rmol"},"content":{"rendered":"<div class=\"wp-block-columns is-layout-flex wp-container-core-columns-is-layout-9d6595d7 wp-block-columns-is-layout-flex\">\n<div class=\"wp-block-column is-layout-flow wp-block-column-is-layout-flow\">\n<h2 class=\"wp-block-heading\">Premium Lavabos de cer\u00e1mica al por mayor Caracter\u00edsticas:<\/h2>\n\n\n\n<ul class=\"wp-block-list\">\n<li><strong>Amplio campo de aplicaci\u00f3n: <\/strong>Nuestros lavabos de cer\u00e1mica al por mayor ya no s\u00f3lo son adecuados para ba\u00f1os dom\u00e9sticos, sino tambi\u00e9n para estaciones de tren de alta velocidad, estaciones de metro, as\u00ed como centros comerciales, ba\u00f1os de restaurantes, hospitales y otros lugares.<\/li>\n\n\n\n<li><strong>Colorido: <\/strong>La textura de nuestros fregaderos de m\u00e1rmol al por mayor se hace por el proceso de transferencia de agua sobre la base de un lavabo blanco brillante ordinario, que es hermoso y duradero. Tenemos m\u00e1s de 100 colores y patrones para su selecci\u00f3n. Y todos los modelos de lavabo al por mayor se pueden personalizar en color y textura.<\/li>\n\n\n\n<li><strong>F\u00e1cil instalaci\u00f3n: <\/strong>El dise\u00f1o de montaje sobre encimera garantiza que estos lavabos de cer\u00e1mica al por mayor sean f\u00e1ciles de instalar y no supongan ning\u00fan problema tanto en nuevas construcciones como en renovaciones de cuartos de ba\u00f1o.<\/li>\n\n\n\n<li><strong>Gran capacidad de producci\u00f3n: <\/strong>Nuestro gran almac\u00e9n contiene varios tipos de lavabos de textura de m\u00e1rmol al por mayor. Elija los art\u00edculos que est\u00e1n en producci\u00f3n, tenemos suficientes lavabos blancos para hacer lavabos de color m\u00e1rmol, el tiempo de env\u00edo ser\u00eda m\u00e1s corto mucho.<\/li>\n<\/ul>\n<\/div>\n\n\n\n<div class=\"wp-block-column is-layout-flow wp-block-column-is-layout-flow\">\n<figure class=\"wp-block-image size-full\"><img fetchpriority=\"high\" decoding=\"async\" width=\"980\" height=\"1351\" src=\"https:\/\/www.ceramicbasin.com\/wp-content\/uploads\/2024\/12\/Cabinet-Ceramic-Basin-6.jpg\" alt=\"Mayorista Lavabos de Cer\u00e1mica, Lavabos de M\u00e1rmol para Ba\u00f1o-1\" class=\"wp-image-5793\" srcset=\"https:\/\/www.ceramicbasin.com\/wp-content\/uploads\/2024\/12\/Cabinet-Ceramic-Basin-6.jpg 980w, https:\/\/www.ceramicbasin.com\/wp-content\/uploads\/2024\/12\/Cabinet-Ceramic-Basin-6-218x300.jpg 218w, https:\/\/www.ceramicbasin.com\/wp-content\/uploads\/2024\/12\/Cabinet-Ceramic-Basin-6-768x1059.jpg 768w, https:\/\/www.ceramicbasin.com\/wp-content\/uploads\/2024\/12\/Cabinet-Ceramic-Basin-6-9x12.jpg 9w, https:\/\/www.ceramicbasin.com\/wp-content\/uploads\/2024\/12\/Cabinet-Ceramic-Basin-6-285x393.jpg 285w, https:\/\/www.ceramicbasin.com\/wp-content\/uploads\/2024\/12\/Cabinet-Ceramic-Basin-6-479x660.jpg 479w, https:\/\/www.ceramicbasin.com\/wp-content\/uploads\/2024\/12\/Cabinet-Ceramic-Basin-6-109x150.jpg 109w\" sizes=\"(max-width: 980px) 100vw, 980px\" \/><\/figure>\n<\/div>\n<\/div>\n\n\n\n<p><\/p>","protected":false},"excerpt":{"rendered":"<p>Bienvenido a comprar lavabos de cer\u00e1mica al por mayor. Nuestros lavabos al por mayor con textura de m\u00e1rmol son adecuados para estaciones de tren de alta velocidad, estaciones de metro y centros comerciales, ba\u00f1os de restaurantes y hospitales. Los lavabos de ba\u00f1o al por mayor son f\u00e1ciles de instalar sin complicaciones para nuevas construcciones o renovaciones de ba\u00f1os.<\/p>\n<table style=\"border-collapse: collapse; width: 358.52pt;\" border=\"0\" width=\"478\" cellspacing=\"0\" cellpadding=\"0\">\n<tbody>\n<tr style=\"height: 17.25pt;\">\n<td class=\"et3\" style=\"height: 17.25pt; width: 125.00pt;\" width=\"166\" height=\"23\">Fabricante<\/td>\n<td class=\"et3\" style=\"width: 234.15pt;\" width=\"312\">HanYu<\/td>\n<\/tr>\n<tr style=\"height: 17.25pt;\">\n<td class=\"et3\" style=\"height: 17.25pt;\" height=\"23\">N\u00ba de modelo<\/td>\n<td class=\"et4\">HY-8065-55D136<\/td>\n<\/tr>\n<tr style=\"height: 17.25pt;\">\n<td class=\"et3\" style=\"height: 17.25pt;\" height=\"23\">Tipo<\/td>\n<td class=\"et5\" style=\"width: 234.15pt;\" width=\"312\">Fregadero M\u00e1rmol, Fregadero Encimera<\/td>\n<\/tr>\n<tr style=\"height: 18.00pt;\">\n<td class=\"et3\" style=\"height: 18.00pt;\" height=\"24\">Forma<\/td>\n<td class=\"et3\">Forma rectangular<\/td>\n<\/tr>\n<tr style=\"height: 34.50pt;\">\n<td class=\"et4\" style=\"height: 34.50pt;\" height=\"46\">Color<\/td>\n<td class=\"et5\" style=\"width: 234.15pt;\" width=\"312\">M\u00e1rmol negro<\/td>\n<\/tr>\n<tr style=\"height: 18.00pt;\">\n<td class=\"et3\" style=\"height: 18.00pt;\" height=\"24\">Dimensi\u00f3n<\/td>\n<td class=\"et5\" style=\"width: 234.15pt;\" width=\"312\">55*45*11<\/td>\n<\/tr>\n<tr style=\"height: 17.25pt;\">\n<td class=\"et3\" style=\"height: 17.25pt;\" height=\"23\">N.W \/SET<\/td>\n<td class=\"et3\">13 KGS\/PCS<\/td>\n<\/tr>\n<tr style=\"height: 17.25pt;\">\n<td class=\"et3\" style=\"height: 17.25pt;\" height=\"23\">MOQ<\/td>\n<td class=\"et3\">20 piezas<\/td>\n<\/tr>\n<tr style=\"height: 17.25pt;\">\n<td class=\"et3\" style=\"height: 17.25pt;\" height=\"23\">Opci\u00f3n personalizada<\/td>\n<td class=\"et3\">Color\/Patr\u00f3n\/Tama\u00f1o\/Logotipo\/Embalaje<\/td>\n<\/tr>\n<\/tbody>\n<\/table>","protected":false},"featured_media":5794,"comment_status":"closed","ping_status":"closed","template":"","meta":{"_acf_changed":false},"product_brand":[],"product_cat":[50,54],"product_tag":[],"class_list":{"0":"post-5792","1":"product","2":"type-product","3":"status-publish","4":"has-post-thumbnail","6":"product_cat-wholesale-countertop-sinks","7":"product_cat-wholesale-marble-sinks","9":"first","10":"instock","11":"shipping-taxable","12":"product-type-simple"},"acf":[],"_links":{"self":[{"href":"https:\/\/www.ceramicbasin.com\/es\/wp-json\/wp\/v2\/product\/5792","targetHints":{"allow":["GET"]}}],"collection":[{"href":"https:\/\/www.ceramicbasin.com\/es\/wp-json\/wp\/v2\/product"}],"about":[{"href":"https:\/\/www.ceramicbasin.com\/es\/wp-json\/wp\/v2\/types\/product"}],"replies":[{"embeddable":true,"href":"https:\/\/www.ceramicbasin.com\/es\/wp-json\/wp\/v2\/comments?post=5792"}],"wp:featuredmedia":[{"embeddable":true,"href":"https:\/\/www.ceramicbasin.com\/es\/wp-json\/wp\/v2\/media\/5794"}],"wp:attachment":[{"href":"https:\/\/www.ceramicbasin.com\/es\/wp-json\/wp\/v2\/media?parent=5792"}],"wp:term":[{"taxonomy":"product_brand","embeddable":true,"href":"https:\/\/www.ceramicbasin.com\/es\/wp-json\/wp\/v2\/product_brand?post=5792"},{"taxonomy":"product_cat","embeddable":true,"href":"https:\/\/www.ceramicbasin.com\/es\/wp-json\/wp\/v2\/product_cat?post=5792"},{"taxonomy":"product_tag","embeddable":true,"href":"https:\/\/www.ceramicbasin.com\/es\/wp-json\/wp\/v2\/product_tag?post=5792"}],"curies":[{"name":"wp","href":"https:\/\/api.w.org\/{rel}","templated":true}]}}