{"id":5824,"date":"2024-12-19T07:25:22","date_gmt":"2024-12-19T07:25:22","guid":{"rendered":"https:\/\/www.ceramicbasin.com\/?post_type=product&#038;p=5824"},"modified":"2024-12-20T09:56:51","modified_gmt":"2024-12-20T09:56:51","slug":"wholesale-small-bathroom-sinks","status":"publish","type":"product","link":"https:\/\/www.ceramicbasin.com\/es\/producto\/wholesale-small-bathroom-sinks\/","title":{"rendered":"Nordic Wholesale Lavabos peque\u00f1os, lavabos suspendidos"},"content":{"rendered":"<div class=\"wp-block-columns is-layout-flex wp-container-core-columns-is-layout-9d6595d7 wp-block-columns-is-layout-flex\">\n<div class=\"wp-block-column is-layout-flow wp-block-column-is-layout-flow\">\n<h2 class=\"wp-block-heading\">Fregaderos de ba\u00f1o peque\u00f1os al por mayor de primera calidad Caracter\u00edsticas<\/h2>\n\n\n\n<ul class=\"wp-block-list\">\n<li><strong>Dise\u00f1o minimalista n\u00f3rdico: <\/strong>Nuestros lavabos peque\u00f1os al por mayor adoptan el dise\u00f1o minimalista n\u00f3rdico, fresco y moderno, a\u00f1adiendo moda y gusto a su espacio de ba\u00f1o.<\/li>\n\n\n\n<li><strong>Ahorro de espacio: <\/strong>Gracias a su tama\u00f1o compacto y su dise\u00f1o de montaje en pared, los lavabos al por mayor pueden ahorrar m\u00e1s espacio. Es adecuado para ba\u00f1os peque\u00f1os para optimizar la distribuci\u00f3n del ba\u00f1o y mejorar la experiencia de uso general.<\/li>\n\n\n\n<li><strong>Material cer\u00e1mico de alta calidad: <\/strong>Nuestros lavabos al por mayor para cuartos de ba\u00f1o peque\u00f1os est\u00e1n fabricados con material cer\u00e1mico de alta calidad en cuanto a suavidad, resistencia a los ara\u00f1azos y facilidad de limpieza para garantizar que el lavabo no se deforme ni se decolore tras un uso prolongado, sino que siga siendo lo suficientemente resistente y f\u00e1cil de mantener.<\/li>\n\n\n\n<li><strong>Aplicable a varios lugares: <\/strong>Nuestros lavabos al por mayor pueden instalarse no s\u00f3lo en cuartos de ba\u00f1o dom\u00e9sticos, sino tambi\u00e9n en cuartos de ba\u00f1o p\u00fablicos de hoteles o locales comerciales para ayudar a utilizar el espacio de forma eficaz y facilitar un ba\u00f1o c\u00f3modo.<\/li>\n<\/ul>\n<\/div>\n\n\n\n<div class=\"wp-block-column is-layout-flow wp-block-column-is-layout-flow\">\n<figure class=\"wp-block-image size-full\"><img fetchpriority=\"high\" decoding=\"async\" width=\"800\" height=\"800\" src=\"https:\/\/www.ceramicbasin.com\/wp-content\/uploads\/2024\/12\/wall-hung-bathroom-sinkwall-mount-vanitysinks-for-bathroom1.webp\" alt=\"Nordic Wholesale Lavabos peque\u00f1os, lavabos suspendidos-1\" class=\"wp-image-5825\" srcset=\"https:\/\/www.ceramicbasin.com\/wp-content\/uploads\/2024\/12\/wall-hung-bathroom-sinkwall-mount-vanitysinks-for-bathroom1.webp 800w, https:\/\/www.ceramicbasin.com\/wp-content\/uploads\/2024\/12\/wall-hung-bathroom-sinkwall-mount-vanitysinks-for-bathroom1-300x300.webp 300w, https:\/\/www.ceramicbasin.com\/wp-content\/uploads\/2024\/12\/wall-hung-bathroom-sinkwall-mount-vanitysinks-for-bathroom1-150x150.webp 150w, https:\/\/www.ceramicbasin.com\/wp-content\/uploads\/2024\/12\/wall-hung-bathroom-sinkwall-mount-vanitysinks-for-bathroom1-768x768.webp 768w, https:\/\/www.ceramicbasin.com\/wp-content\/uploads\/2024\/12\/wall-hung-bathroom-sinkwall-mount-vanitysinks-for-bathroom1-12x12.webp 12w, https:\/\/www.ceramicbasin.com\/wp-content\/uploads\/2024\/12\/wall-hung-bathroom-sinkwall-mount-vanitysinks-for-bathroom1-285x285.webp 285w, https:\/\/www.ceramicbasin.com\/wp-content\/uploads\/2024\/12\/wall-hung-bathroom-sinkwall-mount-vanitysinks-for-bathroom1-270x270.webp 270w, https:\/\/www.ceramicbasin.com\/wp-content\/uploads\/2024\/12\/wall-hung-bathroom-sinkwall-mount-vanitysinks-for-bathroom1-540x540.webp 540w, https:\/\/www.ceramicbasin.com\/wp-content\/uploads\/2024\/12\/wall-hung-bathroom-sinkwall-mount-vanitysinks-for-bathroom1-660x660.webp 660w\" sizes=\"(max-width: 800px) 100vw, 800px\" \/><\/figure>\n<\/div>\n<\/div>","protected":false},"excerpt":{"rendered":"<p>Bienvenido a comprar lavabos al por mayor. Nuestros lavabos peque\u00f1os al por mayor adoptan un dise\u00f1o n\u00f3rdico sencillo, que integra la sensaci\u00f3n est\u00e9tica moderna y la practicidad, y es adecuado para cuartos de ba\u00f1o peque\u00f1os. El dise\u00f1o montado en la pared ahorra espacio y proporciona una c\u00f3moda experiencia de limpieza y uso.<\/p>\n<table style=\"border-collapse: collapse; width: 358.52pt;\" border=\"0\" width=\"478\" cellspacing=\"0\" cellpadding=\"0\">\n<tbody>\n<tr style=\"height: 17.25pt;\">\n<td class=\"et3\" style=\"height: 17.25pt; width: 125.00pt;\" width=\"166\" height=\"23\">Fabricante<\/td>\n<td class=\"et3\" style=\"width: 234.15pt;\" width=\"312\">HanYu<\/td>\n<\/tr>\n<tr style=\"height: 17.25pt;\">\n<td class=\"et3\" style=\"height: 17.25pt;\" height=\"23\">N\u00ba de modelo<\/td>\n<td class=\"et4\">HY-3041L<\/td>\n<\/tr>\n<tr style=\"height: 17.25pt;\">\n<td class=\"et3\" style=\"height: 17.25pt;\" height=\"23\">Tipo<\/td>\n<td class=\"et5\" style=\"width: 234.15pt;\" width=\"312\">Lavabos de pared<\/td>\n<\/tr>\n<tr style=\"height: 18.00pt;\">\n<td class=\"et3\" style=\"height: 18.00pt;\" height=\"24\">Forma<\/td>\n<td class=\"et3\">Forma irregular<\/td>\n<\/tr>\n<tr style=\"height: 34.50pt;\">\n<td class=\"et4\" style=\"height: 34.50pt;\" height=\"46\">Color<\/td>\n<td class=\"et5\" style=\"width: 234.15pt;\" width=\"312\">negro\/blanco\/azul\/gris\/rosa\/verde\/marr\u00f3n\/caqui<\/td>\n<\/tr>\n<tr style=\"height: 18.00pt;\">\n<td class=\"et3\" style=\"height: 18.00pt;\" height=\"24\">Dimensi\u00f3n<\/td>\n<td class=\"et5\" style=\"width: 234.15pt;\" width=\"312\">41*27*14<\/td>\n<\/tr>\n<tr style=\"height: 17.25pt;\">\n<td class=\"et3\" style=\"height: 17.25pt;\" height=\"23\">N.W \/SET<\/td>\n<td class=\"et3\">9KGS\/PCS<\/td>\n<\/tr>\n<tr style=\"height: 17.25pt;\">\n<td class=\"et3\" style=\"height: 17.25pt;\" height=\"23\">MOQ<\/td>\n<td class=\"et3\">20 piezas<\/td>\n<\/tr>\n<tr style=\"height: 17.25pt;\">\n<td class=\"et3\" style=\"height: 17.25pt;\" height=\"23\">Opci\u00f3n personalizada<\/td>\n<td class=\"et3\">Color\/Patr\u00f3n\/Tama\u00f1o\/Logotipo\/Embalaje<\/td>\n<\/tr>\n<\/tbody>\n<\/table>","protected":false},"featured_media":5828,"comment_status":"closed","ping_status":"closed","template":"","meta":{"_acf_changed":false},"product_brand":[],"product_cat":[57,56],"product_tag":[],"class_list":{"0":"post-5824","1":"product","2":"type-product","3":"status-publish","4":"has-post-thumbnail","6":"product_cat-wholesale-wall-mounted-sinks","7":"product_cat-wholesale-small-bathroom-sinks","9":"first","10":"instock","11":"shipping-taxable","12":"product-type-simple"},"acf":[],"_links":{"self":[{"href":"https:\/\/www.ceramicbasin.com\/es\/wp-json\/wp\/v2\/product\/5824","targetHints":{"allow":["GET"]}}],"collection":[{"href":"https:\/\/www.ceramicbasin.com\/es\/wp-json\/wp\/v2\/product"}],"about":[{"href":"https:\/\/www.ceramicbasin.com\/es\/wp-json\/wp\/v2\/types\/product"}],"replies":[{"embeddable":true,"href":"https:\/\/www.ceramicbasin.com\/es\/wp-json\/wp\/v2\/comments?post=5824"}],"wp:featuredmedia":[{"embeddable":true,"href":"https:\/\/www.ceramicbasin.com\/es\/wp-json\/wp\/v2\/media\/5828"}],"wp:attachment":[{"href":"https:\/\/www.ceramicbasin.com\/es\/wp-json\/wp\/v2\/media?parent=5824"}],"wp:term":[{"taxonomy":"product_brand","embeddable":true,"href":"https:\/\/www.ceramicbasin.com\/es\/wp-json\/wp\/v2\/product_brand?post=5824"},{"taxonomy":"product_cat","embeddable":true,"href":"https:\/\/www.ceramicbasin.com\/es\/wp-json\/wp\/v2\/product_cat?post=5824"},{"taxonomy":"product_tag","embeddable":true,"href":"https:\/\/www.ceramicbasin.com\/es\/wp-json\/wp\/v2\/product_tag?post=5824"}],"curies":[{"name":"wp","href":"https:\/\/api.w.org\/{rel}","templated":true}]}}