{"id":5845,"date":"2024-12-19T08:48:16","date_gmt":"2024-12-19T08:48:16","guid":{"rendered":"https:\/\/www.ceramicbasin.com\/?post_type=product&#038;p=5845"},"modified":"2024-12-20T09:13:38","modified_gmt":"2024-12-20T09:13:38","slug":"wholesale-wall-mount-bathroom-sink","status":"publish","type":"product","link":"https:\/\/www.ceramicbasin.com\/es\/producto\/wholesale-wall-mount-bathroom-sink\/","title":{"rendered":"Lavabo Ceramico de Pared, Lavabo Ceramico de Pared, Lavabo Ceramico de Pared, Lavabo Ceramico de Pared, Lavabo Ceramico de Pared"},"content":{"rendered":"<div class=\"wp-block-columns is-layout-flex wp-container-core-columns-is-layout-9d6595d7 wp-block-columns-is-layout-flex\">\n<div class=\"wp-block-column is-layout-flow wp-block-column-is-layout-flow\">\n<h2 class=\"wp-block-heading\">Fregadero de ba\u00f1o de montaje en pared al por mayor de primera calidad Caracter\u00edsticas<\/h2>\n\n\n\n<ul class=\"wp-block-list\">\n<li><strong>Gran capacidad de producci\u00f3n: <\/strong>Nuestro gran almac\u00e9n contiene varios tipos de lavabo de ba\u00f1o de montaje en pared al por mayor. Elija los art\u00edculos que est\u00e1n en producci\u00f3n, tenemos suficientes lavabos blancos para hacer lavabos de color m\u00e1rmol, el tiempo de env\u00edo ser\u00eda m\u00e1s corto mucho.<\/li>\n\n\n\n<li><strong>Suave y delicado: <\/strong>Nuestros lavabos al por mayor poseen una superficie lisa y delicada para facilitar su limpieza y resistencia contra el desgaste y las manchas que se producen durante su uso diario, manteni\u00e9ndolos como nuevos durante bastante tiempo.<\/li>\n\n\n\n<li><strong>Instalaci\u00f3n mural: <\/strong>El dise\u00f1o montado en la pared no s\u00f3lo hace que nuestro lavabo de ba\u00f1o de montaje en pared al por mayor ahorre espacio, sino que tambi\u00e9n permite una f\u00e1cil limpieza del suelo debajo, manteni\u00e9ndolo ordenado para refrescar el ambiente de uso.<\/li>\n\n\n\n<li>Ventas calientes: Debido a su durabilidad, color uniforme, y f\u00e1cil mantenimiento y limpieza, este lavabo de cer\u00e1mica al por mayor est\u00e1 haciendo bien en el mercado, adem\u00e1s de tener un rendimiento de alto costo.<\/li>\n<\/ul>\n<\/div>\n\n\n\n<div class=\"wp-block-column is-layout-flow wp-block-column-is-layout-flow\">\n<figure class=\"wp-block-image size-full\"><img fetchpriority=\"high\" decoding=\"async\" width=\"800\" height=\"800\" src=\"https:\/\/www.ceramicbasin.com\/wp-content\/uploads\/2024\/12\/basin-bathroom-sinkwall-mounted-vanitywall-mounted-wash-hand-basin1.webp\" alt=\"Venta al por mayor peque\u00f1o lavabo de ba\u00f1o de pared, lavabo de cer\u00e1mica de pared-1\" class=\"wp-image-5846\" srcset=\"https:\/\/www.ceramicbasin.com\/wp-content\/uploads\/2024\/12\/basin-bathroom-sinkwall-mounted-vanitywall-mounted-wash-hand-basin1.webp 800w, https:\/\/www.ceramicbasin.com\/wp-content\/uploads\/2024\/12\/basin-bathroom-sinkwall-mounted-vanitywall-mounted-wash-hand-basin1-300x300.webp 300w, https:\/\/www.ceramicbasin.com\/wp-content\/uploads\/2024\/12\/basin-bathroom-sinkwall-mounted-vanitywall-mounted-wash-hand-basin1-150x150.webp 150w, https:\/\/www.ceramicbasin.com\/wp-content\/uploads\/2024\/12\/basin-bathroom-sinkwall-mounted-vanitywall-mounted-wash-hand-basin1-768x768.webp 768w, https:\/\/www.ceramicbasin.com\/wp-content\/uploads\/2024\/12\/basin-bathroom-sinkwall-mounted-vanitywall-mounted-wash-hand-basin1-12x12.webp 12w, https:\/\/www.ceramicbasin.com\/wp-content\/uploads\/2024\/12\/basin-bathroom-sinkwall-mounted-vanitywall-mounted-wash-hand-basin1-285x285.webp 285w, https:\/\/www.ceramicbasin.com\/wp-content\/uploads\/2024\/12\/basin-bathroom-sinkwall-mounted-vanitywall-mounted-wash-hand-basin1-270x270.webp 270w, https:\/\/www.ceramicbasin.com\/wp-content\/uploads\/2024\/12\/basin-bathroom-sinkwall-mounted-vanitywall-mounted-wash-hand-basin1-540x540.webp 540w, https:\/\/www.ceramicbasin.com\/wp-content\/uploads\/2024\/12\/basin-bathroom-sinkwall-mounted-vanitywall-mounted-wash-hand-basin1-660x660.webp 660w\" sizes=\"(max-width: 800px) 100vw, 800px\" \/><\/figure>\n<\/div>\n<\/div>\n\n\n\n<p><\/p>","protected":false},"excerpt":{"rendered":"<p>Bienvenido a comprar lavabo al por mayor. Nuestro lavabo de ba\u00f1o de montaje en pared al por mayor presenta una superficie suave y blanda que facilita la limpieza, y es resistente al desgaste y las manchas. El dise\u00f1o montado en la pared ahorra espacio, ayuda en la limpieza del suelo y crea un ambiente ordenado y refrescante. Muy duraderos, de color uniforme y rentables, estos lavabos de cer\u00e1mica al por mayor son los m\u00e1s vendidos del mercado.<\/p>\n<table style=\"border-collapse: collapse; width: 358.52pt;\" border=\"0\" width=\"478\" cellspacing=\"0\" cellpadding=\"0\">\n<tbody>\n<tr style=\"height: 17.25pt;\">\n<td class=\"et3\" style=\"height: 17.25pt; width: 125.00pt;\" width=\"166\" height=\"23\">Fabricante<\/td>\n<td class=\"et3\" style=\"width: 234.15pt;\" width=\"312\">HanYu<\/td>\n<\/tr>\n<tr style=\"height: 17.25pt;\">\n<td class=\"et3\" style=\"height: 17.25pt;\" height=\"23\">N\u00ba de modelo<\/td>\n<td class=\"et4\">HY-3054L<\/td>\n<\/tr>\n<tr style=\"height: 17.25pt;\">\n<td class=\"et3\" style=\"height: 17.25pt;\" height=\"23\">Tipo<\/td>\n<td class=\"et5\" style=\"width: 234.15pt;\" width=\"312\">Lavabos de pared<\/td>\n<\/tr>\n<tr style=\"height: 18.00pt;\">\n<td class=\"et3\" style=\"height: 18.00pt;\" height=\"24\">Forma<\/td>\n<td class=\"et3\">Forma irregular<\/td>\n<\/tr>\n<tr style=\"height: 34.50pt;\">\n<td class=\"et4\" style=\"height: 34.50pt;\" height=\"46\">Color<\/td>\n<td class=\"et5\" style=\"width: 234.15pt;\" width=\"312\">negro\/blanco\/azul\/gris\/rosa\/verde\/marr\u00f3n\/caqui<\/td>\n<\/tr>\n<tr style=\"height: 18.00pt;\">\n<td class=\"et3\" style=\"height: 18.00pt;\" height=\"24\">Dimensi\u00f3n<\/td>\n<td class=\"et5\" style=\"width: 234.15pt;\" width=\"312\">45*27.5*15<\/td>\n<\/tr>\n<tr style=\"height: 17.25pt;\">\n<td class=\"et3\" style=\"height: 17.25pt;\" height=\"23\">N.W \/SET<\/td>\n<td class=\"et3\">10KGS\/PCS<\/td>\n<\/tr>\n<tr style=\"height: 17.25pt;\">\n<td class=\"et3\" style=\"height: 17.25pt;\" height=\"23\">MOQ<\/td>\n<td class=\"et3\">20 piezas<\/td>\n<\/tr>\n<tr style=\"height: 17.25pt;\">\n<td class=\"et3\" style=\"height: 17.25pt;\" height=\"23\">Opci\u00f3n personalizada<\/td>\n<td class=\"et3\">Color\/Patr\u00f3n\/Tama\u00f1o\/Logotipo\/Embalaje<\/td>\n<\/tr>\n<\/tbody>\n<\/table>","protected":false},"featured_media":5848,"comment_status":"closed","ping_status":"closed","template":"","meta":{"_acf_changed":false},"product_brand":[],"product_cat":[57,56],"product_tag":[],"class_list":{"0":"post-5845","1":"product","2":"type-product","3":"status-publish","4":"has-post-thumbnail","6":"product_cat-wholesale-wall-mounted-sinks","7":"product_cat-wholesale-small-bathroom-sinks","9":"first","10":"instock","11":"shipping-taxable","12":"product-type-simple"},"acf":[],"_links":{"self":[{"href":"https:\/\/www.ceramicbasin.com\/es\/wp-json\/wp\/v2\/product\/5845","targetHints":{"allow":["GET"]}}],"collection":[{"href":"https:\/\/www.ceramicbasin.com\/es\/wp-json\/wp\/v2\/product"}],"about":[{"href":"https:\/\/www.ceramicbasin.com\/es\/wp-json\/wp\/v2\/types\/product"}],"replies":[{"embeddable":true,"href":"https:\/\/www.ceramicbasin.com\/es\/wp-json\/wp\/v2\/comments?post=5845"}],"wp:featuredmedia":[{"embeddable":true,"href":"https:\/\/www.ceramicbasin.com\/es\/wp-json\/wp\/v2\/media\/5848"}],"wp:attachment":[{"href":"https:\/\/www.ceramicbasin.com\/es\/wp-json\/wp\/v2\/media?parent=5845"}],"wp:term":[{"taxonomy":"product_brand","embeddable":true,"href":"https:\/\/www.ceramicbasin.com\/es\/wp-json\/wp\/v2\/product_brand?post=5845"},{"taxonomy":"product_cat","embeddable":true,"href":"https:\/\/www.ceramicbasin.com\/es\/wp-json\/wp\/v2\/product_cat?post=5845"},{"taxonomy":"product_tag","embeddable":true,"href":"https:\/\/www.ceramicbasin.com\/es\/wp-json\/wp\/v2\/product_tag?post=5845"}],"curies":[{"name":"wp","href":"https:\/\/api.w.org\/{rel}","templated":true}]}}