{"id":5944,"date":"2025-01-04T03:37:10","date_gmt":"2025-01-04T03:37:10","guid":{"rendered":"https:\/\/www.ceramicbasin.com\/?post_type=product&#038;p=5944"},"modified":"2025-01-04T03:37:12","modified_gmt":"2025-01-04T03:37:12","slug":"customized-wash-basin","status":"publish","type":"product","link":"https:\/\/www.ceramicbasin.com\/es\/producto\/customized-wash-basin\/","title":{"rendered":"Lavabo Personalizado Color Plata, Mayorista Lavabos De Ba\u00f1o"},"content":{"rendered":"<div class=\"wp-block-columns is-layout-flex wp-container-core-columns-is-layout-9d6595d7 wp-block-columns-is-layout-flex\">\n<div class=\"wp-block-column is-layout-flow wp-block-column-is-layout-flow\">\n<h2 class=\"wp-block-heading\">Lavabo Premium Personalizado Caracter\u00edsticas:<\/h2>\n\n\n\n<ul class=\"wp-block-list\">\n<li><strong>Dise\u00f1o de instalaci\u00f3n de encimeras:\u00a0<\/strong>Este lavabo personalizado de color plateado galvanizado est\u00e1 dise\u00f1ado para instalarse sobre la encimera, ahorrando espacio y facilitando el uso diario, la limpieza y la practicidad y belleza del cuarto de ba\u00f1o en general.<\/li>\n\n\n\n<li><strong>Materiales de alta calidad:\u00a0<\/strong>Estos lavabos de ba\u00f1o plateados al por mayor est\u00e1n fabricados con materiales cer\u00e1micos de calidad superior para garantizar que el lavabo sea s\u00f3lido y duradero, mientras que su capa exterior tiene un acabado galv\u00e1nico plateado suave y f\u00e1cil de limpiar a diario.<\/li>\n\n\n\n<li><strong>Suministro r\u00e1pido:\u00a0<\/strong>Como fabricante de lavabos personalizados, poseemos una potente red de producci\u00f3n y log\u00edstica para lavabos de tocador al por mayor que puede responder r\u00e1pidamente a los pedidos y garantizar una entrega r\u00e1pida del producto para las necesidades urgentes de los proyectos.<\/li>\n\n\n\n<li><strong>Rentable:\u00a0<\/strong>Ofrecemos precios m\u00e1s favorables para la venta al por mayor de grandes pedidos de lavabos de ba\u00f1o, lo que significa alta calidad pero a un precio razonable para ayudarle a ahorrar costes en grandes proyectos.<\/li>\n<\/ul>\n<\/div>\n\n\n\n<div class=\"wp-block-column is-layout-flow wp-block-column-is-layout-flow\">\n<figure class=\"wp-block-image size-full is-resized\"><img fetchpriority=\"high\" decoding=\"async\" width=\"600\" height=\"893\" src=\"https:\/\/www.ceramicbasin.com\/wp-content\/uploads\/2025\/01\/Electroplated-silver-color-washbasin-sink-supplier-5.webp\" alt=\"Lavabo Personalizado Color Plata, Mayorista Lavabos de Ba\u00f1o-1\" class=\"wp-image-5943\" style=\"width:343px;height:auto\" srcset=\"https:\/\/www.ceramicbasin.com\/wp-content\/uploads\/2025\/01\/Electroplated-silver-color-washbasin-sink-supplier-5.webp 600w, https:\/\/www.ceramicbasin.com\/wp-content\/uploads\/2025\/01\/Electroplated-silver-color-washbasin-sink-supplier-5-202x300.webp 202w, https:\/\/www.ceramicbasin.com\/wp-content\/uploads\/2025\/01\/Electroplated-silver-color-washbasin-sink-supplier-5-8x12.webp 8w, https:\/\/www.ceramicbasin.com\/wp-content\/uploads\/2025\/01\/Electroplated-silver-color-washbasin-sink-supplier-5-285x424.webp 285w, https:\/\/www.ceramicbasin.com\/wp-content\/uploads\/2025\/01\/Electroplated-silver-color-washbasin-sink-supplier-5-443x660.webp 443w, https:\/\/www.ceramicbasin.com\/wp-content\/uploads\/2025\/01\/Electroplated-silver-color-washbasin-sink-supplier-5-101x150.webp 101w\" sizes=\"(max-width: 600px) 100vw, 600px\" \/><\/figure>\n<\/div>\n<\/div>","protected":false},"excerpt":{"rendered":"<p>Bienvenido a comprar lavabos de ba\u00f1o al por mayor. Nuestro lavabo personalizado plateado est\u00e1 fabricado con materiales cer\u00e1micos de calidad superior para garantizar que el lavabo sea s\u00f3lido y duradero. Como fabricante de lavabos de ba\u00f1o a medida, poseemos una potente red de producci\u00f3n y log\u00edstica para lavabos de tocador al por mayor que puede responder r\u00e1pidamente a los pedidos y garantizar la entrega r\u00e1pida del producto para las necesidades urgentes del proyecto.<\/p>\n<table style=\"border-collapse: collapse; width: 358.52pt;\" border=\"0\" width=\"478\" cellspacing=\"0\" cellpadding=\"0\">\n<tbody>\n<tr style=\"height: 17.25pt;\">\n<td class=\"et3\" style=\"height: 17.25pt; width: 125.00pt;\" width=\"166\" height=\"23\">Fabricante<\/td>\n<td class=\"et3\" style=\"width: 234.15pt;\" width=\"312\">HanYu<\/td>\n<\/tr>\n<tr style=\"height: 17.25pt;\">\n<td class=\"et3\" style=\"height: 17.25pt;\" height=\"23\">N\u00ba de modelo<\/td>\n<td class=\"et4\">HY-8184SY<\/td>\n<\/tr>\n<tr style=\"height: 17.25pt;\">\n<td class=\"et3\" style=\"height: 17.25pt;\" height=\"23\">Tipo<\/td>\n<td class=\"et5\" style=\"width: 234.15pt;\" width=\"312\">Fregaderos galvanizados<\/td>\n<\/tr>\n<tr style=\"height: 18.00pt;\">\n<td class=\"et3\" style=\"height: 18.00pt;\" height=\"24\">Forma<\/td>\n<td class=\"et3\">Forma hexagonal<\/td>\n<\/tr>\n<tr style=\"height: 34.50pt;\">\n<td class=\"et4\" style=\"height: 34.50pt;\" height=\"46\">Color<\/td>\n<td class=\"et5\" style=\"width: 234.15pt;\" width=\"312\">negro\/blanco\/azul\/gris\/rosa\/verde\/marr\u00f3n\/caqui<\/td>\n<\/tr>\n<tr style=\"height: 18.00pt;\">\n<td class=\"et3\" style=\"height: 18.00pt;\" height=\"24\">Dimensi\u00f3n<\/td>\n<td class=\"et5\" style=\"width: 234.15pt;\" width=\"312\">47.5*35.5*11.5<\/td>\n<\/tr>\n<tr style=\"height: 17.25pt;\">\n<td class=\"et3\" style=\"height: 17.25pt;\" height=\"23\">N.W \/SET<\/td>\n<td class=\"et3\">8KGS\/PCS<\/td>\n<\/tr>\n<tr style=\"height: 17.25pt;\">\n<td class=\"et3\" style=\"height: 17.25pt;\" height=\"23\">MOQ<\/td>\n<td class=\"et3\">20 piezas<\/td>\n<\/tr>\n<tr style=\"height: 17.25pt;\">\n<td class=\"et3\" style=\"height: 17.25pt;\" height=\"23\">Opci\u00f3n personalizada<\/td>\n<td class=\"et3\">Color\/Patr\u00f3n\/Tama\u00f1o\/Logotipo\/Embalaje<\/td>\n<\/tr>\n<\/tbody>\n<\/table>","protected":false},"featured_media":5939,"comment_status":"closed","ping_status":"closed","template":"","meta":{"_acf_changed":false},"product_brand":[],"product_cat":[50,53],"product_tag":[],"class_list":{"0":"post-5944","1":"product","2":"type-product","3":"status-publish","4":"has-post-thumbnail","6":"product_cat-wholesale-countertop-sinks","7":"product_cat-electroplated-bathroom-sinks","9":"first","10":"instock","11":"shipping-taxable","12":"product-type-simple"},"acf":[],"_links":{"self":[{"href":"https:\/\/www.ceramicbasin.com\/es\/wp-json\/wp\/v2\/product\/5944","targetHints":{"allow":["GET"]}}],"collection":[{"href":"https:\/\/www.ceramicbasin.com\/es\/wp-json\/wp\/v2\/product"}],"about":[{"href":"https:\/\/www.ceramicbasin.com\/es\/wp-json\/wp\/v2\/types\/product"}],"replies":[{"embeddable":true,"href":"https:\/\/www.ceramicbasin.com\/es\/wp-json\/wp\/v2\/comments?post=5944"}],"wp:featuredmedia":[{"embeddable":true,"href":"https:\/\/www.ceramicbasin.com\/es\/wp-json\/wp\/v2\/media\/5939"}],"wp:attachment":[{"href":"https:\/\/www.ceramicbasin.com\/es\/wp-json\/wp\/v2\/media?parent=5944"}],"wp:term":[{"taxonomy":"product_brand","embeddable":true,"href":"https:\/\/www.ceramicbasin.com\/es\/wp-json\/wp\/v2\/product_brand?post=5944"},{"taxonomy":"product_cat","embeddable":true,"href":"https:\/\/www.ceramicbasin.com\/es\/wp-json\/wp\/v2\/product_cat?post=5944"},{"taxonomy":"product_tag","embeddable":true,"href":"https:\/\/www.ceramicbasin.com\/es\/wp-json\/wp\/v2\/product_tag?post=5944"}],"curies":[{"name":"wp","href":"https:\/\/api.w.org\/{rel}","templated":true}]}}