{"id":5946,"date":"2025-01-04T03:50:16","date_gmt":"2025-01-04T03:50:16","guid":{"rendered":"https:\/\/www.ceramicbasin.com\/?post_type=product&#038;p=5946"},"modified":"2025-01-04T03:50:18","modified_gmt":"2025-01-04T03:50:18","slug":"custom-made-basins","status":"publish","type":"product","link":"https:\/\/www.ceramicbasin.com\/es\/producto\/custom-made-basins\/","title":{"rendered":"Lavabos a medida, Lavabo dorado de lujo al por mayor"},"content":{"rendered":"<div class=\"wp-block-columns is-layout-flex wp-container-core-columns-is-layout-9d6595d7 wp-block-columns-is-layout-flex\">\n<div class=\"wp-block-column is-layout-flow wp-block-column-is-layout-flow\">\n<h2 class=\"wp-block-heading\">Lavabos Premium hechos a medida Caracter\u00edsticas:<\/h2>\n\n\n\n<ul class=\"wp-block-list\">\n<li><strong>Oro exquisito:\u00a0<\/strong>Estos lavabos a medida para encimera est\u00e1n elaborados con un elegante acabado dorado, que aporta una belleza suave y lujosamente coloreada al cuarto de ba\u00f1o y realza la sensaci\u00f3n de alta gama del espacio.<\/li>\n\n\n\n<li><strong>Dise\u00f1o de instalaci\u00f3n de encimeras:<\/strong>\u00a0Este lavabo de lujo al por mayor est\u00e1 dise\u00f1ado para instalarse sobre la encimera, ahorrando espacio y facilitando el uso diario, la limpieza y la practicidad y belleza del cuarto de ba\u00f1o en general.<\/li>\n\n\n\n<li><strong>Satisfacer necesidades personalizadas:<\/strong>\u00a0Somos fabricantes profesionales de lavabos de cer\u00e1mica para cuartos de ba\u00f1o, ofrecemos servicios integrales para lavabos a medida y podemos ajustar el tama\u00f1o seg\u00fan sus necesidades espec\u00edficas.<\/li>\n\n\n\n<li><strong>Precio ventajoso:\u00a0<\/strong>Proporcionamos servicios de pedidos al por mayor para este lavabo al por mayor, que no s\u00f3lo son asequibles, sino tambi\u00e9n entregar r\u00e1pidamente, adecuado para proyectos comerciales y decoraci\u00f3n residencial a gran escala, la satisfacci\u00f3n de las necesidades de alta eficiencia y bajo costo.<\/li>\n<\/ul>\n<\/div>\n\n\n\n<div class=\"wp-block-column is-layout-flow wp-block-column-is-layout-flow\">\n<figure class=\"wp-block-image size-full is-resized\"><img fetchpriority=\"high\" decoding=\"async\" width=\"612\" height=\"795\" src=\"https:\/\/www.ceramicbasin.com\/wp-content\/uploads\/2025\/01\/Countertop-gold-and-white-color-hand-washing-basin-wholesale-5.webp\" alt=\"Lavabos a medida, Lavabo de lujo dorado al por mayor-1\" class=\"wp-image-5933\" style=\"width:360px;height:auto\" srcset=\"https:\/\/www.ceramicbasin.com\/wp-content\/uploads\/2025\/01\/Countertop-gold-and-white-color-hand-washing-basin-wholesale-5.webp 612w, https:\/\/www.ceramicbasin.com\/wp-content\/uploads\/2025\/01\/Countertop-gold-and-white-color-hand-washing-basin-wholesale-5-231x300.webp 231w, https:\/\/www.ceramicbasin.com\/wp-content\/uploads\/2025\/01\/Countertop-gold-and-white-color-hand-washing-basin-wholesale-5-9x12.webp 9w, https:\/\/www.ceramicbasin.com\/wp-content\/uploads\/2025\/01\/Countertop-gold-and-white-color-hand-washing-basin-wholesale-5-285x370.webp 285w, https:\/\/www.ceramicbasin.com\/wp-content\/uploads\/2025\/01\/Countertop-gold-and-white-color-hand-washing-basin-wholesale-5-508x660.webp 508w, https:\/\/www.ceramicbasin.com\/wp-content\/uploads\/2025\/01\/Countertop-gold-and-white-color-hand-washing-basin-wholesale-5-115x150.webp 115w\" sizes=\"(max-width: 612px) 100vw, 612px\" \/><\/figure>\n<\/div>\n<\/div>","protected":false},"excerpt":{"rendered":"<p>Bienvenido a pedir lavabos a medida. Este lavabo de encimera al por mayor se hace a mano con un elegante acabado en oro, con lo que la belleza de color suave y lujoso para el cuarto de ba\u00f1o. Somos un fabricante profesional de lavabos de ba\u00f1o, proporcionando servicios de personalizaci\u00f3n para lavabos al por mayor, y podemos ajustar el tama\u00f1o de acuerdo a sus necesidades espec\u00edficas.<\/p>\n<table style=\"border-collapse: collapse; width: 358.52pt;\" border=\"0\" width=\"478\" cellspacing=\"0\" cellpadding=\"0\">\n<tbody>\n<tr style=\"height: 17.25pt;\">\n<td class=\"et3\" style=\"height: 17.25pt; width: 125.00pt;\" width=\"166\" height=\"23\">Fabricante<\/td>\n<td class=\"et3\" style=\"width: 234.15pt;\" width=\"312\">HanYu<\/td>\n<\/tr>\n<tr style=\"height: 17.25pt;\">\n<td class=\"et3\" style=\"height: 17.25pt;\" height=\"23\">N\u00ba de modelo<\/td>\n<td class=\"et4\">HY-5006J5<\/td>\n<\/tr>\n<tr style=\"height: 17.25pt;\">\n<td class=\"et3\" style=\"height: 17.25pt;\" height=\"23\">Tipo<\/td>\n<td class=\"et5\" style=\"width: 234.15pt;\" width=\"312\">Fregaderos galvanizados<\/td>\n<\/tr>\n<tr style=\"height: 18.00pt;\">\n<td class=\"et3\" style=\"height: 18.00pt;\" height=\"24\">Forma<\/td>\n<td class=\"et3\">Forma ovalada<\/td>\n<\/tr>\n<tr style=\"height: 34.50pt;\">\n<td class=\"et4\" style=\"height: 34.50pt;\" height=\"46\">Color<\/td>\n<td class=\"et5\" style=\"width: 234.15pt;\" width=\"312\">negro\/blanco\/azul\/gris\/rosa\/verde\/marr\u00f3n\/caqui<\/td>\n<\/tr>\n<tr style=\"height: 18.00pt;\">\n<td class=\"et3\" style=\"height: 18.00pt;\" height=\"24\">Dimensi\u00f3n<\/td>\n<td class=\"et5\" style=\"width: 234.15pt;\" width=\"312\">59*42*14<\/td>\n<\/tr>\n<tr style=\"height: 17.25pt;\">\n<td class=\"et3\" style=\"height: 17.25pt;\" height=\"23\">N.W \/SET<\/td>\n<td class=\"et3\">10KGS\/PCS<\/td>\n<\/tr>\n<tr style=\"height: 17.25pt;\">\n<td class=\"et3\" style=\"height: 17.25pt;\" height=\"23\">MOQ<\/td>\n<td class=\"et3\">20 piezas<\/td>\n<\/tr>\n<tr style=\"height: 17.25pt;\">\n<td class=\"et3\" style=\"height: 17.25pt;\" height=\"23\">Opci\u00f3n personalizada<\/td>\n<td class=\"et3\">Color\/Patr\u00f3n\/Tama\u00f1o\/Logotipo\/Embalaje<\/td>\n<\/tr>\n<\/tbody>\n<\/table>","protected":false},"featured_media":5932,"comment_status":"closed","ping_status":"closed","template":"","meta":{"_acf_changed":false},"product_brand":[],"product_cat":[50,53],"product_tag":[],"class_list":{"0":"post-5946","1":"product","2":"type-product","3":"status-publish","4":"has-post-thumbnail","6":"product_cat-wholesale-countertop-sinks","7":"product_cat-electroplated-bathroom-sinks","9":"first","10":"instock","11":"shipping-taxable","12":"product-type-simple"},"acf":[],"_links":{"self":[{"href":"https:\/\/www.ceramicbasin.com\/es\/wp-json\/wp\/v2\/product\/5946","targetHints":{"allow":["GET"]}}],"collection":[{"href":"https:\/\/www.ceramicbasin.com\/es\/wp-json\/wp\/v2\/product"}],"about":[{"href":"https:\/\/www.ceramicbasin.com\/es\/wp-json\/wp\/v2\/types\/product"}],"replies":[{"embeddable":true,"href":"https:\/\/www.ceramicbasin.com\/es\/wp-json\/wp\/v2\/comments?post=5946"}],"wp:featuredmedia":[{"embeddable":true,"href":"https:\/\/www.ceramicbasin.com\/es\/wp-json\/wp\/v2\/media\/5932"}],"wp:attachment":[{"href":"https:\/\/www.ceramicbasin.com\/es\/wp-json\/wp\/v2\/media?parent=5946"}],"wp:term":[{"taxonomy":"product_brand","embeddable":true,"href":"https:\/\/www.ceramicbasin.com\/es\/wp-json\/wp\/v2\/product_brand?post=5946"},{"taxonomy":"product_cat","embeddable":true,"href":"https:\/\/www.ceramicbasin.com\/es\/wp-json\/wp\/v2\/product_cat?post=5946"},{"taxonomy":"product_tag","embeddable":true,"href":"https:\/\/www.ceramicbasin.com\/es\/wp-json\/wp\/v2\/product_tag?post=5946"}],"curies":[{"name":"wp","href":"https:\/\/api.w.org\/{rel}","templated":true}]}}