{"id":5947,"date":"2025-01-04T03:58:13","date_gmt":"2025-01-04T03:58:13","guid":{"rendered":"https:\/\/www.ceramicbasin.com\/?post_type=product&#038;p=5947"},"modified":"2025-10-23T09:31:16","modified_gmt":"2025-10-23T09:31:16","slug":"manufactured-home-sinks","status":"publish","type":"product","link":"https:\/\/www.ceramicbasin.com\/es\/producto\/manufactured-home-sinks\/","title":{"rendered":"Fregaderos Fabricados a Medida para el Hogar, Lavabos de Oro al por Mayor"},"content":{"rendered":"<div class=\"wp-block-columns is-layout-flex wp-container-core-columns-is-layout-9d6595d7 wp-block-columns-is-layout-flex\">\n<div class=\"wp-block-column is-layout-flow wp-block-column-is-layout-flow\">\n<h2 class=\"wp-block-heading\">Premium Custom Fabricado Inicio Fregaderos Caracter\u00edsticas:<\/h2>\n\n\n\n<ul class=\"wp-block-list\">\n<li><strong>Lujosa combinaci\u00f3n de colores:&nbsp;<\/strong>Estos fregaderos de cer\u00e1mica para casas prefabricadas adoptan la cl\u00e1sica combinaci\u00f3n de colores dorado y blanco, la parte dorada es brillante y la blanca es pura y elegante, creando un ambiente lujoso y elegante.<\/li>\n\n\n\n<li><strong>Materiales de alta calidad:&nbsp;<\/strong>Este lavabo de color dorado al por mayor est\u00e1 fabricado con materiales cer\u00e1micos de calidad superior para garantizar que el lavabo sea s\u00f3lido y duradero, mientras que su capa exterior tiene un acabado galv\u00e1nico dorado suave y f\u00e1cil de limpiar a diario.<\/li>\n\n\n\n<li><strong>Suministro r\u00e1pido:&nbsp;<\/strong>Como proveedor de fregaderos de cer\u00e1mica, disponemos de una cadena de suministro de respuesta r\u00e1pida que puede tramitar los pedidos con celeridad y garantizar la entrega puntual de los fregaderos de cer\u00e1mica con acabado dorado para casas prefabricadas.<\/li>\n\n\n\n<li><strong>Rentable:&nbsp;<\/strong>Ofrecemos precios m\u00e1s favorables para la venta al por mayor de lavabos de grandes pedidos, lo que significa alta calidad pero a un precio razonable para ayudarle a ahorrar costes en grandes proyectos.<\/li>\n<\/ul>\n<\/div>\n\n\n\n<div class=\"wp-block-column is-layout-flow wp-block-column-is-layout-flow\">\n<figure class=\"wp-block-image size-full\"><img fetchpriority=\"high\" decoding=\"async\" width=\"688\" height=\"852\" src=\"https:\/\/www.ceramicbasin.com\/wp-content\/uploads\/2025\/01\/Ceramic-wash-basin-manufacturergold-color-basin-sink-5.webp\" alt=\"Fregaderos de cer\u00e1mica para casas prefabricadas, lavabo de oro al por mayor-1\" class=\"wp-image-5928\" srcset=\"https:\/\/www.ceramicbasin.com\/wp-content\/uploads\/2025\/01\/Ceramic-wash-basin-manufacturergold-color-basin-sink-5.webp 688w, https:\/\/www.ceramicbasin.com\/wp-content\/uploads\/2025\/01\/Ceramic-wash-basin-manufacturergold-color-basin-sink-5-242x300.webp 242w, https:\/\/www.ceramicbasin.com\/wp-content\/uploads\/2025\/01\/Ceramic-wash-basin-manufacturergold-color-basin-sink-5-10x12.webp 10w, https:\/\/www.ceramicbasin.com\/wp-content\/uploads\/2025\/01\/Ceramic-wash-basin-manufacturergold-color-basin-sink-5-285x353.webp 285w, https:\/\/www.ceramicbasin.com\/wp-content\/uploads\/2025\/01\/Ceramic-wash-basin-manufacturergold-color-basin-sink-5-533x660.webp 533w, https:\/\/www.ceramicbasin.com\/wp-content\/uploads\/2025\/01\/Ceramic-wash-basin-manufacturergold-color-basin-sink-5-121x150.webp 121w\" sizes=\"(max-width: 688px) 100vw, 688px\" \/><\/figure>\n<\/div>\n<\/div>","protected":false},"excerpt":{"rendered":"<p>Bienvenido a pedir lavabos a medida fabricados para el hogar. Nuestro lavabo de color oro al por mayor est\u00e1 hecho de arcilla de cer\u00e1mica de primera calidad para garantizar la cuenca es s\u00f3lida y duradera, mientras que su capa exterior tiene un acabado galvanoplastia de oro suave y f\u00e1cil de limpiar a diario.<\/p>\n<table style=\"border-collapse: collapse; width: 358.52pt;\" border=\"0\" width=\"478\" cellspacing=\"0\" cellpadding=\"0\">\n<tbody>\n<tr style=\"height: 17.25pt;\">\n<td class=\"et3\" style=\"height: 17.25pt; width: 125.00pt;\" width=\"166\" height=\"23\">Fabricante<\/td>\n<td class=\"et3\" style=\"width: 234.15pt;\" width=\"312\">HanYu<\/td>\n<\/tr>\n<tr style=\"height: 17.25pt;\">\n<td class=\"et3\" style=\"height: 17.25pt;\" height=\"23\">N\u00ba de modelo<\/td>\n<td class=\"et4\">HY-5006J4<\/td>\n<\/tr>\n<tr style=\"height: 17.25pt;\">\n<td class=\"et3\" style=\"height: 17.25pt;\" height=\"23\">Tipo<\/td>\n<td class=\"et5\" style=\"width: 234.15pt;\" width=\"312\">Fregaderos galvanizados<\/td>\n<\/tr>\n<tr style=\"height: 18.00pt;\">\n<td class=\"et3\" style=\"height: 18.00pt;\" height=\"24\">Forma<\/td>\n<td class=\"et3\">Forma ovalada<\/td>\n<\/tr>\n<tr style=\"height: 34.50pt;\">\n<td class=\"et4\" style=\"height: 34.50pt;\" height=\"46\">Color<\/td>\n<td class=\"et5\" style=\"width: 234.15pt;\" width=\"312\">negro\/blanco\/azul\/gris\/rosa\/verde\/marr\u00f3n\/caqui<\/td>\n<\/tr>\n<tr style=\"height: 18.00pt;\">\n<td class=\"et3\" style=\"height: 18.00pt;\" height=\"24\">Dimensi\u00f3n<\/td>\n<td class=\"et5\" style=\"width: 234.15pt;\" width=\"312\">59*42*14<\/td>\n<\/tr>\n<tr style=\"height: 17.25pt;\">\n<td class=\"et3\" style=\"height: 17.25pt;\" height=\"23\">N.W \/SET<\/td>\n<td class=\"et3\">10KGS\/PCS<\/td>\n<\/tr>\n<tr style=\"height: 17.25pt;\">\n<td class=\"et3\" style=\"height: 17.25pt;\" height=\"23\">MOQ<\/td>\n<td class=\"et3\">20 piezas<\/td>\n<\/tr>\n<tr style=\"height: 17.25pt;\">\n<td class=\"et3\" style=\"height: 17.25pt;\" height=\"23\">Opci\u00f3n personalizada<\/td>\n<td class=\"et3\">Color\/Patr\u00f3n\/Tama\u00f1o\/Logotipo\/Embalaje<\/td>\n<\/tr>\n<\/tbody>\n<\/table>","protected":false},"featured_media":5924,"comment_status":"closed","ping_status":"closed","template":"","meta":{"_acf_changed":false},"product_brand":[],"product_cat":[50,53],"product_tag":[],"class_list":{"0":"post-5947","1":"product","2":"type-product","3":"status-publish","4":"has-post-thumbnail","6":"product_cat-wholesale-countertop-sinks","7":"product_cat-electroplated-bathroom-sinks","9":"first","10":"instock","11":"shipping-taxable","12":"product-type-simple"},"acf":[],"_links":{"self":[{"href":"https:\/\/www.ceramicbasin.com\/es\/wp-json\/wp\/v2\/product\/5947","targetHints":{"allow":["GET"]}}],"collection":[{"href":"https:\/\/www.ceramicbasin.com\/es\/wp-json\/wp\/v2\/product"}],"about":[{"href":"https:\/\/www.ceramicbasin.com\/es\/wp-json\/wp\/v2\/types\/product"}],"replies":[{"embeddable":true,"href":"https:\/\/www.ceramicbasin.com\/es\/wp-json\/wp\/v2\/comments?post=5947"}],"wp:featuredmedia":[{"embeddable":true,"href":"https:\/\/www.ceramicbasin.com\/es\/wp-json\/wp\/v2\/media\/5924"}],"wp:attachment":[{"href":"https:\/\/www.ceramicbasin.com\/es\/wp-json\/wp\/v2\/media?parent=5947"}],"wp:term":[{"taxonomy":"product_brand","embeddable":true,"href":"https:\/\/www.ceramicbasin.com\/es\/wp-json\/wp\/v2\/product_brand?post=5947"},{"taxonomy":"product_cat","embeddable":true,"href":"https:\/\/www.ceramicbasin.com\/es\/wp-json\/wp\/v2\/product_cat?post=5947"},{"taxonomy":"product_tag","embeddable":true,"href":"https:\/\/www.ceramicbasin.com\/es\/wp-json\/wp\/v2\/product_tag?post=5947"}],"curies":[{"name":"wp","href":"https:\/\/api.w.org\/{rel}","templated":true}]}}