{"id":5970,"date":"2025-01-10T01:54:47","date_gmt":"2025-01-10T01:54:47","guid":{"rendered":"https:\/\/www.ceramicbasin.com\/?post_type=product&#038;p=5970"},"modified":"2025-01-11T01:42:05","modified_gmt":"2025-01-11T01:42:05","slug":"custom-porcelain-sink","status":"publish","type":"product","link":"https:\/\/www.ceramicbasin.com\/es\/producto\/custom-porcelain-sink\/","title":{"rendered":"Fregadero de Porcelana Blanco Brillante a Medida, Lavabo de Encimera al por Mayor"},"content":{"rendered":"<div class=\"wp-block-columns is-layout-flex wp-container-core-columns-is-layout-9d6595d7 wp-block-columns-is-layout-flex\">\n<div class=\"wp-block-column is-layout-flow wp-block-column-is-layout-flow\">\n<h2 class=\"wp-block-heading\">Fregadero de porcelana Premium Custom Caracter\u00edsticas:<\/h2>\n\n\n\n<ul class=\"wp-block-list\">\n<li><strong>Aspecto blanco brillante: <\/strong>Este lavabo de porcelana blanca brillante a medida est\u00e1 tratado con esmalte de alta calidad para presentar una textura blanca suave y brillante, que realza la belleza general del cuarto de ba\u00f1o y es adecuado para la decoraci\u00f3n de estilo moderno y cl\u00e1sico.<\/li>\n\n\n\n<li><strong>Material cer\u00e1mico de alta calidad: <\/strong>Este lavabo de encimera al por mayor est\u00e1 hecho de cer\u00e1mica duradera, cocida a alta temperatura para garantizar su firmeza, resistencia a las manchas y durabilidad. Al mismo tiempo, la superficie es f\u00e1cil de limpiar y mantiene un efecto brillante duradero.<\/li>\n\n\n\n<li><strong>Vers\u00e1tiles opciones de personalizaci\u00f3n: <\/strong>Nuestros lavabos de porcelana a medida permiten una personalizaci\u00f3n flexible del tama\u00f1o, la forma y el dise\u00f1o para adaptarse a las distintas distribuciones de cuartos de ba\u00f1o y requisitos de la marca, lo que hace que cada producto sea \u00fanico y satisfaga las diversas necesidades del mercado.<\/li>\n\n\n\n<li><strong>Ventajas de la venta al por mayor y suministro eficaz: <\/strong>La f\u00e1brica de lavabos de ba\u00f1o HanYu se centra en los canales mayoristas, proporciona grandes cantidades de lavabos de encimera al por mayor, y produce y entrega de forma eficiente y puntual, proporcionando soluciones rentables para proyectos de construcci\u00f3n, proyectos hoteleros y minoristas de marca.<\/li>\n<\/ul>\n<\/div>\n\n\n\n<div class=\"wp-block-column is-layout-flow wp-block-column-is-layout-flow\">\n<figure class=\"wp-block-image size-full\"><img fetchpriority=\"high\" decoding=\"async\" width=\"673\" height=\"871\" src=\"https:\/\/www.ceramicbasin.com\/wp-content\/uploads\/2025\/01\/Counter-Top-Hand-Wash-Basin-6.webp\" alt=\"Fregadero de Porcelana Blanco Brillante a Medida, Lavabo de Encimera al por Mayor-1\" class=\"wp-image-5971\" srcset=\"https:\/\/www.ceramicbasin.com\/wp-content\/uploads\/2025\/01\/Counter-Top-Hand-Wash-Basin-6.webp 673w, https:\/\/www.ceramicbasin.com\/wp-content\/uploads\/2025\/01\/Counter-Top-Hand-Wash-Basin-6-232x300.webp 232w, https:\/\/www.ceramicbasin.com\/wp-content\/uploads\/2025\/01\/Counter-Top-Hand-Wash-Basin-6-9x12.webp 9w, https:\/\/www.ceramicbasin.com\/wp-content\/uploads\/2025\/01\/Counter-Top-Hand-Wash-Basin-6-285x369.webp 285w, https:\/\/www.ceramicbasin.com\/wp-content\/uploads\/2025\/01\/Counter-Top-Hand-Wash-Basin-6-510x660.webp 510w, https:\/\/www.ceramicbasin.com\/wp-content\/uploads\/2025\/01\/Counter-Top-Hand-Wash-Basin-6-116x150.webp 116w\" sizes=\"(max-width: 673px) 100vw, 673px\" \/><\/figure>\n<\/div>\n<\/div>","protected":false},"excerpt":{"rendered":"<p>Bienvenido a comprar lavabos de encimera al por mayor. Nuestro lavabo de porcelana blanco brillante personalizado est\u00e1 hecho de esmalte blanco brillante y materiales cer\u00e1micos de alta calidad, que es a la vez hermoso y pr\u00e1ctico. Es compatible con la personalizaci\u00f3n flexible para satisfacer diversas necesidades y es adecuado para la decoraci\u00f3n del hogar y proyectos comerciales.<\/p>\n<table width=\"311\">\n<tbody>\n<tr>\n<td width=\"108\">Fabricante<\/td>\n<td width=\"202\">HanYu<\/td>\n<\/tr>\n<tr>\n<td>N\u00ba de modelo<\/td>\n<td>HY-421<\/td>\n<\/tr>\n<tr>\n<td>Tipo<\/td>\n<td>Lavabo sobre encimera<\/td>\n<\/tr>\n<tr>\n<td>Forma<\/td>\n<td>Rectangular<\/td>\n<\/tr>\n<tr>\n<td>Color<\/td>\n<td>Blanco<\/td>\n<\/tr>\n<tr>\n<td>Dimensi\u00f3n<\/td>\n<td width=\"202\">38*38*13<\/td>\n<\/tr>\n<tr>\n<td>N.W \/SET<\/td>\n<td>10KG\/PCS<\/td>\n<\/tr>\n<tr>\n<td>MOQ<\/td>\n<td>20 piezas<\/td>\n<\/tr>\n<tr>\n<td>Opci\u00f3n personalizada<\/td>\n<td>Color\/Patr\u00f3n\/Tama\u00f1o\/Logotipo\/Embalaje<\/td>\n<\/tr>\n<\/tbody>\n<\/table>","protected":false},"featured_media":5972,"comment_status":"closed","ping_status":"closed","template":"","meta":{"_acf_changed":false},"product_brand":[],"product_cat":[50],"product_tag":[],"class_list":{"0":"post-5970","1":"product","2":"type-product","3":"status-publish","4":"has-post-thumbnail","6":"product_cat-wholesale-countertop-sinks","8":"first","9":"instock","10":"shipping-taxable","11":"product-type-simple"},"acf":[],"_links":{"self":[{"href":"https:\/\/www.ceramicbasin.com\/es\/wp-json\/wp\/v2\/product\/5970","targetHints":{"allow":["GET"]}}],"collection":[{"href":"https:\/\/www.ceramicbasin.com\/es\/wp-json\/wp\/v2\/product"}],"about":[{"href":"https:\/\/www.ceramicbasin.com\/es\/wp-json\/wp\/v2\/types\/product"}],"replies":[{"embeddable":true,"href":"https:\/\/www.ceramicbasin.com\/es\/wp-json\/wp\/v2\/comments?post=5970"}],"wp:featuredmedia":[{"embeddable":true,"href":"https:\/\/www.ceramicbasin.com\/es\/wp-json\/wp\/v2\/media\/5972"}],"wp:attachment":[{"href":"https:\/\/www.ceramicbasin.com\/es\/wp-json\/wp\/v2\/media?parent=5970"}],"wp:term":[{"taxonomy":"product_brand","embeddable":true,"href":"https:\/\/www.ceramicbasin.com\/es\/wp-json\/wp\/v2\/product_brand?post=5970"},{"taxonomy":"product_cat","embeddable":true,"href":"https:\/\/www.ceramicbasin.com\/es\/wp-json\/wp\/v2\/product_cat?post=5970"},{"taxonomy":"product_tag","embeddable":true,"href":"https:\/\/www.ceramicbasin.com\/es\/wp-json\/wp\/v2\/product_tag?post=5970"}],"curies":[{"name":"wp","href":"https:\/\/api.w.org\/{rel}","templated":true}]}}