{"id":5978,"date":"2025-01-10T02:45:55","date_gmt":"2025-01-10T02:45:55","guid":{"rendered":"https:\/\/www.ceramicbasin.com\/?post_type=product&#038;p=5978"},"modified":"2025-01-11T01:29:18","modified_gmt":"2025-01-11T01:29:18","slug":"customized-basin","status":"publish","type":"product","link":"https:\/\/www.ceramicbasin.com\/es\/producto\/customized-basin\/","title":{"rendered":"Lavabo de Cer\u00e1mica de Alta Calidad, Dise\u00f1o Limpio al por Mayor"},"content":{"rendered":"<div class=\"wp-block-columns is-layout-flex wp-container-core-columns-is-layout-9d6595d7 wp-block-columns-is-layout-flex\">\n<div class=\"wp-block-column is-layout-flow wp-block-column-is-layout-flow\">\n<h2 class=\"wp-block-heading\">Premium Customized Basin Caracter\u00edsticas:<\/h2>\n\n\n\n<ul class=\"wp-block-list\">\n<li><strong>Resistente y duradero:<\/strong> Gracias al material cer\u00e1mico de calidad y a la alta temperatura, este lavabo personalizado para encimera es fuerte y duradero, antimanchas y resistente a los ara\u00f1azos. La superficie lisa se limpia f\u00e1cilmente y siempre es hermosa y brillante.<\/li>\n\n\n\n<li><strong>Dise\u00f1o sencillo: <\/strong>Equipado con un orificio para grifo, este lavabo de cer\u00e1mica para ba\u00f1o al por mayor es f\u00e1cil de instalar y funciona con la mayor\u00eda de grifos est\u00e1ndar. Es realmente pr\u00e1ctico y bonito debido al dise\u00f1o simple, adecuado para un mont\u00f3n de estilos de ba\u00f1o.<\/li>\n\n\n\n<li><strong>Dise\u00f1o exquisito: <\/strong>Exquisitamente dise\u00f1ado y dotado de un moderno sentido del arte, este lavabo sobre encimera personalizado al por mayor a\u00f1adir\u00e1 un efecto est\u00e9tico sin igual al espacio del cuarto de ba\u00f1o y elevar\u00e1 el nivel general de la decoraci\u00f3n.<\/li>\n\n\n\n<li><strong>Precio ventajoso: <\/strong>Hemos obtenido las mercanc\u00edas de la f\u00e1brica directamente, asegurando un lavabo de ba\u00f1o de cer\u00e1mica de alta calidad al por mayor a nuestros clientes al mejor precio, ayudando a ahorrar dinero a las empresas y aumentar los m\u00e1rgenes de beneficio en la venta de productos.<\/li>\n<\/ul>\n<\/div>\n\n\n\n<div class=\"wp-block-column is-layout-flow wp-block-column-is-layout-flow\">\n<figure class=\"wp-block-image size-full\"><img fetchpriority=\"high\" decoding=\"async\" width=\"641\" height=\"867\" src=\"https:\/\/www.ceramicbasin.com\/wp-content\/uploads\/2025\/01\/Ceramic-Sanitary-Ware-Basin-6.webp\" alt=\"Alta Calidad Lavabo Personalizado, Dise\u00f1o Limpio Fregadero De Cer\u00e1mica Al Por Mayor-1\" class=\"wp-image-5979\" srcset=\"https:\/\/www.ceramicbasin.com\/wp-content\/uploads\/2025\/01\/Ceramic-Sanitary-Ware-Basin-6.webp 641w, https:\/\/www.ceramicbasin.com\/wp-content\/uploads\/2025\/01\/Ceramic-Sanitary-Ware-Basin-6-222x300.webp 222w, https:\/\/www.ceramicbasin.com\/wp-content\/uploads\/2025\/01\/Ceramic-Sanitary-Ware-Basin-6-9x12.webp 9w, https:\/\/www.ceramicbasin.com\/wp-content\/uploads\/2025\/01\/Ceramic-Sanitary-Ware-Basin-6-285x385.webp 285w, https:\/\/www.ceramicbasin.com\/wp-content\/uploads\/2025\/01\/Ceramic-Sanitary-Ware-Basin-6-488x660.webp 488w, https:\/\/www.ceramicbasin.com\/wp-content\/uploads\/2025\/01\/Ceramic-Sanitary-Ware-Basin-6-111x150.webp 111w\" sizes=\"(max-width: 641px) 100vw, 641px\" \/><\/figure>\n<\/div>\n<\/div>\n\n\n\n<p><\/p>","protected":false},"excerpt":{"rendered":"<p>Bienvenido a comprar lavabo de ba\u00f1o de cer\u00e1mica al por mayor. Nuestro lavabo personalizado de alta calidad combina materiales cer\u00e1micos de alta calidad con un dise\u00f1o sencillo y moderno, admitiendo una gran variedad de opciones de personalizaci\u00f3n para satisfacer las necesidades personalizadas de marcas y proyectos. Ya sea utilizado para la decoraci\u00f3n del hogar o lugares comerciales, puede mostrar la combinaci\u00f3n perfecta de moda y practicidad.<\/p>\n<table style=\"border-collapse: collapse; width: 311.02pt;\" border=\"0\" width=\"311\" cellspacing=\"0\" cellpadding=\"0\">\n<tbody>\n<tr style=\"height: 17.60pt;\">\n<td class=\"et3\" style=\"height: 17.60pt; width: 108.35pt;\" width=\"108\" height=\"17\">Fabricante<\/td>\n<td class=\"et3\" style=\"width: 202.95pt;\" width=\"202\">HanYu<\/td>\n<\/tr>\n<tr style=\"height: 17.60pt;\">\n<td class=\"et3\" style=\"height: 17.60pt;\" height=\"17\">N\u00ba de modelo<\/td>\n<td class=\"et4\">HY-8031<\/td>\n<\/tr>\n<tr style=\"height: 17.60pt;\">\n<td class=\"et3\" style=\"height: 17.60pt;\" height=\"17\">Tipo<\/td>\n<td class=\"et3\">Lavabo de Encimera<\/td>\n<\/tr>\n<tr style=\"height: 17.60pt;\">\n<td class=\"et3\" style=\"height: 17.60pt;\" height=\"17\">Forma<\/td>\n<td class=\"et3\">Rectangular<\/td>\n<\/tr>\n<tr style=\"height: 17.60pt;\">\n<td class=\"et4\" style=\"height: 17.60pt;\" height=\"17\">Color<\/td>\n<td class=\"et3\">Blanco<\/td>\n<\/tr>\n<tr style=\"height: 18.00pt;\">\n<td class=\"et3\" style=\"height: 18.00pt;\" height=\"18\">Dimensi\u00f3n<\/td>\n<td class=\"et5\" style=\"width: 202.95pt;\" width=\"202\">42.3*40.5*15.5<\/td>\n<\/tr>\n<tr style=\"height: 17.60pt;\">\n<td class=\"et3\" style=\"height: 17.60pt;\" height=\"17\">N.W \/SET<\/td>\n<td class=\"et3\">11KG\/PCS<\/td>\n<\/tr>\n<tr style=\"height: 17.60pt;\">\n<td class=\"et3\" style=\"height: 17.60pt;\" height=\"17\">MOQ<\/td>\n<td class=\"et3\">20 piezas<\/td>\n<\/tr>\n<tr style=\"height: 17.60pt;\">\n<td class=\"et3\" style=\"height: 17.60pt;\" height=\"17\">Opci\u00f3n personalizada<\/td>\n<td class=\"et3\">Color\/Patr\u00f3n\/Tama\u00f1o\/Logotipo\/Embalaje<\/td>\n<\/tr>\n<\/tbody>\n<\/table>\n<p>&nbsp;<\/p>","protected":false},"featured_media":5981,"comment_status":"closed","ping_status":"closed","template":"","meta":{"_acf_changed":false},"product_brand":[],"product_cat":[50],"product_tag":[],"class_list":{"0":"post-5978","1":"product","2":"type-product","3":"status-publish","4":"has-post-thumbnail","6":"product_cat-wholesale-countertop-sinks","8":"first","9":"instock","10":"shipping-taxable","11":"product-type-simple"},"acf":[],"_links":{"self":[{"href":"https:\/\/www.ceramicbasin.com\/es\/wp-json\/wp\/v2\/product\/5978","targetHints":{"allow":["GET"]}}],"collection":[{"href":"https:\/\/www.ceramicbasin.com\/es\/wp-json\/wp\/v2\/product"}],"about":[{"href":"https:\/\/www.ceramicbasin.com\/es\/wp-json\/wp\/v2\/types\/product"}],"replies":[{"embeddable":true,"href":"https:\/\/www.ceramicbasin.com\/es\/wp-json\/wp\/v2\/comments?post=5978"}],"wp:featuredmedia":[{"embeddable":true,"href":"https:\/\/www.ceramicbasin.com\/es\/wp-json\/wp\/v2\/media\/5981"}],"wp:attachment":[{"href":"https:\/\/www.ceramicbasin.com\/es\/wp-json\/wp\/v2\/media?parent=5978"}],"wp:term":[{"taxonomy":"product_brand","embeddable":true,"href":"https:\/\/www.ceramicbasin.com\/es\/wp-json\/wp\/v2\/product_brand?post=5978"},{"taxonomy":"product_cat","embeddable":true,"href":"https:\/\/www.ceramicbasin.com\/es\/wp-json\/wp\/v2\/product_cat?post=5978"},{"taxonomy":"product_tag","embeddable":true,"href":"https:\/\/www.ceramicbasin.com\/es\/wp-json\/wp\/v2\/product_tag?post=5978"}],"curies":[{"name":"wp","href":"https:\/\/api.w.org\/{rel}","templated":true}]}}