{"id":5992,"date":"2025-01-10T06:53:23","date_gmt":"2025-01-10T06:53:23","guid":{"rendered":"https:\/\/www.ceramicbasin.com\/?post_type=product&#038;p=5992"},"modified":"2025-01-10T09:55:43","modified_gmt":"2025-01-10T09:55:43","slug":"custom-vessel-sinks","status":"publish","type":"product","link":"https:\/\/www.ceramicbasin.com\/es\/producto\/custom-vessel-sinks\/","title":{"rendered":"Fregaderos de cer\u00e1mica de encargo \u00fanicos, fregadero de cer\u00e1mica al por mayor de la f\u00e1brica"},"content":{"rendered":"<div class=\"wp-block-columns is-layout-flex wp-container-core-columns-is-layout-9d6595d7 wp-block-columns-is-layout-flex\">\n<div class=\"wp-block-column is-layout-flow wp-block-column-is-layout-flow\">\n<h2 class=\"wp-block-heading\">Premium Custom Vessel Fregaderos Caracter\u00edsticas:<\/h2>\n\n\n\n<ul class=\"wp-block-list\">\n<li><strong>Dise\u00f1o exquisito:<\/strong> Nuestros lavabos de cubeta a medida a granel adoptan un exquisito dise\u00f1o moderno en cada pieza, un tributo a la est\u00e9tica, con el objetivo de a\u00f1adir elegancia y gusto al espacio del cuarto de ba\u00f1o.<\/li>\n\n\n\n<li><strong>Materiales de alta calidad: <\/strong>La elecci\u00f3n de materiales cer\u00e1micos de alta calidad y la exquisita artesan\u00eda garantizan que todos los fregaderos de cer\u00e1mica al por mayor sean duraderos y f\u00e1ciles de limpiar, adem\u00e1s de bonitos.<\/li>\n\n\n\n<li><strong>Personalizaci\u00f3n ilimitada: <\/strong>Como fabricante profesional de lavabos de recipiente personalizados, HanYu ofrece una gama completa de opciones de lavabos de ba\u00f1o personalizados en cuanto a forma, tama\u00f1o, color y mucho m\u00e1s para fines comerciales.<\/li>\n\n\n\n<li><strong>Precio ventajoso: <\/strong>Ofrecemos servicios de pedidos al por mayor de fregaderos de cer\u00e1mica, que no s\u00f3lo son asequibles, sino que tambi\u00e9n se entregan r\u00e1pidamente, adecuados para proyectos comerciales y decoraci\u00f3n residencial a gran escala, satisfaciendo las necesidades de alta eficiencia y bajo coste.<\/li>\n<\/ul>\n<\/div>\n\n\n\n<div class=\"wp-block-column is-layout-flow wp-block-column-is-layout-flow\">\n<figure class=\"wp-block-image size-full\"><img fetchpriority=\"high\" decoding=\"async\" width=\"627\" height=\"905\" src=\"https:\/\/www.ceramicbasin.com\/wp-content\/uploads\/2025\/01\/Wholesale-Unique-Design-sink-6.webp\" alt=\"Fregaderos de cer\u00e1mica de encargo \u00fanicos, fregadero de cer\u00e1mica al por mayor de la f\u00e1brica-1\" class=\"wp-image-5993\" srcset=\"https:\/\/www.ceramicbasin.com\/wp-content\/uploads\/2025\/01\/Wholesale-Unique-Design-sink-6.webp 627w, https:\/\/www.ceramicbasin.com\/wp-content\/uploads\/2025\/01\/Wholesale-Unique-Design-sink-6-208x300.webp 208w, https:\/\/www.ceramicbasin.com\/wp-content\/uploads\/2025\/01\/Wholesale-Unique-Design-sink-6-8x12.webp 8w, https:\/\/www.ceramicbasin.com\/wp-content\/uploads\/2025\/01\/Wholesale-Unique-Design-sink-6-285x411.webp 285w, https:\/\/www.ceramicbasin.com\/wp-content\/uploads\/2025\/01\/Wholesale-Unique-Design-sink-6-457x660.webp 457w, https:\/\/www.ceramicbasin.com\/wp-content\/uploads\/2025\/01\/Wholesale-Unique-Design-sink-6-104x150.webp 104w\" sizes=\"(max-width: 627px) 100vw, 627px\" \/><\/figure>\n<\/div>\n<\/div>","protected":false},"excerpt":{"rendered":"<p>Bienvenido a comprar al por mayor lavabo de cer\u00e1mica. Como fabricante profesional de lavabos de cer\u00e1mica personalizados, HanYu ofrece una amplia gama de opciones de lavabos de ba\u00f1o personalizados, incluyendo formas, tama\u00f1os, colores, etc. para satisfacer sus necesidades comerciales.<\/p>\n<table style=\"border-collapse: collapse; width: 311.02pt;\" border=\"0\" width=\"311\" cellspacing=\"0\" cellpadding=\"0\">\n<tbody>\n<tr style=\"height: 17.60pt;\">\n<td class=\"et3\" style=\"height: 17.60pt; width: 108.35pt;\" width=\"108\" height=\"17\">Fabricante<\/td>\n<td class=\"et3\" style=\"width: 202.95pt;\" width=\"202\">HanYu<\/td>\n<\/tr>\n<tr style=\"height: 17.60pt;\">\n<td class=\"et3\" style=\"height: 17.60pt;\" height=\"17\">N\u00ba de modelo<\/td>\n<td class=\"et4\">HY-8033<\/td>\n<\/tr>\n<tr style=\"height: 17.60pt;\">\n<td class=\"et3\" style=\"height: 17.60pt;\" height=\"17\">Tipo<\/td>\n<td class=\"et3\">Lavabo de Encimera<\/td>\n<\/tr>\n<tr style=\"height: 17.60pt;\">\n<td class=\"et3\" style=\"height: 17.60pt;\" height=\"17\">Forma<\/td>\n<td class=\"et3\">Forma rectangular<\/td>\n<\/tr>\n<tr style=\"height: 17.60pt;\">\n<td class=\"et4\" style=\"height: 17.60pt;\" height=\"17\">Color<\/td>\n<td class=\"et3\">Blanco<\/td>\n<\/tr>\n<tr style=\"height: 18.00pt;\">\n<td class=\"et3\" style=\"height: 18.00pt;\" height=\"18\">Dimensi\u00f3n<\/td>\n<td class=\"et5\" style=\"width: 202.95pt;\" width=\"202\">52*42*15.5<\/td>\n<\/tr>\n<tr style=\"height: 17.60pt;\">\n<td class=\"et3\" style=\"height: 17.60pt;\" height=\"17\">N.W \/SET<\/td>\n<td class=\"et3\">13KGS\/PCS<\/td>\n<\/tr>\n<tr style=\"height: 17.60pt;\">\n<td class=\"et3\" style=\"height: 17.60pt;\" height=\"17\">MOQ<\/td>\n<td class=\"et3\">20 piezas<\/td>\n<\/tr>\n<tr style=\"height: 17.60pt;\">\n<td class=\"et3\" style=\"height: 17.60pt;\" height=\"17\">Opci\u00f3n personalizada<\/td>\n<td class=\"et3\">Color\/Patr\u00f3n\/Tama\u00f1o\/Logotipo\/Embalaje<\/td>\n<\/tr>\n<\/tbody>\n<\/table>","protected":false},"featured_media":5995,"comment_status":"closed","ping_status":"closed","template":"","meta":{"_acf_changed":false},"product_brand":[],"product_cat":[50],"product_tag":[],"class_list":{"0":"post-5992","1":"product","2":"type-product","3":"status-publish","4":"has-post-thumbnail","6":"product_cat-wholesale-countertop-sinks","8":"first","9":"instock","10":"shipping-taxable","11":"product-type-simple"},"acf":[],"_links":{"self":[{"href":"https:\/\/www.ceramicbasin.com\/es\/wp-json\/wp\/v2\/product\/5992","targetHints":{"allow":["GET"]}}],"collection":[{"href":"https:\/\/www.ceramicbasin.com\/es\/wp-json\/wp\/v2\/product"}],"about":[{"href":"https:\/\/www.ceramicbasin.com\/es\/wp-json\/wp\/v2\/types\/product"}],"replies":[{"embeddable":true,"href":"https:\/\/www.ceramicbasin.com\/es\/wp-json\/wp\/v2\/comments?post=5992"}],"wp:featuredmedia":[{"embeddable":true,"href":"https:\/\/www.ceramicbasin.com\/es\/wp-json\/wp\/v2\/media\/5995"}],"wp:attachment":[{"href":"https:\/\/www.ceramicbasin.com\/es\/wp-json\/wp\/v2\/media?parent=5992"}],"wp:term":[{"taxonomy":"product_brand","embeddable":true,"href":"https:\/\/www.ceramicbasin.com\/es\/wp-json\/wp\/v2\/product_brand?post=5992"},{"taxonomy":"product_cat","embeddable":true,"href":"https:\/\/www.ceramicbasin.com\/es\/wp-json\/wp\/v2\/product_cat?post=5992"},{"taxonomy":"product_tag","embeddable":true,"href":"https:\/\/www.ceramicbasin.com\/es\/wp-json\/wp\/v2\/product_tag?post=5992"}],"curies":[{"name":"wp","href":"https:\/\/api.w.org\/{rel}","templated":true}]}}